{"id":41303,"date":"2021-04-18T19:42:05","date_gmt":"2021-04-18T17:42:05","guid":{"rendered":"https:\/\/www.mivsrl.com\/sala-virtual\/"},"modified":"2025-01-20T02:02:24","modified_gmt":"2025-01-20T01:02:24","slug":"sala-virtual","status":"publish","type":"page","link":"https:\/\/www.mivsrl.com\/es\/recursos-miv\/sala-virtual\/","title":{"rendered":"Sala virtual"},"content":{"rendered":"\t\t<div data-elementor-type=\"wp-page\" data-elementor-id=\"41303\" class=\"elementor elementor-41303 elementor-17485\">\n\t\t\t\t\t\t<section class=\"elementor-section elementor-top-section elementor-element elementor-element-f933000 elementor-section-full_width wd-section-stretch elementor-section-height-default elementor-section-height-default\" data-id=\"f933000\" data-element_type=\"section\" data-e-type=\"section\" data-settings=\"{&quot;background_background&quot;:&quot;classic&quot;}\">\n\t\t\t\t\t\t<div class=\"elementor-container elementor-column-gap-default\">\n\t\t\t\t\t<div class=\"elementor-column elementor-col-100 elementor-top-column elementor-element elementor-element-56b32b3\" data-id=\"56b32b3\" data-element_type=\"column\" data-e-type=\"column\">\n\t\t\t<div class=\"elementor-widget-wrap elementor-element-populated\">\n\t\t\t\t\t\t<div class=\"elementor-element elementor-element-ade5b00 elementor-widget elementor-widget-wd_image_or_svg\" data-id=\"ade5b00\" data-element_type=\"widget\" data-e-type=\"widget\" data-widget_type=\"wd_image_or_svg.default\">\n\t\t\t\t<div class=\"elementor-widget-container\">\n\t\t\t\t\t\n\t\t<div class=\"wd-image text-center\">\n\t\t\t\t\t\t\t\t<img decoding=\"async\" class=\"wd-lazy-load wd-lazy-fade\" src=\"https:\/\/www.mivsrl.com\/wp-content\/themes\/woodmart\/images\/lazy.png\" data-wood-src=\"https:\/\/www.mivsrl.com\/wp-content\/uploads\/elementor\/thumbs\/miv-logo-porte-celle-frigorifere-581x615-1-q5svc9rpx1ixe6yuwz07ieabt4ku036zjnenz12fd4.png\" title=\"miv-logo-porte-celle-frigorifere-581&#215;615\" alt=\"porte celle frigorifere\" loading=\"lazy\" \/>\t\t\t\t\t<\/div>\n\n\t\t\t\t\t\t<\/div>\n\t\t\t\t<\/div>\n\t\t\t\t<div class=\"elementor-element elementor-element-7bd4ed0 text-center wd-single-breadcrumbs wd-breadcrumbs elementor-widget elementor-widget-wd_wc_breadcrumb\" data-id=\"7bd4ed0\" data-element_type=\"widget\" data-e-type=\"widget\" data-widget_type=\"wd_wc_breadcrumb.default\">\n\t\t\t\t<div class=\"elementor-widget-container\">\n\t\t\t\t\t<nav class=\"woocommerce-breadcrumb\" aria-label=\"Breadcrumb\">\t\t\t\t<span class=\"breadcrumb-last\">\n\t\t\t\t\tInicio\t\t\t\t<\/span>\n\t\t\t<\/nav>\t\t\t\t<\/div>\n\t\t\t\t<\/div>\n\t\t\t\t<div class=\"elementor-element elementor-element-dc896c1 elementor-widget elementor-widget-wd_title\" data-id=\"dc896c1\" data-element_type=\"widget\" data-e-type=\"widget\" data-widget_type=\"wd_title.default\">\n\t\t\t\t<div class=\"elementor-widget-container\">\n\t\t\t\t\t\t\t<div class=\"title-wrapper set-mb-s reset-last-child wd-title-color-default wd-title-style-default wd-title-size-default text-center\">\n\n\t\t\t\n\t\t\t<div class=\"liner-continer\">\n\t\t\t\t<h4 class=\"woodmart-title-container title wd-fontsize-l\">Entre lo f\u00edsico y lo digital<\/h4> \n\t\t\t\t\t\t\t<\/div>\n\n\t\t\t\t\t\t\t<div class=\"title-after_title set-cont-mb-s reset-last-child wd-fontsize-xs\">\n\t\t\t\t\tEsta es nuestra Sala Virtual y lo que resultar\u00e1 ser\u00e1n las pr\u00f3ximas puertas para tus c\u00e1maras frigor\u00edficas.  \t\t\t\t<\/div>\n\t\t\t\t\t<\/div>\n\t\t\t\t\t\t<\/div>\n\t\t\t\t<\/div>\n\t\t\t\t<section class=\"wd-negative-gap elementor-section elementor-inner-section elementor-element elementor-element-dc58587 elementor-section-boxed elementor-section-height-default elementor-section-height-default wd-section-disabled\" data-id=\"dc58587\" data-element_type=\"section\" data-e-type=\"section\">\n\t\t\t\t\t\t<div class=\"elementor-container elementor-column-gap-default\">\n\t\t\t\t\t<div class=\"elementor-column elementor-col-50 elementor-inner-column elementor-element elementor-element-1c62518\" data-id=\"1c62518\" data-element_type=\"column\" data-e-type=\"column\">\n\t\t\t<div class=\"elementor-widget-wrap elementor-element-populated\">\n\t\t\t\t\t\t<div class=\"elementor-element elementor-element-0894d48 elementor-widget elementor-widget-wd_text_block\" data-id=\"0894d48\" data-element_type=\"widget\" data-e-type=\"widget\" data-widget_type=\"wd_text_block.default\">\n\t\t\t\t<div class=\"elementor-widget-container\">\n\t\t\t\t\t\t\t<div class=\"wd-text-block reset-last-child text-left\">\n\t\t\t\n\t\t\t<p>Un espacio virtual, una opci\u00f3n vanguardista sobre todo en nuestro sector, un servicio adicional que podemos ofrecer a nuestros clientes, para que puedan ver toda nuestra gama de productos en tiempo real.<\/p><p>Cada tipo de puerta puede adaptarse a las miles de variantes correspondientes a tu espacio.<\/p>\n\t\t\t\t\t<\/div>\n\t\t\t\t\t\t<\/div>\n\t\t\t\t<\/div>\n\t\t\t\t\t<\/div>\n\t\t<\/div>\n\t\t\t\t<div class=\"elementor-column elementor-col-50 elementor-inner-column elementor-element elementor-element-0398fd7\" data-id=\"0398fd7\" data-element_type=\"column\" data-e-type=\"column\">\n\t\t\t<div class=\"elementor-widget-wrap elementor-element-populated\">\n\t\t\t\t\t\t<div class=\"elementor-element elementor-element-688ca56 elementor-widget elementor-widget-wd_text_block\" data-id=\"688ca56\" data-element_type=\"widget\" data-e-type=\"widget\" data-widget_type=\"wd_text_block.default\">\n\t\t\t\t<div class=\"elementor-widget-container\">\n\t\t\t\t\t\t\t<div class=\"wd-text-block reset-last-child text-left\">\n\t\t\t\n\t\t\t<p><span style=\"font-size: 14px; background-color: var(--wd-main-bgcolor); color: var(--wd-text-color);\">La sensaci\u00f3n de control total y juicio perfecto sobre tu producto preferido reduce a cero cualquier posibilidad de errores de \u00faltima hora o de segundas intenciones, creando una experiencia de compra perfecta. Oportunidad, mejor elecci\u00f3n posible, satisfacci\u00f3n total, calidad del producto. <\/span><br><\/p>\n\t\t\t\t\t<\/div>\n\t\t\t\t\t\t<\/div>\n\t\t\t\t<\/div>\n\t\t\t\t<div class=\"elementor-element elementor-element-8f4f94f elementor-view-default elementor-widget elementor-widget-icon\" data-id=\"8f4f94f\" data-element_type=\"widget\" data-e-type=\"widget\" data-widget_type=\"icon.default\">\n\t\t\t\t<div class=\"elementor-widget-container\">\n\t\t\t\t\t\t\t<div class=\"elementor-icon-wrapper\">\n\t\t\t<div class=\"elementor-icon\">\n\t\t\t<i aria-hidden=\"true\" class=\"fas fa-arrow-circle-down\"><\/i>\t\t\t<\/div>\n\t\t<\/div>\n\t\t\t\t\t\t<\/div>\n\t\t\t\t<\/div>\n\t\t\t\t\t<\/div>\n\t\t<\/div>\n\t\t\t\t\t<\/div>\n\t\t<\/section>\n\t\t\t\t\t<\/div>\n\t\t<\/div>\n\t\t\t\t\t<\/div>\n\t\t<\/section>\n\t\t\t\t<section class=\"elementor-section elementor-top-section elementor-element elementor-element-1abd36ff elementor-section-full_width wd-section-stretch-content elementor-section-height-default elementor-section-height-default\" data-id=\"1abd36ff\" data-element_type=\"section\" data-e-type=\"section\" data-settings=\"{&quot;background_background&quot;:&quot;classic&quot;}\">\n\t\t\t\t\t\t<div class=\"elementor-container elementor-column-gap-default\">\n\t\t\t\t\t<div class=\"elementor-column elementor-col-100 elementor-top-column elementor-element elementor-element-cf515f6\" data-id=\"cf515f6\" data-element_type=\"column\" data-e-type=\"column\">\n\t\t\t<div class=\"elementor-widget-wrap elementor-element-populated\">\n\t\t\t\t\t\t<div class=\"elementor-element elementor-element-9a9ad2b elementor-widget elementor-widget-html\" data-id=\"9a9ad2b\" data-element_type=\"widget\" data-e-type=\"widget\" data-widget_type=\"html.default\">\n\t\t\t\t<div class=\"elementor-widget-container\">\n\t\t\t\t\t<iframe src=\"https:\/\/vt.plushglobalmedia.com\/tour\/TT17L2WAQT\" width=\"100%\" height=\"950\" allowfullscreen=\"true\" mozallowfullscreen=\"true\" webkitallowfullscreen=\"true\" allowvr=\"yes\" allow=\"vr; xr; accelerometer; gyroscope; autoplay;\"> <p>Tu navegador no soporta iframes<\/p> <\/iframe>\t\t\t\t<\/div>\n\t\t\t\t<\/div>\n\t\t\t\t\t<\/div>\n\t\t<\/div>\n\t\t\t\t\t<\/div>\n\t\t<\/section>\n\t\t\t\t<\/div>\n\t\t","protected":false},"excerpt":{"rendered":"<p>Home Entre lo f\u00edsico y lo digital Esta es nuestra Sala Virtual y lo que resultar\u00e1 ser\u00e1n las pr\u00f3ximas puertas<\/p>\n","protected":false},"author":1,"featured_media":0,"parent":41337,"menu_order":0,"comment_status":"closed","ping_status":"closed","template":"","meta":{"footnotes":""},"class_list":["post-41303","page","type-page","status-publish","hentry"],"yoast_head":"<!-- This site is optimized with the Yoast SEO plugin v27.4 - https:\/\/yoast.com\/product\/yoast-seo-wordpress\/ -->\n<title>Sala virtual - Miv Insulating Systems<\/title>\n<meta name=\"description\" content=\"Puertas de c\u00e1mara frigor\u00edfica. Puertas de c\u00e1maras frigor\u00edficas. Somos uno de los mayores fabricantes del mundo para la industria de la refrigeraci\u00f3n\" \/>\n<meta name=\"robots\" content=\"index, follow, max-snippet:-1, max-image-preview:large, max-video-preview:-1\" \/>\n<link rel=\"canonical\" href=\"https:\/\/www.mivsrl.com\/es\/recursos-miv\/sala-virtual\/\" \/>\n<meta property=\"og:locale\" content=\"es_ES\" \/>\n<meta property=\"og:type\" content=\"article\" \/>\n<meta property=\"og:title\" content=\"Sala virtual - Miv Insulating Systems\" \/>\n<meta property=\"og:description\" content=\"Puertas de c\u00e1mara frigor\u00edfica. Puertas de c\u00e1maras frigor\u00edficas. Somos uno de los mayores fabricantes del mundo para la industria de la refrigeraci\u00f3n\" \/>\n<meta property=\"og:url\" content=\"https:\/\/www.mivsrl.com\/es\/recursos-miv\/sala-virtual\/\" \/>\n<meta property=\"og:site_name\" content=\"Miv Insulating Systems\" \/>\n<meta property=\"article:publisher\" content=\"https:\/\/www.facebook.com\/mivrefrigeration\" \/>\n<meta property=\"article:modified_time\" content=\"2025-01-20T01:02:24+00:00\" \/>\n<meta property=\"og:image\" content=\"https:\/\/www.mivsrl.com\/wp-content\/themes\/woodmart\/images\/lazy.png\" \/>\n<meta name=\"twitter:card\" content=\"summary_large_image\" \/>\n<meta name=\"twitter:label1\" content=\"Tiempo de lectura\" \/>\n\t<meta name=\"twitter:data1\" content=\"1 minuto\" \/>\n<script type=\"application\/ld+json\" class=\"yoast-schema-graph\">{\"@context\":\"https:\\\/\\\/schema.org\",\"@graph\":[{\"@type\":\"WebPage\",\"@id\":\"https:\\\/\\\/www.mivsrl.com\\\/es\\\/recursos-miv\\\/sala-virtual\\\/\",\"url\":\"https:\\\/\\\/www.mivsrl.com\\\/es\\\/recursos-miv\\\/sala-virtual\\\/\",\"name\":\"Sala virtual - Miv Insulating Systems\",\"isPartOf\":{\"@id\":\"https:\\\/\\\/www.mivsrl.com\\\/es\\\/#website\"},\"primaryImageOfPage\":{\"@id\":\"https:\\\/\\\/www.mivsrl.com\\\/es\\\/recursos-miv\\\/sala-virtual\\\/#primaryimage\"},\"image\":{\"@id\":\"https:\\\/\\\/www.mivsrl.com\\\/es\\\/recursos-miv\\\/sala-virtual\\\/#primaryimage\"},\"thumbnailUrl\":\"https:\\\/\\\/www.mivsrl.com\\\/wp-content\\\/themes\\\/woodmart\\\/images\\\/lazy.png\",\"datePublished\":\"2021-04-18T17:42:05+00:00\",\"dateModified\":\"2025-01-20T01:02:24+00:00\",\"description\":\"Puertas de c\u00e1mara frigor\u00edfica. Puertas de c\u00e1maras frigor\u00edficas. Somos uno de los mayores fabricantes del mundo para la industria de la refrigeraci\u00f3n\",\"breadcrumb\":{\"@id\":\"https:\\\/\\\/www.mivsrl.com\\\/es\\\/recursos-miv\\\/sala-virtual\\\/#breadcrumb\"},\"inLanguage\":\"es\",\"potentialAction\":[{\"@type\":\"ReadAction\",\"target\":[\"https:\\\/\\\/www.mivsrl.com\\\/es\\\/recursos-miv\\\/sala-virtual\\\/\"]}]},{\"@type\":\"ImageObject\",\"inLanguage\":\"es\",\"@id\":\"https:\\\/\\\/www.mivsrl.com\\\/es\\\/recursos-miv\\\/sala-virtual\\\/#primaryimage\",\"url\":\"https:\\\/\\\/www.mivsrl.com\\\/wp-content\\\/themes\\\/woodmart\\\/images\\\/lazy.png\",\"contentUrl\":\"https:\\\/\\\/www.mivsrl.com\\\/wp-content\\\/themes\\\/woodmart\\\/images\\\/lazy.png\"},{\"@type\":\"BreadcrumbList\",\"@id\":\"https:\\\/\\\/www.mivsrl.com\\\/es\\\/recursos-miv\\\/sala-virtual\\\/#breadcrumb\",\"itemListElement\":[{\"@type\":\"ListItem\",\"position\":1,\"name\":\"Home\",\"item\":\"https:\\\/\\\/www.mivsrl.com\\\/es\\\/\"},{\"@type\":\"ListItem\",\"position\":2,\"name\":\"Recursos Miv\",\"item\":\"https:\\\/\\\/www.mivsrl.com\\\/es\\\/recursos-miv\\\/\"},{\"@type\":\"ListItem\",\"position\":3,\"name\":\"Sala virtual\"}]},{\"@type\":\"WebSite\",\"@id\":\"https:\\\/\\\/www.mivsrl.com\\\/es\\\/#website\",\"url\":\"https:\\\/\\\/www.mivsrl.com\\\/es\\\/\",\"name\":\"Miv Insulating Systems\",\"description\":\"Produzione di porte e accessori per celle frigorifere\",\"potentialAction\":[{\"@type\":\"SearchAction\",\"target\":{\"@type\":\"EntryPoint\",\"urlTemplate\":\"https:\\\/\\\/www.mivsrl.com\\\/es\\\/?s={search_term_string}\"},\"query-input\":{\"@type\":\"PropertyValueSpecification\",\"valueRequired\":true,\"valueName\":\"search_term_string\"}}],\"inLanguage\":\"es\"}]}<\/script>\n<!-- \/ Yoast SEO plugin. -->","yoast_head_json":{"title":"Sala virtual - Miv Insulating Systems","description":"Puertas de c\u00e1mara frigor\u00edfica. Puertas de c\u00e1maras frigor\u00edficas. Somos uno de los mayores fabricantes del mundo para la industria de la refrigeraci\u00f3n","robots":{"index":"index","follow":"follow","max-snippet":"max-snippet:-1","max-image-preview":"max-image-preview:large","max-video-preview":"max-video-preview:-1"},"canonical":"https:\/\/www.mivsrl.com\/es\/recursos-miv\/sala-virtual\/","og_locale":"es_ES","og_type":"article","og_title":"Sala virtual - Miv Insulating Systems","og_description":"Puertas de c\u00e1mara frigor\u00edfica. Puertas de c\u00e1maras frigor\u00edficas. Somos uno de los mayores fabricantes del mundo para la industria de la refrigeraci\u00f3n","og_url":"https:\/\/www.mivsrl.com\/es\/recursos-miv\/sala-virtual\/","og_site_name":"Miv Insulating Systems","article_publisher":"https:\/\/www.facebook.com\/mivrefrigeration","article_modified_time":"2025-01-20T01:02:24+00:00","og_image":[{"url":"https:\/\/www.mivsrl.com\/wp-content\/themes\/woodmart\/images\/lazy.png","type":"","width":"","height":""}],"twitter_card":"summary_large_image","twitter_misc":{"Tiempo de lectura":"1 minuto"},"schema":{"@context":"https:\/\/schema.org","@graph":[{"@type":"WebPage","@id":"https:\/\/www.mivsrl.com\/es\/recursos-miv\/sala-virtual\/","url":"https:\/\/www.mivsrl.com\/es\/recursos-miv\/sala-virtual\/","name":"Sala virtual - Miv Insulating Systems","isPartOf":{"@id":"https:\/\/www.mivsrl.com\/es\/#website"},"primaryImageOfPage":{"@id":"https:\/\/www.mivsrl.com\/es\/recursos-miv\/sala-virtual\/#primaryimage"},"image":{"@id":"https:\/\/www.mivsrl.com\/es\/recursos-miv\/sala-virtual\/#primaryimage"},"thumbnailUrl":"https:\/\/www.mivsrl.com\/wp-content\/themes\/woodmart\/images\/lazy.png","datePublished":"2021-04-18T17:42:05+00:00","dateModified":"2025-01-20T01:02:24+00:00","description":"Puertas de c\u00e1mara frigor\u00edfica. Puertas de c\u00e1maras frigor\u00edficas. Somos uno de los mayores fabricantes del mundo para la industria de la refrigeraci\u00f3n","breadcrumb":{"@id":"https:\/\/www.mivsrl.com\/es\/recursos-miv\/sala-virtual\/#breadcrumb"},"inLanguage":"es","potentialAction":[{"@type":"ReadAction","target":["https:\/\/www.mivsrl.com\/es\/recursos-miv\/sala-virtual\/"]}]},{"@type":"ImageObject","inLanguage":"es","@id":"https:\/\/www.mivsrl.com\/es\/recursos-miv\/sala-virtual\/#primaryimage","url":"https:\/\/www.mivsrl.com\/wp-content\/themes\/woodmart\/images\/lazy.png","contentUrl":"https:\/\/www.mivsrl.com\/wp-content\/themes\/woodmart\/images\/lazy.png"},{"@type":"BreadcrumbList","@id":"https:\/\/www.mivsrl.com\/es\/recursos-miv\/sala-virtual\/#breadcrumb","itemListElement":[{"@type":"ListItem","position":1,"name":"Home","item":"https:\/\/www.mivsrl.com\/es\/"},{"@type":"ListItem","position":2,"name":"Recursos Miv","item":"https:\/\/www.mivsrl.com\/es\/recursos-miv\/"},{"@type":"ListItem","position":3,"name":"Sala virtual"}]},{"@type":"WebSite","@id":"https:\/\/www.mivsrl.com\/es\/#website","url":"https:\/\/www.mivsrl.com\/es\/","name":"Miv Insulating Systems","description":"Produzione di porte e accessori per celle frigorifere","potentialAction":[{"@type":"SearchAction","target":{"@type":"EntryPoint","urlTemplate":"https:\/\/www.mivsrl.com\/es\/?s={search_term_string}"},"query-input":{"@type":"PropertyValueSpecification","valueRequired":true,"valueName":"search_term_string"}}],"inLanguage":"es"}]}},"_links":{"self":[{"href":"https:\/\/www.mivsrl.com\/es\/wp-json\/wp\/v2\/pages\/41303","targetHints":{"allow":["GET"]}}],"collection":[{"href":"https:\/\/www.mivsrl.com\/es\/wp-json\/wp\/v2\/pages"}],"about":[{"href":"https:\/\/www.mivsrl.com\/es\/wp-json\/wp\/v2\/types\/page"}],"author":[{"embeddable":true,"href":"https:\/\/www.mivsrl.com\/es\/wp-json\/wp\/v2\/users\/1"}],"replies":[{"embeddable":true,"href":"https:\/\/www.mivsrl.com\/es\/wp-json\/wp\/v2\/comments?post=41303"}],"version-history":[{"count":0,"href":"https:\/\/www.mivsrl.com\/es\/wp-json\/wp\/v2\/pages\/41303\/revisions"}],"up":[{"embeddable":true,"href":"https:\/\/www.mivsrl.com\/es\/wp-json\/wp\/v2\/pages\/41337"}],"wp:attachment":[{"href":"https:\/\/www.mivsrl.com\/es\/wp-json\/wp\/v2\/media?parent=41303"}],"curies":[{"name":"wp","href":"https:\/\/api.w.org\/{rel}","templated":true}]}}