{"id":41325,"date":"2023-04-12T10:08:14","date_gmt":"2023-04-12T08:08:14","guid":{"rendered":"https:\/\/www.mivsrl.com\/descargar-miv\/descargar-catalogos\/"},"modified":"2025-01-21T15:57:42","modified_gmt":"2025-01-21T14:57:42","slug":"descargar-catalogos","status":"publish","type":"page","link":"https:\/\/www.mivsrl.com\/es\/descargar-miv\/descargar-catalogos\/","title":{"rendered":"Descargar cat\u00e1logos"},"content":{"rendered":"\t\t<div data-elementor-type=\"wp-page\" data-elementor-id=\"41325\" class=\"elementor elementor-41325 elementor-23748\">\n\t\t\t\t\t\t<section class=\"wd-negative-gap elementor-section elementor-top-section elementor-element elementor-element-58e188b4 wd-section-stretch elementor-section-boxed elementor-section-height-default elementor-section-height-default\" data-id=\"58e188b4\" data-element_type=\"section\" data-e-type=\"section\" data-settings=\"{&quot;background_background&quot;:&quot;classic&quot;,&quot;shape_divider_bottom&quot;:&quot;waves&quot;}\">\n\t\t\t\t\t<div class=\"elementor-shape elementor-shape-bottom\" aria-hidden=\"true\" data-negative=\"false\">\n\t\t\t<svg xmlns=\"http:\/\/www.w3.org\/2000\/svg\" viewBox=\"0 0 1000 100\" preserveAspectRatio=\"none\">\n\t<path class=\"elementor-shape-fill\" d=\"M421.9,6.5c22.6-2.5,51.5,0.4,75.5,5.3c23.6,4.9,70.9,23.5,100.5,35.7c75.8,32.2,133.7,44.5,192.6,49.7\n\tc23.6,2.1,48.7,3.5,103.4-2.5c54.7-6,106.2-25.6,106.2-25.6V0H0v30.3c0,0,72,32.6,158.4,30.5c39.2-0.7,92.8-6.7,134-22.4\n\tc21.2-8.1,52.2-18.2,79.7-24.2C399.3,7.9,411.6,7.5,421.9,6.5z\"\/>\n<\/svg>\t\t<\/div>\n\t\t\t\t\t<div class=\"elementor-container elementor-column-gap-default\">\n\t\t\t\t\t<div class=\"elementor-column elementor-col-100 elementor-top-column elementor-element elementor-element-72cac3ee\" data-id=\"72cac3ee\" data-element_type=\"column\" data-e-type=\"column\">\n\t\t\t<div class=\"elementor-widget-wrap elementor-element-populated\">\n\t\t\t\t\t\t<div class=\"elementor-element elementor-element-0df3b41 elementor-widget elementor-widget-wd_image_or_svg\" data-id=\"0df3b41\" data-element_type=\"widget\" data-e-type=\"widget\" data-widget_type=\"wd_image_or_svg.default\">\n\t\t\t\t<div class=\"elementor-widget-container\">\n\t\t\t\t\t\n\t\t<div class=\"wd-image text-center\">\n\t\t\t\t\t\t\t\t<img decoding=\"async\" class=\"wd-lazy-load wd-lazy-fade\" src=\"https:\/\/www.mivsrl.com\/wp-content\/themes\/woodmart\/images\/lazy.png\" data-wood-src=\"https:\/\/www.mivsrl.com\/wp-content\/uploads\/elementor\/thumbs\/miv-logo-porte-celle-frigorifere-581x615-1-q5svc9rpx1ixe6yuwz07ieabt4ku036zjnenz12fd4.png\" title=\"miv-logo-porte-celle-frigorifere-581&#215;615\" alt=\"porte celle frigorifere\" loading=\"lazy\" \/>\t\t\t\t\t<\/div>\n\n\t\t\t\t\t\t<\/div>\n\t\t\t\t<\/div>\n\t\t\t\t<section class=\"wd-negative-gap elementor-section elementor-inner-section elementor-element elementor-element-610268d elementor-section-boxed elementor-section-height-default elementor-section-height-default wd-section-disabled\" data-id=\"610268d\" data-element_type=\"section\" data-e-type=\"section\">\n\t\t\t\t\t\t<div class=\"elementor-container elementor-column-gap-default\">\n\t\t\t\t\t<div class=\"elementor-column elementor-col-50 elementor-inner-column elementor-element elementor-element-6874e8b\" data-id=\"6874e8b\" data-element_type=\"column\" data-e-type=\"column\" data-settings=\"{&quot;background_background&quot;:&quot;classic&quot;}\">\n\t\t\t<div class=\"elementor-widget-wrap elementor-element-populated\">\n\t\t\t\t\t\t<div class=\"elementor-element elementor-element-3edea4a elementor-hidden-tablet elementor-hidden-mobile elementor-widget elementor-widget-wd_text_block\" data-id=\"3edea4a\" data-element_type=\"widget\" data-e-type=\"widget\" data-widget_type=\"wd_text_block.default\">\n\t\t\t\t<div class=\"elementor-widget-container\">\n\t\t\t\t\t\t\t<div class=\"wd-text-block reset-last-child text-center color-scheme-light\">\n\t\t\t\n\t\t\t<p>Sistemas de aislamiento MIV<\/p>\n\t\t\t\t\t<\/div>\n\t\t\t\t\t\t<\/div>\n\t\t\t\t<\/div>\n\t\t\t\t<div class=\"elementor-element elementor-element-116baf3 elementor-widget elementor-widget-wd_title\" data-id=\"116baf3\" data-element_type=\"widget\" data-e-type=\"widget\" data-widget_type=\"wd_title.default\">\n\t\t\t\t<div class=\"elementor-widget-container\">\n\t\t\t\t\t\t\t<div class=\"title-wrapper set-mb-s reset-last-child wd-title-color-white wd-title-style-default wd-title-size-extra-large text-center\">\n\n\t\t\t\n\t\t\t<div class=\"liner-continer\">\n\t\t\t\t<h4 class=\"woodmart-title-container title wd-fontsize-xxxl\">Cat\u00e1logo de puertas<\/h4> \n\t\t\t\t\t\t\t<\/div>\n\n\t\t\t\t\t<\/div>\n\t\t\t\t\t\t<\/div>\n\t\t\t\t<\/div>\n\t\t\t\t<div class=\"elementor-element elementor-element-464530d elementor-widget__width-auto elementor-widget elementor-widget-wd_button\" data-id=\"464530d\" data-element_type=\"widget\" data-e-type=\"widget\" data-widget_type=\"wd_button.default\">\n\t\t\t\t<div class=\"elementor-widget-container\">\n\t\t\t\t\t\t\t<div class=\"wd-button-wrapper text-center\" >\n\t\t\t<a class=\"btn btn-style-3d btn-style-semi-round btn-size-large btn-color-primary btn-icon-pos-right\"  href=\"https:\/\/www.mivsrl.com\/wp-content\/uploads\/Catalogo_Miv_Ed_2021_Porte_Versione_ENG_porte_celle_frigorifere.pdf\" target=\"_blank\">\n\t\t\t\t<span class=\"wd-btn-text\" data-elementor-setting-key=\"text\">\n\t\t\t\t\tDescarga\t\t\t\t<\/span>\n\n\t\t\t\t\t\t\t\t\t<span class=\"wd-btn-icon\">\n\t\t\t\t\t\t<span class=\"wd-icon fas fa-download\"><\/span>\t\t\t\t\t<\/span>\n\t\t\t\t\t\t\t<\/a>\n\t\t<\/div>\n\t\t\t\t\t\t<\/div>\n\t\t\t\t<\/div>\n\t\t\t\t\t<\/div>\n\t\t<\/div>\n\t\t\t\t<div class=\"elementor-column elementor-col-50 elementor-inner-column elementor-element elementor-element-920e41a\" data-id=\"920e41a\" data-element_type=\"column\" data-e-type=\"column\" data-settings=\"{&quot;background_background&quot;:&quot;classic&quot;}\">\n\t\t\t<div class=\"elementor-widget-wrap elementor-element-populated\">\n\t\t\t\t\t\t<div class=\"elementor-element elementor-element-013eabd elementor-hidden-tablet elementor-hidden-mobile elementor-widget elementor-widget-wd_text_block\" data-id=\"013eabd\" data-element_type=\"widget\" data-e-type=\"widget\" data-widget_type=\"wd_text_block.default\">\n\t\t\t\t<div class=\"elementor-widget-container\">\n\t\t\t\t\t\t\t<div class=\"wd-text-block reset-last-child text-center color-scheme-light\">\n\t\t\t\n\t\t\t<p>Sistemas de aislamiento MIV<\/p>\n\t\t\t\t\t<\/div>\n\t\t\t\t\t\t<\/div>\n\t\t\t\t<\/div>\n\t\t\t\t<div class=\"elementor-element elementor-element-77388bc elementor-widget elementor-widget-wd_title\" data-id=\"77388bc\" data-element_type=\"widget\" data-e-type=\"widget\" data-widget_type=\"wd_title.default\">\n\t\t\t\t<div class=\"elementor-widget-container\">\n\t\t\t\t\t\t\t<div class=\"title-wrapper set-mb-s reset-last-child wd-title-color-white wd-title-style-default wd-title-size-extra-large text-center\">\n\n\t\t\t\n\t\t\t<div class=\"liner-continer\">\n\t\t\t\t<h4 class=\"woodmart-title-container title wd-fontsize-xxxl\">Cat\u00e1logo de herrajes<\/h4> \n\t\t\t\t\t\t\t<\/div>\n\n\t\t\t\t\t<\/div>\n\t\t\t\t\t\t<\/div>\n\t\t\t\t<\/div>\n\t\t\t\t<div class=\"elementor-element elementor-element-8a6e65f elementor-widget__width-auto elementor-widget elementor-widget-wd_button\" data-id=\"8a6e65f\" data-element_type=\"widget\" data-e-type=\"widget\" data-widget_type=\"wd_button.default\">\n\t\t\t\t<div class=\"elementor-widget-container\">\n\t\t\t\t\t\t\t<div class=\"wd-button-wrapper text-center\" >\n\t\t\t<a class=\"btn btn-style-3d btn-style-semi-round btn-size-large btn-color-alt btn-icon-pos-right\"  href=\"https:\/\/www.mivsrl.com\/wp-content\/uploads\/Catalogo_componenti_2022_Ed_01_FRA-ESP_porte_celle_frigorifere.pdf\" target=\"_blank\">\n\t\t\t\t<span class=\"wd-btn-text\" data-elementor-setting-key=\"text\">\n\t\t\t\t\tDescarga\t\t\t\t<\/span>\n\n\t\t\t\t\t\t\t\t\t<span class=\"wd-btn-icon\">\n\t\t\t\t\t\t<span class=\"wd-icon fas fa-download\"><\/span>\t\t\t\t\t<\/span>\n\t\t\t\t\t\t\t<\/a>\n\t\t<\/div>\n\t\t\t\t\t\t<\/div>\n\t\t\t\t<\/div>\n\t\t\t\t\t<\/div>\n\t\t<\/div>\n\t\t\t\t\t<\/div>\n\t\t<\/section>\n\t\t\t\t\t<\/div>\n\t\t<\/div>\n\t\t\t\t\t<\/div>\n\t\t<\/section>\n\t\t\t\t<\/div>\n\t\t","protected":false},"excerpt":{"rendered":"<p>Sistemas de aislamiento MIV Cat\u00e1logo de puertas Descarga Sistemas de aislamiento MIV Cat\u00e1logo de herrajes Descarga<\/p>\n","protected":false},"author":1,"featured_media":0,"parent":41313,"menu_order":0,"comment_status":"closed","ping_status":"closed","template":"","meta":{"footnotes":""},"class_list":["post-41325","page","type-page","status-publish","hentry"],"yoast_head":"<!-- This site is optimized with the Yoast SEO plugin v27.1 - https:\/\/yoast.com\/product\/yoast-seo-wordpress\/ -->\n<title>Descargar cat\u00e1logos - Miv Insulating Systems<\/title>\n<meta name=\"description\" content=\"Puertas para c\u00e1maras frigor\u00edficas. Producci\u00f3n Made in Italy de puertas y accesorios para c\u00e1maras frigor\u00edficas. Puertas para supermercados, almacenes ...\" \/>\n<meta name=\"robots\" content=\"index, follow, max-snippet:-1, max-image-preview:large, max-video-preview:-1\" \/>\n<link rel=\"canonical\" href=\"https:\/\/www.mivsrl.com\/es\/descargar-miv\/descargar-catalogos\/\" \/>\n<meta property=\"og:locale\" content=\"es_ES\" \/>\n<meta property=\"og:type\" content=\"article\" \/>\n<meta property=\"og:title\" content=\"Descargar cat\u00e1logos - Miv Insulating Systems\" \/>\n<meta property=\"og:description\" content=\"Puertas para c\u00e1maras frigor\u00edficas. Producci\u00f3n Made in Italy de puertas y accesorios para c\u00e1maras frigor\u00edficas. Puertas para supermercados, almacenes ...\" \/>\n<meta property=\"og:url\" content=\"https:\/\/www.mivsrl.com\/es\/descargar-miv\/descargar-catalogos\/\" \/>\n<meta property=\"og:site_name\" content=\"Miv Insulating Systems\" \/>\n<meta property=\"article:publisher\" content=\"https:\/\/www.facebook.com\/mivrefrigeration\" \/>\n<meta property=\"article:modified_time\" content=\"2025-01-21T14:57:42+00:00\" \/>\n<meta property=\"og:image\" content=\"https:\/\/www.mivsrl.com\/wp-content\/uploads\/elementor\/thumbs\/miv-logo-porte-celle-frigorifere-581x615-1-q5svc9rpx1ixe6yuwz07ieabt4ku036zjnenz12fde.png\" \/>\n<meta name=\"twitter:card\" content=\"summary_large_image\" \/>\n<meta name=\"twitter:label1\" content=\"Tiempo de lectura\" \/>\n\t<meta name=\"twitter:data1\" content=\"1 minuto\" \/>\n<script type=\"application\/ld+json\" class=\"yoast-schema-graph\">{\"@context\":\"https:\/\/schema.org\",\"@graph\":[{\"@type\":\"WebPage\",\"@id\":\"https:\/\/www.mivsrl.com\/es\/descargar-miv\/descargar-catalogos\/\",\"url\":\"https:\/\/www.mivsrl.com\/es\/descargar-miv\/descargar-catalogos\/\",\"name\":\"Descargar cat\u00e1logos - Miv Insulating Systems\",\"isPartOf\":{\"@id\":\"https:\/\/www.mivsrl.com\/es\/#website\"},\"primaryImageOfPage\":{\"@id\":\"https:\/\/www.mivsrl.com\/es\/descargar-miv\/descargar-catalogos\/#primaryimage\"},\"image\":{\"@id\":\"https:\/\/www.mivsrl.com\/es\/descargar-miv\/descargar-catalogos\/#primaryimage\"},\"thumbnailUrl\":\"https:\/\/www.mivsrl.com\/wp-content\/uploads\/elementor\/thumbs\/miv-logo-porte-celle-frigorifere-581x615-1-q5svc9rpx1ixe6yuwz07ieabt4ku036zjnenz12fde.png\",\"datePublished\":\"2023-04-12T08:08:14+00:00\",\"dateModified\":\"2025-01-21T14:57:42+00:00\",\"description\":\"Puertas para c\u00e1maras frigor\u00edficas. Producci\u00f3n Made in Italy de puertas y accesorios para c\u00e1maras frigor\u00edficas. Puertas para supermercados, almacenes ...\",\"breadcrumb\":{\"@id\":\"https:\/\/www.mivsrl.com\/es\/descargar-miv\/descargar-catalogos\/#breadcrumb\"},\"inLanguage\":\"es\",\"potentialAction\":[{\"@type\":\"ReadAction\",\"target\":[\"https:\/\/www.mivsrl.com\/es\/descargar-miv\/descargar-catalogos\/\"]}]},{\"@type\":\"ImageObject\",\"inLanguage\":\"es\",\"@id\":\"https:\/\/www.mivsrl.com\/es\/descargar-miv\/descargar-catalogos\/#primaryimage\",\"url\":\"https:\/\/www.mivsrl.com\/wp-content\/uploads\/elementor\/thumbs\/miv-logo-porte-celle-frigorifere-581x615-1-q5svc9rpx1ixe6yuwz07ieabt4ku036zjnenz12fde.png\",\"contentUrl\":\"https:\/\/www.mivsrl.com\/wp-content\/uploads\/elementor\/thumbs\/miv-logo-porte-celle-frigorifere-581x615-1-q5svc9rpx1ixe6yuwz07ieabt4ku036zjnenz12fde.png\"},{\"@type\":\"BreadcrumbList\",\"@id\":\"https:\/\/www.mivsrl.com\/es\/descargar-miv\/descargar-catalogos\/#breadcrumb\",\"itemListElement\":[{\"@type\":\"ListItem\",\"position\":1,\"name\":\"Home\",\"item\":\"https:\/\/www.mivsrl.com\/es\/\"},{\"@type\":\"ListItem\",\"position\":2,\"name\":\"Descargar Miv\",\"item\":\"https:\/\/www.mivsrl.com\/es\/descargar-miv\/\"},{\"@type\":\"ListItem\",\"position\":3,\"name\":\"Descargar cat\u00e1logos\"}]},{\"@type\":\"WebSite\",\"@id\":\"https:\/\/www.mivsrl.com\/es\/#website\",\"url\":\"https:\/\/www.mivsrl.com\/es\/\",\"name\":\"Miv Insulating Systems\",\"description\":\"Produzione di porte e accessori per celle frigorifere\",\"potentialAction\":[{\"@type\":\"SearchAction\",\"target\":{\"@type\":\"EntryPoint\",\"urlTemplate\":\"https:\/\/www.mivsrl.com\/es\/?s={search_term_string}\"},\"query-input\":{\"@type\":\"PropertyValueSpecification\",\"valueRequired\":true,\"valueName\":\"search_term_string\"}}],\"inLanguage\":\"es\"}]}<\/script>\n<!-- \/ Yoast SEO plugin. -->","yoast_head_json":{"title":"Descargar cat\u00e1logos - Miv Insulating Systems","description":"Puertas para c\u00e1maras frigor\u00edficas. Producci\u00f3n Made in Italy de puertas y accesorios para c\u00e1maras frigor\u00edficas. Puertas para supermercados, almacenes ...","robots":{"index":"index","follow":"follow","max-snippet":"max-snippet:-1","max-image-preview":"max-image-preview:large","max-video-preview":"max-video-preview:-1"},"canonical":"https:\/\/www.mivsrl.com\/es\/descargar-miv\/descargar-catalogos\/","og_locale":"es_ES","og_type":"article","og_title":"Descargar cat\u00e1logos - Miv Insulating Systems","og_description":"Puertas para c\u00e1maras frigor\u00edficas. Producci\u00f3n Made in Italy de puertas y accesorios para c\u00e1maras frigor\u00edficas. Puertas para supermercados, almacenes ...","og_url":"https:\/\/www.mivsrl.com\/es\/descargar-miv\/descargar-catalogos\/","og_site_name":"Miv Insulating Systems","article_publisher":"https:\/\/www.facebook.com\/mivrefrigeration","article_modified_time":"2025-01-21T14:57:42+00:00","og_image":[{"url":"https:\/\/www.mivsrl.com\/wp-content\/uploads\/elementor\/thumbs\/miv-logo-porte-celle-frigorifere-581x615-1-q5svc9rpx1ixe6yuwz07ieabt4ku036zjnenz12fde.png","type":"","width":"","height":""}],"twitter_card":"summary_large_image","twitter_misc":{"Tiempo de lectura":"1 minuto"},"schema":{"@context":"https:\/\/schema.org","@graph":[{"@type":"WebPage","@id":"https:\/\/www.mivsrl.com\/es\/descargar-miv\/descargar-catalogos\/","url":"https:\/\/www.mivsrl.com\/es\/descargar-miv\/descargar-catalogos\/","name":"Descargar cat\u00e1logos - Miv Insulating Systems","isPartOf":{"@id":"https:\/\/www.mivsrl.com\/es\/#website"},"primaryImageOfPage":{"@id":"https:\/\/www.mivsrl.com\/es\/descargar-miv\/descargar-catalogos\/#primaryimage"},"image":{"@id":"https:\/\/www.mivsrl.com\/es\/descargar-miv\/descargar-catalogos\/#primaryimage"},"thumbnailUrl":"https:\/\/www.mivsrl.com\/wp-content\/uploads\/elementor\/thumbs\/miv-logo-porte-celle-frigorifere-581x615-1-q5svc9rpx1ixe6yuwz07ieabt4ku036zjnenz12fde.png","datePublished":"2023-04-12T08:08:14+00:00","dateModified":"2025-01-21T14:57:42+00:00","description":"Puertas para c\u00e1maras frigor\u00edficas. Producci\u00f3n Made in Italy de puertas y accesorios para c\u00e1maras frigor\u00edficas. Puertas para supermercados, almacenes ...","breadcrumb":{"@id":"https:\/\/www.mivsrl.com\/es\/descargar-miv\/descargar-catalogos\/#breadcrumb"},"inLanguage":"es","potentialAction":[{"@type":"ReadAction","target":["https:\/\/www.mivsrl.com\/es\/descargar-miv\/descargar-catalogos\/"]}]},{"@type":"ImageObject","inLanguage":"es","@id":"https:\/\/www.mivsrl.com\/es\/descargar-miv\/descargar-catalogos\/#primaryimage","url":"https:\/\/www.mivsrl.com\/wp-content\/uploads\/elementor\/thumbs\/miv-logo-porte-celle-frigorifere-581x615-1-q5svc9rpx1ixe6yuwz07ieabt4ku036zjnenz12fde.png","contentUrl":"https:\/\/www.mivsrl.com\/wp-content\/uploads\/elementor\/thumbs\/miv-logo-porte-celle-frigorifere-581x615-1-q5svc9rpx1ixe6yuwz07ieabt4ku036zjnenz12fde.png"},{"@type":"BreadcrumbList","@id":"https:\/\/www.mivsrl.com\/es\/descargar-miv\/descargar-catalogos\/#breadcrumb","itemListElement":[{"@type":"ListItem","position":1,"name":"Home","item":"https:\/\/www.mivsrl.com\/es\/"},{"@type":"ListItem","position":2,"name":"Descargar Miv","item":"https:\/\/www.mivsrl.com\/es\/descargar-miv\/"},{"@type":"ListItem","position":3,"name":"Descargar cat\u00e1logos"}]},{"@type":"WebSite","@id":"https:\/\/www.mivsrl.com\/es\/#website","url":"https:\/\/www.mivsrl.com\/es\/","name":"Miv Insulating Systems","description":"Produzione di porte e accessori per celle frigorifere","potentialAction":[{"@type":"SearchAction","target":{"@type":"EntryPoint","urlTemplate":"https:\/\/www.mivsrl.com\/es\/?s={search_term_string}"},"query-input":{"@type":"PropertyValueSpecification","valueRequired":true,"valueName":"search_term_string"}}],"inLanguage":"es"}]}},"_links":{"self":[{"href":"https:\/\/www.mivsrl.com\/es\/wp-json\/wp\/v2\/pages\/41325","targetHints":{"allow":["GET"]}}],"collection":[{"href":"https:\/\/www.mivsrl.com\/es\/wp-json\/wp\/v2\/pages"}],"about":[{"href":"https:\/\/www.mivsrl.com\/es\/wp-json\/wp\/v2\/types\/page"}],"author":[{"embeddable":true,"href":"https:\/\/www.mivsrl.com\/es\/wp-json\/wp\/v2\/users\/1"}],"replies":[{"embeddable":true,"href":"https:\/\/www.mivsrl.com\/es\/wp-json\/wp\/v2\/comments?post=41325"}],"version-history":[{"count":0,"href":"https:\/\/www.mivsrl.com\/es\/wp-json\/wp\/v2\/pages\/41325\/revisions"}],"up":[{"embeddable":true,"href":"https:\/\/www.mivsrl.com\/es\/wp-json\/wp\/v2\/pages\/41313"}],"wp:attachment":[{"href":"https:\/\/www.mivsrl.com\/es\/wp-json\/wp\/v2\/media?parent=41325"}],"curies":[{"name":"wp","href":"https:\/\/api.w.org\/{rel}","templated":true}]}}