{"id":40573,"date":"2024-06-04T14:41:03","date_gmt":"2024-06-04T12:41:03","guid":{"rendered":"https:\/\/www.mivsrl.com\/product\/borde-basculante-ir-y-venir-mod-2010-06al20231\/"},"modified":"2025-01-13T22:15:36","modified_gmt":"2025-01-13T21:15:36","slug":"borde-basculante-ir-y-venir-mod-2010-06al20231","status":"publish","type":"product","link":"https:\/\/www.mivsrl.com\/es\/producto\/borde-basculante-ir-y-venir-mod-2010-06al20231\/","title":{"rendered":"Borde basculante Ir y venir Mod. 2010 06AL20231"},"content":{"rendered":"\t\t<div data-elementor-type=\"wp-post\" data-elementor-id=\"40573\" class=\"elementor elementor-40573 elementor-38260\">\n\t\t\t\t\t\t<section class=\"wd-negative-gap elementor-section elementor-top-section elementor-element elementor-element-62722b1 elementor-section-boxed elementor-section-height-default elementor-section-height-default wd-section-disabled\" data-id=\"62722b1\" data-element_type=\"section\" data-e-type=\"section\">\n\t\t\t\t\t\t<div class=\"elementor-container elementor-column-gap-default\">\n\t\t\t\t\t<div class=\"elementor-column elementor-col-100 elementor-top-column elementor-element elementor-element-d056aa6\" data-id=\"d056aa6\" data-element_type=\"column\" data-e-type=\"column\">\n\t\t\t<div class=\"elementor-widget-wrap elementor-element-populated\">\n\t\t\t\t\t\t<div class=\"elementor-element elementor-element-003c9b1 elementor-widget elementor-widget-wd_button\" data-id=\"003c9b1\" data-element_type=\"widget\" data-e-type=\"widget\" data-widget_type=\"wd_button.default\">\n\t\t\t\t<div class=\"elementor-widget-container\">\n\t\t\t\t\t\t\t<div class=\"wd-button-wrapper text-center\" >\n\t\t\t<a class=\"btn btn-style-default btn-style-rectangle btn-size-default btn-color-primary btn-icon-pos-right\"  href=\"https:\/\/www.mivsrl.com\/wp-content\/uploads\/2024\/06\/Bordo-battente-Va-e-Vieni-Mod.-2010-06AL20231.png\" target=\"_blank\">\n\t\t\t\t<span class=\"wd-btn-text\" data-elementor-setting-key=\"text\">\n\t\t\t\t\tFICHA T\u00c9CNICA CANTOS DE PANEL\t\t\t\t<\/span>\n\n\t\t\t\t\t\t\t<\/a>\n\t\t<\/div>\n\t\t\t\t\t\t<\/div>\n\t\t\t\t<\/div>\n\t\t\t\t\t<\/div>\n\t\t<\/div>\n\t\t\t\t\t<\/div>\n\t\t<\/section>\n\t\t\t\t<\/div>\n\t\t","protected":false},"excerpt":{"rendered":"<p><strong>06AL20251<\/strong><\/p>\n<p class=\"elementor-heading-title elementor-size-small\">\n<p>Perfil de aleaci\u00f3n de aluminio anodizado plata 6060 T6, utilizado para la construcci\u00f3n de puertas \u00abligeras\u00bb utilizadas en los modelos de puertas t\u00e9cnicas -Va e Vieni Se suministra en barras de longitud est\u00e1ndar de 7 m.<\/p>\n","protected":false},"featured_media":40574,"template":"","meta":[],"product_brand":[],"product_cat":[590,589,591],"product_tag":[592,593,594,595,596,597],"class_list":{"0":"post-40573","1":"product","2":"type-product","3":"status-publish","4":"has-post-thumbnail","6":"product_cat-componentes-semiaislantes-para-puertas","7":"product_cat-componentes-de-la-puerta","8":"product_cat-perfiles-de-aluminio-para-puertas-semi-aislantes","9":"product_tag-chasis-de-un-lado-a-otro","10":"product_tag-componentes-de-la-puerta","11":"product_tag-puerta-va","12":"product_tag-perfiles-de-aluminio","13":"product_tag-perfiles-de-aluminio-para-puertas-semiaislantes","14":"product_tag-accesorios-para-puertas-semiaislantes","16":"first","17":"instock","18":"shipping-taxable","19":"product-type-simple"},"yoast_head":"<!-- This site is optimized with the Yoast SEO plugin v27.4 - https:\/\/yoast.com\/product\/yoast-seo-wordpress\/ -->\n<title>Borde basculante Ir y venir Mod. 2010 06AL20231 - Miv Insulating Systems<\/title>\n<meta name=\"description\" content=\"Perfil de aleaci\u00f3n de aluminio anodizado plata 6060 T6, utilizado para la construcci\u00f3n de puertas &quot;ligeras&quot; en los modelos t\u00e9cnico-Va y Vieni. Se suministra en barras de longitud est\u00e1ndar de 7 m.\" \/>\n<meta name=\"robots\" content=\"index, follow, max-snippet:-1, max-image-preview:large, max-video-preview:-1\" \/>\n<link rel=\"canonical\" href=\"https:\/\/www.mivsrl.com\/es\/producto\/borde-basculante-ir-y-venir-mod-2010-06al20231\/\" \/>\n<meta property=\"og:locale\" content=\"es_ES\" \/>\n<meta property=\"og:type\" content=\"article\" \/>\n<meta property=\"og:title\" content=\"Borde basculante Ir y venir Mod. 2010 06AL20231 - Miv Insulating Systems\" \/>\n<meta property=\"og:description\" content=\"Perfil de aleaci\u00f3n de aluminio anodizado plata 6060 T6, utilizado para la construcci\u00f3n de puertas &quot;ligeras&quot; en los modelos t\u00e9cnico-Va y Vieni. Se suministra en barras de longitud est\u00e1ndar de 7 m.\" \/>\n<meta property=\"og:url\" content=\"https:\/\/www.mivsrl.com\/es\/producto\/borde-basculante-ir-y-venir-mod-2010-06al20231\/\" \/>\n<meta property=\"og:site_name\" content=\"Miv Insulating Systems\" \/>\n<meta property=\"article:publisher\" content=\"https:\/\/www.facebook.com\/mivrefrigeration\" \/>\n<meta property=\"article:modified_time\" content=\"2025-01-13T21:15:36+00:00\" \/>\n<meta property=\"og:image\" content=\"https:\/\/www.mivsrl.com\/wp-content\/uploads\/2024\/06\/Bordo-battente-Va-e-Vieni-Mod.-2010.png\" \/>\n\t<meta property=\"og:image:width\" content=\"691\" \/>\n\t<meta property=\"og:image:height\" content=\"501\" \/>\n\t<meta property=\"og:image:type\" content=\"image\/png\" \/>\n<meta name=\"twitter:card\" content=\"summary_large_image\" \/>\n<script type=\"application\/ld+json\" class=\"yoast-schema-graph\">{\"@context\":\"https:\\\/\\\/schema.org\",\"@graph\":[{\"@type\":\"WebPage\",\"@id\":\"https:\\\/\\\/www.mivsrl.com\\\/es\\\/producto\\\/borde-basculante-ir-y-venir-mod-2010-06al20231\\\/\",\"url\":\"https:\\\/\\\/www.mivsrl.com\\\/es\\\/producto\\\/borde-basculante-ir-y-venir-mod-2010-06al20231\\\/\",\"name\":\"Borde basculante Ir y venir Mod. 2010 06AL20231 - Miv Insulating Systems\",\"isPartOf\":{\"@id\":\"https:\\\/\\\/www.mivsrl.com\\\/es\\\/#website\"},\"primaryImageOfPage\":{\"@id\":\"https:\\\/\\\/www.mivsrl.com\\\/es\\\/producto\\\/borde-basculante-ir-y-venir-mod-2010-06al20231\\\/#primaryimage\"},\"image\":{\"@id\":\"https:\\\/\\\/www.mivsrl.com\\\/es\\\/producto\\\/borde-basculante-ir-y-venir-mod-2010-06al20231\\\/#primaryimage\"},\"thumbnailUrl\":\"https:\\\/\\\/www.mivsrl.com\\\/wp-content\\\/uploads\\\/2024\\\/06\\\/Bordo-battente-Va-e-Vieni-Mod.-2010.png\",\"datePublished\":\"2024-06-04T12:41:03+00:00\",\"dateModified\":\"2025-01-13T21:15:36+00:00\",\"description\":\"Perfil de aleaci\u00f3n de aluminio anodizado plata 6060 T6, utilizado para la construcci\u00f3n de puertas \\\"ligeras\\\" en los modelos t\u00e9cnico-Va y Vieni. Se suministra en barras de longitud est\u00e1ndar de 7 m.\",\"breadcrumb\":{\"@id\":\"https:\\\/\\\/www.mivsrl.com\\\/es\\\/producto\\\/borde-basculante-ir-y-venir-mod-2010-06al20231\\\/#breadcrumb\"},\"inLanguage\":\"es\",\"potentialAction\":[{\"@type\":\"ReadAction\",\"target\":[\"https:\\\/\\\/www.mivsrl.com\\\/es\\\/producto\\\/borde-basculante-ir-y-venir-mod-2010-06al20231\\\/\"]}]},{\"@type\":\"ImageObject\",\"inLanguage\":\"es\",\"@id\":\"https:\\\/\\\/www.mivsrl.com\\\/es\\\/producto\\\/borde-basculante-ir-y-venir-mod-2010-06al20231\\\/#primaryimage\",\"url\":\"https:\\\/\\\/www.mivsrl.com\\\/wp-content\\\/uploads\\\/2024\\\/06\\\/Bordo-battente-Va-e-Vieni-Mod.-2010.png\",\"contentUrl\":\"https:\\\/\\\/www.mivsrl.com\\\/wp-content\\\/uploads\\\/2024\\\/06\\\/Bordo-battente-Va-e-Vieni-Mod.-2010.png\",\"width\":691,\"height\":501,\"caption\":\"Bordo battente Va e Vieni Mod. 2010\"},{\"@type\":\"BreadcrumbList\",\"@id\":\"https:\\\/\\\/www.mivsrl.com\\\/es\\\/producto\\\/borde-basculante-ir-y-venir-mod-2010-06al20231\\\/#breadcrumb\",\"itemListElement\":[{\"@type\":\"ListItem\",\"position\":1,\"name\":\"Home\",\"item\":\"https:\\\/\\\/www.mivsrl.com\\\/es\\\/\"},{\"@type\":\"ListItem\",\"position\":2,\"name\":\"Cat\u00e1logo Miv\",\"item\":\"https:\\\/\\\/www.mivsrl.com\\\/catalogo-miv\\\/\"},{\"@type\":\"ListItem\",\"position\":3,\"name\":\"Borde basculante Ir y venir Mod. 2010 06AL20231\"}]},{\"@type\":\"WebSite\",\"@id\":\"https:\\\/\\\/www.mivsrl.com\\\/es\\\/#website\",\"url\":\"https:\\\/\\\/www.mivsrl.com\\\/es\\\/\",\"name\":\"Miv Insulating Systems\",\"description\":\"Produzione di porte e accessori per celle frigorifere\",\"potentialAction\":[{\"@type\":\"SearchAction\",\"target\":{\"@type\":\"EntryPoint\",\"urlTemplate\":\"https:\\\/\\\/www.mivsrl.com\\\/es\\\/?s={search_term_string}\"},\"query-input\":{\"@type\":\"PropertyValueSpecification\",\"valueRequired\":true,\"valueName\":\"search_term_string\"}}],\"inLanguage\":\"es\"}]}<\/script>\n<!-- \/ Yoast SEO plugin. -->","yoast_head_json":{"title":"Borde basculante Ir y venir Mod. 2010 06AL20231 - Miv Insulating Systems","description":"Perfil de aleaci\u00f3n de aluminio anodizado plata 6060 T6, utilizado para la construcci\u00f3n de puertas \"ligeras\" en los modelos t\u00e9cnico-Va y Vieni. Se suministra en barras de longitud est\u00e1ndar de 7 m.","robots":{"index":"index","follow":"follow","max-snippet":"max-snippet:-1","max-image-preview":"max-image-preview:large","max-video-preview":"max-video-preview:-1"},"canonical":"https:\/\/www.mivsrl.com\/es\/producto\/borde-basculante-ir-y-venir-mod-2010-06al20231\/","og_locale":"es_ES","og_type":"article","og_title":"Borde basculante Ir y venir Mod. 2010 06AL20231 - Miv Insulating Systems","og_description":"Perfil de aleaci\u00f3n de aluminio anodizado plata 6060 T6, utilizado para la construcci\u00f3n de puertas \"ligeras\" en los modelos t\u00e9cnico-Va y Vieni. Se suministra en barras de longitud est\u00e1ndar de 7 m.","og_url":"https:\/\/www.mivsrl.com\/es\/producto\/borde-basculante-ir-y-venir-mod-2010-06al20231\/","og_site_name":"Miv Insulating Systems","article_publisher":"https:\/\/www.facebook.com\/mivrefrigeration","article_modified_time":"2025-01-13T21:15:36+00:00","og_image":[{"width":691,"height":501,"url":"https:\/\/www.mivsrl.com\/wp-content\/uploads\/2024\/06\/Bordo-battente-Va-e-Vieni-Mod.-2010.png","type":"image\/png"}],"twitter_card":"summary_large_image","schema":{"@context":"https:\/\/schema.org","@graph":[{"@type":"WebPage","@id":"https:\/\/www.mivsrl.com\/es\/producto\/borde-basculante-ir-y-venir-mod-2010-06al20231\/","url":"https:\/\/www.mivsrl.com\/es\/producto\/borde-basculante-ir-y-venir-mod-2010-06al20231\/","name":"Borde basculante Ir y venir Mod. 2010 06AL20231 - Miv Insulating Systems","isPartOf":{"@id":"https:\/\/www.mivsrl.com\/es\/#website"},"primaryImageOfPage":{"@id":"https:\/\/www.mivsrl.com\/es\/producto\/borde-basculante-ir-y-venir-mod-2010-06al20231\/#primaryimage"},"image":{"@id":"https:\/\/www.mivsrl.com\/es\/producto\/borde-basculante-ir-y-venir-mod-2010-06al20231\/#primaryimage"},"thumbnailUrl":"https:\/\/www.mivsrl.com\/wp-content\/uploads\/2024\/06\/Bordo-battente-Va-e-Vieni-Mod.-2010.png","datePublished":"2024-06-04T12:41:03+00:00","dateModified":"2025-01-13T21:15:36+00:00","description":"Perfil de aleaci\u00f3n de aluminio anodizado plata 6060 T6, utilizado para la construcci\u00f3n de puertas \"ligeras\" en los modelos t\u00e9cnico-Va y Vieni. Se suministra en barras de longitud est\u00e1ndar de 7 m.","breadcrumb":{"@id":"https:\/\/www.mivsrl.com\/es\/producto\/borde-basculante-ir-y-venir-mod-2010-06al20231\/#breadcrumb"},"inLanguage":"es","potentialAction":[{"@type":"ReadAction","target":["https:\/\/www.mivsrl.com\/es\/producto\/borde-basculante-ir-y-venir-mod-2010-06al20231\/"]}]},{"@type":"ImageObject","inLanguage":"es","@id":"https:\/\/www.mivsrl.com\/es\/producto\/borde-basculante-ir-y-venir-mod-2010-06al20231\/#primaryimage","url":"https:\/\/www.mivsrl.com\/wp-content\/uploads\/2024\/06\/Bordo-battente-Va-e-Vieni-Mod.-2010.png","contentUrl":"https:\/\/www.mivsrl.com\/wp-content\/uploads\/2024\/06\/Bordo-battente-Va-e-Vieni-Mod.-2010.png","width":691,"height":501,"caption":"Bordo battente Va e Vieni Mod. 2010"},{"@type":"BreadcrumbList","@id":"https:\/\/www.mivsrl.com\/es\/producto\/borde-basculante-ir-y-venir-mod-2010-06al20231\/#breadcrumb","itemListElement":[{"@type":"ListItem","position":1,"name":"Home","item":"https:\/\/www.mivsrl.com\/es\/"},{"@type":"ListItem","position":2,"name":"Cat\u00e1logo Miv","item":"https:\/\/www.mivsrl.com\/catalogo-miv\/"},{"@type":"ListItem","position":3,"name":"Borde basculante Ir y venir Mod. 2010 06AL20231"}]},{"@type":"WebSite","@id":"https:\/\/www.mivsrl.com\/es\/#website","url":"https:\/\/www.mivsrl.com\/es\/","name":"Miv Insulating Systems","description":"Produzione di porte e accessori per celle frigorifere","potentialAction":[{"@type":"SearchAction","target":{"@type":"EntryPoint","urlTemplate":"https:\/\/www.mivsrl.com\/es\/?s={search_term_string}"},"query-input":{"@type":"PropertyValueSpecification","valueRequired":true,"valueName":"search_term_string"}}],"inLanguage":"es"}]}},"_links":{"self":[{"href":"https:\/\/www.mivsrl.com\/es\/wp-json\/wp\/v2\/product\/40573","targetHints":{"allow":["GET"]}}],"collection":[{"href":"https:\/\/www.mivsrl.com\/es\/wp-json\/wp\/v2\/product"}],"about":[{"href":"https:\/\/www.mivsrl.com\/es\/wp-json\/wp\/v2\/types\/product"}],"version-history":[{"count":0,"href":"https:\/\/www.mivsrl.com\/es\/wp-json\/wp\/v2\/product\/40573\/revisions"}],"wp:featuredmedia":[{"embeddable":true,"href":"https:\/\/www.mivsrl.com\/es\/wp-json\/wp\/v2\/media\/40574"}],"wp:attachment":[{"href":"https:\/\/www.mivsrl.com\/es\/wp-json\/wp\/v2\/media?parent=40573"}],"wp:term":[{"taxonomy":"product_brand","embeddable":true,"href":"https:\/\/www.mivsrl.com\/es\/wp-json\/wp\/v2\/product_brand?post=40573"},{"taxonomy":"product_cat","embeddable":true,"href":"https:\/\/www.mivsrl.com\/es\/wp-json\/wp\/v2\/product_cat?post=40573"},{"taxonomy":"product_tag","embeddable":true,"href":"https:\/\/www.mivsrl.com\/es\/wp-json\/wp\/v2\/product_tag?post=40573"}],"curies":[{"name":"wp","href":"https:\/\/api.w.org\/{rel}","templated":true}]}}