{"id":40734,"date":"2023-03-03T18:52:50","date_gmt":"2023-03-03T17:52:50","guid":{"rendered":"https:\/\/www.mivsrl.com\/product\/la-puerta-semiaislante-va-y-viene\/"},"modified":"2025-01-13T22:43:53","modified_gmt":"2025-01-13T21:43:53","slug":"la-puerta-semiaislante-va-y-viene","status":"publish","type":"product","link":"https:\/\/www.mivsrl.com\/es\/producto\/la-puerta-semiaislante-va-y-viene\/","title":{"rendered":"LA PUERTA SEMIAISLANTE VA Y VIENE"},"content":{"rendered":"\t\t<div data-elementor-type=\"wp-post\" data-elementor-id=\"40734\" class=\"elementor elementor-40734 elementor-21986\">\n\t\t\t\t\t\t<section class=\"wd-negative-gap elementor-section elementor-top-section elementor-element elementor-element-2797d10 elementor-section-boxed elementor-section-height-default elementor-section-height-default wd-section-disabled\" data-id=\"2797d10\" data-element_type=\"section\" data-e-type=\"section\">\n\t\t\t\t\t\t<div class=\"elementor-container elementor-column-gap-default\">\n\t\t\t\t\t<div class=\"elementor-column elementor-col-50 elementor-top-column elementor-element elementor-element-8eabab5\" data-id=\"8eabab5\" data-element_type=\"column\" data-e-type=\"column\">\n\t\t\t<div class=\"elementor-widget-wrap elementor-element-populated\">\n\t\t\t\t\t\t<div class=\"elementor-element elementor-element-abb0e8a elementor-widget elementor-widget-wd_list\" data-id=\"abb0e8a\" data-element_type=\"widget\" data-e-type=\"widget\" data-widget_type=\"wd_list.default\">\n\t\t\t\t<div class=\"elementor-widget-container\">\n\t\t\t\t\t\t\t<ul class=\"wd-list color-scheme- wd-fontsize-s wd-list-type-unordered wd-list-style-default wd-justify-left\">\n\t\t\t\t\t\t\t\t\t\t\t<li class=\"elementor-repeater-item-c47ceb3\">\n\t\t\t\t\t\t\t\t\t\t\t<span class=\"list-icon\"><\/span>\t\t\t\t\t\n\t\t\t\t\t<span class=\"list-content\">\n\t\t\t\t\t\tPuerta sobre bisagras semi-aislante para temperatura positiva para aplicaci\u00f3n interior\n\t\t\t\t\t<\/span>\n\n\t\t\t\t\t\t\t\t\t<\/li>\n\t\t\t\t\t\t\t\t\t\t\t<li class=\"elementor-repeater-item-31a1e4d\">\n\t\t\t\t\t\t\t\t\t\t\t<span class=\"list-icon\"><\/span>\t\t\t\t\t\n\t\t\t\t\t<span class=\"list-content\">\n\t\t\t\t\t\tInstalaci\u00f3n de paneles\/paredes\n\t\t\t\t\t<\/span>\n\n\t\t\t\t\t\t\t\t\t<\/li>\n\t\t\t\t\t\t\t\t\t\t\t<li class=\"elementor-repeater-item-d1952b4\">\n\t\t\t\t\t\t\t\t\t\t\t<span class=\"list-icon\"><\/span>\t\t\t\t\t\n\t\t\t\t\t<span class=\"list-content\">\n\t\t\t\t\t\tApertura bidireccional y bloqueo a 90\t\t\t\t\t<\/span>\n\n\t\t\t\t\t\t\t\t\t<\/li>\n\t\t\t\t\t\t\t\t\t\t\t<li class=\"elementor-repeater-item-4d493f8\">\n\t\t\t\t\t\t\t\t\t\t\t<span class=\"list-icon\"><\/span>\t\t\t\t\t\n\t\t\t\t\t<span class=\"list-content\">\n\t\t\t\t\t\t\n\nBorde de guillotina de aluminio de 40 mm\n\t\t\t\t\t<\/span>\n\n\t\t\t\t\t\t\t\t\t<\/li>\n\t\t\t\t\t\t\t\t\t\t\t<li class=\"elementor-repeater-item-23dfadc\">\n\t\t\t\t\t\t\t\t\t\t\t<span class=\"list-icon\"><\/span>\t\t\t\t\t\n\t\t\t\t\t<span class=\"list-content\">\n\t\t\t\t\t\tRevestimiento interior y exterior de chapa plastificada blanca (variante de revestimiento de acero inoxidable)\n\n\t\t\t\t\t<\/span>\n\n\t\t\t\t\t\t\t\t\t<\/li>\n\t\t\t\t\t\t\t\t\t\t\t<li class=\"elementor-repeater-item-1d80baf\">\n\t\t\t\t\t\t\t\t\t\t\t<span class=\"list-icon\"><\/span>\t\t\t\t\t\n\t\t\t\t\t<span class=\"list-content\">\n\t\t\t\t\t\tInyectado con espuma de poliuretano \"PUR\" SIN CFC de 40\/42 kg\/m3 de densidad\n\n\n\t\t\t\t\t<\/span>\n\n\t\t\t\t\t\t\t\t\t<\/li>\n\t\t\t\t\t\t\t\t\t\t\t<li class=\"elementor-repeater-item-4cd2375\">\n\t\t\t\t\t\t\t\t\t\t\t<span class=\"list-icon\"><\/span>\t\t\t\t\t\n\t\t\t\t\t<span class=\"list-content\">\n\t\t\t\t\t\tJuntas antideslizantes de EPDM aplicadas en todos los bordes verticales de las hojas\n\n\n\n\t\t\t\t\t<\/span>\n\n\t\t\t\t\t\t\t\t\t<\/li>\n\t\t\t\t\t\t\t\t\t\t\t<li class=\"elementor-repeater-item-970d07f\">\n\t\t\t\t\t\t\t\t\t\t\t<span class=\"list-icon\"><\/span>\t\t\t\t\t\n\t\t\t\t\t<span class=\"list-content\">\n\t\t\t\t\t\tMarco y premarco de aluminio anodizado para panel de 60-90 y 91-120 mm\t\t\t\t\t<\/span>\n\n\t\t\t\t\t\t\t\t\t<\/li>\n\t\t\t\t\t\t\t\t\t\t\t<li class=\"elementor-repeater-item-f35efd7\">\n\t\t\t\t\t\t\t\t\t\t\t<span class=\"list-icon\"><\/span>\t\t\t\t\t\n\t\t\t\t\t<span class=\"list-content\">\n\t\t\t\t\t\tProtector plano bajo de acero inoxidable interno\/externo de 300 mm\n\t\t\t\t\t<\/span>\n\n\t\t\t\t\t\t\t\t\t<\/li>\n\t\t\t\t\t<\/ul>\n\n\t\t\t\t\t\t<\/div>\n\t\t\t\t<\/div>\n\t\t\t\t\t<\/div>\n\t\t<\/div>\n\t\t\t\t<div class=\"elementor-column elementor-col-50 elementor-top-column elementor-element elementor-element-c88b9c4\" data-id=\"c88b9c4\" data-element_type=\"column\" data-e-type=\"column\">\n\t\t\t<div class=\"elementor-widget-wrap elementor-element-populated\">\n\t\t\t\t\t\t<div class=\"elementor-element elementor-element-e0f7295 elementor-widget elementor-widget-wd_list\" data-id=\"e0f7295\" data-element_type=\"widget\" data-e-type=\"widget\" data-widget_type=\"wd_list.default\">\n\t\t\t\t<div class=\"elementor-widget-container\">\n\t\t\t\t\t\t\t<ul class=\"wd-list color-scheme- wd-fontsize-s wd-list-type-unordered wd-list-style-default wd-justify-left\">\n\t\t\t\t\t\t\t\t\t\t\t<li class=\"elementor-repeater-item-c47ceb3\">\n\t\t\t\t\t\t\t\t\t\t\t<span class=\"list-icon\"><\/span>\t\t\t\t\t\n\t\t\t\t\t<span class=\"list-content\">\n\t\t\t\t\t\tPolicarbonato lexan redondo de 350 mm de di\u00e1metro\n\n\t\t\t\t\t<\/span>\n\n\t\t\t\t\t\t\t\t\t<\/li>\n\t\t\t\t\t\t\t\t\t\t\t<li class=\"elementor-repeater-item-31a1e4d\">\n\t\t\t\t\t\t\t\t\t\t\t<span class=\"list-icon\"><\/span>\t\t\t\t\t\n\t\t\t\t\t<span class=\"list-content\">\n\t\t\t\t\t\tTornillos de fijaci\u00f3n ocultos del marco\n\t\t\t\t\t<\/span>\n\n\t\t\t\t\t\t\t\t\t<\/li>\n\t\t\t\t\t\t\t\t\t\t\t<li class=\"elementor-repeater-item-d1952b4\">\n\t\t\t\t\t\t\t\t\t\t\t<span class=\"list-icon\"><\/span>\t\t\t\t\t\n\t\t\t\t\t<span class=\"list-content\">\n\t\t\t\t\t\tSin umbral\n\t\t\t\t\t<\/span>\n\n\t\t\t\t\t\t\t\t\t<\/li>\n\t\t\t\t\t<\/ul>\n\n\t\t\t\t\t\t<\/div>\n\t\t\t\t<\/div>\n\t\t\t\t<div class=\"elementor-element elementor-element-bdedd5e elementor-widget elementor-widget-wd_text_block\" data-id=\"bdedd5e\" data-element_type=\"widget\" data-e-type=\"widget\" data-widget_type=\"wd_text_block.default\">\n\t\t\t\t<div class=\"elementor-widget-container\">\n\t\t\t\t\t\t\t<div class=\"wd-text-block reset-last-child text-left\">\n\t\t\t\n\t\t\t<p><strong>OPCIONAL<\/strong><\/p><p>Protectores de parachoques<\/p>\n\t\t\t\t\t<\/div>\n\t\t\t\t\t\t<\/div>\n\t\t\t\t<\/div>\n\t\t\t\t<div class=\"elementor-element elementor-element-0ec4db0 elementor-widget elementor-widget-wd_button\" data-id=\"0ec4db0\" data-element_type=\"widget\" data-e-type=\"widget\" data-widget_type=\"wd_button.default\">\n\t\t\t\t<div class=\"elementor-widget-container\">\n\t\t\t\t\t\t\t<div class=\"wd-button-wrapper text-center\" >\n\t\t\t<a class=\"btn btn-style-3d btn-style-semi-round btn-size-default btn-color-primary btn-icon-pos-right\"  href=\"https:\/\/www.mivsrl.com\/wp-content\/uploads\/2023\/06\/Porta-semi-isolante-Modello-Va-e-Vieni.pdf\" target=\"_blank\">\n\t\t\t\t<span class=\"wd-btn-text\" data-elementor-setting-key=\"text\">\n\t\t\t\t\tFICHA T\u00c9CNICA  \t\t\t\t<\/span>\n\n\t\t\t\t\t\t\t<\/a>\n\t\t<\/div>\n\t\t\t\t\t\t<\/div>\n\t\t\t\t<\/div>\n\t\t\t\t<div class=\"elementor-element elementor-element-8b162c1 elementor-widget elementor-widget-wd_button\" data-id=\"8b162c1\" data-element_type=\"widget\" data-e-type=\"widget\" data-widget_type=\"wd_button.default\">\n\t\t\t\t<div class=\"elementor-widget-container\">\n\t\t\t\t\t\t\t<div class=\"wd-button-wrapper text-center\" >\n\t\t\t<a class=\"btn btn-style-3d btn-style-semi-round btn-size-default btn-color-alt btn-icon-pos-right\"  href=\"https:\/\/www.mivsrl.com\/wp-content\/uploads\/2023\/03\/porta-frigorifera-industriale-semi-isolante-va-e-vieni-disegno.pdf\" target=\"_blank\">\n\t\t\t\t<span class=\"wd-btn-text\" data-elementor-setting-key=\"text\">\n\t\t\t\t\tPLANO DE DESPIECE\t\t\t\t<\/span>\n\n\t\t\t\t\t\t\t<\/a>\n\t\t<\/div>\n\t\t\t\t\t\t<\/div>\n\t\t\t\t<\/div>\n\t\t\t\t\t<\/div>\n\t\t<\/div>\n\t\t\t\t\t<\/div>\n\t\t<\/section>\n\t\t\t\t<\/div>\n\t\t","protected":false},"excerpt":{"rendered":"<p>ENTRADA Y SALIDA <strong>(T sin \u0394 t\u00e9rmica)<\/strong> La puerta definida como \u00abde entrada y salida\u00bb es una puerta de apertura tipo \u00absal\u00f3n\u00bb que se abre simplemente empuj\u00e1ndola, sin tirador. Se utiliza para separar salas de elaboraci\u00f3n de salas con tr\u00e1nsito frecuente de personas y\/o carros, como: cocinas, salas de elaboraci\u00f3n, entornos alimentarios e industriales.<strong>Instalaci\u00f3n para Interior<\/strong><\/p>\n","protected":false},"featured_media":40735,"template":"","meta":[],"product_brand":[],"product_cat":[586,587,588],"product_tag":[594,612],"class_list":{"0":"post-40734","1":"product","2":"type-product","3":"status-publish","4":"has-post-thumbnail","6":"product_cat-puertas","7":"product_cat-puertas-semi-aislantes","8":"product_cat-trae-ir-y-venir","9":"product_tag-puerta-va","10":"product_tag-puerta-semiaislante","12":"first","13":"instock","14":"shipping-taxable","15":"product-type-simple"},"yoast_head":"<!-- This site is optimized with the Yoast SEO plugin v27.6 - https:\/\/yoast.com\/product\/yoast-seo-wordpress\/ -->\n<title>LA PUERTA SEMIAISLANTE VA Y VIENE - Miv Insulating Systems<\/title>\n<meta name=\"description\" content=\"PUERTA SEMIAISLANTE VA Y VIENE La puerta &quot;va y viene&quot; es una puerta de apertura tipo &quot;sal\u00f3n&quot; que se abre con un simple empuj\u00f3n\" \/>\n<meta name=\"robots\" content=\"index, follow, max-snippet:-1, max-image-preview:large, max-video-preview:-1\" \/>\n<link rel=\"canonical\" href=\"https:\/\/www.mivsrl.com\/es\/producto\/la-puerta-semiaislante-va-y-viene\/\" \/>\n<meta property=\"og:locale\" content=\"es_ES\" \/>\n<meta property=\"og:type\" content=\"article\" \/>\n<meta property=\"og:title\" content=\"LA PUERTA SEMIAISLANTE VA Y VIENE - Miv Insulating Systems\" \/>\n<meta property=\"og:description\" content=\"PUERTA SEMIAISLANTE VA Y VIENE La puerta &quot;va y viene&quot; es una puerta de apertura tipo &quot;sal\u00f3n&quot; que se abre con un simple empuj\u00f3n\" \/>\n<meta property=\"og:url\" content=\"https:\/\/www.mivsrl.com\/es\/producto\/la-puerta-semiaislante-va-y-viene\/\" \/>\n<meta property=\"og:site_name\" content=\"Miv Insulating Systems\" \/>\n<meta property=\"article:publisher\" content=\"https:\/\/www.facebook.com\/mivrefrigeration\" \/>\n<meta property=\"article:modified_time\" content=\"2025-01-13T21:43:53+00:00\" \/>\n<meta property=\"og:image\" content=\"https:\/\/www.mivsrl.com\/wp-content\/uploads\/2023\/03\/porta-frigorifera-industriale-semi-isolante-va-e-vieni-va-e-viene-porte-semi-isolanti-montaggio.jpg\" \/>\n\t<meta property=\"og:image:width\" content=\"1984\" \/>\n\t<meta property=\"og:image:height\" content=\"1984\" \/>\n\t<meta property=\"og:image:type\" content=\"image\/jpeg\" \/>\n<meta name=\"twitter:card\" content=\"summary_large_image\" \/>\n<meta name=\"twitter:label1\" content=\"Tiempo de lectura\" \/>\n\t<meta name=\"twitter:data1\" content=\"1 minuto\" \/>\n<script type=\"application\/ld+json\" class=\"yoast-schema-graph\">{\"@context\":\"https:\\\/\\\/schema.org\",\"@graph\":[{\"@type\":\"WebPage\",\"@id\":\"https:\\\/\\\/www.mivsrl.com\\\/es\\\/producto\\\/la-puerta-semiaislante-va-y-viene\\\/\",\"url\":\"https:\\\/\\\/www.mivsrl.com\\\/es\\\/producto\\\/la-puerta-semiaislante-va-y-viene\\\/\",\"name\":\"LA PUERTA SEMIAISLANTE VA Y VIENE - Miv Insulating Systems\",\"isPartOf\":{\"@id\":\"https:\\\/\\\/www.mivsrl.com\\\/es\\\/#website\"},\"primaryImageOfPage\":{\"@id\":\"https:\\\/\\\/www.mivsrl.com\\\/es\\\/producto\\\/la-puerta-semiaislante-va-y-viene\\\/#primaryimage\"},\"image\":{\"@id\":\"https:\\\/\\\/www.mivsrl.com\\\/es\\\/producto\\\/la-puerta-semiaislante-va-y-viene\\\/#primaryimage\"},\"thumbnailUrl\":\"https:\\\/\\\/www.mivsrl.com\\\/wp-content\\\/uploads\\\/2023\\\/03\\\/porta-frigorifera-industriale-semi-isolante-va-e-vieni-va-e-viene-porte-semi-isolanti-montaggio.jpg\",\"datePublished\":\"2023-03-03T17:52:50+00:00\",\"dateModified\":\"2025-01-13T21:43:53+00:00\",\"description\":\"PUERTA SEMIAISLANTE VA Y VIENE La puerta \\\"va y viene\\\" es una puerta de apertura tipo \\\"sal\u00f3n\\\" que se abre con un simple empuj\u00f3n\",\"breadcrumb\":{\"@id\":\"https:\\\/\\\/www.mivsrl.com\\\/es\\\/producto\\\/la-puerta-semiaislante-va-y-viene\\\/#breadcrumb\"},\"inLanguage\":\"es\",\"potentialAction\":[{\"@type\":\"ReadAction\",\"target\":[\"https:\\\/\\\/www.mivsrl.com\\\/es\\\/producto\\\/la-puerta-semiaislante-va-y-viene\\\/\"]}]},{\"@type\":\"ImageObject\",\"inLanguage\":\"es\",\"@id\":\"https:\\\/\\\/www.mivsrl.com\\\/es\\\/producto\\\/la-puerta-semiaislante-va-y-viene\\\/#primaryimage\",\"url\":\"https:\\\/\\\/www.mivsrl.com\\\/wp-content\\\/uploads\\\/2023\\\/03\\\/porta-frigorifera-industriale-semi-isolante-va-e-vieni-va-e-viene-porte-semi-isolanti-montaggio.jpg\",\"contentUrl\":\"https:\\\/\\\/www.mivsrl.com\\\/wp-content\\\/uploads\\\/2023\\\/03\\\/porta-frigorifera-industriale-semi-isolante-va-e-vieni-va-e-viene-porte-semi-isolanti-montaggio.jpg\",\"width\":1984,\"height\":1984,\"caption\":\"porta-frigorifera-industriale-semi-isolante-va-e-vieni-va-e-viene-porte-semi-isolanti-montaggio\"},{\"@type\":\"BreadcrumbList\",\"@id\":\"https:\\\/\\\/www.mivsrl.com\\\/es\\\/producto\\\/la-puerta-semiaislante-va-y-viene\\\/#breadcrumb\",\"itemListElement\":[{\"@type\":\"ListItem\",\"position\":1,\"name\":\"Home\",\"item\":\"https:\\\/\\\/www.mivsrl.com\\\/es\\\/\"},{\"@type\":\"ListItem\",\"position\":2,\"name\":\"Cat\u00e1logo Miv\",\"item\":\"https:\\\/\\\/www.mivsrl.com\\\/catalogo-miv\\\/\"},{\"@type\":\"ListItem\",\"position\":3,\"name\":\"LA PUERTA SEMIAISLANTE VA Y VIENE\"}]},{\"@type\":\"WebSite\",\"@id\":\"https:\\\/\\\/www.mivsrl.com\\\/es\\\/#website\",\"url\":\"https:\\\/\\\/www.mivsrl.com\\\/es\\\/\",\"name\":\"Miv Insulating Systems\",\"description\":\"Produzione di porte e accessori per celle frigorifere\",\"potentialAction\":[{\"@type\":\"SearchAction\",\"target\":{\"@type\":\"EntryPoint\",\"urlTemplate\":\"https:\\\/\\\/www.mivsrl.com\\\/es\\\/?s={search_term_string}\"},\"query-input\":{\"@type\":\"PropertyValueSpecification\",\"valueRequired\":true,\"valueName\":\"search_term_string\"}}],\"inLanguage\":\"es\"}]}<\/script>\n<!-- \/ Yoast SEO plugin. -->","yoast_head_json":{"title":"LA PUERTA SEMIAISLANTE VA Y VIENE - Miv Insulating Systems","description":"PUERTA SEMIAISLANTE VA Y VIENE La puerta \"va y viene\" es una puerta de apertura tipo \"sal\u00f3n\" que se abre con un simple empuj\u00f3n","robots":{"index":"index","follow":"follow","max-snippet":"max-snippet:-1","max-image-preview":"max-image-preview:large","max-video-preview":"max-video-preview:-1"},"canonical":"https:\/\/www.mivsrl.com\/es\/producto\/la-puerta-semiaislante-va-y-viene\/","og_locale":"es_ES","og_type":"article","og_title":"LA PUERTA SEMIAISLANTE VA Y VIENE - Miv Insulating Systems","og_description":"PUERTA SEMIAISLANTE VA Y VIENE La puerta \"va y viene\" es una puerta de apertura tipo \"sal\u00f3n\" que se abre con un simple empuj\u00f3n","og_url":"https:\/\/www.mivsrl.com\/es\/producto\/la-puerta-semiaislante-va-y-viene\/","og_site_name":"Miv Insulating Systems","article_publisher":"https:\/\/www.facebook.com\/mivrefrigeration","article_modified_time":"2025-01-13T21:43:53+00:00","og_image":[{"width":1984,"height":1984,"url":"https:\/\/www.mivsrl.com\/wp-content\/uploads\/2023\/03\/porta-frigorifera-industriale-semi-isolante-va-e-vieni-va-e-viene-porte-semi-isolanti-montaggio.jpg","type":"image\/jpeg"}],"twitter_card":"summary_large_image","twitter_misc":{"Tiempo de lectura":"1 minuto"},"schema":{"@context":"https:\/\/schema.org","@graph":[{"@type":"WebPage","@id":"https:\/\/www.mivsrl.com\/es\/producto\/la-puerta-semiaislante-va-y-viene\/","url":"https:\/\/www.mivsrl.com\/es\/producto\/la-puerta-semiaislante-va-y-viene\/","name":"LA PUERTA SEMIAISLANTE VA Y VIENE - Miv Insulating Systems","isPartOf":{"@id":"https:\/\/www.mivsrl.com\/es\/#website"},"primaryImageOfPage":{"@id":"https:\/\/www.mivsrl.com\/es\/producto\/la-puerta-semiaislante-va-y-viene\/#primaryimage"},"image":{"@id":"https:\/\/www.mivsrl.com\/es\/producto\/la-puerta-semiaislante-va-y-viene\/#primaryimage"},"thumbnailUrl":"https:\/\/www.mivsrl.com\/wp-content\/uploads\/2023\/03\/porta-frigorifera-industriale-semi-isolante-va-e-vieni-va-e-viene-porte-semi-isolanti-montaggio.jpg","datePublished":"2023-03-03T17:52:50+00:00","dateModified":"2025-01-13T21:43:53+00:00","description":"PUERTA SEMIAISLANTE VA Y VIENE La puerta \"va y viene\" es una puerta de apertura tipo \"sal\u00f3n\" que se abre con un simple empuj\u00f3n","breadcrumb":{"@id":"https:\/\/www.mivsrl.com\/es\/producto\/la-puerta-semiaislante-va-y-viene\/#breadcrumb"},"inLanguage":"es","potentialAction":[{"@type":"ReadAction","target":["https:\/\/www.mivsrl.com\/es\/producto\/la-puerta-semiaislante-va-y-viene\/"]}]},{"@type":"ImageObject","inLanguage":"es","@id":"https:\/\/www.mivsrl.com\/es\/producto\/la-puerta-semiaislante-va-y-viene\/#primaryimage","url":"https:\/\/www.mivsrl.com\/wp-content\/uploads\/2023\/03\/porta-frigorifera-industriale-semi-isolante-va-e-vieni-va-e-viene-porte-semi-isolanti-montaggio.jpg","contentUrl":"https:\/\/www.mivsrl.com\/wp-content\/uploads\/2023\/03\/porta-frigorifera-industriale-semi-isolante-va-e-vieni-va-e-viene-porte-semi-isolanti-montaggio.jpg","width":1984,"height":1984,"caption":"porta-frigorifera-industriale-semi-isolante-va-e-vieni-va-e-viene-porte-semi-isolanti-montaggio"},{"@type":"BreadcrumbList","@id":"https:\/\/www.mivsrl.com\/es\/producto\/la-puerta-semiaislante-va-y-viene\/#breadcrumb","itemListElement":[{"@type":"ListItem","position":1,"name":"Home","item":"https:\/\/www.mivsrl.com\/es\/"},{"@type":"ListItem","position":2,"name":"Cat\u00e1logo Miv","item":"https:\/\/www.mivsrl.com\/catalogo-miv\/"},{"@type":"ListItem","position":3,"name":"LA PUERTA SEMIAISLANTE VA Y VIENE"}]},{"@type":"WebSite","@id":"https:\/\/www.mivsrl.com\/es\/#website","url":"https:\/\/www.mivsrl.com\/es\/","name":"Miv Insulating Systems","description":"Produzione di porte e accessori per celle frigorifere","potentialAction":[{"@type":"SearchAction","target":{"@type":"EntryPoint","urlTemplate":"https:\/\/www.mivsrl.com\/es\/?s={search_term_string}"},"query-input":{"@type":"PropertyValueSpecification","valueRequired":true,"valueName":"search_term_string"}}],"inLanguage":"es"}]}},"_links":{"self":[{"href":"https:\/\/www.mivsrl.com\/es\/wp-json\/wp\/v2\/product\/40734","targetHints":{"allow":["GET"]}}],"collection":[{"href":"https:\/\/www.mivsrl.com\/es\/wp-json\/wp\/v2\/product"}],"about":[{"href":"https:\/\/www.mivsrl.com\/es\/wp-json\/wp\/v2\/types\/product"}],"version-history":[{"count":0,"href":"https:\/\/www.mivsrl.com\/es\/wp-json\/wp\/v2\/product\/40734\/revisions"}],"wp:featuredmedia":[{"embeddable":true,"href":"https:\/\/www.mivsrl.com\/es\/wp-json\/wp\/v2\/media\/40735"}],"wp:attachment":[{"href":"https:\/\/www.mivsrl.com\/es\/wp-json\/wp\/v2\/media?parent=40734"}],"wp:term":[{"taxonomy":"product_brand","embeddable":true,"href":"https:\/\/www.mivsrl.com\/es\/wp-json\/wp\/v2\/product_brand?post=40734"},{"taxonomy":"product_cat","embeddable":true,"href":"https:\/\/www.mivsrl.com\/es\/wp-json\/wp\/v2\/product_cat?post=40734"},{"taxonomy":"product_tag","embeddable":true,"href":"https:\/\/www.mivsrl.com\/es\/wp-json\/wp\/v2\/product_tag?post=40734"}],"curies":[{"name":"wp","href":"https:\/\/api.w.org\/{rel}","templated":true}]}}