{"id":40751,"date":"2023-03-19T21:58:32","date_gmt":"2023-03-19T20:58:32","guid":{"rendered":"https:\/\/www.mivsrl.com\/product\/oficina-interna-y-marco-para-ir-y-venir-mod-2010-cop-60-90-06al20230\/"},"modified":"2025-01-13T22:46:57","modified_gmt":"2025-01-13T21:46:57","slug":"oficina-interna-y-marco-para-ir-y-venir-mod-2010-cop-60-90-06al20230","status":"publish","type":"product","link":"https:\/\/www.mivsrl.com\/es\/producto\/oficina-interna-y-marco-para-ir-y-venir-mod-2010-cop-60-90-06al20230\/","title":{"rendered":"Oficina interna y marco para ir y venir Mod. 2010 Cop 60\/90 <span>06AL20230<\/span>"},"content":{"rendered":"\t\t<div data-elementor-type=\"wp-post\" data-elementor-id=\"40751\" class=\"elementor elementor-40751 elementor-22928\">\n\t\t\t\t\t\t<section class=\"wd-negative-gap elementor-section elementor-top-section elementor-element elementor-element-62722b1 elementor-section-boxed elementor-section-height-default elementor-section-height-default wd-section-disabled\" data-id=\"62722b1\" data-element_type=\"section\" data-e-type=\"section\">\n\t\t\t\t\t\t<div class=\"elementor-container elementor-column-gap-default\">\n\t\t\t\t\t<div class=\"elementor-column elementor-col-100 elementor-top-column elementor-element elementor-element-d056aa6\" data-id=\"d056aa6\" data-element_type=\"column\" data-e-type=\"column\">\n\t\t\t<div class=\"elementor-widget-wrap elementor-element-populated\">\n\t\t\t\t\t\t<div class=\"elementor-element elementor-element-003c9b1 elementor-widget elementor-widget-wd_button\" data-id=\"003c9b1\" data-element_type=\"widget\" data-e-type=\"widget\" data-widget_type=\"wd_button.default\">\n\t\t\t\t<div class=\"elementor-widget-container\">\n\t\t\t\t\t\t\t<div class=\"wd-button-wrapper text-center\" >\n\t\t\t<a class=\"btn btn-style-default btn-style-rectangle btn-size-default btn-color-primary btn-icon-pos-right\"  href=\"https:\/\/www.mivsrl.com\/wp-content\/uploads\/2023\/03\/06AL20230-profilo-alluminio.jpg\" target=\"_blank\">\n\t\t\t\t<span class=\"wd-btn-text\" data-elementor-setting-key=\"text\">\n\t\t\t\t\tHOJA DE DATOS MARCO INTERNO TIPO OFICINA Y VAIV\u00c9N\t\t\t\t<\/span>\n\n\t\t\t\t\t\t\t<\/a>\n\t\t<\/div>\n\t\t\t\t\t\t<\/div>\n\t\t\t\t<\/div>\n\t\t\t\t\t<\/div>\n\t\t<\/div>\n\t\t\t\t\t<\/div>\n\t\t<\/section>\n\t\t\t\t<\/div>\n\t\t","protected":false},"excerpt":{"rendered":"<p>0<strong>6AL20230<\/strong> Perfil de aleaci\u00f3n de aluminio anodizado plata 6060 T6, utilizado para la construcci\u00f3n del marco de los modelos \u00abTipo Ufficio\u00bb y \u00abVa e Vieni\u00bb, dotado de un sistema de ajuste mediante ensamblaje con el perfil \u00ab06AL20228\u00bb para el modelo \u00abTipo Ufficio\u00bb, o \u00ab06AL20227\u00bb para el modelo \u00abVa e Vieni\u00bb para la gesti\u00f3n completa de espesores que pueden variar de un m\u00ednimo de 60 mm a un m\u00e1ximo de 90 mm. Se suministra en barras de longitud est\u00e1ndar de 7 m.<\/p>\n","protected":false},"featured_media":40752,"template":"","meta":[],"product_brand":[],"product_cat":[590,589,591],"product_tag":[592,593,594,595,596,597,619,620],"class_list":{"0":"post-40751","1":"product","2":"type-product","3":"status-publish","4":"has-post-thumbnail","6":"product_cat-componentes-semiaislantes-para-puertas","7":"product_cat-componentes-de-la-puerta","8":"product_cat-perfiles-de-aluminio-para-puertas-semi-aislantes","9":"product_tag-chasis-de-un-lado-a-otro","10":"product_tag-componentes-de-la-puerta","11":"product_tag-puerta-va","12":"product_tag-perfiles-de-aluminio","13":"product_tag-perfiles-de-aluminio-para-puertas-semiaislantes","14":"product_tag-accesorios-para-puertas-semiaislantes","15":"product_tag-marco-tipo-de-oficina","16":"product_tag-puerta-tipo-oficina","18":"first","19":"instock","20":"shipping-taxable","21":"product-type-simple"},"yoast_head":"<!-- This site is optimized with the Yoast SEO plugin v27.6 - https:\/\/yoast.com\/product\/yoast-seo-wordpress\/ -->\n<title>Oficina interna y marco para ir y venir Mod. 2010 Cop 60\/90 06AL20230 - Miv Insulating Systems<\/title>\n<meta name=\"description\" content=\"Marco Interno Tipo Oficina y Come and Go Perfil de aleaci\u00f3n de aluminio anodizado plata 6060 T6, utilizado para la construcci\u00f3n del marco del modelo &quot;Tipo Oficina y Come and Go&quot;.\" \/>\n<meta name=\"robots\" content=\"index, follow, max-snippet:-1, max-image-preview:large, max-video-preview:-1\" \/>\n<link rel=\"canonical\" href=\"https:\/\/www.mivsrl.com\/es\/producto\/oficina-interna-y-marco-para-ir-y-venir-mod-2010-cop-60-90-06al20230\/\" \/>\n<meta property=\"og:locale\" content=\"es_ES\" \/>\n<meta property=\"og:type\" content=\"article\" \/>\n<meta property=\"og:title\" content=\"Oficina interna y marco para ir y venir Mod. 2010 Cop 60\/90 06AL20230 - Miv Insulating Systems\" \/>\n<meta property=\"og:description\" content=\"Marco Interno Tipo Oficina y Come and Go Perfil de aleaci\u00f3n de aluminio anodizado plata 6060 T6, utilizado para la construcci\u00f3n del marco del modelo &quot;Tipo Oficina y Come and Go&quot;.\" \/>\n<meta property=\"og:url\" content=\"https:\/\/www.mivsrl.com\/es\/producto\/oficina-interna-y-marco-para-ir-y-venir-mod-2010-cop-60-90-06al20230\/\" \/>\n<meta property=\"og:site_name\" content=\"Miv Insulating Systems\" \/>\n<meta property=\"article:publisher\" content=\"https:\/\/www.facebook.com\/mivrefrigeration\" \/>\n<meta property=\"article:modified_time\" content=\"2025-01-13T21:46:57+00:00\" \/>\n<meta property=\"og:image\" content=\"https:\/\/www.mivsrl.com\/wp-content\/uploads\/2023\/03\/componenti_profiliinalluminio_06AL20230.png\" \/>\n\t<meta property=\"og:image:width\" content=\"700\" \/>\n\t<meta property=\"og:image:height\" content=\"687\" \/>\n\t<meta property=\"og:image:type\" content=\"image\/png\" \/>\n<meta name=\"twitter:card\" content=\"summary_large_image\" \/>\n<script type=\"application\/ld+json\" class=\"yoast-schema-graph\">{\"@context\":\"https:\\\/\\\/schema.org\",\"@graph\":[{\"@type\":\"WebPage\",\"@id\":\"https:\\\/\\\/www.mivsrl.com\\\/es\\\/producto\\\/oficina-interna-y-marco-para-ir-y-venir-mod-2010-cop-60-90-06al20230\\\/\",\"url\":\"https:\\\/\\\/www.mivsrl.com\\\/es\\\/producto\\\/oficina-interna-y-marco-para-ir-y-venir-mod-2010-cop-60-90-06al20230\\\/\",\"name\":\"Oficina interna y marco para ir y venir Mod. 2010 Cop 60\\\/90 06AL20230 - Miv Insulating Systems\",\"isPartOf\":{\"@id\":\"https:\\\/\\\/www.mivsrl.com\\\/es\\\/#website\"},\"primaryImageOfPage\":{\"@id\":\"https:\\\/\\\/www.mivsrl.com\\\/es\\\/producto\\\/oficina-interna-y-marco-para-ir-y-venir-mod-2010-cop-60-90-06al20230\\\/#primaryimage\"},\"image\":{\"@id\":\"https:\\\/\\\/www.mivsrl.com\\\/es\\\/producto\\\/oficina-interna-y-marco-para-ir-y-venir-mod-2010-cop-60-90-06al20230\\\/#primaryimage\"},\"thumbnailUrl\":\"https:\\\/\\\/www.mivsrl.com\\\/wp-content\\\/uploads\\\/2023\\\/03\\\/componenti_profiliinalluminio_06AL20230.png\",\"datePublished\":\"2023-03-19T20:58:32+00:00\",\"dateModified\":\"2025-01-13T21:46:57+00:00\",\"description\":\"Marco Interno Tipo Oficina y Come and Go Perfil de aleaci\u00f3n de aluminio anodizado plata 6060 T6, utilizado para la construcci\u00f3n del marco del modelo \\\"Tipo Oficina y Come and Go\\\".\",\"breadcrumb\":{\"@id\":\"https:\\\/\\\/www.mivsrl.com\\\/es\\\/producto\\\/oficina-interna-y-marco-para-ir-y-venir-mod-2010-cop-60-90-06al20230\\\/#breadcrumb\"},\"inLanguage\":\"es\",\"potentialAction\":[{\"@type\":\"ReadAction\",\"target\":[\"https:\\\/\\\/www.mivsrl.com\\\/es\\\/producto\\\/oficina-interna-y-marco-para-ir-y-venir-mod-2010-cop-60-90-06al20230\\\/\"]}]},{\"@type\":\"ImageObject\",\"inLanguage\":\"es\",\"@id\":\"https:\\\/\\\/www.mivsrl.com\\\/es\\\/producto\\\/oficina-interna-y-marco-para-ir-y-venir-mod-2010-cop-60-90-06al20230\\\/#primaryimage\",\"url\":\"https:\\\/\\\/www.mivsrl.com\\\/wp-content\\\/uploads\\\/2023\\\/03\\\/componenti_profiliinalluminio_06AL20230.png\",\"contentUrl\":\"https:\\\/\\\/www.mivsrl.com\\\/wp-content\\\/uploads\\\/2023\\\/03\\\/componenti_profiliinalluminio_06AL20230.png\",\"width\":700,\"height\":687,\"caption\":\"componenti_profili in alluminio\"},{\"@type\":\"BreadcrumbList\",\"@id\":\"https:\\\/\\\/www.mivsrl.com\\\/es\\\/producto\\\/oficina-interna-y-marco-para-ir-y-venir-mod-2010-cop-60-90-06al20230\\\/#breadcrumb\",\"itemListElement\":[{\"@type\":\"ListItem\",\"position\":1,\"name\":\"Home\",\"item\":\"https:\\\/\\\/www.mivsrl.com\\\/es\\\/\"},{\"@type\":\"ListItem\",\"position\":2,\"name\":\"Cat\u00e1logo Miv\",\"item\":\"https:\\\/\\\/www.mivsrl.com\\\/catalogo-miv\\\/\"},{\"@type\":\"ListItem\",\"position\":3,\"name\":\"Oficina interna y marco para ir y venir Mod. 2010 Cop 60\\\/90 06AL20230\"}]},{\"@type\":\"WebSite\",\"@id\":\"https:\\\/\\\/www.mivsrl.com\\\/es\\\/#website\",\"url\":\"https:\\\/\\\/www.mivsrl.com\\\/es\\\/\",\"name\":\"Miv Insulating Systems\",\"description\":\"Produzione di porte e accessori per celle frigorifere\",\"potentialAction\":[{\"@type\":\"SearchAction\",\"target\":{\"@type\":\"EntryPoint\",\"urlTemplate\":\"https:\\\/\\\/www.mivsrl.com\\\/es\\\/?s={search_term_string}\"},\"query-input\":{\"@type\":\"PropertyValueSpecification\",\"valueRequired\":true,\"valueName\":\"search_term_string\"}}],\"inLanguage\":\"es\"}]}<\/script>\n<!-- \/ Yoast SEO plugin. -->","yoast_head_json":{"title":"Oficina interna y marco para ir y venir Mod. 2010 Cop 60\/90 06AL20230 - Miv Insulating Systems","description":"Marco Interno Tipo Oficina y Come and Go Perfil de aleaci\u00f3n de aluminio anodizado plata 6060 T6, utilizado para la construcci\u00f3n del marco del modelo \"Tipo Oficina y Come and Go\".","robots":{"index":"index","follow":"follow","max-snippet":"max-snippet:-1","max-image-preview":"max-image-preview:large","max-video-preview":"max-video-preview:-1"},"canonical":"https:\/\/www.mivsrl.com\/es\/producto\/oficina-interna-y-marco-para-ir-y-venir-mod-2010-cop-60-90-06al20230\/","og_locale":"es_ES","og_type":"article","og_title":"Oficina interna y marco para ir y venir Mod. 2010 Cop 60\/90 06AL20230 - Miv Insulating Systems","og_description":"Marco Interno Tipo Oficina y Come and Go Perfil de aleaci\u00f3n de aluminio anodizado plata 6060 T6, utilizado para la construcci\u00f3n del marco del modelo \"Tipo Oficina y Come and Go\".","og_url":"https:\/\/www.mivsrl.com\/es\/producto\/oficina-interna-y-marco-para-ir-y-venir-mod-2010-cop-60-90-06al20230\/","og_site_name":"Miv Insulating Systems","article_publisher":"https:\/\/www.facebook.com\/mivrefrigeration","article_modified_time":"2025-01-13T21:46:57+00:00","og_image":[{"width":700,"height":687,"url":"https:\/\/www.mivsrl.com\/wp-content\/uploads\/2023\/03\/componenti_profiliinalluminio_06AL20230.png","type":"image\/png"}],"twitter_card":"summary_large_image","schema":{"@context":"https:\/\/schema.org","@graph":[{"@type":"WebPage","@id":"https:\/\/www.mivsrl.com\/es\/producto\/oficina-interna-y-marco-para-ir-y-venir-mod-2010-cop-60-90-06al20230\/","url":"https:\/\/www.mivsrl.com\/es\/producto\/oficina-interna-y-marco-para-ir-y-venir-mod-2010-cop-60-90-06al20230\/","name":"Oficina interna y marco para ir y venir Mod. 2010 Cop 60\/90 06AL20230 - Miv Insulating Systems","isPartOf":{"@id":"https:\/\/www.mivsrl.com\/es\/#website"},"primaryImageOfPage":{"@id":"https:\/\/www.mivsrl.com\/es\/producto\/oficina-interna-y-marco-para-ir-y-venir-mod-2010-cop-60-90-06al20230\/#primaryimage"},"image":{"@id":"https:\/\/www.mivsrl.com\/es\/producto\/oficina-interna-y-marco-para-ir-y-venir-mod-2010-cop-60-90-06al20230\/#primaryimage"},"thumbnailUrl":"https:\/\/www.mivsrl.com\/wp-content\/uploads\/2023\/03\/componenti_profiliinalluminio_06AL20230.png","datePublished":"2023-03-19T20:58:32+00:00","dateModified":"2025-01-13T21:46:57+00:00","description":"Marco Interno Tipo Oficina y Come and Go Perfil de aleaci\u00f3n de aluminio anodizado plata 6060 T6, utilizado para la construcci\u00f3n del marco del modelo \"Tipo Oficina y Come and Go\".","breadcrumb":{"@id":"https:\/\/www.mivsrl.com\/es\/producto\/oficina-interna-y-marco-para-ir-y-venir-mod-2010-cop-60-90-06al20230\/#breadcrumb"},"inLanguage":"es","potentialAction":[{"@type":"ReadAction","target":["https:\/\/www.mivsrl.com\/es\/producto\/oficina-interna-y-marco-para-ir-y-venir-mod-2010-cop-60-90-06al20230\/"]}]},{"@type":"ImageObject","inLanguage":"es","@id":"https:\/\/www.mivsrl.com\/es\/producto\/oficina-interna-y-marco-para-ir-y-venir-mod-2010-cop-60-90-06al20230\/#primaryimage","url":"https:\/\/www.mivsrl.com\/wp-content\/uploads\/2023\/03\/componenti_profiliinalluminio_06AL20230.png","contentUrl":"https:\/\/www.mivsrl.com\/wp-content\/uploads\/2023\/03\/componenti_profiliinalluminio_06AL20230.png","width":700,"height":687,"caption":"componenti_profili in alluminio"},{"@type":"BreadcrumbList","@id":"https:\/\/www.mivsrl.com\/es\/producto\/oficina-interna-y-marco-para-ir-y-venir-mod-2010-cop-60-90-06al20230\/#breadcrumb","itemListElement":[{"@type":"ListItem","position":1,"name":"Home","item":"https:\/\/www.mivsrl.com\/es\/"},{"@type":"ListItem","position":2,"name":"Cat\u00e1logo Miv","item":"https:\/\/www.mivsrl.com\/catalogo-miv\/"},{"@type":"ListItem","position":3,"name":"Oficina interna y marco para ir y venir Mod. 2010 Cop 60\/90 06AL20230"}]},{"@type":"WebSite","@id":"https:\/\/www.mivsrl.com\/es\/#website","url":"https:\/\/www.mivsrl.com\/es\/","name":"Miv Insulating Systems","description":"Produzione di porte e accessori per celle frigorifere","potentialAction":[{"@type":"SearchAction","target":{"@type":"EntryPoint","urlTemplate":"https:\/\/www.mivsrl.com\/es\/?s={search_term_string}"},"query-input":{"@type":"PropertyValueSpecification","valueRequired":true,"valueName":"search_term_string"}}],"inLanguage":"es"}]}},"_links":{"self":[{"href":"https:\/\/www.mivsrl.com\/es\/wp-json\/wp\/v2\/product\/40751","targetHints":{"allow":["GET"]}}],"collection":[{"href":"https:\/\/www.mivsrl.com\/es\/wp-json\/wp\/v2\/product"}],"about":[{"href":"https:\/\/www.mivsrl.com\/es\/wp-json\/wp\/v2\/types\/product"}],"version-history":[{"count":0,"href":"https:\/\/www.mivsrl.com\/es\/wp-json\/wp\/v2\/product\/40751\/revisions"}],"wp:featuredmedia":[{"embeddable":true,"href":"https:\/\/www.mivsrl.com\/es\/wp-json\/wp\/v2\/media\/40752"}],"wp:attachment":[{"href":"https:\/\/www.mivsrl.com\/es\/wp-json\/wp\/v2\/media?parent=40751"}],"wp:term":[{"taxonomy":"product_brand","embeddable":true,"href":"https:\/\/www.mivsrl.com\/es\/wp-json\/wp\/v2\/product_brand?post=40751"},{"taxonomy":"product_cat","embeddable":true,"href":"https:\/\/www.mivsrl.com\/es\/wp-json\/wp\/v2\/product_cat?post=40751"},{"taxonomy":"product_tag","embeddable":true,"href":"https:\/\/www.mivsrl.com\/es\/wp-json\/wp\/v2\/product_tag?post=40751"}],"curies":[{"name":"wp","href":"https:\/\/api.w.org\/{rel}","templated":true}]}}