{"id":40861,"date":"2023-04-04T12:27:51","date_gmt":"2023-04-04T10:27:51","guid":{"rendered":"https:\/\/www.mivsrl.com\/product\/puerta-frigorifica-industrial-corredera-para-atmosfera-controlada-900atc\/"},"modified":"2025-01-13T22:59:53","modified_gmt":"2025-01-13T21:59:53","slug":"puerta-frigorifica-industrial-corredera-para-atmosfera-controlada-900atc","status":"publish","type":"product","link":"https:\/\/www.mivsrl.com\/es\/producto\/puerta-frigorifica-industrial-corredera-para-atmosfera-controlada-900atc\/","title":{"rendered":"PUERTA FRIGOR\u00cdFICA INDUSTRIAL CORREDERA PARA ATM\u00d3SFERA CONTROLADA 900ATC"},"content":{"rendered":"\t\t<div data-elementor-type=\"wp-post\" data-elementor-id=\"40861\" class=\"elementor elementor-40861 elementor-23402\">\n\t\t\t\t\t\t<section class=\"elementor-section elementor-top-section elementor-element elementor-element-62722b1 elementor-section-boxed elementor-section-height-default elementor-section-height-default wd-section-disabled\" data-id=\"62722b1\" data-element_type=\"section\" data-e-type=\"section\">\n\t\t\t\t\t\t<div class=\"elementor-container elementor-column-gap-default\">\n\t\t\t\t\t<div class=\"elementor-column elementor-col-50 elementor-top-column elementor-element elementor-element-f742169\" data-id=\"f742169\" data-element_type=\"column\" data-e-type=\"column\">\n\t\t\t<div class=\"elementor-widget-wrap elementor-element-populated\">\n\t\t\t\t\t\t<div class=\"elementor-element elementor-element-218a95a elementor-widget elementor-widget-wd_text_block\" data-id=\"218a95a\" data-element_type=\"widget\" data-e-type=\"widget\" data-widget_type=\"wd_text_block.default\">\n\t\t\t\t<div class=\"elementor-widget-container\">\n\t\t\t\t\t\t\t<div class=\"wd-text-block reset-last-child text-left\">\n\t\t\t\n\t\t\t<strong>CONSTRUCCI\u00d3N EST\u00c1NDAR\n<\/strong>\n\t\t\t\t\t<\/div>\n\t\t\t\t\t\t<\/div>\n\t\t\t\t<\/div>\n\t\t\t\t<div class=\"elementor-element elementor-element-1599983 elementor-widget elementor-widget-wd_list\" data-id=\"1599983\" data-element_type=\"widget\" data-e-type=\"widget\" data-widget_type=\"wd_list.default\">\n\t\t\t\t<div class=\"elementor-widget-container\">\n\t\t\t\t\t\t\t<ul class=\"wd-list color-scheme- wd-fontsize-s wd-list-type-unordered wd-list-style-default wd-justify-left\">\n\t\t\t\t\t\t\t\t\t\t\t<li class=\"elementor-repeater-item-c47ceb3\">\n\t\t\t\t\t\t\t\t\t\t\t<span class=\"list-icon\"><\/span>\t\t\t\t\t\n\t\t\t\t\t<span class=\"list-content\">\n\t\t\t\t\t\tPuerta corredera de temperatura positiva\n\n\n\n\n\n\t\t\t\t\t<\/span>\n\n\t\t\t\t\t\t\t\t\t<\/li>\n\t\t\t\t\t\t\t\t\t\t\t<li class=\"elementor-repeater-item-31a1e4d\">\n\t\t\t\t\t\t\t\t\t\t\t<span class=\"list-icon\"><\/span>\t\t\t\t\t\n\t\t\t\t\t<span class=\"list-content\">\n\t\t\t\t\t\tInstalaci\u00f3n de paneles\/paredes\n\n\t\t\t\t\t<\/span>\n\n\t\t\t\t\t\t\t\t\t<\/li>\n\t\t\t\t\t\t\t\t\t\t\t<li class=\"elementor-repeater-item-02de031\">\n\t\t\t\t\t\t\t\t\t\t\t<span class=\"list-icon\"><\/span>\t\t\t\t\t\n\t\t\t\t\t<span class=\"list-content\">\n\t\t\t\t\t\tBorde de la hoja de aluminio de 90 mm de grosor\n\n\n\n\n\n\n\n\t\t\t\t\t<\/span>\n\n\t\t\t\t\t\t\t\t\t<\/li>\n\t\t\t\t\t\t\t\t\t\t\t<li class=\"elementor-repeater-item-1d80baf\">\n\t\t\t\t\t\t\t\t\t\t\t<span class=\"list-icon\"><\/span>\t\t\t\t\t\n\t\t\t\t\t<span class=\"list-content\">\n\t\t\t\t\t\tRevestimiento interior y exterior de chapa plastificada blanca (variante de revestimiento de acero inoxidable)\n\n\n\t\t\t\t\t<\/span>\n\n\t\t\t\t\t\t\t\t\t<\/li>\n\t\t\t\t\t\t\t\t\t\t\t<li class=\"elementor-repeater-item-970d07f\">\n\t\t\t\t\t\t\t\t\t\t\t<span class=\"list-icon\"><\/span>\t\t\t\t\t\n\t\t\t\t\t<span class=\"list-content\">\n\t\t\t\t\t\tFaja inyectada con espuma de poliuretano \"PUR\" sin CFC densidad 40\/42 kg\/m3\n\n\n\n\n\t\t\t\t\t<\/span>\n\n\t\t\t\t\t\t\t\t\t<\/li>\n\t\t\t\t\t\t\t\t\t\t\t<li class=\"elementor-repeater-item-f35efd7\">\n\t\t\t\t\t\t\t\t\t\t\t<span class=\"list-icon\"><\/span>\t\t\t\t\t\n\t\t\t\t\t<span class=\"list-content\">\n\t\t\t\t\t\tBasculante, soportado por soportes de tecnopol\u00edmero y polea, deslizante sobre carril de aluminio anodizado con tapa de carril\n\n\n\n\n\n\n\n\t\t\t\t\t<\/span>\n\n\t\t\t\t\t\t\t\t\t<\/li>\n\t\t\t\t\t\t\t\t\t\t\t<li class=\"elementor-repeater-item-30e4ea8\">\n\t\t\t\t\t\t\t\t\t\t\t<span class=\"list-icon\"><\/span>\t\t\t\t\t\n\t\t\t\t\t<span class=\"list-content\">\n\t\t\t\t\t\tRiel inferior de aluminio anodizado aplicado al panel\n\n\n\n\n\n\n\n\n\t\t\t\t\t<\/span>\n\n\t\t\t\t\t\t\t\t\t<\/li>\n\t\t\t\t\t\t\t\t\t\t\t<li class=\"elementor-repeater-item-4cd2375\">\n\t\t\t\t\t\t\t\t\t\t\t<span class=\"list-icon\"><\/span>\t\t\t\t\t\n\t\t\t\t\t<span class=\"list-content\">\n\t\t\t\t\t\tJunta perimetral e inferior de EPDM de c\u00e9lula cerrada\n\n\n\n\n\n\t\t\t\t\t<\/span>\n\n\t\t\t\t\t\t\t\t\t<\/li>\n\t\t\t\t\t\t\t\t\t\t\t<li class=\"elementor-repeater-item-f3f1da1\">\n\t\t\t\t\t\t\t\t\t\t\t<span class=\"list-icon\"><\/span>\t\t\t\t\t\n\t\t\t\t\t<span class=\"list-content\">\n\t\t\t\t\t\tMando de palanca interior MIV de acero inoxidable\n\n\n\n\n\n\n\n\t\t\t\t\t<\/span>\n\n\t\t\t\t\t\t\t\t\t<\/li>\n\t\t\t\t\t\t\t\t\t\t\t<li class=\"elementor-repeater-item-736256a\">\n\t\t\t\t\t\t\t\t\t\t\t<span class=\"list-icon\"><\/span>\t\t\t\t\t\n\t\t\t\t\t<span class=\"list-content\">\n\t\t\t\t\t\tTrampilla de inspecci\u00f3n acristalada mm 440x740H con pomos de sujeci\u00f3n\n\n\n\n\n\n\n\n\n\t\t\t\t\t<\/span>\n\n\t\t\t\t\t\t\t\t\t<\/li>\n\t\t\t\t\t\t\t\t\t\t\t<li class=\"elementor-repeater-item-09ce2b2\">\n\t\t\t\t\t\t\t\t\t\t\t<span class=\"list-icon\"><\/span>\t\t\t\t\t\n\t\t\t\t\t<span class=\"list-content\">\n\t\t\t\t\t\tVolantes de sujeci\u00f3n aplicados a la hoja para garantizar un cierre herm\u00e9tico\n\n\n\n\n\n\n\n\n\n\t\t\t\t\t<\/span>\n\n\t\t\t\t\t\t\t\t\t<\/li>\n\t\t\t\t\t\t\t\t\t\t\t<li class=\"elementor-repeater-item-878bc64\">\n\t\t\t\t\t\t\t\t\t\t\t<span class=\"list-icon\"><\/span>\t\t\t\t\t\n\t\t\t\t\t<span class=\"list-content\">\n\t\t\t\t\t\tMarco abrazable de PVC en forma de \"L\" mm 140\u00d745, con m\u00f3dulos adicionales para conseguir el grosor del panel y contrapuerta de PVC (variante de aluminio)\n\n\n\n\n\n\n\n\n\t\t\t\t\t<\/span>\n\n\t\t\t\t\t\t\t\t\t<\/li>\n\t\t\t\t\t\t\t\t\t\t\t<li class=\"elementor-repeater-item-0aa1ae2\">\n\t\t\t\t\t\t\t\t\t\t\t<span class=\"list-icon\"><\/span>\t\t\t\t\t\n\t\t\t\t\t<span class=\"list-content\">\n\t\t\t\t\t\tUmbral angular de aluminio\n\n\n\n\n\n\n\n\n\t\t\t\t\t<\/span>\n\n\t\t\t\t\t\t\t\t\t<\/li>\n\t\t\t\t\t<\/ul>\n\n\t\t\t\t\t\t<\/div>\n\t\t\t\t<\/div>\n\t\t\t\t\t<\/div>\n\t\t<\/div>\n\t\t\t\t<div class=\"elementor-column elementor-col-50 elementor-top-column elementor-element elementor-element-d056aa6\" data-id=\"d056aa6\" data-element_type=\"column\" data-e-type=\"column\">\n\t\t\t<div class=\"elementor-widget-wrap elementor-element-populated\">\n\t\t\t\t\t\t<div class=\"elementor-element elementor-element-e7ccbeb elementor-widget elementor-widget-wd_text_block\" data-id=\"e7ccbeb\" data-element_type=\"widget\" data-e-type=\"widget\" data-widget_type=\"wd_text_block.default\">\n\t\t\t\t<div class=\"elementor-widget-container\">\n\t\t\t\t\t\t\t<div class=\"wd-text-block reset-last-child text-left\">\n\t\t\t\n\t\t\t<p><strong>OPCIONAL<\/strong><\/p>\n\t\t\t\t\t<\/div>\n\t\t\t\t\t\t<\/div>\n\t\t\t\t<\/div>\n\t\t\t\t<div class=\"elementor-element elementor-element-6882f35 elementor-widget elementor-widget-wd_list\" data-id=\"6882f35\" data-element_type=\"widget\" data-e-type=\"widget\" data-widget_type=\"wd_list.default\">\n\t\t\t\t<div class=\"elementor-widget-container\">\n\t\t\t\t\t\t\t<ul class=\"wd-list color-scheme- wd-fontsize-s wd-list-type-unordered wd-list-style-default wd-justify-left\">\n\t\t\t\t\t\t\t\t\t\t\t<li class=\"elementor-repeater-item-c47ceb3\">\n\t\t\t\t\t\t\t\t\t\t\t<span class=\"list-icon\"><\/span>\t\t\t\t\t\n\t\t\t\t\t<span class=\"list-content\">\n\t\t\t\t\t\tCerradura MIV\n\n\n\t\t\t\t\t<\/span>\n\n\t\t\t\t\t\t\t\t\t<\/li>\n\t\t\t\t\t<\/ul>\n\n\t\t\t\t\t\t<\/div>\n\t\t\t\t<\/div>\n\t\t\t\t<div class=\"elementor-element elementor-element-003c9b1 elementor-widget elementor-widget-wd_button\" data-id=\"003c9b1\" data-element_type=\"widget\" data-e-type=\"widget\" data-widget_type=\"wd_button.default\">\n\t\t\t\t<div class=\"elementor-widget-container\">\n\t\t\t\t\t\t\t<div class=\"wd-button-wrapper text-center\" >\n\t\t\t<a class=\"btn btn-style-3d btn-style-semi-round btn-size-default btn-color-primary btn-icon-pos-right\"  href=\"https:\/\/www.mivsrl.com\/wp-content\/uploads\/2023\/06\/Porta-frigorifera-industriale-scorrevole-per-atmosfera-controllata-Modello-900-ATC.pdf\" target=\"_blank\">\n\t\t\t\t<span class=\"wd-btn-text\" data-elementor-setting-key=\"text\">\n\t\t\t\t\tFICHA T\u00c9CNICA\t\t\t\t<\/span>\n\n\t\t\t\t\t\t\t<\/a>\n\t\t<\/div>\n\t\t\t\t\t\t<\/div>\n\t\t\t\t<\/div>\n\t\t\t\t<div class=\"elementor-element elementor-element-2ef8399 elementor-widget elementor-widget-wd_button\" data-id=\"2ef8399\" data-element_type=\"widget\" data-e-type=\"widget\" data-widget_type=\"wd_button.default\">\n\t\t\t\t<div class=\"elementor-widget-container\">\n\t\t\t\t\t\t\t<div class=\"wd-button-wrapper text-center\" >\n\t\t\t<a class=\"btn btn-style-3d btn-style-semi-round btn-size-default btn-color-alt btn-icon-pos-right\"  href=\"https:\/\/www.mivsrl.com\/wp-content\/uploads\/2023\/04\/porta-cella-frigorifera-industriale-900ATC.pdf\" target=\"_blank\">\n\t\t\t\t<span class=\"wd-btn-text\" data-elementor-setting-key=\"text\">\n\t\t\t\t\tPLANO DE DESPIECE\t\t\t\t<\/span>\n\n\t\t\t\t\t\t\t<\/a>\n\t\t<\/div>\n\t\t\t\t\t\t<\/div>\n\t\t\t\t<\/div>\n\t\t\t\t\t<\/div>\n\t\t<\/div>\n\t\t\t\t\t<\/div>\n\t\t<\/section>\n\t\t\t\t<\/div>\n\t\t","protected":false},"excerpt":{"rendered":"<p><strong>ATC (T de 0 a +5\/+12\u00b0C)<\/strong><\/p>\n<p>Las puertas frigor\u00edficas correderas AC son adecuadas para su instalaci\u00f3n en c\u00e1maras frigor\u00edficas de atm\u00f3sfera controlada, o en c\u00e1maras frigor\u00edficas, para la conservaci\u00f3n a largo plazo o el almacenamiento de frutas y verduras, garantizando una perfecta hermeticidad, cuando se requiera estanqueidad de la puerta a los gases. Equipada con juntas espec\u00edficas de gomaespuma de c\u00e9lula cerrada, junto con sistemas de cierre que garantizan el cierre herm\u00e9tico de la puerta durante el periodo de conservaci\u00f3n, la estanqueidad a los gases, as\u00ed como el aislamiento t\u00e9rmico. La instalaci\u00f3n de esta puerta debe realizarla siempre personal cualificado y especializado.  <\/p>\n<p><strong>Atm\u00f3sfera controlada<\/strong><br \/>\n<strong>Instalaci\u00f3n para interiores<\/strong><br \/>\n<strong>Marco abrazador<\/strong><\/p>\n","protected":false},"featured_media":40862,"template":"","meta":[],"product_brand":[],"product_cat":[586,603,604,602],"product_tag":[606],"class_list":{"0":"post-40861","1":"product","2":"type-product","3":"status-publish","4":"has-post-thumbnail","6":"product_cat-puertas","7":"product_cat-puertos-de-temperatura-positiva-0-a-4c-refrigerador","8":"product_cat-tipo-de-aplicacion-del-panel","9":"product_cat-puertas-frigorificas-correderas","10":"product_tag-puertas-frigorificas-correderas","12":"first","13":"instock","14":"shipping-taxable","15":"product-type-simple"},"yoast_head":"<!-- This site is optimized with the Yoast SEO plugin v27.4 - https:\/\/yoast.com\/product\/yoast-seo-wordpress\/ -->\n<title>PUERTA FRIGOR\u00cdFICA INDUSTRIAL CORREDERA PARA ATM\u00d3SFERA CONTROLADA 900ATC - Miv Insulating Systems<\/title>\n<meta name=\"description\" content=\"Las puertas frigor\u00edficas correderas AC son adecuadas para su instalaci\u00f3n en c\u00e1maras frigor\u00edficas de atm\u00f3sfera controlada, o en c\u00e1maras frigor\u00edficas, para la conservaci\u00f3n a largo plazo o el almacenamiento de frutas y verduras, garantizando una perfecta hermeticidad, cuando se requiera estanqueidad a los gases de la puerta.\" \/>\n<meta name=\"robots\" content=\"index, follow, max-snippet:-1, max-image-preview:large, max-video-preview:-1\" \/>\n<link rel=\"canonical\" href=\"https:\/\/www.mivsrl.com\/es\/producto\/puerta-frigorifica-industrial-corredera-para-atmosfera-controlada-900atc\/\" \/>\n<meta property=\"og:locale\" content=\"es_ES\" \/>\n<meta property=\"og:type\" content=\"article\" \/>\n<meta property=\"og:title\" content=\"PUERTA FRIGOR\u00cdFICA INDUSTRIAL CORREDERA PARA ATM\u00d3SFERA CONTROLADA 900ATC - Miv Insulating Systems\" \/>\n<meta property=\"og:description\" content=\"Las puertas frigor\u00edficas correderas AC son adecuadas para su instalaci\u00f3n en c\u00e1maras frigor\u00edficas de atm\u00f3sfera controlada, o en c\u00e1maras frigor\u00edficas, para la conservaci\u00f3n a largo plazo o el almacenamiento de frutas y verduras, garantizando una perfecta hermeticidad, cuando se requiera estanqueidad a los gases de la puerta.\" \/>\n<meta property=\"og:url\" content=\"https:\/\/www.mivsrl.com\/es\/producto\/puerta-frigorifica-industrial-corredera-para-atmosfera-controlada-900atc\/\" \/>\n<meta property=\"og:site_name\" content=\"Miv Insulating Systems\" \/>\n<meta property=\"article:publisher\" content=\"https:\/\/www.facebook.com\/mivrefrigeration\" \/>\n<meta property=\"article:modified_time\" content=\"2025-01-13T21:59:53+00:00\" \/>\n<meta property=\"og:image\" content=\"https:\/\/www.mivsrl.com\/wp-content\/uploads\/2023\/04\/porta-cella-frigorifera-industriale-900-atc.webp\" \/>\n\t<meta property=\"og:image:width\" content=\"1200\" \/>\n\t<meta property=\"og:image:height\" content=\"1200\" \/>\n\t<meta property=\"og:image:type\" content=\"image\/webp\" \/>\n<meta name=\"twitter:card\" content=\"summary_large_image\" \/>\n<meta name=\"twitter:label1\" content=\"Tiempo de lectura\" \/>\n\t<meta name=\"twitter:data1\" content=\"1 minuto\" \/>\n<script type=\"application\/ld+json\" class=\"yoast-schema-graph\">{\"@context\":\"https:\\\/\\\/schema.org\",\"@graph\":[{\"@type\":\"WebPage\",\"@id\":\"https:\\\/\\\/www.mivsrl.com\\\/es\\\/producto\\\/puerta-frigorifica-industrial-corredera-para-atmosfera-controlada-900atc\\\/\",\"url\":\"https:\\\/\\\/www.mivsrl.com\\\/es\\\/producto\\\/puerta-frigorifica-industrial-corredera-para-atmosfera-controlada-900atc\\\/\",\"name\":\"PUERTA FRIGOR\u00cdFICA INDUSTRIAL CORREDERA PARA ATM\u00d3SFERA CONTROLADA 900ATC - Miv Insulating Systems\",\"isPartOf\":{\"@id\":\"https:\\\/\\\/www.mivsrl.com\\\/es\\\/#website\"},\"primaryImageOfPage\":{\"@id\":\"https:\\\/\\\/www.mivsrl.com\\\/es\\\/producto\\\/puerta-frigorifica-industrial-corredera-para-atmosfera-controlada-900atc\\\/#primaryimage\"},\"image\":{\"@id\":\"https:\\\/\\\/www.mivsrl.com\\\/es\\\/producto\\\/puerta-frigorifica-industrial-corredera-para-atmosfera-controlada-900atc\\\/#primaryimage\"},\"thumbnailUrl\":\"https:\\\/\\\/www.mivsrl.com\\\/wp-content\\\/uploads\\\/2023\\\/04\\\/porta-cella-frigorifera-industriale-900-atc.webp\",\"datePublished\":\"2023-04-04T10:27:51+00:00\",\"dateModified\":\"2025-01-13T21:59:53+00:00\",\"description\":\"Las puertas frigor\u00edficas correderas AC son adecuadas para su instalaci\u00f3n en c\u00e1maras frigor\u00edficas de atm\u00f3sfera controlada, o en c\u00e1maras frigor\u00edficas, para la conservaci\u00f3n a largo plazo o el almacenamiento de frutas y verduras, garantizando una perfecta hermeticidad, cuando se requiera estanqueidad a los gases de la puerta.\",\"breadcrumb\":{\"@id\":\"https:\\\/\\\/www.mivsrl.com\\\/es\\\/producto\\\/puerta-frigorifica-industrial-corredera-para-atmosfera-controlada-900atc\\\/#breadcrumb\"},\"inLanguage\":\"es\",\"potentialAction\":[{\"@type\":\"ReadAction\",\"target\":[\"https:\\\/\\\/www.mivsrl.com\\\/es\\\/producto\\\/puerta-frigorifica-industrial-corredera-para-atmosfera-controlada-900atc\\\/\"]}]},{\"@type\":\"ImageObject\",\"inLanguage\":\"es\",\"@id\":\"https:\\\/\\\/www.mivsrl.com\\\/es\\\/producto\\\/puerta-frigorifica-industrial-corredera-para-atmosfera-controlada-900atc\\\/#primaryimage\",\"url\":\"https:\\\/\\\/www.mivsrl.com\\\/wp-content\\\/uploads\\\/2023\\\/04\\\/porta-cella-frigorifera-industriale-900-atc.webp\",\"contentUrl\":\"https:\\\/\\\/www.mivsrl.com\\\/wp-content\\\/uploads\\\/2023\\\/04\\\/porta-cella-frigorifera-industriale-900-atc.webp\",\"width\":1200,\"height\":1200,\"caption\":\"porta-cella-frigorifera-industriale\"},{\"@type\":\"BreadcrumbList\",\"@id\":\"https:\\\/\\\/www.mivsrl.com\\\/es\\\/producto\\\/puerta-frigorifica-industrial-corredera-para-atmosfera-controlada-900atc\\\/#breadcrumb\",\"itemListElement\":[{\"@type\":\"ListItem\",\"position\":1,\"name\":\"Home\",\"item\":\"https:\\\/\\\/www.mivsrl.com\\\/es\\\/\"},{\"@type\":\"ListItem\",\"position\":2,\"name\":\"Cat\u00e1logo Miv\",\"item\":\"https:\\\/\\\/www.mivsrl.com\\\/catalogo-miv\\\/\"},{\"@type\":\"ListItem\",\"position\":3,\"name\":\"PUERTA FRIGOR\u00cdFICA INDUSTRIAL CORREDERA PARA ATM\u00d3SFERA CONTROLADA 900ATC\"}]},{\"@type\":\"WebSite\",\"@id\":\"https:\\\/\\\/www.mivsrl.com\\\/es\\\/#website\",\"url\":\"https:\\\/\\\/www.mivsrl.com\\\/es\\\/\",\"name\":\"Miv Insulating Systems\",\"description\":\"Produzione di porte e accessori per celle frigorifere\",\"potentialAction\":[{\"@type\":\"SearchAction\",\"target\":{\"@type\":\"EntryPoint\",\"urlTemplate\":\"https:\\\/\\\/www.mivsrl.com\\\/es\\\/?s={search_term_string}\"},\"query-input\":{\"@type\":\"PropertyValueSpecification\",\"valueRequired\":true,\"valueName\":\"search_term_string\"}}],\"inLanguage\":\"es\"}]}<\/script>\n<!-- \/ Yoast SEO plugin. -->","yoast_head_json":{"title":"PUERTA FRIGOR\u00cdFICA INDUSTRIAL CORREDERA PARA ATM\u00d3SFERA CONTROLADA 900ATC - Miv Insulating Systems","description":"Las puertas frigor\u00edficas correderas AC son adecuadas para su instalaci\u00f3n en c\u00e1maras frigor\u00edficas de atm\u00f3sfera controlada, o en c\u00e1maras frigor\u00edficas, para la conservaci\u00f3n a largo plazo o el almacenamiento de frutas y verduras, garantizando una perfecta hermeticidad, cuando se requiera estanqueidad a los gases de la puerta.","robots":{"index":"index","follow":"follow","max-snippet":"max-snippet:-1","max-image-preview":"max-image-preview:large","max-video-preview":"max-video-preview:-1"},"canonical":"https:\/\/www.mivsrl.com\/es\/producto\/puerta-frigorifica-industrial-corredera-para-atmosfera-controlada-900atc\/","og_locale":"es_ES","og_type":"article","og_title":"PUERTA FRIGOR\u00cdFICA INDUSTRIAL CORREDERA PARA ATM\u00d3SFERA CONTROLADA 900ATC - Miv Insulating Systems","og_description":"Las puertas frigor\u00edficas correderas AC son adecuadas para su instalaci\u00f3n en c\u00e1maras frigor\u00edficas de atm\u00f3sfera controlada, o en c\u00e1maras frigor\u00edficas, para la conservaci\u00f3n a largo plazo o el almacenamiento de frutas y verduras, garantizando una perfecta hermeticidad, cuando se requiera estanqueidad a los gases de la puerta.","og_url":"https:\/\/www.mivsrl.com\/es\/producto\/puerta-frigorifica-industrial-corredera-para-atmosfera-controlada-900atc\/","og_site_name":"Miv Insulating Systems","article_publisher":"https:\/\/www.facebook.com\/mivrefrigeration","article_modified_time":"2025-01-13T21:59:53+00:00","og_image":[{"width":1200,"height":1200,"url":"https:\/\/www.mivsrl.com\/wp-content\/uploads\/2023\/04\/porta-cella-frigorifera-industriale-900-atc.webp","type":"image\/webp"}],"twitter_card":"summary_large_image","twitter_misc":{"Tiempo de lectura":"1 minuto"},"schema":{"@context":"https:\/\/schema.org","@graph":[{"@type":"WebPage","@id":"https:\/\/www.mivsrl.com\/es\/producto\/puerta-frigorifica-industrial-corredera-para-atmosfera-controlada-900atc\/","url":"https:\/\/www.mivsrl.com\/es\/producto\/puerta-frigorifica-industrial-corredera-para-atmosfera-controlada-900atc\/","name":"PUERTA FRIGOR\u00cdFICA INDUSTRIAL CORREDERA PARA ATM\u00d3SFERA CONTROLADA 900ATC - Miv Insulating Systems","isPartOf":{"@id":"https:\/\/www.mivsrl.com\/es\/#website"},"primaryImageOfPage":{"@id":"https:\/\/www.mivsrl.com\/es\/producto\/puerta-frigorifica-industrial-corredera-para-atmosfera-controlada-900atc\/#primaryimage"},"image":{"@id":"https:\/\/www.mivsrl.com\/es\/producto\/puerta-frigorifica-industrial-corredera-para-atmosfera-controlada-900atc\/#primaryimage"},"thumbnailUrl":"https:\/\/www.mivsrl.com\/wp-content\/uploads\/2023\/04\/porta-cella-frigorifera-industriale-900-atc.webp","datePublished":"2023-04-04T10:27:51+00:00","dateModified":"2025-01-13T21:59:53+00:00","description":"Las puertas frigor\u00edficas correderas AC son adecuadas para su instalaci\u00f3n en c\u00e1maras frigor\u00edficas de atm\u00f3sfera controlada, o en c\u00e1maras frigor\u00edficas, para la conservaci\u00f3n a largo plazo o el almacenamiento de frutas y verduras, garantizando una perfecta hermeticidad, cuando se requiera estanqueidad a los gases de la puerta.","breadcrumb":{"@id":"https:\/\/www.mivsrl.com\/es\/producto\/puerta-frigorifica-industrial-corredera-para-atmosfera-controlada-900atc\/#breadcrumb"},"inLanguage":"es","potentialAction":[{"@type":"ReadAction","target":["https:\/\/www.mivsrl.com\/es\/producto\/puerta-frigorifica-industrial-corredera-para-atmosfera-controlada-900atc\/"]}]},{"@type":"ImageObject","inLanguage":"es","@id":"https:\/\/www.mivsrl.com\/es\/producto\/puerta-frigorifica-industrial-corredera-para-atmosfera-controlada-900atc\/#primaryimage","url":"https:\/\/www.mivsrl.com\/wp-content\/uploads\/2023\/04\/porta-cella-frigorifera-industriale-900-atc.webp","contentUrl":"https:\/\/www.mivsrl.com\/wp-content\/uploads\/2023\/04\/porta-cella-frigorifera-industriale-900-atc.webp","width":1200,"height":1200,"caption":"porta-cella-frigorifera-industriale"},{"@type":"BreadcrumbList","@id":"https:\/\/www.mivsrl.com\/es\/producto\/puerta-frigorifica-industrial-corredera-para-atmosfera-controlada-900atc\/#breadcrumb","itemListElement":[{"@type":"ListItem","position":1,"name":"Home","item":"https:\/\/www.mivsrl.com\/es\/"},{"@type":"ListItem","position":2,"name":"Cat\u00e1logo Miv","item":"https:\/\/www.mivsrl.com\/catalogo-miv\/"},{"@type":"ListItem","position":3,"name":"PUERTA FRIGOR\u00cdFICA INDUSTRIAL CORREDERA PARA ATM\u00d3SFERA CONTROLADA 900ATC"}]},{"@type":"WebSite","@id":"https:\/\/www.mivsrl.com\/es\/#website","url":"https:\/\/www.mivsrl.com\/es\/","name":"Miv Insulating Systems","description":"Produzione di porte e accessori per celle frigorifere","potentialAction":[{"@type":"SearchAction","target":{"@type":"EntryPoint","urlTemplate":"https:\/\/www.mivsrl.com\/es\/?s={search_term_string}"},"query-input":{"@type":"PropertyValueSpecification","valueRequired":true,"valueName":"search_term_string"}}],"inLanguage":"es"}]}},"_links":{"self":[{"href":"https:\/\/www.mivsrl.com\/es\/wp-json\/wp\/v2\/product\/40861","targetHints":{"allow":["GET"]}}],"collection":[{"href":"https:\/\/www.mivsrl.com\/es\/wp-json\/wp\/v2\/product"}],"about":[{"href":"https:\/\/www.mivsrl.com\/es\/wp-json\/wp\/v2\/types\/product"}],"version-history":[{"count":0,"href":"https:\/\/www.mivsrl.com\/es\/wp-json\/wp\/v2\/product\/40861\/revisions"}],"wp:featuredmedia":[{"embeddable":true,"href":"https:\/\/www.mivsrl.com\/es\/wp-json\/wp\/v2\/media\/40862"}],"wp:attachment":[{"href":"https:\/\/www.mivsrl.com\/es\/wp-json\/wp\/v2\/media?parent=40861"}],"wp:term":[{"taxonomy":"product_brand","embeddable":true,"href":"https:\/\/www.mivsrl.com\/es\/wp-json\/wp\/v2\/product_brand?post=40861"},{"taxonomy":"product_cat","embeddable":true,"href":"https:\/\/www.mivsrl.com\/es\/wp-json\/wp\/v2\/product_cat?post=40861"},{"taxonomy":"product_tag","embeddable":true,"href":"https:\/\/www.mivsrl.com\/es\/wp-json\/wp\/v2\/product_tag?post=40861"}],"curies":[{"name":"wp","href":"https:\/\/api.w.org\/{rel}","templated":true}]}}