{"id":40981,"date":"2023-04-17T16:48:50","date_gmt":"2023-04-17T14:48:50","guid":{"rendered":"https:\/\/www.mivsrl.com\/product\/junta-tipo-office-06f100030\/"},"modified":"2025-01-13T23:22:32","modified_gmt":"2025-01-13T22:22:32","slug":"junta-tipo-office-06f100030","status":"publish","type":"product","link":"https:\/\/www.mivsrl.com\/es\/producto\/junta-tipo-office-06f100030\/","title":{"rendered":"Junta Tipo Office <span>06F100030<\/span>"},"content":{"rendered":"\t\t<div data-elementor-type=\"wp-post\" data-elementor-id=\"40981\" class=\"elementor elementor-40981 elementor-24526\">\n\t\t\t\t\t\t<section class=\"wd-negative-gap elementor-section elementor-top-section elementor-element elementor-element-62722b1 elementor-section-boxed elementor-section-height-default elementor-section-height-default wd-section-disabled\" data-id=\"62722b1\" data-element_type=\"section\" data-e-type=\"section\">\n\t\t\t\t\t\t<div class=\"elementor-container elementor-column-gap-default\">\n\t\t\t\t\t<div class=\"elementor-column elementor-col-100 elementor-top-column elementor-element elementor-element-d056aa6\" data-id=\"d056aa6\" data-element_type=\"column\" data-e-type=\"column\">\n\t\t\t<div class=\"elementor-widget-wrap elementor-element-populated\">\n\t\t\t\t\t\t<div class=\"elementor-element elementor-element-003c9b1 elementor-widget elementor-widget-wd_button\" data-id=\"003c9b1\" data-element_type=\"widget\" data-e-type=\"widget\" data-widget_type=\"wd_button.default\">\n\t\t\t\t<div class=\"elementor-widget-container\">\n\t\t\t\t\t\t\t<div class=\"wd-button-wrapper text-center\" >\n\t\t\t<a class=\"btn btn-style-default btn-style-rectangle btn-size-default btn-color-primary btn-icon-pos-right\"  href=\"https:\/\/www.mivsrl.com\/wp-content\/uploads\/2023\/04\/scheda-tecnica-06F100030-profilo-in-gomma.jpg\" target=\"_blank\">\n\t\t\t\t<span class=\"wd-btn-text\" data-elementor-setting-key=\"text\">\n\t\t\t\t\tFICHA T\u00c9CNICA\t\t\t\t<\/span>\n\n\t\t\t\t\t\t\t<\/a>\n\t\t<\/div>\n\t\t\t\t\t\t<\/div>\n\t\t\t\t<\/div>\n\t\t\t\t\t<\/div>\n\t\t<\/div>\n\t\t\t\t\t<\/div>\n\t\t<\/section>\n\t\t\t\t<\/div>\n\t\t","protected":false},"excerpt":{"rendered":"<p>0<strong>6F100030<\/strong> Junta fabricada en material EPDM, se aplica en la hoja de la puerta del modelo \u00abtipo oficina\u00bb a lo largo de la gu\u00eda cortada en el perfil de aluminio, se utiliza exclusivamente en modelos como puertas de servicio y no para aplicaciones en las que se requiera un sellado herm\u00e9tico o t\u00e9rmico, ya que su funci\u00f3n es sellar el espacio entre el borde de la hoja de la puerta y el marco. Se suministra en rollos de longitud est\u00e1ndar de 250 m.<\/p>\n","protected":false},"featured_media":40982,"template":"","meta":[],"product_brand":[],"product_cat":[590,589,641],"product_tag":[593,597,620,642,643],"class_list":{"0":"post-40981","1":"product","2":"type-product","3":"status-publish","4":"has-post-thumbnail","6":"product_cat-componentes-semiaislantes-para-puertas","7":"product_cat-componentes-de-la-puerta","8":"product_cat-perfiles-de-goma-para-puertas-semi-aislantes","9":"product_tag-componentes-de-la-puerta","10":"product_tag-accesorios-para-puertas-semiaislantes","11":"product_tag-puerta-tipo-oficina","12":"product_tag-perfiles-de-goma","13":"product_tag-perfiles-de-goma-para-puertas-semiaislantes","15":"first","16":"instock","17":"shipping-taxable","18":"product-type-simple"},"yoast_head":"<!-- This site is optimized with the Yoast SEO plugin v27.4 - https:\/\/yoast.com\/product\/yoast-seo-wordpress\/ -->\n<title>Junta Tipo Office 06F100030 - Miv Insulating Systems<\/title>\n<meta name=\"description\" content=\"Junta de material EPDM, aplicada en la hoja de la puerta del modelo &quot;tipo oficina&quot; a lo largo de la gu\u00eda cortada en el perfil de aluminio, utilizada exclusivamente en los modelos como puertas de servicio y no para aplicaciones en las que se requiera un sellado herm\u00e9tico o t\u00e9rmico.\" \/>\n<meta name=\"robots\" content=\"index, follow, max-snippet:-1, max-image-preview:large, max-video-preview:-1\" \/>\n<link rel=\"canonical\" href=\"https:\/\/www.mivsrl.com\/es\/producto\/junta-tipo-office-06f100030\/\" \/>\n<meta property=\"og:locale\" content=\"es_ES\" \/>\n<meta property=\"og:type\" content=\"article\" \/>\n<meta property=\"og:title\" content=\"Junta Tipo Office 06F100030 - Miv Insulating Systems\" \/>\n<meta property=\"og:description\" content=\"Junta de material EPDM, aplicada en la hoja de la puerta del modelo &quot;tipo oficina&quot; a lo largo de la gu\u00eda cortada en el perfil de aluminio, utilizada exclusivamente en los modelos como puertas de servicio y no para aplicaciones en las que se requiera un sellado herm\u00e9tico o t\u00e9rmico.\" \/>\n<meta property=\"og:url\" content=\"https:\/\/www.mivsrl.com\/es\/producto\/junta-tipo-office-06f100030\/\" \/>\n<meta property=\"og:site_name\" content=\"Miv Insulating Systems\" \/>\n<meta property=\"article:publisher\" content=\"https:\/\/www.facebook.com\/mivrefrigeration\" \/>\n<meta property=\"article:modified_time\" content=\"2025-01-13T22:22:32+00:00\" \/>\n<meta property=\"og:image\" content=\"https:\/\/www.mivsrl.com\/wp-content\/uploads\/2021\/04\/06F100030-Guarnizione-Tipo-ufficio.png\" \/>\n\t<meta property=\"og:image:width\" content=\"1062\" \/>\n\t<meta property=\"og:image:height\" content=\"926\" \/>\n\t<meta property=\"og:image:type\" content=\"image\/png\" \/>\n<meta name=\"twitter:card\" content=\"summary_large_image\" \/>\n<script type=\"application\/ld+json\" class=\"yoast-schema-graph\">{\"@context\":\"https:\\\/\\\/schema.org\",\"@graph\":[{\"@type\":\"WebPage\",\"@id\":\"https:\\\/\\\/www.mivsrl.com\\\/es\\\/producto\\\/junta-tipo-office-06f100030\\\/\",\"url\":\"https:\\\/\\\/www.mivsrl.com\\\/es\\\/producto\\\/junta-tipo-office-06f100030\\\/\",\"name\":\"Junta Tipo Office 06F100030 - Miv Insulating Systems\",\"isPartOf\":{\"@id\":\"https:\\\/\\\/www.mivsrl.com\\\/es\\\/#website\"},\"primaryImageOfPage\":{\"@id\":\"https:\\\/\\\/www.mivsrl.com\\\/es\\\/producto\\\/junta-tipo-office-06f100030\\\/#primaryimage\"},\"image\":{\"@id\":\"https:\\\/\\\/www.mivsrl.com\\\/es\\\/producto\\\/junta-tipo-office-06f100030\\\/#primaryimage\"},\"thumbnailUrl\":\"https:\\\/\\\/www.mivsrl.com\\\/wp-content\\\/uploads\\\/2021\\\/04\\\/06F100030-Guarnizione-Tipo-ufficio.png\",\"datePublished\":\"2023-04-17T14:48:50+00:00\",\"dateModified\":\"2025-01-13T22:22:32+00:00\",\"description\":\"Junta de material EPDM, aplicada en la hoja de la puerta del modelo \\\"tipo oficina\\\" a lo largo de la gu\u00eda cortada en el perfil de aluminio, utilizada exclusivamente en los modelos como puertas de servicio y no para aplicaciones en las que se requiera un sellado herm\u00e9tico o t\u00e9rmico.\",\"breadcrumb\":{\"@id\":\"https:\\\/\\\/www.mivsrl.com\\\/es\\\/producto\\\/junta-tipo-office-06f100030\\\/#breadcrumb\"},\"inLanguage\":\"es\",\"potentialAction\":[{\"@type\":\"ReadAction\",\"target\":[\"https:\\\/\\\/www.mivsrl.com\\\/es\\\/producto\\\/junta-tipo-office-06f100030\\\/\"]}]},{\"@type\":\"ImageObject\",\"inLanguage\":\"es\",\"@id\":\"https:\\\/\\\/www.mivsrl.com\\\/es\\\/producto\\\/junta-tipo-office-06f100030\\\/#primaryimage\",\"url\":\"https:\\\/\\\/www.mivsrl.com\\\/wp-content\\\/uploads\\\/2021\\\/04\\\/06F100030-Guarnizione-Tipo-ufficio.png\",\"contentUrl\":\"https:\\\/\\\/www.mivsrl.com\\\/wp-content\\\/uploads\\\/2021\\\/04\\\/06F100030-Guarnizione-Tipo-ufficio.png\",\"width\":1062,\"height\":926},{\"@type\":\"BreadcrumbList\",\"@id\":\"https:\\\/\\\/www.mivsrl.com\\\/es\\\/producto\\\/junta-tipo-office-06f100030\\\/#breadcrumb\",\"itemListElement\":[{\"@type\":\"ListItem\",\"position\":1,\"name\":\"Home\",\"item\":\"https:\\\/\\\/www.mivsrl.com\\\/es\\\/\"},{\"@type\":\"ListItem\",\"position\":2,\"name\":\"Cat\u00e1logo Miv\",\"item\":\"https:\\\/\\\/www.mivsrl.com\\\/catalogo-miv\\\/\"},{\"@type\":\"ListItem\",\"position\":3,\"name\":\"Junta Tipo Office 06F100030\"}]},{\"@type\":\"WebSite\",\"@id\":\"https:\\\/\\\/www.mivsrl.com\\\/es\\\/#website\",\"url\":\"https:\\\/\\\/www.mivsrl.com\\\/es\\\/\",\"name\":\"Miv Insulating Systems\",\"description\":\"Produzione di porte e accessori per celle frigorifere\",\"potentialAction\":[{\"@type\":\"SearchAction\",\"target\":{\"@type\":\"EntryPoint\",\"urlTemplate\":\"https:\\\/\\\/www.mivsrl.com\\\/es\\\/?s={search_term_string}\"},\"query-input\":{\"@type\":\"PropertyValueSpecification\",\"valueRequired\":true,\"valueName\":\"search_term_string\"}}],\"inLanguage\":\"es\"}]}<\/script>\n<!-- \/ Yoast SEO plugin. -->","yoast_head_json":{"title":"Junta Tipo Office 06F100030 - Miv Insulating Systems","description":"Junta de material EPDM, aplicada en la hoja de la puerta del modelo \"tipo oficina\" a lo largo de la gu\u00eda cortada en el perfil de aluminio, utilizada exclusivamente en los modelos como puertas de servicio y no para aplicaciones en las que se requiera un sellado herm\u00e9tico o t\u00e9rmico.","robots":{"index":"index","follow":"follow","max-snippet":"max-snippet:-1","max-image-preview":"max-image-preview:large","max-video-preview":"max-video-preview:-1"},"canonical":"https:\/\/www.mivsrl.com\/es\/producto\/junta-tipo-office-06f100030\/","og_locale":"es_ES","og_type":"article","og_title":"Junta Tipo Office 06F100030 - Miv Insulating Systems","og_description":"Junta de material EPDM, aplicada en la hoja de la puerta del modelo \"tipo oficina\" a lo largo de la gu\u00eda cortada en el perfil de aluminio, utilizada exclusivamente en los modelos como puertas de servicio y no para aplicaciones en las que se requiera un sellado herm\u00e9tico o t\u00e9rmico.","og_url":"https:\/\/www.mivsrl.com\/es\/producto\/junta-tipo-office-06f100030\/","og_site_name":"Miv Insulating Systems","article_publisher":"https:\/\/www.facebook.com\/mivrefrigeration","article_modified_time":"2025-01-13T22:22:32+00:00","og_image":[{"width":1062,"height":926,"url":"https:\/\/www.mivsrl.com\/wp-content\/uploads\/2021\/04\/06F100030-Guarnizione-Tipo-ufficio.png","type":"image\/png"}],"twitter_card":"summary_large_image","schema":{"@context":"https:\/\/schema.org","@graph":[{"@type":"WebPage","@id":"https:\/\/www.mivsrl.com\/es\/producto\/junta-tipo-office-06f100030\/","url":"https:\/\/www.mivsrl.com\/es\/producto\/junta-tipo-office-06f100030\/","name":"Junta Tipo Office 06F100030 - Miv Insulating Systems","isPartOf":{"@id":"https:\/\/www.mivsrl.com\/es\/#website"},"primaryImageOfPage":{"@id":"https:\/\/www.mivsrl.com\/es\/producto\/junta-tipo-office-06f100030\/#primaryimage"},"image":{"@id":"https:\/\/www.mivsrl.com\/es\/producto\/junta-tipo-office-06f100030\/#primaryimage"},"thumbnailUrl":"https:\/\/www.mivsrl.com\/wp-content\/uploads\/2021\/04\/06F100030-Guarnizione-Tipo-ufficio.png","datePublished":"2023-04-17T14:48:50+00:00","dateModified":"2025-01-13T22:22:32+00:00","description":"Junta de material EPDM, aplicada en la hoja de la puerta del modelo \"tipo oficina\" a lo largo de la gu\u00eda cortada en el perfil de aluminio, utilizada exclusivamente en los modelos como puertas de servicio y no para aplicaciones en las que se requiera un sellado herm\u00e9tico o t\u00e9rmico.","breadcrumb":{"@id":"https:\/\/www.mivsrl.com\/es\/producto\/junta-tipo-office-06f100030\/#breadcrumb"},"inLanguage":"es","potentialAction":[{"@type":"ReadAction","target":["https:\/\/www.mivsrl.com\/es\/producto\/junta-tipo-office-06f100030\/"]}]},{"@type":"ImageObject","inLanguage":"es","@id":"https:\/\/www.mivsrl.com\/es\/producto\/junta-tipo-office-06f100030\/#primaryimage","url":"https:\/\/www.mivsrl.com\/wp-content\/uploads\/2021\/04\/06F100030-Guarnizione-Tipo-ufficio.png","contentUrl":"https:\/\/www.mivsrl.com\/wp-content\/uploads\/2021\/04\/06F100030-Guarnizione-Tipo-ufficio.png","width":1062,"height":926},{"@type":"BreadcrumbList","@id":"https:\/\/www.mivsrl.com\/es\/producto\/junta-tipo-office-06f100030\/#breadcrumb","itemListElement":[{"@type":"ListItem","position":1,"name":"Home","item":"https:\/\/www.mivsrl.com\/es\/"},{"@type":"ListItem","position":2,"name":"Cat\u00e1logo Miv","item":"https:\/\/www.mivsrl.com\/catalogo-miv\/"},{"@type":"ListItem","position":3,"name":"Junta Tipo Office 06F100030"}]},{"@type":"WebSite","@id":"https:\/\/www.mivsrl.com\/es\/#website","url":"https:\/\/www.mivsrl.com\/es\/","name":"Miv Insulating Systems","description":"Produzione di porte e accessori per celle frigorifere","potentialAction":[{"@type":"SearchAction","target":{"@type":"EntryPoint","urlTemplate":"https:\/\/www.mivsrl.com\/es\/?s={search_term_string}"},"query-input":{"@type":"PropertyValueSpecification","valueRequired":true,"valueName":"search_term_string"}}],"inLanguage":"es"}]}},"_links":{"self":[{"href":"https:\/\/www.mivsrl.com\/es\/wp-json\/wp\/v2\/product\/40981","targetHints":{"allow":["GET"]}}],"collection":[{"href":"https:\/\/www.mivsrl.com\/es\/wp-json\/wp\/v2\/product"}],"about":[{"href":"https:\/\/www.mivsrl.com\/es\/wp-json\/wp\/v2\/types\/product"}],"version-history":[{"count":0,"href":"https:\/\/www.mivsrl.com\/es\/wp-json\/wp\/v2\/product\/40981\/revisions"}],"wp:featuredmedia":[{"embeddable":true,"href":"https:\/\/www.mivsrl.com\/es\/wp-json\/wp\/v2\/media\/40982"}],"wp:attachment":[{"href":"https:\/\/www.mivsrl.com\/es\/wp-json\/wp\/v2\/media?parent=40981"}],"wp:term":[{"taxonomy":"product_brand","embeddable":true,"href":"https:\/\/www.mivsrl.com\/es\/wp-json\/wp\/v2\/product_brand?post=40981"},{"taxonomy":"product_cat","embeddable":true,"href":"https:\/\/www.mivsrl.com\/es\/wp-json\/wp\/v2\/product_cat?post=40981"},{"taxonomy":"product_tag","embeddable":true,"href":"https:\/\/www.mivsrl.com\/es\/wp-json\/wp\/v2\/product_tag?post=40981"}],"curies":[{"name":"wp","href":"https:\/\/api.w.org\/{rel}","templated":true}]}}