{"id":41010,"date":"2023-05-09T11:59:20","date_gmt":"2023-05-09T09:59:20","guid":{"rendered":"https:\/\/www.mivsrl.com\/product\/borde-de-bisagra-de-40-mm-06al20006-2\/"},"modified":"2025-01-14T08:42:55","modified_gmt":"2025-01-14T07:42:55","slug":"borde-de-bisagra-de-40-mm-06al20006-2","status":"publish","type":"product","link":"https:\/\/www.mivsrl.com\/es\/producto\/borde-de-bisagra-de-40-mm-06al20006-2\/","title":{"rendered":"Borde de bisagra de 40 mm <span> 06AL20006 <\/span>"},"content":{"rendered":"\t\t<div data-elementor-type=\"wp-post\" data-elementor-id=\"41010\" class=\"elementor elementor-41010 elementor-29476\">\n\t\t\t\t\t\t<section class=\"wd-negative-gap elementor-section elementor-top-section elementor-element elementor-element-62722b1 elementor-section-boxed elementor-section-height-default elementor-section-height-default wd-section-disabled\" data-id=\"62722b1\" data-element_type=\"section\" data-e-type=\"section\">\n\t\t\t\t\t\t<div class=\"elementor-container elementor-column-gap-default\">\n\t\t\t\t\t<div class=\"elementor-column elementor-col-100 elementor-top-column elementor-element elementor-element-d056aa6\" data-id=\"d056aa6\" data-element_type=\"column\" data-e-type=\"column\">\n\t\t\t<div class=\"elementor-widget-wrap elementor-element-populated\">\n\t\t\t\t\t\t<div class=\"elementor-element elementor-element-003c9b1 elementor-widget elementor-widget-wd_button\" data-id=\"003c9b1\" data-element_type=\"widget\" data-e-type=\"widget\" data-widget_type=\"wd_button.default\">\n\t\t\t\t<div class=\"elementor-widget-container\">\n\t\t\t\t\t\t\t<div class=\"wd-button-wrapper text-center\" >\n\t\t\t<a class=\"btn btn-style-default btn-style-rectangle btn-size-default btn-color-primary btn-icon-pos-right\"  href=\"https:\/\/www.mivsrl.com\/wp-content\/uploads\/2023\/05\/profili-in-alluminio-per-porta-scorrevole06AL20006.jpg\" target=\"_blank\">\n\t\t\t\t<span class=\"wd-btn-text\" data-elementor-setting-key=\"text\">\n\t\t\t\t\tFICHA T\u00c9CNICA\t\t\t\t<\/span>\n\n\t\t\t\t\t\t\t<\/a>\n\t\t<\/div>\n\t\t\t\t\t\t<\/div>\n\t\t\t\t<\/div>\n\t\t\t\t\t<\/div>\n\t\t<\/div>\n\t\t\t\t\t<\/div>\n\t\t<\/section>\n\t\t\t\t<\/div>\n\t\t","protected":false},"excerpt":{"rendered":"\n<p>0<strong> 6AL20006 <\/strong> Perfil de aluminio anodizado plata aleaci\u00f3n 6060 T6, utilizado para la construcci\u00f3n de puertas \u00abligeras\u00bb utilizadas en modelos de puertas t\u00e9cnicas -Tipo Office -974 P -906 SE Se suministra en barras de 6,4 m de longitud est\u00e1ndar. <\/p>\n","protected":false},"featured_media":40749,"template":"","meta":[],"product_brand":[],"product_cat":[589,639,598],"product_tag":[593,595,600,601,617],"class_list":{"0":"post-41010","1":"product","2":"type-product","3":"status-publish","4":"has-post-thumbnail","6":"product_cat-componentes-de-la-puerta","7":"product_cat-perfiles-de-aluminio-para-puertas-correderas","8":"product_cat-componentes-para-puertas-correderas","9":"product_tag-componentes-de-la-puerta","10":"product_tag-perfiles-de-aluminio","11":"product_tag-accesorios-para-puertas-correderas","12":"product_tag-componentes-para-puertas-correderas","13":"product_tag-perfiles-de-aluminio-para-puertas-correderas","15":"first","16":"instock","17":"shipping-taxable","18":"product-type-simple"},"yoast_head":"<!-- This site is optimized with the Yoast SEO plugin v27.4 - https:\/\/yoast.com\/product\/yoast-seo-wordpress\/ -->\n<title>Borde de bisagra de 40 mm  06AL20006  - Miv Insulating Systems<\/title>\n<meta name=\"description\" content=\"Borde de hoja de puerta de 40 mm. Perfil de aleaci\u00f3n de aluminio anodizado plata 6060 T6, utilizado para la construcci\u00f3n de hojas de puerta &quot;ligeras&quot; utilizadas en modelos de puertas t\u00e9cnicas - Tipo Office-974 P-906 SEVISe suministra en barras de 6,4 m de longitud est\u00e1ndar.\" \/>\n<meta name=\"robots\" content=\"index, follow, max-snippet:-1, max-image-preview:large, max-video-preview:-1\" \/>\n<link rel=\"canonical\" href=\"https:\/\/www.mivsrl.com\/es\/producto\/borde-de-bisagra-de-40-mm-06al20006-2\/\" \/>\n<meta property=\"og:locale\" content=\"es_ES\" \/>\n<meta property=\"og:type\" content=\"article\" \/>\n<meta property=\"og:title\" content=\"Borde de bisagra de 40 mm  06AL20006  - Miv Insulating Systems\" \/>\n<meta property=\"og:description\" content=\"Borde de hoja de puerta de 40 mm. Perfil de aleaci\u00f3n de aluminio anodizado plata 6060 T6, utilizado para la construcci\u00f3n de hojas de puerta &quot;ligeras&quot; utilizadas en modelos de puertas t\u00e9cnicas - Tipo Office-974 P-906 SEVISe suministra en barras de 6,4 m de longitud est\u00e1ndar.\" \/>\n<meta property=\"og:url\" content=\"https:\/\/www.mivsrl.com\/es\/producto\/borde-de-bisagra-de-40-mm-06al20006-2\/\" \/>\n<meta property=\"og:site_name\" content=\"Miv Insulating Systems\" \/>\n<meta property=\"article:publisher\" content=\"https:\/\/www.facebook.com\/mivrefrigeration\" \/>\n<meta property=\"article:modified_time\" content=\"2025-01-14T07:42:55+00:00\" \/>\n<meta property=\"og:image\" content=\"https:\/\/www.mivsrl.com\/wp-content\/uploads\/2023\/03\/componenti_profiliinalluminio_06AL20006.png\" \/>\n\t<meta property=\"og:image:width\" content=\"700\" \/>\n\t<meta property=\"og:image:height\" content=\"488\" \/>\n\t<meta property=\"og:image:type\" content=\"image\/png\" \/>\n<meta name=\"twitter:card\" content=\"summary_large_image\" \/>\n<script type=\"application\/ld+json\" class=\"yoast-schema-graph\">{\"@context\":\"https:\\\/\\\/schema.org\",\"@graph\":[{\"@type\":\"WebPage\",\"@id\":\"https:\\\/\\\/www.mivsrl.com\\\/es\\\/producto\\\/borde-de-bisagra-de-40-mm-06al20006-2\\\/\",\"url\":\"https:\\\/\\\/www.mivsrl.com\\\/es\\\/producto\\\/borde-de-bisagra-de-40-mm-06al20006-2\\\/\",\"name\":\"Borde de bisagra de 40 mm 06AL20006 - Miv Insulating Systems\",\"isPartOf\":{\"@id\":\"https:\\\/\\\/www.mivsrl.com\\\/es\\\/#website\"},\"primaryImageOfPage\":{\"@id\":\"https:\\\/\\\/www.mivsrl.com\\\/es\\\/producto\\\/borde-de-bisagra-de-40-mm-06al20006-2\\\/#primaryimage\"},\"image\":{\"@id\":\"https:\\\/\\\/www.mivsrl.com\\\/es\\\/producto\\\/borde-de-bisagra-de-40-mm-06al20006-2\\\/#primaryimage\"},\"thumbnailUrl\":\"https:\\\/\\\/www.mivsrl.com\\\/wp-content\\\/uploads\\\/2023\\\/03\\\/componenti_profiliinalluminio_06AL20006.png\",\"datePublished\":\"2023-05-09T09:59:20+00:00\",\"dateModified\":\"2025-01-14T07:42:55+00:00\",\"description\":\"Borde de hoja de puerta de 40 mm. Perfil de aleaci\u00f3n de aluminio anodizado plata 6060 T6, utilizado para la construcci\u00f3n de hojas de puerta \\\"ligeras\\\" utilizadas en modelos de puertas t\u00e9cnicas - Tipo Office-974 P-906 SEVISe suministra en barras de 6,4 m de longitud est\u00e1ndar.\",\"breadcrumb\":{\"@id\":\"https:\\\/\\\/www.mivsrl.com\\\/es\\\/producto\\\/borde-de-bisagra-de-40-mm-06al20006-2\\\/#breadcrumb\"},\"inLanguage\":\"es\",\"potentialAction\":[{\"@type\":\"ReadAction\",\"target\":[\"https:\\\/\\\/www.mivsrl.com\\\/es\\\/producto\\\/borde-de-bisagra-de-40-mm-06al20006-2\\\/\"]}]},{\"@type\":\"ImageObject\",\"inLanguage\":\"es\",\"@id\":\"https:\\\/\\\/www.mivsrl.com\\\/es\\\/producto\\\/borde-de-bisagra-de-40-mm-06al20006-2\\\/#primaryimage\",\"url\":\"https:\\\/\\\/www.mivsrl.com\\\/wp-content\\\/uploads\\\/2023\\\/03\\\/componenti_profiliinalluminio_06AL20006.png\",\"contentUrl\":\"https:\\\/\\\/www.mivsrl.com\\\/wp-content\\\/uploads\\\/2023\\\/03\\\/componenti_profiliinalluminio_06AL20006.png\",\"width\":700,\"height\":488,\"caption\":\"profilo-alluminio-06AL20006\"},{\"@type\":\"BreadcrumbList\",\"@id\":\"https:\\\/\\\/www.mivsrl.com\\\/es\\\/producto\\\/borde-de-bisagra-de-40-mm-06al20006-2\\\/#breadcrumb\",\"itemListElement\":[{\"@type\":\"ListItem\",\"position\":1,\"name\":\"Home\",\"item\":\"https:\\\/\\\/www.mivsrl.com\\\/es\\\/\"},{\"@type\":\"ListItem\",\"position\":2,\"name\":\"Cat\u00e1logo Miv\",\"item\":\"https:\\\/\\\/www.mivsrl.com\\\/catalogo-miv\\\/\"},{\"@type\":\"ListItem\",\"position\":3,\"name\":\"Borde de bisagra de 40 mm 06AL20006\"}]},{\"@type\":\"WebSite\",\"@id\":\"https:\\\/\\\/www.mivsrl.com\\\/es\\\/#website\",\"url\":\"https:\\\/\\\/www.mivsrl.com\\\/es\\\/\",\"name\":\"Miv Insulating Systems\",\"description\":\"Produzione di porte e accessori per celle frigorifere\",\"potentialAction\":[{\"@type\":\"SearchAction\",\"target\":{\"@type\":\"EntryPoint\",\"urlTemplate\":\"https:\\\/\\\/www.mivsrl.com\\\/es\\\/?s={search_term_string}\"},\"query-input\":{\"@type\":\"PropertyValueSpecification\",\"valueRequired\":true,\"valueName\":\"search_term_string\"}}],\"inLanguage\":\"es\"}]}<\/script>\n<!-- \/ Yoast SEO plugin. -->","yoast_head_json":{"title":"Borde de bisagra de 40 mm  06AL20006  - Miv Insulating Systems","description":"Borde de hoja de puerta de 40 mm. Perfil de aleaci\u00f3n de aluminio anodizado plata 6060 T6, utilizado para la construcci\u00f3n de hojas de puerta \"ligeras\" utilizadas en modelos de puertas t\u00e9cnicas - Tipo Office-974 P-906 SEVISe suministra en barras de 6,4 m de longitud est\u00e1ndar.","robots":{"index":"index","follow":"follow","max-snippet":"max-snippet:-1","max-image-preview":"max-image-preview:large","max-video-preview":"max-video-preview:-1"},"canonical":"https:\/\/www.mivsrl.com\/es\/producto\/borde-de-bisagra-de-40-mm-06al20006-2\/","og_locale":"es_ES","og_type":"article","og_title":"Borde de bisagra de 40 mm  06AL20006  - Miv Insulating Systems","og_description":"Borde de hoja de puerta de 40 mm. Perfil de aleaci\u00f3n de aluminio anodizado plata 6060 T6, utilizado para la construcci\u00f3n de hojas de puerta \"ligeras\" utilizadas en modelos de puertas t\u00e9cnicas - Tipo Office-974 P-906 SEVISe suministra en barras de 6,4 m de longitud est\u00e1ndar.","og_url":"https:\/\/www.mivsrl.com\/es\/producto\/borde-de-bisagra-de-40-mm-06al20006-2\/","og_site_name":"Miv Insulating Systems","article_publisher":"https:\/\/www.facebook.com\/mivrefrigeration","article_modified_time":"2025-01-14T07:42:55+00:00","og_image":[{"width":700,"height":488,"url":"https:\/\/www.mivsrl.com\/wp-content\/uploads\/2023\/03\/componenti_profiliinalluminio_06AL20006.png","type":"image\/png"}],"twitter_card":"summary_large_image","schema":{"@context":"https:\/\/schema.org","@graph":[{"@type":"WebPage","@id":"https:\/\/www.mivsrl.com\/es\/producto\/borde-de-bisagra-de-40-mm-06al20006-2\/","url":"https:\/\/www.mivsrl.com\/es\/producto\/borde-de-bisagra-de-40-mm-06al20006-2\/","name":"Borde de bisagra de 40 mm 06AL20006 - Miv Insulating Systems","isPartOf":{"@id":"https:\/\/www.mivsrl.com\/es\/#website"},"primaryImageOfPage":{"@id":"https:\/\/www.mivsrl.com\/es\/producto\/borde-de-bisagra-de-40-mm-06al20006-2\/#primaryimage"},"image":{"@id":"https:\/\/www.mivsrl.com\/es\/producto\/borde-de-bisagra-de-40-mm-06al20006-2\/#primaryimage"},"thumbnailUrl":"https:\/\/www.mivsrl.com\/wp-content\/uploads\/2023\/03\/componenti_profiliinalluminio_06AL20006.png","datePublished":"2023-05-09T09:59:20+00:00","dateModified":"2025-01-14T07:42:55+00:00","description":"Borde de hoja de puerta de 40 mm. Perfil de aleaci\u00f3n de aluminio anodizado plata 6060 T6, utilizado para la construcci\u00f3n de hojas de puerta \"ligeras\" utilizadas en modelos de puertas t\u00e9cnicas - Tipo Office-974 P-906 SEVISe suministra en barras de 6,4 m de longitud est\u00e1ndar.","breadcrumb":{"@id":"https:\/\/www.mivsrl.com\/es\/producto\/borde-de-bisagra-de-40-mm-06al20006-2\/#breadcrumb"},"inLanguage":"es","potentialAction":[{"@type":"ReadAction","target":["https:\/\/www.mivsrl.com\/es\/producto\/borde-de-bisagra-de-40-mm-06al20006-2\/"]}]},{"@type":"ImageObject","inLanguage":"es","@id":"https:\/\/www.mivsrl.com\/es\/producto\/borde-de-bisagra-de-40-mm-06al20006-2\/#primaryimage","url":"https:\/\/www.mivsrl.com\/wp-content\/uploads\/2023\/03\/componenti_profiliinalluminio_06AL20006.png","contentUrl":"https:\/\/www.mivsrl.com\/wp-content\/uploads\/2023\/03\/componenti_profiliinalluminio_06AL20006.png","width":700,"height":488,"caption":"profilo-alluminio-06AL20006"},{"@type":"BreadcrumbList","@id":"https:\/\/www.mivsrl.com\/es\/producto\/borde-de-bisagra-de-40-mm-06al20006-2\/#breadcrumb","itemListElement":[{"@type":"ListItem","position":1,"name":"Home","item":"https:\/\/www.mivsrl.com\/es\/"},{"@type":"ListItem","position":2,"name":"Cat\u00e1logo Miv","item":"https:\/\/www.mivsrl.com\/catalogo-miv\/"},{"@type":"ListItem","position":3,"name":"Borde de bisagra de 40 mm 06AL20006"}]},{"@type":"WebSite","@id":"https:\/\/www.mivsrl.com\/es\/#website","url":"https:\/\/www.mivsrl.com\/es\/","name":"Miv Insulating Systems","description":"Produzione di porte e accessori per celle frigorifere","potentialAction":[{"@type":"SearchAction","target":{"@type":"EntryPoint","urlTemplate":"https:\/\/www.mivsrl.com\/es\/?s={search_term_string}"},"query-input":{"@type":"PropertyValueSpecification","valueRequired":true,"valueName":"search_term_string"}}],"inLanguage":"es"}]}},"_links":{"self":[{"href":"https:\/\/www.mivsrl.com\/es\/wp-json\/wp\/v2\/product\/41010","targetHints":{"allow":["GET"]}}],"collection":[{"href":"https:\/\/www.mivsrl.com\/es\/wp-json\/wp\/v2\/product"}],"about":[{"href":"https:\/\/www.mivsrl.com\/es\/wp-json\/wp\/v2\/types\/product"}],"version-history":[{"count":0,"href":"https:\/\/www.mivsrl.com\/es\/wp-json\/wp\/v2\/product\/41010\/revisions"}],"wp:featuredmedia":[{"embeddable":true,"href":"https:\/\/www.mivsrl.com\/es\/wp-json\/wp\/v2\/media\/40749"}],"wp:attachment":[{"href":"https:\/\/www.mivsrl.com\/es\/wp-json\/wp\/v2\/media?parent=41010"}],"wp:term":[{"taxonomy":"product_brand","embeddable":true,"href":"https:\/\/www.mivsrl.com\/es\/wp-json\/wp\/v2\/product_brand?post=41010"},{"taxonomy":"product_cat","embeddable":true,"href":"https:\/\/www.mivsrl.com\/es\/wp-json\/wp\/v2\/product_cat?post=41010"},{"taxonomy":"product_tag","embeddable":true,"href":"https:\/\/www.mivsrl.com\/es\/wp-json\/wp\/v2\/product_tag?post=41010"}],"curies":[{"name":"wp","href":"https:\/\/api.w.org\/{rel}","templated":true}]}}