{"id":41109,"date":"2023-05-15T22:06:09","date_gmt":"2023-05-15T20:06:09","guid":{"rendered":"https:\/\/www.mivsrl.com\/product\/borde-oscilante-70-mm-06al20007\/"},"modified":"2025-01-14T09:04:03","modified_gmt":"2025-01-14T08:04:03","slug":"borde-oscilante-70-mm-06al20007","status":"publish","type":"product","link":"https:\/\/www.mivsrl.com\/es\/producto\/borde-oscilante-70-mm-06al20007\/","title":{"rendered":"Borde oscilante 70 mm <span> 06AL20007 <\/span>"},"content":{"rendered":"\t\t<div data-elementor-type=\"wp-post\" data-elementor-id=\"41109\" class=\"elementor elementor-41109 elementor-29635\">\n\t\t\t\t\t\t<section class=\"elementor-section elementor-top-section elementor-element elementor-element-62722b1 elementor-section-boxed elementor-section-height-default elementor-section-height-default wd-section-disabled\" data-id=\"62722b1\" data-element_type=\"section\" data-e-type=\"section\">\n\t\t\t\t\t\t<div class=\"elementor-container elementor-column-gap-default\">\n\t\t\t\t\t<div class=\"elementor-column elementor-col-100 elementor-top-column elementor-element elementor-element-d056aa6\" data-id=\"d056aa6\" data-element_type=\"column\" data-e-type=\"column\">\n\t\t\t<div class=\"elementor-widget-wrap elementor-element-populated\">\n\t\t\t\t\t\t<div class=\"elementor-element elementor-element-003c9b1 elementor-widget elementor-widget-wd_button\" data-id=\"003c9b1\" data-element_type=\"widget\" data-e-type=\"widget\" data-widget_type=\"wd_button.default\">\n\t\t\t\t<div class=\"elementor-widget-container\">\n\t\t\t\t\t\t\t<div class=\"wd-button-wrapper text-center\" >\n\t\t\t<a class=\"btn btn-style-default btn-style-rectangle btn-size-default btn-color-primary btn-icon-pos-right\"  href=\"https:\/\/www.mivsrl.com\/wp-content\/uploads\/2023\/05\/profili-in-alluminio-per-porta-scorrevole06AL20007.jpg\" target=\"_blank\">\n\t\t\t\t<span class=\"wd-btn-text\" data-elementor-setting-key=\"text\">\n\t\t\t\t\tFICHA T\u00c9CNICA\t\t\t\t<\/span>\n\n\t\t\t\t\t\t\t<\/a>\n\t\t<\/div>\n\t\t\t\t\t\t<\/div>\n\t\t\t\t<\/div>\n\t\t\t\t\t<\/div>\n\t\t<\/div>\n\t\t\t\t\t<\/div>\n\t\t<\/section>\n\t\t\t\t<\/div>\n\t\t","protected":false},"excerpt":{"rendered":"<p><strong>  06AL20235  <\/strong><\/p>\n<p>Perfil de aleaci\u00f3n de aluminio anodizado plata 6060 T6. Se utiliza para la construcci\u00f3n de puertas para c\u00e1maras frigor\u00edficas de temperatura positiva.<\/p>\n<p class=\"elementor-heading-title elementor-size-small\">Longitud de las barras 7 m<\/p>\n","protected":false},"featured_media":40979,"template":"","meta":[],"product_brand":[],"product_cat":[589,607,638,639,598],"product_tag":[593,595,600,601,611,617,633,640],"class_list":{"0":"post-41109","1":"product","2":"type-product","3":"status-publish","4":"has-post-thumbnail","6":"product_cat-componentes-de-la-puerta","7":"product_cat-componentes-de-la-puerta-sobre-bisagras","8":"product_cat-perfiles-de-aluminio-para-puertas-batientes","9":"product_cat-perfiles-de-aluminio-para-puertas-correderas","10":"product_cat-componentes-para-puertas-correderas","11":"product_tag-componentes-de-la-puerta","12":"product_tag-perfiles-de-aluminio","13":"product_tag-accesorios-para-puertas-correderas","14":"product_tag-componentes-para-puertas-correderas","15":"product_tag-componentes-de-la-puerta-sobre-bisagras","16":"product_tag-perfiles-de-aluminio-para-puertas-correderas","17":"product_tag-accesorios-para-puertas-con-bisagras","18":"product_tag-perfiles-de-aluminio-para-puertas-con-bisagras","20":"first","21":"instock","22":"shipping-taxable","23":"product-type-simple"},"yoast_head":"<!-- This site is optimized with the Yoast SEO plugin v27.4 - https:\/\/yoast.com\/product\/yoast-seo-wordpress\/ -->\n<title>Borde oscilante 70 mm  06AL20007  - Miv Insulating Systems<\/title>\n<meta name=\"description\" content=\"Perfil de aleaci\u00f3n de aluminio anodizado plata 6060 T6. Se utiliza para la construcci\u00f3n de puertas para c\u00e1maras frigor\u00edficas de temperatura positiva. Longitud de las barras 7 m\" \/>\n<meta name=\"robots\" content=\"index, follow, max-snippet:-1, max-image-preview:large, max-video-preview:-1\" \/>\n<link rel=\"canonical\" href=\"https:\/\/www.mivsrl.com\/es\/producto\/borde-oscilante-70-mm-06al20007\/\" \/>\n<meta property=\"og:locale\" content=\"es_ES\" \/>\n<meta property=\"og:type\" content=\"article\" \/>\n<meta property=\"og:title\" content=\"Borde oscilante 70 mm  06AL20007  - Miv Insulating Systems\" \/>\n<meta property=\"og:description\" content=\"Perfil de aleaci\u00f3n de aluminio anodizado plata 6060 T6. Se utiliza para la construcci\u00f3n de puertas para c\u00e1maras frigor\u00edficas de temperatura positiva. Longitud de las barras 7 m\" \/>\n<meta property=\"og:url\" content=\"https:\/\/www.mivsrl.com\/es\/producto\/borde-oscilante-70-mm-06al20007\/\" \/>\n<meta property=\"og:site_name\" content=\"Miv Insulating Systems\" \/>\n<meta property=\"article:publisher\" content=\"https:\/\/www.facebook.com\/mivrefrigeration\" \/>\n<meta property=\"article:modified_time\" content=\"2025-01-14T08:04:03+00:00\" \/>\n<meta property=\"og:image\" content=\"https:\/\/www.mivsrl.com\/wp-content\/uploads\/2021\/04\/componenti_profiliinalluminio_06AL20007.png\" \/>\n\t<meta property=\"og:image:width\" content=\"700\" \/>\n\t<meta property=\"og:image:height\" content=\"419\" \/>\n\t<meta property=\"og:image:type\" content=\"image\/png\" \/>\n<meta name=\"twitter:card\" content=\"summary_large_image\" \/>\n<script type=\"application\/ld+json\" class=\"yoast-schema-graph\">{\"@context\":\"https:\\\/\\\/schema.org\",\"@graph\":[{\"@type\":\"WebPage\",\"@id\":\"https:\\\/\\\/www.mivsrl.com\\\/es\\\/producto\\\/borde-oscilante-70-mm-06al20007\\\/\",\"url\":\"https:\\\/\\\/www.mivsrl.com\\\/es\\\/producto\\\/borde-oscilante-70-mm-06al20007\\\/\",\"name\":\"Borde oscilante 70 mm 06AL20007 - Miv Insulating Systems\",\"isPartOf\":{\"@id\":\"https:\\\/\\\/www.mivsrl.com\\\/es\\\/#website\"},\"primaryImageOfPage\":{\"@id\":\"https:\\\/\\\/www.mivsrl.com\\\/es\\\/producto\\\/borde-oscilante-70-mm-06al20007\\\/#primaryimage\"},\"image\":{\"@id\":\"https:\\\/\\\/www.mivsrl.com\\\/es\\\/producto\\\/borde-oscilante-70-mm-06al20007\\\/#primaryimage\"},\"thumbnailUrl\":\"https:\\\/\\\/www.mivsrl.com\\\/wp-content\\\/uploads\\\/2021\\\/04\\\/componenti_profiliinalluminio_06AL20007.png\",\"datePublished\":\"2023-05-15T20:06:09+00:00\",\"dateModified\":\"2025-01-14T08:04:03+00:00\",\"description\":\"Perfil de aleaci\u00f3n de aluminio anodizado plata 6060 T6. Se utiliza para la construcci\u00f3n de puertas para c\u00e1maras frigor\u00edficas de temperatura positiva. Longitud de las barras 7 m\",\"breadcrumb\":{\"@id\":\"https:\\\/\\\/www.mivsrl.com\\\/es\\\/producto\\\/borde-oscilante-70-mm-06al20007\\\/#breadcrumb\"},\"inLanguage\":\"es\",\"potentialAction\":[{\"@type\":\"ReadAction\",\"target\":[\"https:\\\/\\\/www.mivsrl.com\\\/es\\\/producto\\\/borde-oscilante-70-mm-06al20007\\\/\"]}]},{\"@type\":\"ImageObject\",\"inLanguage\":\"es\",\"@id\":\"https:\\\/\\\/www.mivsrl.com\\\/es\\\/producto\\\/borde-oscilante-70-mm-06al20007\\\/#primaryimage\",\"url\":\"https:\\\/\\\/www.mivsrl.com\\\/wp-content\\\/uploads\\\/2021\\\/04\\\/componenti_profiliinalluminio_06AL20007.png\",\"contentUrl\":\"https:\\\/\\\/www.mivsrl.com\\\/wp-content\\\/uploads\\\/2021\\\/04\\\/componenti_profiliinalluminio_06AL20007.png\",\"width\":700,\"height\":419,\"caption\":\"componenti_profiliinalluminio_06AL20007\"},{\"@type\":\"BreadcrumbList\",\"@id\":\"https:\\\/\\\/www.mivsrl.com\\\/es\\\/producto\\\/borde-oscilante-70-mm-06al20007\\\/#breadcrumb\",\"itemListElement\":[{\"@type\":\"ListItem\",\"position\":1,\"name\":\"Home\",\"item\":\"https:\\\/\\\/www.mivsrl.com\\\/es\\\/\"},{\"@type\":\"ListItem\",\"position\":2,\"name\":\"Cat\u00e1logo Miv\",\"item\":\"https:\\\/\\\/www.mivsrl.com\\\/catalogo-miv\\\/\"},{\"@type\":\"ListItem\",\"position\":3,\"name\":\"Borde oscilante 70 mm 06AL20007\"}]},{\"@type\":\"WebSite\",\"@id\":\"https:\\\/\\\/www.mivsrl.com\\\/es\\\/#website\",\"url\":\"https:\\\/\\\/www.mivsrl.com\\\/es\\\/\",\"name\":\"Miv Insulating Systems\",\"description\":\"Produzione di porte e accessori per celle frigorifere\",\"potentialAction\":[{\"@type\":\"SearchAction\",\"target\":{\"@type\":\"EntryPoint\",\"urlTemplate\":\"https:\\\/\\\/www.mivsrl.com\\\/es\\\/?s={search_term_string}\"},\"query-input\":{\"@type\":\"PropertyValueSpecification\",\"valueRequired\":true,\"valueName\":\"search_term_string\"}}],\"inLanguage\":\"es\"}]}<\/script>\n<!-- \/ Yoast SEO plugin. -->","yoast_head_json":{"title":"Borde oscilante 70 mm  06AL20007  - Miv Insulating Systems","description":"Perfil de aleaci\u00f3n de aluminio anodizado plata 6060 T6. Se utiliza para la construcci\u00f3n de puertas para c\u00e1maras frigor\u00edficas de temperatura positiva. Longitud de las barras 7 m","robots":{"index":"index","follow":"follow","max-snippet":"max-snippet:-1","max-image-preview":"max-image-preview:large","max-video-preview":"max-video-preview:-1"},"canonical":"https:\/\/www.mivsrl.com\/es\/producto\/borde-oscilante-70-mm-06al20007\/","og_locale":"es_ES","og_type":"article","og_title":"Borde oscilante 70 mm  06AL20007  - Miv Insulating Systems","og_description":"Perfil de aleaci\u00f3n de aluminio anodizado plata 6060 T6. Se utiliza para la construcci\u00f3n de puertas para c\u00e1maras frigor\u00edficas de temperatura positiva. Longitud de las barras 7 m","og_url":"https:\/\/www.mivsrl.com\/es\/producto\/borde-oscilante-70-mm-06al20007\/","og_site_name":"Miv Insulating Systems","article_publisher":"https:\/\/www.facebook.com\/mivrefrigeration","article_modified_time":"2025-01-14T08:04:03+00:00","og_image":[{"width":700,"height":419,"url":"https:\/\/www.mivsrl.com\/wp-content\/uploads\/2021\/04\/componenti_profiliinalluminio_06AL20007.png","type":"image\/png"}],"twitter_card":"summary_large_image","schema":{"@context":"https:\/\/schema.org","@graph":[{"@type":"WebPage","@id":"https:\/\/www.mivsrl.com\/es\/producto\/borde-oscilante-70-mm-06al20007\/","url":"https:\/\/www.mivsrl.com\/es\/producto\/borde-oscilante-70-mm-06al20007\/","name":"Borde oscilante 70 mm 06AL20007 - Miv Insulating Systems","isPartOf":{"@id":"https:\/\/www.mivsrl.com\/es\/#website"},"primaryImageOfPage":{"@id":"https:\/\/www.mivsrl.com\/es\/producto\/borde-oscilante-70-mm-06al20007\/#primaryimage"},"image":{"@id":"https:\/\/www.mivsrl.com\/es\/producto\/borde-oscilante-70-mm-06al20007\/#primaryimage"},"thumbnailUrl":"https:\/\/www.mivsrl.com\/wp-content\/uploads\/2021\/04\/componenti_profiliinalluminio_06AL20007.png","datePublished":"2023-05-15T20:06:09+00:00","dateModified":"2025-01-14T08:04:03+00:00","description":"Perfil de aleaci\u00f3n de aluminio anodizado plata 6060 T6. Se utiliza para la construcci\u00f3n de puertas para c\u00e1maras frigor\u00edficas de temperatura positiva. Longitud de las barras 7 m","breadcrumb":{"@id":"https:\/\/www.mivsrl.com\/es\/producto\/borde-oscilante-70-mm-06al20007\/#breadcrumb"},"inLanguage":"es","potentialAction":[{"@type":"ReadAction","target":["https:\/\/www.mivsrl.com\/es\/producto\/borde-oscilante-70-mm-06al20007\/"]}]},{"@type":"ImageObject","inLanguage":"es","@id":"https:\/\/www.mivsrl.com\/es\/producto\/borde-oscilante-70-mm-06al20007\/#primaryimage","url":"https:\/\/www.mivsrl.com\/wp-content\/uploads\/2021\/04\/componenti_profiliinalluminio_06AL20007.png","contentUrl":"https:\/\/www.mivsrl.com\/wp-content\/uploads\/2021\/04\/componenti_profiliinalluminio_06AL20007.png","width":700,"height":419,"caption":"componenti_profiliinalluminio_06AL20007"},{"@type":"BreadcrumbList","@id":"https:\/\/www.mivsrl.com\/es\/producto\/borde-oscilante-70-mm-06al20007\/#breadcrumb","itemListElement":[{"@type":"ListItem","position":1,"name":"Home","item":"https:\/\/www.mivsrl.com\/es\/"},{"@type":"ListItem","position":2,"name":"Cat\u00e1logo Miv","item":"https:\/\/www.mivsrl.com\/catalogo-miv\/"},{"@type":"ListItem","position":3,"name":"Borde oscilante 70 mm 06AL20007"}]},{"@type":"WebSite","@id":"https:\/\/www.mivsrl.com\/es\/#website","url":"https:\/\/www.mivsrl.com\/es\/","name":"Miv Insulating Systems","description":"Produzione di porte e accessori per celle frigorifere","potentialAction":[{"@type":"SearchAction","target":{"@type":"EntryPoint","urlTemplate":"https:\/\/www.mivsrl.com\/es\/?s={search_term_string}"},"query-input":{"@type":"PropertyValueSpecification","valueRequired":true,"valueName":"search_term_string"}}],"inLanguage":"es"}]}},"_links":{"self":[{"href":"https:\/\/www.mivsrl.com\/es\/wp-json\/wp\/v2\/product\/41109","targetHints":{"allow":["GET"]}}],"collection":[{"href":"https:\/\/www.mivsrl.com\/es\/wp-json\/wp\/v2\/product"}],"about":[{"href":"https:\/\/www.mivsrl.com\/es\/wp-json\/wp\/v2\/types\/product"}],"version-history":[{"count":0,"href":"https:\/\/www.mivsrl.com\/es\/wp-json\/wp\/v2\/product\/41109\/revisions"}],"wp:featuredmedia":[{"embeddable":true,"href":"https:\/\/www.mivsrl.com\/es\/wp-json\/wp\/v2\/media\/40979"}],"wp:attachment":[{"href":"https:\/\/www.mivsrl.com\/es\/wp-json\/wp\/v2\/media?parent=41109"}],"wp:term":[{"taxonomy":"product_brand","embeddable":true,"href":"https:\/\/www.mivsrl.com\/es\/wp-json\/wp\/v2\/product_brand?post=41109"},{"taxonomy":"product_cat","embeddable":true,"href":"https:\/\/www.mivsrl.com\/es\/wp-json\/wp\/v2\/product_cat?post=41109"},{"taxonomy":"product_tag","embeddable":true,"href":"https:\/\/www.mivsrl.com\/es\/wp-json\/wp\/v2\/product_tag?post=41109"}],"curies":[{"name":"wp","href":"https:\/\/api.w.org\/{rel}","templated":true}]}}