{"id":41209,"date":"2023-05-16T23:47:32","date_gmt":"2023-05-16T21:47:32","guid":{"rendered":"https:\/\/www.mivsrl.com\/product\/pieza-angular-para-modulo-de-marco-de-puerta-semiempotrado-06b400315\/"},"modified":"2025-01-14T18:20:35","modified_gmt":"2025-01-14T17:20:35","slug":"pieza-angular-para-modulo-de-marco-de-puerta-semiempotrado-06b400315","status":"publish","type":"product","link":"https:\/\/www.mivsrl.com\/es\/producto\/pieza-angular-para-modulo-de-marco-de-puerta-semiempotrado-06b400315\/","title":{"rendered":"Pieza angular para m\u00f3dulo de marco de puerta semiempotrado <span> 06B400315<\/span>"},"content":{"rendered":"\t\t<div data-elementor-type=\"wp-post\" data-elementor-id=\"41209\" class=\"elementor elementor-41209 elementor-29909\">\n\t\t\t\t\t\t<section class=\"elementor-section elementor-top-section elementor-element elementor-element-62722b1 elementor-section-boxed elementor-section-height-default elementor-section-height-default wd-section-disabled\" data-id=\"62722b1\" data-element_type=\"section\" data-e-type=\"section\">\n\t\t\t\t\t\t<div class=\"elementor-container elementor-column-gap-default\">\n\t\t\t\t\t<div class=\"elementor-column elementor-col-100 elementor-top-column elementor-element elementor-element-d056aa6\" data-id=\"d056aa6\" data-element_type=\"column\" data-e-type=\"column\">\n\t\t\t<div class=\"elementor-widget-wrap elementor-element-populated\">\n\t\t\t\t\t\t<div class=\"elementor-element elementor-element-56079ea elementor-widget elementor-widget-wd_button\" data-id=\"56079ea\" data-element_type=\"widget\" data-e-type=\"widget\" data-widget_type=\"wd_button.default\">\n\t\t\t\t<div class=\"elementor-widget-container\">\n\t\t\t\t\t\t\t<div class=\"wd-button-wrapper text-center\" >\n\t\t\t<a class=\"btn btn-style-default btn-style-rectangle btn-size-default btn-color-primary btn-icon-pos-right\"  href=\"https:\/\/www.mivsrl.com\/wp-content\/uploads\/2023\/05\/componenti-cerniera-06B400315.jpg\" target=\"_blank\">\n\t\t\t\t<span class=\"wd-btn-text\" data-elementor-setting-key=\"text\">\n\t\t\t\t\tFICHA T\u00c9CNICA\t\t\t\t<\/span>\n\n\t\t\t\t\t\t\t<\/a>\n\t\t<\/div>\n\t\t\t\t\t\t<\/div>\n\t\t\t\t<\/div>\n\t\t\t\t\t<\/div>\n\t\t<\/div>\n\t\t\t\t\t<\/div>\n\t\t<\/section>\n\t\t\t\t<\/div>\n\t\t","protected":false},"excerpt":{"rendered":"\n<p>0<strong> 6B400315<\/strong> Cantonera de polipropileno (PP), aplicada para unir el montante y el travesa\u00f1o del marco de PVC C\u00f3digo 06F200032, para los modelos de puerta \u00absemiempotrada\u00bb 200-250 F , 200-250 RV<\/p>\n","protected":false},"featured_media":41210,"template":"","meta":[],"product_brand":[],"product_cat":[589,607,598,608,609],"product_tag":[593,601,610,611],"class_list":{"0":"post-41209","1":"product","2":"type-product","3":"status-publish","4":"has-post-thumbnail","6":"product_cat-componentes-de-la-puerta","7":"product_cat-componentes-de-la-puerta-sobre-bisagras","8":"product_cat-componentes-para-puertas-correderas","9":"product_cat-bisagras-marcos-para-puertas-batientes-de-interior","10":"product_cat-refuerzos-interiores-bisagras-marcos-para-puertas-correderas","11":"product_tag-componentes-de-la-puerta","12":"product_tag-componentes-para-puertas-correderas","13":"product_tag-refuerzos-internos-del-bastidor","14":"product_tag-componentes-de-la-puerta-sobre-bisagras","16":"first","17":"instock","18":"shipping-taxable","19":"product-type-simple"},"yoast_head":"<!-- This site is optimized with the Yoast SEO plugin v27.1 - https:\/\/yoast.com\/product\/yoast-seo-wordpress\/ -->\n<title>Pieza angular para m\u00f3dulo de marco de puerta semiempotrado  06B400315 - Miv Insulating Systems<\/title>\n<meta name=\"description\" content=\"\u00c1ngulo de Polipropileno (PP), se aplica para unir el montante y el travesa\u00f1o del marco de PVC, para modelos de puertas &quot;semiempotradas&quot;.\" \/>\n<meta name=\"robots\" content=\"index, follow, max-snippet:-1, max-image-preview:large, max-video-preview:-1\" \/>\n<link rel=\"canonical\" href=\"https:\/\/www.mivsrl.com\/es\/producto\/pieza-angular-para-modulo-de-marco-de-puerta-semiempotrado-06b400315\/\" \/>\n<meta property=\"og:locale\" content=\"es_ES\" \/>\n<meta property=\"og:type\" content=\"article\" \/>\n<meta property=\"og:title\" content=\"Pieza angular para m\u00f3dulo de marco de puerta semiempotrado  06B400315 - Miv Insulating Systems\" \/>\n<meta property=\"og:description\" content=\"\u00c1ngulo de Polipropileno (PP), se aplica para unir el montante y el travesa\u00f1o del marco de PVC, para modelos de puertas &quot;semiempotradas&quot;.\" \/>\n<meta property=\"og:url\" content=\"https:\/\/www.mivsrl.com\/es\/producto\/pieza-angular-para-modulo-de-marco-de-puerta-semiempotrado-06b400315\/\" \/>\n<meta property=\"og:site_name\" content=\"Miv Insulating Systems\" \/>\n<meta property=\"article:publisher\" content=\"https:\/\/www.facebook.com\/mivrefrigeration\" \/>\n<meta property=\"article:modified_time\" content=\"2025-01-14T17:20:35+00:00\" \/>\n<meta property=\"og:image\" content=\"https:\/\/www.mivsrl.com\/wp-content\/uploads\/2021\/04\/06B400315-Angolare-per-modulo-telaio-porta-semincassata.png\" \/>\n\t<meta property=\"og:image:width\" content=\"700\" \/>\n\t<meta property=\"og:image:height\" content=\"687\" \/>\n\t<meta property=\"og:image:type\" content=\"image\/png\" \/>\n<meta name=\"twitter:card\" content=\"summary_large_image\" \/>\n<script type=\"application\/ld+json\" class=\"yoast-schema-graph\">{\"@context\":\"https:\/\/schema.org\",\"@graph\":[{\"@type\":\"WebPage\",\"@id\":\"https:\/\/www.mivsrl.com\/es\/producto\/pieza-angular-para-modulo-de-marco-de-puerta-semiempotrado-06b400315\/\",\"url\":\"https:\/\/www.mivsrl.com\/es\/producto\/pieza-angular-para-modulo-de-marco-de-puerta-semiempotrado-06b400315\/\",\"name\":\"Pieza angular para m\u00f3dulo de marco de puerta semiempotrado 06B400315 - Miv Insulating Systems\",\"isPartOf\":{\"@id\":\"https:\/\/www.mivsrl.com\/es\/#website\"},\"primaryImageOfPage\":{\"@id\":\"https:\/\/www.mivsrl.com\/es\/producto\/pieza-angular-para-modulo-de-marco-de-puerta-semiempotrado-06b400315\/#primaryimage\"},\"image\":{\"@id\":\"https:\/\/www.mivsrl.com\/es\/producto\/pieza-angular-para-modulo-de-marco-de-puerta-semiempotrado-06b400315\/#primaryimage\"},\"thumbnailUrl\":\"https:\/\/www.mivsrl.com\/wp-content\/uploads\/2021\/04\/06B400315-Angolare-per-modulo-telaio-porta-semincassata.png\",\"datePublished\":\"2023-05-16T21:47:32+00:00\",\"dateModified\":\"2025-01-14T17:20:35+00:00\",\"description\":\"\u00c1ngulo de Polipropileno (PP), se aplica para unir el montante y el travesa\u00f1o del marco de PVC, para modelos de puertas \\\"semiempotradas\\\".\",\"breadcrumb\":{\"@id\":\"https:\/\/www.mivsrl.com\/es\/producto\/pieza-angular-para-modulo-de-marco-de-puerta-semiempotrado-06b400315\/#breadcrumb\"},\"inLanguage\":\"es\",\"potentialAction\":[{\"@type\":\"ReadAction\",\"target\":[\"https:\/\/www.mivsrl.com\/es\/producto\/pieza-angular-para-modulo-de-marco-de-puerta-semiempotrado-06b400315\/\"]}]},{\"@type\":\"ImageObject\",\"inLanguage\":\"es\",\"@id\":\"https:\/\/www.mivsrl.com\/es\/producto\/pieza-angular-para-modulo-de-marco-de-puerta-semiempotrado-06b400315\/#primaryimage\",\"url\":\"https:\/\/www.mivsrl.com\/wp-content\/uploads\/2021\/04\/06B400315-Angolare-per-modulo-telaio-porta-semincassata.png\",\"contentUrl\":\"https:\/\/www.mivsrl.com\/wp-content\/uploads\/2021\/04\/06B400315-Angolare-per-modulo-telaio-porta-semincassata.png\",\"width\":700,\"height\":687,\"caption\":\"Scheda-tecnica-rinforzi-interni-battenti-telai-per-porta-scorrevole\"},{\"@type\":\"BreadcrumbList\",\"@id\":\"https:\/\/www.mivsrl.com\/es\/producto\/pieza-angular-para-modulo-de-marco-de-puerta-semiempotrado-06b400315\/#breadcrumb\",\"itemListElement\":[{\"@type\":\"ListItem\",\"position\":1,\"name\":\"Home\",\"item\":\"https:\/\/www.mivsrl.com\/es\/\"},{\"@type\":\"ListItem\",\"position\":2,\"name\":\"Cat\u00e1logo Miv\",\"item\":\"https:\/\/www.mivsrl.com\/catalogo-miv\/\"},{\"@type\":\"ListItem\",\"position\":3,\"name\":\"Pieza angular para m\u00f3dulo de marco de puerta semiempotrado 06B400315\"}]},{\"@type\":\"WebSite\",\"@id\":\"https:\/\/www.mivsrl.com\/es\/#website\",\"url\":\"https:\/\/www.mivsrl.com\/es\/\",\"name\":\"Miv Insulating Systems\",\"description\":\"Produzione di porte e accessori per celle frigorifere\",\"potentialAction\":[{\"@type\":\"SearchAction\",\"target\":{\"@type\":\"EntryPoint\",\"urlTemplate\":\"https:\/\/www.mivsrl.com\/es\/?s={search_term_string}\"},\"query-input\":{\"@type\":\"PropertyValueSpecification\",\"valueRequired\":true,\"valueName\":\"search_term_string\"}}],\"inLanguage\":\"es\"}]}<\/script>\n<!-- \/ Yoast SEO plugin. -->","yoast_head_json":{"title":"Pieza angular para m\u00f3dulo de marco de puerta semiempotrado  06B400315 - Miv Insulating Systems","description":"\u00c1ngulo de Polipropileno (PP), se aplica para unir el montante y el travesa\u00f1o del marco de PVC, para modelos de puertas \"semiempotradas\".","robots":{"index":"index","follow":"follow","max-snippet":"max-snippet:-1","max-image-preview":"max-image-preview:large","max-video-preview":"max-video-preview:-1"},"canonical":"https:\/\/www.mivsrl.com\/es\/producto\/pieza-angular-para-modulo-de-marco-de-puerta-semiempotrado-06b400315\/","og_locale":"es_ES","og_type":"article","og_title":"Pieza angular para m\u00f3dulo de marco de puerta semiempotrado  06B400315 - Miv Insulating Systems","og_description":"\u00c1ngulo de Polipropileno (PP), se aplica para unir el montante y el travesa\u00f1o del marco de PVC, para modelos de puertas \"semiempotradas\".","og_url":"https:\/\/www.mivsrl.com\/es\/producto\/pieza-angular-para-modulo-de-marco-de-puerta-semiempotrado-06b400315\/","og_site_name":"Miv Insulating Systems","article_publisher":"https:\/\/www.facebook.com\/mivrefrigeration","article_modified_time":"2025-01-14T17:20:35+00:00","og_image":[{"width":700,"height":687,"url":"https:\/\/www.mivsrl.com\/wp-content\/uploads\/2021\/04\/06B400315-Angolare-per-modulo-telaio-porta-semincassata.png","type":"image\/png"}],"twitter_card":"summary_large_image","schema":{"@context":"https:\/\/schema.org","@graph":[{"@type":"WebPage","@id":"https:\/\/www.mivsrl.com\/es\/producto\/pieza-angular-para-modulo-de-marco-de-puerta-semiempotrado-06b400315\/","url":"https:\/\/www.mivsrl.com\/es\/producto\/pieza-angular-para-modulo-de-marco-de-puerta-semiempotrado-06b400315\/","name":"Pieza angular para m\u00f3dulo de marco de puerta semiempotrado 06B400315 - Miv Insulating Systems","isPartOf":{"@id":"https:\/\/www.mivsrl.com\/es\/#website"},"primaryImageOfPage":{"@id":"https:\/\/www.mivsrl.com\/es\/producto\/pieza-angular-para-modulo-de-marco-de-puerta-semiempotrado-06b400315\/#primaryimage"},"image":{"@id":"https:\/\/www.mivsrl.com\/es\/producto\/pieza-angular-para-modulo-de-marco-de-puerta-semiempotrado-06b400315\/#primaryimage"},"thumbnailUrl":"https:\/\/www.mivsrl.com\/wp-content\/uploads\/2021\/04\/06B400315-Angolare-per-modulo-telaio-porta-semincassata.png","datePublished":"2023-05-16T21:47:32+00:00","dateModified":"2025-01-14T17:20:35+00:00","description":"\u00c1ngulo de Polipropileno (PP), se aplica para unir el montante y el travesa\u00f1o del marco de PVC, para modelos de puertas \"semiempotradas\".","breadcrumb":{"@id":"https:\/\/www.mivsrl.com\/es\/producto\/pieza-angular-para-modulo-de-marco-de-puerta-semiempotrado-06b400315\/#breadcrumb"},"inLanguage":"es","potentialAction":[{"@type":"ReadAction","target":["https:\/\/www.mivsrl.com\/es\/producto\/pieza-angular-para-modulo-de-marco-de-puerta-semiempotrado-06b400315\/"]}]},{"@type":"ImageObject","inLanguage":"es","@id":"https:\/\/www.mivsrl.com\/es\/producto\/pieza-angular-para-modulo-de-marco-de-puerta-semiempotrado-06b400315\/#primaryimage","url":"https:\/\/www.mivsrl.com\/wp-content\/uploads\/2021\/04\/06B400315-Angolare-per-modulo-telaio-porta-semincassata.png","contentUrl":"https:\/\/www.mivsrl.com\/wp-content\/uploads\/2021\/04\/06B400315-Angolare-per-modulo-telaio-porta-semincassata.png","width":700,"height":687,"caption":"Scheda-tecnica-rinforzi-interni-battenti-telai-per-porta-scorrevole"},{"@type":"BreadcrumbList","@id":"https:\/\/www.mivsrl.com\/es\/producto\/pieza-angular-para-modulo-de-marco-de-puerta-semiempotrado-06b400315\/#breadcrumb","itemListElement":[{"@type":"ListItem","position":1,"name":"Home","item":"https:\/\/www.mivsrl.com\/es\/"},{"@type":"ListItem","position":2,"name":"Cat\u00e1logo Miv","item":"https:\/\/www.mivsrl.com\/catalogo-miv\/"},{"@type":"ListItem","position":3,"name":"Pieza angular para m\u00f3dulo de marco de puerta semiempotrado 06B400315"}]},{"@type":"WebSite","@id":"https:\/\/www.mivsrl.com\/es\/#website","url":"https:\/\/www.mivsrl.com\/es\/","name":"Miv Insulating Systems","description":"Produzione di porte e accessori per celle frigorifere","potentialAction":[{"@type":"SearchAction","target":{"@type":"EntryPoint","urlTemplate":"https:\/\/www.mivsrl.com\/es\/?s={search_term_string}"},"query-input":{"@type":"PropertyValueSpecification","valueRequired":true,"valueName":"search_term_string"}}],"inLanguage":"es"}]}},"_links":{"self":[{"href":"https:\/\/www.mivsrl.com\/es\/wp-json\/wp\/v2\/product\/41209","targetHints":{"allow":["GET"]}}],"collection":[{"href":"https:\/\/www.mivsrl.com\/es\/wp-json\/wp\/v2\/product"}],"about":[{"href":"https:\/\/www.mivsrl.com\/es\/wp-json\/wp\/v2\/types\/product"}],"version-history":[{"count":0,"href":"https:\/\/www.mivsrl.com\/es\/wp-json\/wp\/v2\/product\/41209\/revisions"}],"wp:featuredmedia":[{"embeddable":true,"href":"https:\/\/www.mivsrl.com\/es\/wp-json\/wp\/v2\/media\/41210"}],"wp:attachment":[{"href":"https:\/\/www.mivsrl.com\/es\/wp-json\/wp\/v2\/media?parent=41209"}],"wp:term":[{"taxonomy":"product_brand","embeddable":true,"href":"https:\/\/www.mivsrl.com\/es\/wp-json\/wp\/v2\/product_brand?post=41209"},{"taxonomy":"product_cat","embeddable":true,"href":"https:\/\/www.mivsrl.com\/es\/wp-json\/wp\/v2\/product_cat?post=41209"},{"taxonomy":"product_tag","embeddable":true,"href":"https:\/\/www.mivsrl.com\/es\/wp-json\/wp\/v2\/product_tag?post=41209"}],"curies":[{"name":"wp","href":"https:\/\/api.w.org\/{rel}","templated":true}]}}