{"id":28580,"date":"2021-03-09T06:47:09","date_gmt":"2021-03-09T05:47:09","guid":{"rendered":"https:\/\/www.mivsrl.com\/telecharger-miv\/documents-miv\/"},"modified":"2025-01-21T16:31:03","modified_gmt":"2025-01-21T15:31:03","slug":"documents-miv","status":"publish","type":"page","link":"https:\/\/www.mivsrl.com\/fr\/telecharger-miv\/documents-miv\/","title":{"rendered":"Documents Miv"},"content":{"rendered":"\t\t<div data-elementor-type=\"wp-page\" data-elementor-id=\"28580\" class=\"elementor elementor-28580 elementor-13780\">\n\t\t\t\t\t\t<section class=\"elementor-section elementor-top-section elementor-element elementor-element-a98aea1 wd-section-stretch elementor-section-full_width elementor-section-height-default elementor-section-height-default\" data-id=\"a98aea1\" data-element_type=\"section\" data-e-type=\"section\" data-settings=\"{&quot;background_background&quot;:&quot;classic&quot;,&quot;shape_divider_bottom&quot;:&quot;waves&quot;}\">\n\t\t\t\t\t<div class=\"elementor-shape elementor-shape-bottom\" aria-hidden=\"true\" data-negative=\"false\">\n\t\t\t<svg xmlns=\"http:\/\/www.w3.org\/2000\/svg\" viewBox=\"0 0 1000 100\" preserveAspectRatio=\"none\">\n\t<path class=\"elementor-shape-fill\" d=\"M421.9,6.5c22.6-2.5,51.5,0.4,75.5,5.3c23.6,4.9,70.9,23.5,100.5,35.7c75.8,32.2,133.7,44.5,192.6,49.7\n\tc23.6,2.1,48.7,3.5,103.4-2.5c54.7-6,106.2-25.6,106.2-25.6V0H0v30.3c0,0,72,32.6,158.4,30.5c39.2-0.7,92.8-6.7,134-22.4\n\tc21.2-8.1,52.2-18.2,79.7-24.2C399.3,7.9,411.6,7.5,421.9,6.5z\"\/>\n<\/svg>\t\t<\/div>\n\t\t\t\t\t<div class=\"elementor-container elementor-column-gap-default\">\n\t\t\t\t\t<div class=\"elementor-column elementor-col-100 elementor-top-column elementor-element elementor-element-d81a648\" data-id=\"d81a648\" data-element_type=\"column\" data-e-type=\"column\">\n\t\t\t<div class=\"elementor-widget-wrap elementor-element-populated\">\n\t\t\t\t\t\t<div class=\"elementor-element elementor-element-b339d98 elementor-widget elementor-widget-wd_image_or_svg\" data-id=\"b339d98\" data-element_type=\"widget\" data-e-type=\"widget\" data-widget_type=\"wd_image_or_svg.default\">\n\t\t\t\t<div class=\"elementor-widget-container\">\n\t\t\t\t\t\n\t\t<div class=\"wd-image text-center\">\n\t\t\t\t\t\t\t\t<img decoding=\"async\" class=\"wd-lazy-load wd-lazy-fade\" src=\"https:\/\/www.mivsrl.com\/wp-content\/themes\/woodmart\/images\/lazy.png\" data-wood-src=\"https:\/\/www.mivsrl.com\/wp-content\/uploads\/elementor\/thumbs\/miv-logo-porte-celle-frigorifere-581x615-1-q5svc9rpx1ixe6yuwz07ieabt4ku036zjnenz12fd4.png\" title=\"miv-logo-porte-celle-frigorifere-581&#215;615\" alt=\"porte celle frigorifere\" loading=\"lazy\" \/>\t\t\t\t\t<\/div>\n\n\t\t\t\t\t\t<\/div>\n\t\t\t\t<\/div>\n\t\t\t\t<section class=\"elementor-section elementor-inner-section elementor-element elementor-element-9d2841f elementor-section-boxed elementor-section-height-default elementor-section-height-default wd-section-disabled\" data-id=\"9d2841f\" data-element_type=\"section\" data-e-type=\"section\">\n\t\t\t\t\t\t<div class=\"elementor-container elementor-column-gap-default\">\n\t\t\t\t\t<div class=\"elementor-column elementor-col-50 elementor-inner-column elementor-element elementor-element-6192547\" data-id=\"6192547\" data-element_type=\"column\" data-e-type=\"column\" data-settings=\"{&quot;background_background&quot;:&quot;classic&quot;}\">\n\t\t\t<div class=\"elementor-widget-wrap elementor-element-populated\">\n\t\t\t\t\t\t<div class=\"elementor-element elementor-element-255473b elementor-hidden-tablet elementor-hidden-mobile elementor-widget elementor-widget-wd_text_block\" data-id=\"255473b\" data-element_type=\"widget\" data-e-type=\"widget\" data-widget_type=\"wd_text_block.default\">\n\t\t\t\t<div class=\"elementor-widget-container\">\n\t\t\t\t\t\t\t<div class=\"wd-text-block reset-last-child text-center color-scheme-light\">\n\t\t\t\n\t\t\t<p>Syst\u00e8mes d'isolation MIV<\/p>\n\t\t\t\t\t<\/div>\n\t\t\t\t\t\t<\/div>\n\t\t\t\t<\/div>\n\t\t\t\t<div class=\"elementor-element elementor-element-3ee4ec6 elementor-widget elementor-widget-wd_title\" data-id=\"3ee4ec6\" data-element_type=\"widget\" data-e-type=\"widget\" data-widget_type=\"wd_title.default\">\n\t\t\t\t<div class=\"elementor-widget-container\">\n\t\t\t\t\t\t\t<div class=\"title-wrapper set-mb-s reset-last-child wd-title-color-white wd-title-style-default wd-title-size-extra-large text-center\">\n\n\t\t\t\n\t\t\t<div class=\"liner-continer\">\n\t\t\t\t<h4 class=\"woodmart-title-container title wd-fontsize-xxxl\">Instructions<br><br><\/h4> \n\t\t\t\t\t\t\t<\/div>\n\n\t\t\t\t\t<\/div>\n\t\t\t\t\t\t<\/div>\n\t\t\t\t<\/div>\n\t\t\t\t<div class=\"elementor-element elementor-element-ed41e01 elementor-widget__width-auto elementor-widget elementor-widget-wd_button\" data-id=\"ed41e01\" data-element_type=\"widget\" data-e-type=\"widget\" data-widget_type=\"wd_button.default\">\n\t\t\t\t<div class=\"elementor-widget-container\">\n\t\t\t\t\t\t\t<div class=\"wd-button-wrapper text-center\" >\n\t\t\t<a class=\"btn btn-style-3d btn-style-semi-round btn-size-large btn-color-primary btn-icon-pos-right\"  href=\"\/fr\/telecharger-miv\/documents-miv\/instructions-de-montage\/\">\n\t\t\t\t<span class=\"wd-btn-text\" data-elementor-setting-key=\"text\">\n\t\t\t\t\tVoir\t\t\t\t<\/span>\n\n\t\t\t\t\t\t\t\t\t<span class=\"wd-btn-icon\">\n\t\t\t\t\t\t<span class=\"wd-icon fas fa-angle-right\"><\/span>\t\t\t\t\t<\/span>\n\t\t\t\t\t\t\t<\/a>\n\t\t<\/div>\n\t\t\t\t\t\t<\/div>\n\t\t\t\t<\/div>\n\t\t\t\t\t<\/div>\n\t\t<\/div>\n\t\t\t\t<div class=\"elementor-column elementor-col-50 elementor-inner-column elementor-element elementor-element-bbd9837\" data-id=\"bbd9837\" data-element_type=\"column\" data-e-type=\"column\" data-settings=\"{&quot;background_background&quot;:&quot;classic&quot;}\">\n\t\t\t<div class=\"elementor-widget-wrap elementor-element-populated\">\n\t\t\t\t\t\t<div class=\"elementor-element elementor-element-1db624d elementor-hidden-tablet elementor-hidden-mobile elementor-widget elementor-widget-wd_text_block\" data-id=\"1db624d\" data-element_type=\"widget\" data-e-type=\"widget\" data-widget_type=\"wd_text_block.default\">\n\t\t\t\t<div class=\"elementor-widget-container\">\n\t\t\t\t\t\t\t<div class=\"wd-text-block reset-last-child text-center color-scheme-light\">\n\t\t\t\n\t\t\t<p>Syst\u00e8mes d'isolation MIV<\/p>\n\t\t\t\t\t<\/div>\n\t\t\t\t\t\t<\/div>\n\t\t\t\t<\/div>\n\t\t\t\t<div class=\"elementor-element elementor-element-0e70b35 elementor-widget elementor-widget-wd_title\" data-id=\"0e70b35\" data-element_type=\"widget\" data-e-type=\"widget\" data-widget_type=\"wd_title.default\">\n\t\t\t\t<div class=\"elementor-widget-container\">\n\t\t\t\t\t\t\t<div class=\"title-wrapper set-mb-s reset-last-child wd-title-color-white wd-title-style-default wd-title-size-extra-large text-center\">\n\n\t\t\t\n\t\t\t<div class=\"liner-continer\">\n\t\t\t\t<h4 class=\"woodmart-title-container title wd-fontsize-xxxl\">Conditions g\u00e9n\u00e9rales de vente<\/h4> \n\t\t\t\t\t\t\t<\/div>\n\n\t\t\t\t\t<\/div>\n\t\t\t\t\t\t<\/div>\n\t\t\t\t<\/div>\n\t\t\t\t<div class=\"elementor-element elementor-element-c96065b elementor-widget__width-auto elementor-widget elementor-widget-wd_button\" data-id=\"c96065b\" data-element_type=\"widget\" data-e-type=\"widget\" data-widget_type=\"wd_button.default\">\n\t\t\t\t<div class=\"elementor-widget-container\">\n\t\t\t\t\t\t\t<div class=\"wd-button-wrapper text-center\" >\n\t\t\t<a class=\"btn btn-style-3d btn-style-semi-round btn-size-large btn-color-alt btn-icon-pos-right\"  href=\"https:\/\/www.mivsrl.com\/wp-content\/uploads\/2024\/05\/Conditions_Generales_De_Vente_EU_FRA.pdf\">\n\t\t\t\t<span class=\"wd-btn-text\" data-elementor-setting-key=\"text\">\n\t\t\t\t\tPour l&#039;UE\t\t\t\t<\/span>\n\n\t\t\t\t\t\t\t\t\t<span class=\"wd-btn-icon\">\n\t\t\t\t\t\t<span class=\"wd-icon fas fa-angle-right\"><\/span>\t\t\t\t\t<\/span>\n\t\t\t\t\t\t\t<\/a>\n\t\t<\/div>\n\t\t\t\t\t\t<\/div>\n\t\t\t\t<\/div>\n\t\t\t\t<div class=\"elementor-element elementor-element-043b268 elementor-widget elementor-widget-spacer\" data-id=\"043b268\" data-element_type=\"widget\" data-e-type=\"widget\" data-widget_type=\"spacer.default\">\n\t\t\t\t<div class=\"elementor-widget-container\">\n\t\t\t\t\t\t\t<div class=\"elementor-spacer\">\n\t\t\t<div class=\"elementor-spacer-inner\"><\/div>\n\t\t<\/div>\n\t\t\t\t\t\t<\/div>\n\t\t\t\t<\/div>\n\t\t\t\t<div class=\"elementor-element elementor-element-c4fccbe elementor-widget__width-auto elementor-widget elementor-widget-wd_button\" data-id=\"c4fccbe\" data-element_type=\"widget\" data-e-type=\"widget\" data-widget_type=\"wd_button.default\">\n\t\t\t\t<div class=\"elementor-widget-container\">\n\t\t\t\t\t\t\t<div class=\"wd-button-wrapper text-center\" >\n\t\t\t<a class=\"btn btn-style-3d btn-style-semi-round btn-size-large btn-color-alt btn-icon-pos-right\"  href=\"https:\/\/www.mivsrl.com\/wp-content\/uploads\/2024\/05\/Conditions_Generales_De_Vente_Extra_EU_FRA.pdf\">\n\t\t\t\t<span class=\"wd-btn-text\" data-elementor-setting-key=\"text\">\n\t\t\t\t\tPour Extra UE\t\t\t\t<\/span>\n\n\t\t\t\t\t\t\t\t\t<span class=\"wd-btn-icon\">\n\t\t\t\t\t\t<span class=\"wd-icon fas fa-angle-right\"><\/span>\t\t\t\t\t<\/span>\n\t\t\t\t\t\t\t<\/a>\n\t\t<\/div>\n\t\t\t\t\t\t<\/div>\n\t\t\t\t<\/div>\n\t\t\t\t\t<\/div>\n\t\t<\/div>\n\t\t\t\t\t<\/div>\n\t\t<\/section>\n\t\t\t\t\t<\/div>\n\t\t<\/div>\n\t\t\t\t\t<\/div>\n\t\t<\/section>\n\t\t\t\t<\/div>\n\t\t","protected":false},"excerpt":{"rendered":"<p>Syst\u00e8mes d&rsquo;isolation MIV Instructions Voir Syst\u00e8mes d&rsquo;isolation MIV Conditions g\u00e9n\u00e9rales de vente Pour l&#039;UE Pour Extra UE<\/p>\n","protected":false},"author":1,"featured_media":0,"parent":28576,"menu_order":0,"comment_status":"closed","ping_status":"closed","template":"","meta":{"footnotes":""},"class_list":["post-28580","page","type-page","status-publish","hentry"],"yoast_head":"<!-- This site is optimized with the Yoast SEO plugin v27.1 - https:\/\/yoast.com\/product\/yoast-seo-wordpress\/ -->\n<title>Documents Miv - Miv Insulating Systems<\/title>\n<meta name=\"robots\" content=\"index, follow, max-snippet:-1, max-image-preview:large, max-video-preview:-1\" \/>\n<link rel=\"canonical\" href=\"https:\/\/www.mivsrl.com\/fr\/telecharger-miv\/documents-miv\/\" \/>\n<meta property=\"og:locale\" content=\"fr_FR\" \/>\n<meta property=\"og:type\" content=\"article\" \/>\n<meta property=\"og:title\" content=\"Documents Miv - Miv Insulating Systems\" \/>\n<meta property=\"og:description\" content=\"Syst\u00e8mes d&rsquo;isolation MIV Instructions Voir Syst\u00e8mes d&rsquo;isolation MIV Conditions g\u00e9n\u00e9rales de vente Pour l&#039;UE Pour Extra UE\" \/>\n<meta property=\"og:url\" content=\"https:\/\/www.mivsrl.com\/fr\/telecharger-miv\/documents-miv\/\" \/>\n<meta property=\"og:site_name\" content=\"Miv Insulating Systems\" \/>\n<meta property=\"article:publisher\" content=\"https:\/\/www.facebook.com\/mivrefrigeration\" \/>\n<meta property=\"article:modified_time\" content=\"2025-01-21T15:31:03+00:00\" \/>\n<meta property=\"og:image\" content=\"https:\/\/www.mivsrl.com\/wp-content\/uploads\/elementor\/thumbs\/miv-logo-porte-celle-frigorifere-581x615-1-q5svc9rpx1ixe6yuwz07ieabt4ku036zjnenz12fde.png\" \/>\n<meta name=\"twitter:card\" content=\"summary_large_image\" \/>\n<meta name=\"twitter:label1\" content=\"Dur\u00e9e de lecture estim\u00e9e\" \/>\n\t<meta name=\"twitter:data1\" content=\"1 minute\" \/>\n<script type=\"application\/ld+json\" class=\"yoast-schema-graph\">{\"@context\":\"https:\/\/schema.org\",\"@graph\":[{\"@type\":\"WebPage\",\"@id\":\"https:\/\/www.mivsrl.com\/fr\/telecharger-miv\/documents-miv\/\",\"url\":\"https:\/\/www.mivsrl.com\/fr\/telecharger-miv\/documents-miv\/\",\"name\":\"Documents Miv - Miv Insulating Systems\",\"isPartOf\":{\"@id\":\"https:\/\/www.mivsrl.com\/fr\/#website\"},\"primaryImageOfPage\":{\"@id\":\"https:\/\/www.mivsrl.com\/fr\/telecharger-miv\/documents-miv\/#primaryimage\"},\"image\":{\"@id\":\"https:\/\/www.mivsrl.com\/fr\/telecharger-miv\/documents-miv\/#primaryimage\"},\"thumbnailUrl\":\"https:\/\/www.mivsrl.com\/wp-content\/uploads\/elementor\/thumbs\/miv-logo-porte-celle-frigorifere-581x615-1-q5svc9rpx1ixe6yuwz07ieabt4ku036zjnenz12fde.png\",\"datePublished\":\"2021-03-09T05:47:09+00:00\",\"dateModified\":\"2025-01-21T15:31:03+00:00\",\"breadcrumb\":{\"@id\":\"https:\/\/www.mivsrl.com\/fr\/telecharger-miv\/documents-miv\/#breadcrumb\"},\"inLanguage\":\"fr-FR\",\"potentialAction\":[{\"@type\":\"ReadAction\",\"target\":[\"https:\/\/www.mivsrl.com\/fr\/telecharger-miv\/documents-miv\/\"]}]},{\"@type\":\"ImageObject\",\"inLanguage\":\"fr-FR\",\"@id\":\"https:\/\/www.mivsrl.com\/fr\/telecharger-miv\/documents-miv\/#primaryimage\",\"url\":\"https:\/\/www.mivsrl.com\/wp-content\/uploads\/elementor\/thumbs\/miv-logo-porte-celle-frigorifere-581x615-1-q5svc9rpx1ixe6yuwz07ieabt4ku036zjnenz12fde.png\",\"contentUrl\":\"https:\/\/www.mivsrl.com\/wp-content\/uploads\/elementor\/thumbs\/miv-logo-porte-celle-frigorifere-581x615-1-q5svc9rpx1ixe6yuwz07ieabt4ku036zjnenz12fde.png\"},{\"@type\":\"BreadcrumbList\",\"@id\":\"https:\/\/www.mivsrl.com\/fr\/telecharger-miv\/documents-miv\/#breadcrumb\",\"itemListElement\":[{\"@type\":\"ListItem\",\"position\":1,\"name\":\"Home\",\"item\":\"https:\/\/www.mivsrl.com\/fr\/\"},{\"@type\":\"ListItem\",\"position\":2,\"name\":\"T\u00e9l\u00e9charger Miv\",\"item\":\"https:\/\/www.mivsrl.com\/fr\/telecharger-miv\/\"},{\"@type\":\"ListItem\",\"position\":3,\"name\":\"Documents Miv\"}]},{\"@type\":\"WebSite\",\"@id\":\"https:\/\/www.mivsrl.com\/fr\/#website\",\"url\":\"https:\/\/www.mivsrl.com\/fr\/\",\"name\":\"Miv Insulating Systems\",\"description\":\"Produzione di porte e accessori per celle frigorifere\",\"potentialAction\":[{\"@type\":\"SearchAction\",\"target\":{\"@type\":\"EntryPoint\",\"urlTemplate\":\"https:\/\/www.mivsrl.com\/fr\/?s={search_term_string}\"},\"query-input\":{\"@type\":\"PropertyValueSpecification\",\"valueRequired\":true,\"valueName\":\"search_term_string\"}}],\"inLanguage\":\"fr-FR\"}]}<\/script>\n<!-- \/ Yoast SEO plugin. -->","yoast_head_json":{"title":"Documents Miv - Miv Insulating Systems","robots":{"index":"index","follow":"follow","max-snippet":"max-snippet:-1","max-image-preview":"max-image-preview:large","max-video-preview":"max-video-preview:-1"},"canonical":"https:\/\/www.mivsrl.com\/fr\/telecharger-miv\/documents-miv\/","og_locale":"fr_FR","og_type":"article","og_title":"Documents Miv - Miv Insulating Systems","og_description":"Syst\u00e8mes d&rsquo;isolation MIV Instructions Voir Syst\u00e8mes d&rsquo;isolation MIV Conditions g\u00e9n\u00e9rales de vente Pour l&#039;UE Pour Extra UE","og_url":"https:\/\/www.mivsrl.com\/fr\/telecharger-miv\/documents-miv\/","og_site_name":"Miv Insulating Systems","article_publisher":"https:\/\/www.facebook.com\/mivrefrigeration","article_modified_time":"2025-01-21T15:31:03+00:00","og_image":[{"url":"https:\/\/www.mivsrl.com\/wp-content\/uploads\/elementor\/thumbs\/miv-logo-porte-celle-frigorifere-581x615-1-q5svc9rpx1ixe6yuwz07ieabt4ku036zjnenz12fde.png","type":"","width":"","height":""}],"twitter_card":"summary_large_image","twitter_misc":{"Dur\u00e9e de lecture estim\u00e9e":"1 minute"},"schema":{"@context":"https:\/\/schema.org","@graph":[{"@type":"WebPage","@id":"https:\/\/www.mivsrl.com\/fr\/telecharger-miv\/documents-miv\/","url":"https:\/\/www.mivsrl.com\/fr\/telecharger-miv\/documents-miv\/","name":"Documents Miv - Miv Insulating Systems","isPartOf":{"@id":"https:\/\/www.mivsrl.com\/fr\/#website"},"primaryImageOfPage":{"@id":"https:\/\/www.mivsrl.com\/fr\/telecharger-miv\/documents-miv\/#primaryimage"},"image":{"@id":"https:\/\/www.mivsrl.com\/fr\/telecharger-miv\/documents-miv\/#primaryimage"},"thumbnailUrl":"https:\/\/www.mivsrl.com\/wp-content\/uploads\/elementor\/thumbs\/miv-logo-porte-celle-frigorifere-581x615-1-q5svc9rpx1ixe6yuwz07ieabt4ku036zjnenz12fde.png","datePublished":"2021-03-09T05:47:09+00:00","dateModified":"2025-01-21T15:31:03+00:00","breadcrumb":{"@id":"https:\/\/www.mivsrl.com\/fr\/telecharger-miv\/documents-miv\/#breadcrumb"},"inLanguage":"fr-FR","potentialAction":[{"@type":"ReadAction","target":["https:\/\/www.mivsrl.com\/fr\/telecharger-miv\/documents-miv\/"]}]},{"@type":"ImageObject","inLanguage":"fr-FR","@id":"https:\/\/www.mivsrl.com\/fr\/telecharger-miv\/documents-miv\/#primaryimage","url":"https:\/\/www.mivsrl.com\/wp-content\/uploads\/elementor\/thumbs\/miv-logo-porte-celle-frigorifere-581x615-1-q5svc9rpx1ixe6yuwz07ieabt4ku036zjnenz12fde.png","contentUrl":"https:\/\/www.mivsrl.com\/wp-content\/uploads\/elementor\/thumbs\/miv-logo-porte-celle-frigorifere-581x615-1-q5svc9rpx1ixe6yuwz07ieabt4ku036zjnenz12fde.png"},{"@type":"BreadcrumbList","@id":"https:\/\/www.mivsrl.com\/fr\/telecharger-miv\/documents-miv\/#breadcrumb","itemListElement":[{"@type":"ListItem","position":1,"name":"Home","item":"https:\/\/www.mivsrl.com\/fr\/"},{"@type":"ListItem","position":2,"name":"T\u00e9l\u00e9charger Miv","item":"https:\/\/www.mivsrl.com\/fr\/telecharger-miv\/"},{"@type":"ListItem","position":3,"name":"Documents Miv"}]},{"@type":"WebSite","@id":"https:\/\/www.mivsrl.com\/fr\/#website","url":"https:\/\/www.mivsrl.com\/fr\/","name":"Miv Insulating Systems","description":"Produzione di porte e accessori per celle frigorifere","potentialAction":[{"@type":"SearchAction","target":{"@type":"EntryPoint","urlTemplate":"https:\/\/www.mivsrl.com\/fr\/?s={search_term_string}"},"query-input":{"@type":"PropertyValueSpecification","valueRequired":true,"valueName":"search_term_string"}}],"inLanguage":"fr-FR"}]}},"_links":{"self":[{"href":"https:\/\/www.mivsrl.com\/fr\/wp-json\/wp\/v2\/pages\/28580","targetHints":{"allow":["GET"]}}],"collection":[{"href":"https:\/\/www.mivsrl.com\/fr\/wp-json\/wp\/v2\/pages"}],"about":[{"href":"https:\/\/www.mivsrl.com\/fr\/wp-json\/wp\/v2\/types\/page"}],"author":[{"embeddable":true,"href":"https:\/\/www.mivsrl.com\/fr\/wp-json\/wp\/v2\/users\/1"}],"replies":[{"embeddable":true,"href":"https:\/\/www.mivsrl.com\/fr\/wp-json\/wp\/v2\/comments?post=28580"}],"version-history":[{"count":0,"href":"https:\/\/www.mivsrl.com\/fr\/wp-json\/wp\/v2\/pages\/28580\/revisions"}],"up":[{"embeddable":true,"href":"https:\/\/www.mivsrl.com\/fr\/wp-json\/wp\/v2\/pages\/28576"}],"wp:attachment":[{"href":"https:\/\/www.mivsrl.com\/fr\/wp-json\/wp\/v2\/media?parent=28580"}],"curies":[{"name":"wp","href":"https:\/\/api.w.org\/{rel}","templated":true}]}}