{"id":28636,"date":"2021-04-18T19:42:05","date_gmt":"2021-04-18T17:42:05","guid":{"rendered":"https:\/\/www.mivsrl.com\/ressources\/salles-virtuelles\/"},"modified":"2023-05-29T02:48:34","modified_gmt":"2023-05-29T00:48:34","slug":"salles-virtuelles","status":"publish","type":"page","link":"https:\/\/www.mivsrl.com\/fr\/ressources\/salles-virtuelles\/","title":{"rendered":"Salles Virtuelles"},"content":{"rendered":"\t\t<div data-elementor-type=\"wp-page\" data-elementor-id=\"28636\" class=\"elementor elementor-28636 elementor-17485\">\n\t\t\t\t\t\t<section class=\"elementor-section elementor-top-section elementor-element elementor-element-f933000 elementor-section-full_width wd-section-stretch elementor-section-height-default elementor-section-height-default\" data-id=\"f933000\" data-element_type=\"section\" data-e-type=\"section\" data-settings=\"{&quot;background_background&quot;:&quot;classic&quot;}\">\n\t\t\t\t\t\t<div class=\"elementor-container elementor-column-gap-default\">\n\t\t\t\t\t<div class=\"elementor-column elementor-col-100 elementor-top-column elementor-element elementor-element-56b32b3\" data-id=\"56b32b3\" data-element_type=\"column\" data-e-type=\"column\">\n\t\t\t<div class=\"elementor-widget-wrap elementor-element-populated\">\n\t\t\t\t\t\t<div class=\"elementor-element elementor-element-ade5b00 elementor-widget elementor-widget-wd_image_or_svg\" data-id=\"ade5b00\" data-element_type=\"widget\" data-e-type=\"widget\" data-widget_type=\"wd_image_or_svg.default\">\n\t\t\t\t<div class=\"elementor-widget-container\">\n\t\t\t\t\t\n\t\t<div class=\"wd-image text-center\">\n\t\t\t\t\t\t\t\t<img decoding=\"async\" class=\"wd-lazy-load wd-lazy-fade\" src=\"https:\/\/www.mivsrl.com\/wp-content\/themes\/woodmart\/images\/lazy.png\" data-wood-src=\"https:\/\/www.mivsrl.com\/wp-content\/uploads\/elementor\/thumbs\/miv-logo-porte-celle-frigorifere-581x615-1-q5svc9rpx1ixe6yuwz07ieabt4ku036zjnenz12fd4.png\" title=\"miv-logo-porte-celle-frigorifere-581&#215;615\" alt=\"porte celle frigorifere\" loading=\"lazy\" \/>\t\t\t\t\t<\/div>\n\n\t\t\t\t\t\t<\/div>\n\t\t\t\t<\/div>\n\t\t\t\t<div class=\"elementor-element elementor-element-7bd4ed0 text-center wd-single-breadcrumbs wd-breadcrumbs elementor-widget elementor-widget-wd_wc_breadcrumb\" data-id=\"7bd4ed0\" data-element_type=\"widget\" data-e-type=\"widget\" data-widget_type=\"wd_wc_breadcrumb.default\">\n\t\t\t\t<div class=\"elementor-widget-container\">\n\t\t\t\t\t<nav class=\"woocommerce-breadcrumb\" aria-label=\"Breadcrumb\">\t\t\t\t<span class=\"breadcrumb-last\">\n\t\t\t\t\tAccueil\t\t\t\t<\/span>\n\t\t\t<\/nav>\t\t\t\t<\/div>\n\t\t\t\t<\/div>\n\t\t\t\t<div class=\"elementor-element elementor-element-dc896c1 elementor-widget elementor-widget-wd_title\" data-id=\"dc896c1\" data-element_type=\"widget\" data-e-type=\"widget\" data-widget_type=\"wd_title.default\">\n\t\t\t\t<div class=\"elementor-widget-container\">\n\t\t\t\t\t\t\t<div class=\"title-wrapper set-mb-s reset-last-child wd-title-color-default wd-title-style-default wd-title-size-default text-center\">\n\n\t\t\t\n\t\t\t<div class=\"liner-continer\">\n\t\t\t\t<h4 class=\"woodmart-title-container title wd-fontsize-l\">Entre physique et num\u00e9rique<\/h4> \n\t\t\t\t\t\t\t<\/div>\n\n\t\t\t\t\t\t\t<div class=\"title-after_title set-cont-mb-s reset-last-child wd-fontsize-xs\">\n\t\t\t\t\tIl s'agit de notre chambre virtuelle et ce qui en r\u00e9sultera sera la prochaine porte de vos chambres froides.<br \/>\n\t\t\t\t<\/div>\n\t\t\t\t\t<\/div>\n\t\t\t\t\t\t<\/div>\n\t\t\t\t<\/div>\n\t\t\t\t<section class=\"wd-negative-gap elementor-section elementor-inner-section elementor-element elementor-element-dc58587 elementor-section-boxed elementor-section-height-default elementor-section-height-default wd-section-disabled\" data-id=\"dc58587\" data-element_type=\"section\" data-e-type=\"section\">\n\t\t\t\t\t\t<div class=\"elementor-container elementor-column-gap-default\">\n\t\t\t\t\t<div class=\"elementor-column elementor-col-50 elementor-inner-column elementor-element elementor-element-1c62518\" data-id=\"1c62518\" data-element_type=\"column\" data-e-type=\"column\">\n\t\t\t<div class=\"elementor-widget-wrap elementor-element-populated\">\n\t\t\t\t\t\t<div class=\"elementor-element elementor-element-0894d48 elementor-widget elementor-widget-wd_text_block\" data-id=\"0894d48\" data-element_type=\"widget\" data-e-type=\"widget\" data-widget_type=\"wd_text_block.default\">\n\t\t\t\t<div class=\"elementor-widget-container\">\n\t\t\t\t\t\t\t<div class=\"wd-text-block reset-last-child text-left\">\n\t\t\t\n\t\t\t<p>Un espace virtuel, un choix d'avant-garde surtout dans notre secteur, un service suppl\u00e9mentaire que nous pouvons offrir \u00e0 nos clients, afin qu'ils puissent voir toute notre gamme de produits en temps r\u00e9el.<\/p><p>Chaque type de porte peut \u00eatre assorti aux milliers de variantes correspondant \u00e0 votre espace.<\/p>\n\t\t\t\t\t<\/div>\n\t\t\t\t\t\t<\/div>\n\t\t\t\t<\/div>\n\t\t\t\t\t<\/div>\n\t\t<\/div>\n\t\t\t\t<div class=\"elementor-column elementor-col-50 elementor-inner-column elementor-element elementor-element-0398fd7\" data-id=\"0398fd7\" data-element_type=\"column\" data-e-type=\"column\">\n\t\t\t<div class=\"elementor-widget-wrap elementor-element-populated\">\n\t\t\t\t\t\t<div class=\"elementor-element elementor-element-688ca56 elementor-widget elementor-widget-wd_text_block\" data-id=\"688ca56\" data-element_type=\"widget\" data-e-type=\"widget\" data-widget_type=\"wd_text_block.default\">\n\t\t\t\t<div class=\"elementor-widget-container\">\n\t\t\t\t\t\t\t<div class=\"wd-text-block reset-last-child text-left\">\n\t\t\t\n\t\t\t<p><span style=\"font-size: 14px; background-color: var(--wd-main-bgcolor); color: var(--wd-text-color);\">Le sentiment de contr\u00f4le total et d'appr\u00e9ciation parfaite de votre produit pr\u00e9f\u00e9r\u00e9 \u00e9limine tout risque d'erreur de derni\u00e8re minute ou d'h\u00e9sitation, cr\u00e9ant ainsi l'exp\u00e9rience d'achat parfaite. Le timing, le meilleur choix possible, la satisfaction totale, la qualit\u00e9 du produit.<\/span><br><\/p>\n\t\t\t\t\t<\/div>\n\t\t\t\t\t\t<\/div>\n\t\t\t\t<\/div>\n\t\t\t\t<div class=\"elementor-element elementor-element-8f4f94f elementor-view-default elementor-widget elementor-widget-icon\" data-id=\"8f4f94f\" data-element_type=\"widget\" data-e-type=\"widget\" data-widget_type=\"icon.default\">\n\t\t\t\t<div class=\"elementor-widget-container\">\n\t\t\t\t\t\t\t<div class=\"elementor-icon-wrapper\">\n\t\t\t<div class=\"elementor-icon\">\n\t\t\t<i aria-hidden=\"true\" class=\"fas fa-arrow-circle-down\"><\/i>\t\t\t<\/div>\n\t\t<\/div>\n\t\t\t\t\t\t<\/div>\n\t\t\t\t<\/div>\n\t\t\t\t\t<\/div>\n\t\t<\/div>\n\t\t\t\t\t<\/div>\n\t\t<\/section>\n\t\t\t\t\t<\/div>\n\t\t<\/div>\n\t\t\t\t\t<\/div>\n\t\t<\/section>\n\t\t\t\t<section class=\"elementor-section elementor-top-section elementor-element elementor-element-1abd36ff elementor-section-full_width wd-section-stretch-content elementor-section-height-default elementor-section-height-default\" data-id=\"1abd36ff\" data-element_type=\"section\" data-e-type=\"section\" data-settings=\"{&quot;background_background&quot;:&quot;classic&quot;}\">\n\t\t\t\t\t\t<div class=\"elementor-container elementor-column-gap-default\">\n\t\t\t\t\t<div class=\"elementor-column elementor-col-100 elementor-top-column elementor-element elementor-element-cf515f6\" data-id=\"cf515f6\" data-element_type=\"column\" data-e-type=\"column\">\n\t\t\t<div class=\"elementor-widget-wrap elementor-element-populated\">\n\t\t\t\t\t\t<div class=\"elementor-element elementor-element-9a9ad2b elementor-widget elementor-widget-html\" data-id=\"9a9ad2b\" data-element_type=\"widget\" data-e-type=\"widget\" data-widget_type=\"html.default\">\n\t\t\t\t<div class=\"elementor-widget-container\">\n\t\t\t\t\t<iframe src=\"https:\/\/vt.plushglobalmedia.com\/tour\/TT17L2WAQT\" width=\"100%\" height=\"950\" allowfullscreen=\"true\" mozallowfullscreen=\"true\" webkitallowfullscreen=\"true\" allowvr=\"yes\" allow=\"vr; xr; accelerometer; gyroscope; autoplay;\"> <p>Votre navigateur ne supporte pas les iframes<\/p> <\/iframe>\t\t\t\t<\/div>\n\t\t\t\t<\/div>\n\t\t\t\t\t<\/div>\n\t\t<\/div>\n\t\t\t\t\t<\/div>\n\t\t<\/section>\n\t\t\t\t<\/div>\n\t\t","protected":false},"excerpt":{"rendered":"<p>Home Entre physique et num\u00e9rique Il s&rsquo;agit de notre chambre virtuelle et ce qui en r\u00e9sultera sera la prochaine porte<\/p>\n","protected":false},"author":1,"featured_media":0,"parent":28624,"menu_order":0,"comment_status":"closed","ping_status":"closed","template":"","meta":{"footnotes":""},"class_list":["post-28636","page","type-page","status-publish","hentry"],"yoast_head":"<!-- This site is optimized with the Yoast SEO plugin v27.4 - https:\/\/yoast.com\/product\/yoast-seo-wordpress\/ -->\n<title>Salles Virtuelles - Miv Insulating Systems<\/title>\n<meta name=\"description\" content=\"Portes d&#039;entrep\u00f4ts frigorifiques. Portes d&#039;entrep\u00f4ts frigorifiques. Nous sommes l&#039;un des plus grands fabricants au monde pour l&#039;industrie de la r\u00e9frig\u00e9ration.\" \/>\n<meta name=\"robots\" content=\"index, follow, max-snippet:-1, max-image-preview:large, max-video-preview:-1\" \/>\n<link rel=\"canonical\" href=\"https:\/\/www.mivsrl.com\/fr\/ressources\/salles-virtuelles\/\" \/>\n<meta property=\"og:locale\" content=\"fr_FR\" \/>\n<meta property=\"og:type\" content=\"article\" \/>\n<meta property=\"og:title\" content=\"Salles Virtuelles - Miv Insulating Systems\" \/>\n<meta property=\"og:description\" content=\"Portes d&#039;entrep\u00f4ts frigorifiques. Portes d&#039;entrep\u00f4ts frigorifiques. Nous sommes l&#039;un des plus grands fabricants au monde pour l&#039;industrie de la r\u00e9frig\u00e9ration.\" \/>\n<meta property=\"og:url\" content=\"https:\/\/www.mivsrl.com\/fr\/ressources\/salles-virtuelles\/\" \/>\n<meta property=\"og:site_name\" content=\"Miv Insulating Systems\" \/>\n<meta property=\"article:publisher\" content=\"https:\/\/www.facebook.com\/mivrefrigeration\" \/>\n<meta property=\"article:modified_time\" content=\"2023-05-29T00:48:34+00:00\" \/>\n<meta property=\"og:image\" content=\"https:\/\/www.mivsrl.com\/wp-content\/uploads\/elementor\/thumbs\/miv-logo-porte-celle-frigorifere-581x615-1-q5svc9rpx1ixe6yuwz07ieabt4ku036zjnenz12fd4.png\" \/>\n<meta name=\"twitter:card\" content=\"summary_large_image\" \/>\n<meta name=\"twitter:label1\" content=\"Dur\u00e9e de lecture estim\u00e9e\" \/>\n\t<meta name=\"twitter:data1\" content=\"1 minute\" \/>\n<script type=\"application\/ld+json\" class=\"yoast-schema-graph\">{\"@context\":\"https:\\\/\\\/schema.org\",\"@graph\":[{\"@type\":\"WebPage\",\"@id\":\"https:\\\/\\\/www.mivsrl.com\\\/fr\\\/ressources\\\/salles-virtuelles\\\/\",\"url\":\"https:\\\/\\\/www.mivsrl.com\\\/fr\\\/ressources\\\/salles-virtuelles\\\/\",\"name\":\"Salles Virtuelles - Miv Insulating Systems\",\"isPartOf\":{\"@id\":\"https:\\\/\\\/www.mivsrl.com\\\/fr\\\/#website\"},\"primaryImageOfPage\":{\"@id\":\"https:\\\/\\\/www.mivsrl.com\\\/fr\\\/ressources\\\/salles-virtuelles\\\/#primaryimage\"},\"image\":{\"@id\":\"https:\\\/\\\/www.mivsrl.com\\\/fr\\\/ressources\\\/salles-virtuelles\\\/#primaryimage\"},\"thumbnailUrl\":\"https:\\\/\\\/www.mivsrl.com\\\/wp-content\\\/uploads\\\/elementor\\\/thumbs\\\/miv-logo-porte-celle-frigorifere-581x615-1-q5svc9rpx1ixe6yuwz07ieabt4ku036zjnenz12fd4.png\",\"datePublished\":\"2021-04-18T17:42:05+00:00\",\"dateModified\":\"2023-05-29T00:48:34+00:00\",\"description\":\"Portes d'entrep\u00f4ts frigorifiques. Portes d'entrep\u00f4ts frigorifiques. Nous sommes l'un des plus grands fabricants au monde pour l'industrie de la r\u00e9frig\u00e9ration.\",\"breadcrumb\":{\"@id\":\"https:\\\/\\\/www.mivsrl.com\\\/fr\\\/ressources\\\/salles-virtuelles\\\/#breadcrumb\"},\"inLanguage\":\"fr-FR\",\"potentialAction\":[{\"@type\":\"ReadAction\",\"target\":[\"https:\\\/\\\/www.mivsrl.com\\\/fr\\\/ressources\\\/salles-virtuelles\\\/\"]}]},{\"@type\":\"ImageObject\",\"inLanguage\":\"fr-FR\",\"@id\":\"https:\\\/\\\/www.mivsrl.com\\\/fr\\\/ressources\\\/salles-virtuelles\\\/#primaryimage\",\"url\":\"https:\\\/\\\/www.mivsrl.com\\\/wp-content\\\/uploads\\\/elementor\\\/thumbs\\\/miv-logo-porte-celle-frigorifere-581x615-1-q5svc9rpx1ixe6yuwz07ieabt4ku036zjnenz12fd4.png\",\"contentUrl\":\"https:\\\/\\\/www.mivsrl.com\\\/wp-content\\\/uploads\\\/elementor\\\/thumbs\\\/miv-logo-porte-celle-frigorifere-581x615-1-q5svc9rpx1ixe6yuwz07ieabt4ku036zjnenz12fd4.png\"},{\"@type\":\"BreadcrumbList\",\"@id\":\"https:\\\/\\\/www.mivsrl.com\\\/fr\\\/ressources\\\/salles-virtuelles\\\/#breadcrumb\",\"itemListElement\":[{\"@type\":\"ListItem\",\"position\":1,\"name\":\"Home\",\"item\":\"https:\\\/\\\/www.mivsrl.com\\\/fr\\\/\"},{\"@type\":\"ListItem\",\"position\":2,\"name\":\"Ressources\",\"item\":\"https:\\\/\\\/www.mivsrl.com\\\/fr\\\/ressources\\\/\"},{\"@type\":\"ListItem\",\"position\":3,\"name\":\"Salles Virtuelles\"}]},{\"@type\":\"WebSite\",\"@id\":\"https:\\\/\\\/www.mivsrl.com\\\/fr\\\/#website\",\"url\":\"https:\\\/\\\/www.mivsrl.com\\\/fr\\\/\",\"name\":\"Miv Insulating Systems\",\"description\":\"Produzione di porte e accessori per celle frigorifere\",\"potentialAction\":[{\"@type\":\"SearchAction\",\"target\":{\"@type\":\"EntryPoint\",\"urlTemplate\":\"https:\\\/\\\/www.mivsrl.com\\\/fr\\\/?s={search_term_string}\"},\"query-input\":{\"@type\":\"PropertyValueSpecification\",\"valueRequired\":true,\"valueName\":\"search_term_string\"}}],\"inLanguage\":\"fr-FR\"}]}<\/script>\n<!-- \/ Yoast SEO plugin. -->","yoast_head_json":{"title":"Salles Virtuelles - Miv Insulating Systems","description":"Portes d'entrep\u00f4ts frigorifiques. Portes d'entrep\u00f4ts frigorifiques. Nous sommes l'un des plus grands fabricants au monde pour l'industrie de la r\u00e9frig\u00e9ration.","robots":{"index":"index","follow":"follow","max-snippet":"max-snippet:-1","max-image-preview":"max-image-preview:large","max-video-preview":"max-video-preview:-1"},"canonical":"https:\/\/www.mivsrl.com\/fr\/ressources\/salles-virtuelles\/","og_locale":"fr_FR","og_type":"article","og_title":"Salles Virtuelles - Miv Insulating Systems","og_description":"Portes d'entrep\u00f4ts frigorifiques. Portes d'entrep\u00f4ts frigorifiques. Nous sommes l'un des plus grands fabricants au monde pour l'industrie de la r\u00e9frig\u00e9ration.","og_url":"https:\/\/www.mivsrl.com\/fr\/ressources\/salles-virtuelles\/","og_site_name":"Miv Insulating Systems","article_publisher":"https:\/\/www.facebook.com\/mivrefrigeration","article_modified_time":"2023-05-29T00:48:34+00:00","og_image":[{"url":"https:\/\/www.mivsrl.com\/wp-content\/uploads\/elementor\/thumbs\/miv-logo-porte-celle-frigorifere-581x615-1-q5svc9rpx1ixe6yuwz07ieabt4ku036zjnenz12fd4.png","type":"","width":"","height":""}],"twitter_card":"summary_large_image","twitter_misc":{"Dur\u00e9e de lecture estim\u00e9e":"1 minute"},"schema":{"@context":"https:\/\/schema.org","@graph":[{"@type":"WebPage","@id":"https:\/\/www.mivsrl.com\/fr\/ressources\/salles-virtuelles\/","url":"https:\/\/www.mivsrl.com\/fr\/ressources\/salles-virtuelles\/","name":"Salles Virtuelles - Miv Insulating Systems","isPartOf":{"@id":"https:\/\/www.mivsrl.com\/fr\/#website"},"primaryImageOfPage":{"@id":"https:\/\/www.mivsrl.com\/fr\/ressources\/salles-virtuelles\/#primaryimage"},"image":{"@id":"https:\/\/www.mivsrl.com\/fr\/ressources\/salles-virtuelles\/#primaryimage"},"thumbnailUrl":"https:\/\/www.mivsrl.com\/wp-content\/uploads\/elementor\/thumbs\/miv-logo-porte-celle-frigorifere-581x615-1-q5svc9rpx1ixe6yuwz07ieabt4ku036zjnenz12fd4.png","datePublished":"2021-04-18T17:42:05+00:00","dateModified":"2023-05-29T00:48:34+00:00","description":"Portes d'entrep\u00f4ts frigorifiques. Portes d'entrep\u00f4ts frigorifiques. Nous sommes l'un des plus grands fabricants au monde pour l'industrie de la r\u00e9frig\u00e9ration.","breadcrumb":{"@id":"https:\/\/www.mivsrl.com\/fr\/ressources\/salles-virtuelles\/#breadcrumb"},"inLanguage":"fr-FR","potentialAction":[{"@type":"ReadAction","target":["https:\/\/www.mivsrl.com\/fr\/ressources\/salles-virtuelles\/"]}]},{"@type":"ImageObject","inLanguage":"fr-FR","@id":"https:\/\/www.mivsrl.com\/fr\/ressources\/salles-virtuelles\/#primaryimage","url":"https:\/\/www.mivsrl.com\/wp-content\/uploads\/elementor\/thumbs\/miv-logo-porte-celle-frigorifere-581x615-1-q5svc9rpx1ixe6yuwz07ieabt4ku036zjnenz12fd4.png","contentUrl":"https:\/\/www.mivsrl.com\/wp-content\/uploads\/elementor\/thumbs\/miv-logo-porte-celle-frigorifere-581x615-1-q5svc9rpx1ixe6yuwz07ieabt4ku036zjnenz12fd4.png"},{"@type":"BreadcrumbList","@id":"https:\/\/www.mivsrl.com\/fr\/ressources\/salles-virtuelles\/#breadcrumb","itemListElement":[{"@type":"ListItem","position":1,"name":"Home","item":"https:\/\/www.mivsrl.com\/fr\/"},{"@type":"ListItem","position":2,"name":"Ressources","item":"https:\/\/www.mivsrl.com\/fr\/ressources\/"},{"@type":"ListItem","position":3,"name":"Salles Virtuelles"}]},{"@type":"WebSite","@id":"https:\/\/www.mivsrl.com\/fr\/#website","url":"https:\/\/www.mivsrl.com\/fr\/","name":"Miv Insulating Systems","description":"Produzione di porte e accessori per celle frigorifere","potentialAction":[{"@type":"SearchAction","target":{"@type":"EntryPoint","urlTemplate":"https:\/\/www.mivsrl.com\/fr\/?s={search_term_string}"},"query-input":{"@type":"PropertyValueSpecification","valueRequired":true,"valueName":"search_term_string"}}],"inLanguage":"fr-FR"}]}},"_links":{"self":[{"href":"https:\/\/www.mivsrl.com\/fr\/wp-json\/wp\/v2\/pages\/28636","targetHints":{"allow":["GET"]}}],"collection":[{"href":"https:\/\/www.mivsrl.com\/fr\/wp-json\/wp\/v2\/pages"}],"about":[{"href":"https:\/\/www.mivsrl.com\/fr\/wp-json\/wp\/v2\/types\/page"}],"author":[{"embeddable":true,"href":"https:\/\/www.mivsrl.com\/fr\/wp-json\/wp\/v2\/users\/1"}],"replies":[{"embeddable":true,"href":"https:\/\/www.mivsrl.com\/fr\/wp-json\/wp\/v2\/comments?post=28636"}],"version-history":[{"count":0,"href":"https:\/\/www.mivsrl.com\/fr\/wp-json\/wp\/v2\/pages\/28636\/revisions"}],"up":[{"embeddable":true,"href":"https:\/\/www.mivsrl.com\/fr\/wp-json\/wp\/v2\/pages\/28624"}],"wp:attachment":[{"href":"https:\/\/www.mivsrl.com\/fr\/wp-json\/wp\/v2\/media?parent=28636"}],"curies":[{"name":"wp","href":"https:\/\/api.w.org\/{rel}","templated":true}]}}