{"id":28668,"date":"2023-03-03T18:52:50","date_gmt":"2023-03-03T17:52:50","guid":{"rendered":"https:\/\/www.mivsrl.com\/product\/porte-de-refroidissement-industriel-semi-insultable-va-et-vient\/"},"modified":"2023-10-25T10:21:36","modified_gmt":"2023-10-25T08:21:36","slug":"porte-semi-isolante-va-et-vient","status":"publish","type":"product","link":"https:\/\/www.mivsrl.com\/fr\/produit\/porte-semi-isolante-va-et-vient\/","title":{"rendered":"PORTE SEMI-ISOLANTE Va et Vient"},"content":{"rendered":"\t\t<div data-elementor-type=\"wp-post\" data-elementor-id=\"28668\" class=\"elementor elementor-28668 elementor-21986\">\n\t\t\t\t\t\t<section class=\"wd-negative-gap elementor-section elementor-top-section elementor-element elementor-element-2797d10 elementor-section-boxed elementor-section-height-default elementor-section-height-default wd-section-disabled\" data-id=\"2797d10\" data-element_type=\"section\" data-e-type=\"section\">\n\t\t\t\t\t\t<div class=\"elementor-container elementor-column-gap-default\">\n\t\t\t\t\t<div class=\"elementor-column elementor-col-50 elementor-top-column elementor-element elementor-element-8eabab5\" data-id=\"8eabab5\" data-element_type=\"column\" data-e-type=\"column\">\n\t\t\t<div class=\"elementor-widget-wrap elementor-element-populated\">\n\t\t\t\t\t\t<div class=\"elementor-element elementor-element-abb0e8a elementor-widget elementor-widget-wd_list\" data-id=\"abb0e8a\" data-element_type=\"widget\" data-e-type=\"widget\" data-widget_type=\"wd_list.default\">\n\t\t\t\t<div class=\"elementor-widget-container\">\n\t\t\t\t\t\t\t<ul class=\"wd-list color-scheme- wd-fontsize-s wd-list-type-unordered wd-list-style-default wd-justify-left\">\n\t\t\t\t\t\t\t\t\t\t\t<li class=\"elementor-repeater-item-c47ceb3\">\n\t\t\t\t\t\t\t\t\t\t\t<span class=\"list-icon\"><\/span>\t\t\t\t\t\n\t\t\t\t\t<span class=\"list-content\">\n\t\t\t\t\t\tPorte pivotante semi-isolante pour temp\u00e9rature positive pour application int\u00e9rieure\n\t\t\t\t\t<\/span>\n\n\t\t\t\t\t\t\t\t\t<\/li>\n\t\t\t\t\t\t\t\t\t\t\t<li class=\"elementor-repeater-item-31a1e4d\">\n\t\t\t\t\t\t\t\t\t\t\t<span class=\"list-icon\"><\/span>\t\t\t\t\t\n\t\t\t\t\t<span class=\"list-content\">\n\t\t\t\t\t\tInstallation sur panneau\/ ma\u00e7onnerie\n\t\t\t\t\t<\/span>\n\n\t\t\t\t\t\t\t\t\t<\/li>\n\t\t\t\t\t\t\t\t\t\t\t<li class=\"elementor-repeater-item-d1952b4\">\n\t\t\t\t\t\t\t\t\t\t\t<span class=\"list-icon\"><\/span>\t\t\t\t\t\n\t\t\t\t\t<span class=\"list-content\">\n\t\t\t\t\t\tOuverture bidirectionnelle et blocage \u00e0 90\u00b0\t\t\t\t\t<\/span>\n\n\t\t\t\t\t\t\t\t\t<\/li>\n\t\t\t\t\t\t\t\t\t\t\t<li class=\"elementor-repeater-item-4d493f8\">\n\t\t\t\t\t\t\t\t\t\t\t<span class=\"list-icon\"><\/span>\t\t\t\t\t\n\t\t\t\t\t<span class=\"list-content\">\n\t\t\t\t\t\t\n\nEncadrement vantail en aluminium \u00e9p. 40 mm\n\t\t\t\t\t<\/span>\n\n\t\t\t\t\t\t\t\t\t<\/li>\n\t\t\t\t\t\t\t\t\t\t\t<li class=\"elementor-repeater-item-23dfadc\">\n\t\t\t\t\t\t\t\t\t\t\t<span class=\"list-icon\"><\/span>\t\t\t\t\t\n\t\t\t\t\t<span class=\"list-content\">\n\t\t\t\t\t\tRev\u00eatement int\u00e9rieur et ext\u00e9rieur en t\u00f4le plastifi\u00e9e blanche (Variante rev\u00eatement en acier inoxydable)\n\n\t\t\t\t\t<\/span>\n\n\t\t\t\t\t\t\t\t\t<\/li>\n\t\t\t\t\t\t\t\t\t\t\t<li class=\"elementor-repeater-item-1d80baf\">\n\t\t\t\t\t\t\t\t\t\t\t<span class=\"list-icon\"><\/span>\t\t\t\t\t\n\t\t\t\t\t<span class=\"list-content\">\n\t\t\t\t\t\tVantail inject\u00e9e avec mousse de polyur\u00e9thane \u00abPUR\u00bb sans CFC densit\u00e9 40 \u2013 42 kg\/mc\n\n\n\t\t\t\t\t<\/span>\n\n\t\t\t\t\t\t\t\t\t<\/li>\n\t\t\t\t\t\t\t\t\t\t\t<li class=\"elementor-repeater-item-4cd2375\">\n\t\t\t\t\t\t\t\t\t\t\t<span class=\"list-icon\"><\/span>\t\t\t\t\t\n\t\t\t\t\t<span class=\"list-content\">\n\t\t\t\t\t\tJoint en EPDM anti-cisaillement appliqu\u00e9s sur tous encadrements verticaux du vantail\n\n\n\n\t\t\t\t\t<\/span>\n\n\t\t\t\t\t\t\t\t\t<\/li>\n\t\t\t\t\t\t\t\t\t\t\t<li class=\"elementor-repeater-item-970d07f\">\n\t\t\t\t\t\t\t\t\t\t\t<span class=\"list-icon\"><\/span>\t\t\t\t\t\n\t\t\t\t\t<span class=\"list-content\">\n\t\t\t\t\t\tB\u00e2ti t\u00e9lescopique en aluminium anodis\u00e9 pour panneau de 60-90 \u00e0 91-120 mm\t\t\t\t\t<\/span>\n\n\t\t\t\t\t\t\t\t\t<\/li>\n\t\t\t\t\t\t\t\t\t\t\t<li class=\"elementor-repeater-item-f35efd7\">\n\t\t\t\t\t\t\t\t\t\t\t<span class=\"list-icon\"><\/span>\t\t\t\t\t\n\t\t\t\t\t<span class=\"list-content\">\n\t\t\t\t\t\tProtection basse Ht 300 mm interne\/externe en acier inoxydable\n\t\t\t\t\t<\/span>\n\n\t\t\t\t\t\t\t\t\t<\/li>\n\t\t\t\t\t<\/ul>\n\n\t\t\t\t\t\t<\/div>\n\t\t\t\t<\/div>\n\t\t\t\t\t<\/div>\n\t\t<\/div>\n\t\t\t\t<div class=\"elementor-column elementor-col-50 elementor-top-column elementor-element elementor-element-c88b9c4\" data-id=\"c88b9c4\" data-element_type=\"column\" data-e-type=\"column\">\n\t\t\t<div class=\"elementor-widget-wrap elementor-element-populated\">\n\t\t\t\t\t\t<div class=\"elementor-element elementor-element-e0f7295 elementor-widget elementor-widget-wd_list\" data-id=\"e0f7295\" data-element_type=\"widget\" data-e-type=\"widget\" data-widget_type=\"wd_list.default\">\n\t\t\t\t<div class=\"elementor-widget-container\">\n\t\t\t\t\t\t\t<ul class=\"wd-list color-scheme- wd-fontsize-s wd-list-type-unordered wd-list-style-default wd-justify-left\">\n\t\t\t\t\t\t\t\t\t\t\t<li class=\"elementor-repeater-item-c47ceb3\">\n\t\t\t\t\t\t\t\t\t\t\t<span class=\"list-icon\"><\/span>\t\t\t\t\t\n\t\t\t\t\t<span class=\"list-content\">\n\t\t\t\t\t\tHublot en Lexan diam\u00e8tre 350 mm\n\n\t\t\t\t\t<\/span>\n\n\t\t\t\t\t\t\t\t\t<\/li>\n\t\t\t\t\t\t\t\t\t\t\t<li class=\"elementor-repeater-item-31a1e4d\">\n\t\t\t\t\t\t\t\t\t\t\t<span class=\"list-icon\"><\/span>\t\t\t\t\t\n\t\t\t\t\t<span class=\"list-content\">\n\t\t\t\t\t\tVis de fixation b\u00e2ti r\u00e9tractable\n\t\t\t\t\t<\/span>\n\n\t\t\t\t\t\t\t\t\t<\/li>\n\t\t\t\t\t\t\t\t\t\t\t<li class=\"elementor-repeater-item-d1952b4\">\n\t\t\t\t\t\t\t\t\t\t\t<span class=\"list-icon\"><\/span>\t\t\t\t\t\n\t\t\t\t\t<span class=\"list-content\">\n\t\t\t\t\t\tSans seuil\n\t\t\t\t\t<\/span>\n\n\t\t\t\t\t\t\t\t\t<\/li>\n\t\t\t\t\t<\/ul>\n\n\t\t\t\t\t\t<\/div>\n\t\t\t\t<\/div>\n\t\t\t\t<div class=\"elementor-element elementor-element-bdedd5e elementor-widget elementor-widget-wd_text_block\" data-id=\"bdedd5e\" data-element_type=\"widget\" data-e-type=\"widget\" data-widget_type=\"wd_text_block.default\">\n\t\t\t\t<div class=\"elementor-widget-container\">\n\t\t\t\t\t\t\t<div class=\"wd-text-block reset-last-child text-left\">\n\t\t\t\n\t\t\t<p><strong>OPTIONAL<\/strong><\/p><p>Protection type bumper<\/p>\n\t\t\t\t\t<\/div>\n\t\t\t\t\t\t<\/div>\n\t\t\t\t<\/div>\n\t\t\t\t<div class=\"elementor-element elementor-element-0ec4db0 elementor-widget elementor-widget-wd_button\" data-id=\"0ec4db0\" data-element_type=\"widget\" data-e-type=\"widget\" data-widget_type=\"wd_button.default\">\n\t\t\t\t<div class=\"elementor-widget-container\">\n\t\t\t\t\t\t\t<div class=\"wd-button-wrapper text-center\" >\n\t\t\t<a class=\"btn btn-style-3d btn-style-semi-round btn-size-default btn-color-primary btn-icon-pos-right\"  href=\"https:\/\/www.mivsrl.com\/wp-content\/uploads\/2023\/06\/Porte-semi-isolante-Va-et-Vient.pdf\" target=\"_blank\">\n\t\t\t\t<span class=\"wd-btn-text\" data-elementor-setting-key=\"text\">\n\t\t\t\t\tFICHE TECHNIQUE \t\t\t\t<\/span>\n\n\t\t\t\t\t\t\t<\/a>\n\t\t<\/div>\n\t\t\t\t\t\t<\/div>\n\t\t\t\t<\/div>\n\t\t\t\t<div class=\"elementor-element elementor-element-8b162c1 elementor-widget elementor-widget-wd_button\" data-id=\"8b162c1\" data-element_type=\"widget\" data-e-type=\"widget\" data-widget_type=\"wd_button.default\">\n\t\t\t\t<div class=\"elementor-widget-container\">\n\t\t\t\t\t\t\t<div class=\"wd-button-wrapper text-center\" >\n\t\t\t<a class=\"btn btn-style-3d btn-style-semi-round btn-size-default btn-color-alt btn-icon-pos-right\"  href=\"https:\/\/www.mivsrl.com\/wp-content\/uploads\/2023\/03\/porta-frigorifera-industriale-semi-isolante-va-e-vieni-disegno.pdf\" target=\"_blank\">\n\t\t\t\t<span class=\"wd-btn-text\" data-elementor-setting-key=\"text\">\n\t\t\t\t\tDESSIN \u00c9CLAT\u00c9\t\t\t\t<\/span>\n\n\t\t\t\t\t\t\t<\/a>\n\t\t<\/div>\n\t\t\t\t\t\t<\/div>\n\t\t\t\t<\/div>\n\t\t\t\t\t<\/div>\n\t\t<\/div>\n\t\t\t\t\t<\/div>\n\t\t<\/section>\n\t\t\t\t<\/div>\n\t\t","protected":false},"excerpt":{"rendered":"<p><strong>Va et Vient (T sans \u0394 thermique)<\/strong><\/p>\n<p>La porte \u00ab va et vient \u00bb est une porte ouvrant type \u00ab saloon \u00bb et ouvrable par simple pouss\u00e9e Utilis\u00e9 pour s\u00e9parer les locaux o\u00f9 transitent fr\u00e9quemment des personnes et des chariots comme les cuisines, les salles de transformation industrielle des aliments<\/p>\n<p><strong>Installation pour l&rsquo;int\u00e9rieur<\/strong><\/p>\n","protected":false},"featured_media":27738,"template":"","meta":[],"product_brand":[],"product_cat":[152,179,355],"product_tag":[183],"class_list":{"0":"post-28668","1":"product","2":"type-product","3":"status-publish","4":"has-post-thumbnail","6":"product_cat-portes","7":"product_cat-portes-semi-isolees","8":"product_cat-porte-va-et-vient-fr","9":"product_tag-porte-semi-isolante","11":"first","12":"instock","13":"shipping-taxable","14":"product-type-simple"},"yoast_head":"<!-- This site is optimized with the Yoast SEO plugin v27.4 - https:\/\/yoast.com\/product\/yoast-seo-wordpress\/ -->\n<title>PORTE SEMI-ISOLANTE Va et Vient - Miv Insulating Systems<\/title>\n<meta name=\"description\" content=\"PORTE SEMI-ISOLANTE Va et Vient La porte dite &quot;va-et-vient&quot; est une porte de type &quot;saloon&quot; qui s&#039;ouvre d&#039;une simple pression.\" \/>\n<meta name=\"robots\" content=\"index, follow, max-snippet:-1, max-image-preview:large, max-video-preview:-1\" \/>\n<link rel=\"canonical\" href=\"https:\/\/www.mivsrl.com\/fr\/produit\/porte-semi-isolante-va-et-vient\/\" \/>\n<meta property=\"og:locale\" content=\"fr_FR\" \/>\n<meta property=\"og:type\" content=\"article\" \/>\n<meta property=\"og:title\" content=\"PORTE SEMI-ISOLANTE Va et Vient - Miv Insulating Systems\" \/>\n<meta property=\"og:description\" content=\"PORTE SEMI-ISOLANTE Va et Vient La porte dite &quot;va-et-vient&quot; est une porte de type &quot;saloon&quot; qui s&#039;ouvre d&#039;une simple pression.\" \/>\n<meta property=\"og:url\" content=\"https:\/\/www.mivsrl.com\/fr\/produit\/porte-semi-isolante-va-et-vient\/\" \/>\n<meta property=\"og:site_name\" content=\"Miv Insulating Systems\" \/>\n<meta property=\"article:publisher\" content=\"https:\/\/www.facebook.com\/mivrefrigeration\" \/>\n<meta property=\"article:modified_time\" content=\"2023-10-25T08:21:36+00:00\" \/>\n<meta property=\"og:image\" content=\"https:\/\/www.mivsrl.com\/wp-content\/uploads\/2023\/03\/porta-frigorifera-industriale-semi-isolante-va-e-vieni-va-e-viene-porte-semi-isolanti-montaggio.jpg\" \/>\n\t<meta property=\"og:image:width\" content=\"1984\" \/>\n\t<meta property=\"og:image:height\" content=\"1984\" \/>\n\t<meta property=\"og:image:type\" content=\"image\/jpeg\" \/>\n<meta name=\"twitter:card\" content=\"summary_large_image\" \/>\n<meta name=\"twitter:label1\" content=\"Dur\u00e9e de lecture estim\u00e9e\" \/>\n\t<meta name=\"twitter:data1\" content=\"1 minute\" \/>\n<script type=\"application\/ld+json\" class=\"yoast-schema-graph\">{\"@context\":\"https:\\\/\\\/schema.org\",\"@graph\":[{\"@type\":\"WebPage\",\"@id\":\"https:\\\/\\\/www.mivsrl.com\\\/fr\\\/produit\\\/porte-semi-isolante-va-et-vient\\\/\",\"url\":\"https:\\\/\\\/www.mivsrl.com\\\/fr\\\/produit\\\/porte-semi-isolante-va-et-vient\\\/\",\"name\":\"PORTE SEMI-ISOLANTE Va et Vient - Miv Insulating Systems\",\"isPartOf\":{\"@id\":\"https:\\\/\\\/www.mivsrl.com\\\/fr\\\/#website\"},\"primaryImageOfPage\":{\"@id\":\"https:\\\/\\\/www.mivsrl.com\\\/fr\\\/produit\\\/porte-semi-isolante-va-et-vient\\\/#primaryimage\"},\"image\":{\"@id\":\"https:\\\/\\\/www.mivsrl.com\\\/fr\\\/produit\\\/porte-semi-isolante-va-et-vient\\\/#primaryimage\"},\"thumbnailUrl\":\"https:\\\/\\\/www.mivsrl.com\\\/wp-content\\\/uploads\\\/2023\\\/03\\\/porta-frigorifera-industriale-semi-isolante-va-e-vieni-va-e-viene-porte-semi-isolanti-montaggio.jpg\",\"datePublished\":\"2023-03-03T17:52:50+00:00\",\"dateModified\":\"2023-10-25T08:21:36+00:00\",\"description\":\"PORTE SEMI-ISOLANTE Va et Vient La porte dite \\\"va-et-vient\\\" est une porte de type \\\"saloon\\\" qui s'ouvre d'une simple pression.\",\"breadcrumb\":{\"@id\":\"https:\\\/\\\/www.mivsrl.com\\\/fr\\\/produit\\\/porte-semi-isolante-va-et-vient\\\/#breadcrumb\"},\"inLanguage\":\"fr-FR\",\"potentialAction\":[{\"@type\":\"ReadAction\",\"target\":[\"https:\\\/\\\/www.mivsrl.com\\\/fr\\\/produit\\\/porte-semi-isolante-va-et-vient\\\/\"]}]},{\"@type\":\"ImageObject\",\"inLanguage\":\"fr-FR\",\"@id\":\"https:\\\/\\\/www.mivsrl.com\\\/fr\\\/produit\\\/porte-semi-isolante-va-et-vient\\\/#primaryimage\",\"url\":\"https:\\\/\\\/www.mivsrl.com\\\/wp-content\\\/uploads\\\/2023\\\/03\\\/porta-frigorifera-industriale-semi-isolante-va-e-vieni-va-e-viene-porte-semi-isolanti-montaggio.jpg\",\"contentUrl\":\"https:\\\/\\\/www.mivsrl.com\\\/wp-content\\\/uploads\\\/2023\\\/03\\\/porta-frigorifera-industriale-semi-isolante-va-e-vieni-va-e-viene-porte-semi-isolanti-montaggio.jpg\",\"width\":1984,\"height\":1984,\"caption\":\"porta-frigorifera-industriale-semi-isolante-va-e-vieni-va-e-viene-porte-semi-isolanti-montaggio\"},{\"@type\":\"BreadcrumbList\",\"@id\":\"https:\\\/\\\/www.mivsrl.com\\\/fr\\\/produit\\\/porte-semi-isolante-va-et-vient\\\/#breadcrumb\",\"itemListElement\":[{\"@type\":\"ListItem\",\"position\":1,\"name\":\"Home\",\"item\":\"https:\\\/\\\/www.mivsrl.com\\\/fr\\\/\"},{\"@type\":\"ListItem\",\"position\":2,\"name\":\"Catalogue\",\"item\":\"https:\\\/\\\/www.mivsrl.com\\\/fr\\\/catalogue\\\/\"},{\"@type\":\"ListItem\",\"position\":3,\"name\":\"PORTE SEMI-ISOLANTE Va et Vient\"}]},{\"@type\":\"WebSite\",\"@id\":\"https:\\\/\\\/www.mivsrl.com\\\/fr\\\/#website\",\"url\":\"https:\\\/\\\/www.mivsrl.com\\\/fr\\\/\",\"name\":\"Miv Insulating Systems\",\"description\":\"Produzione di porte e accessori per celle frigorifere\",\"potentialAction\":[{\"@type\":\"SearchAction\",\"target\":{\"@type\":\"EntryPoint\",\"urlTemplate\":\"https:\\\/\\\/www.mivsrl.com\\\/fr\\\/?s={search_term_string}\"},\"query-input\":{\"@type\":\"PropertyValueSpecification\",\"valueRequired\":true,\"valueName\":\"search_term_string\"}}],\"inLanguage\":\"fr-FR\"}]}<\/script>\n<!-- \/ Yoast SEO plugin. -->","yoast_head_json":{"title":"PORTE SEMI-ISOLANTE Va et Vient - Miv Insulating Systems","description":"PORTE SEMI-ISOLANTE Va et Vient La porte dite \"va-et-vient\" est une porte de type \"saloon\" qui s'ouvre d'une simple pression.","robots":{"index":"index","follow":"follow","max-snippet":"max-snippet:-1","max-image-preview":"max-image-preview:large","max-video-preview":"max-video-preview:-1"},"canonical":"https:\/\/www.mivsrl.com\/fr\/produit\/porte-semi-isolante-va-et-vient\/","og_locale":"fr_FR","og_type":"article","og_title":"PORTE SEMI-ISOLANTE Va et Vient - Miv Insulating Systems","og_description":"PORTE SEMI-ISOLANTE Va et Vient La porte dite \"va-et-vient\" est une porte de type \"saloon\" qui s'ouvre d'une simple pression.","og_url":"https:\/\/www.mivsrl.com\/fr\/produit\/porte-semi-isolante-va-et-vient\/","og_site_name":"Miv Insulating Systems","article_publisher":"https:\/\/www.facebook.com\/mivrefrigeration","article_modified_time":"2023-10-25T08:21:36+00:00","og_image":[{"width":1984,"height":1984,"url":"https:\/\/www.mivsrl.com\/wp-content\/uploads\/2023\/03\/porta-frigorifera-industriale-semi-isolante-va-e-vieni-va-e-viene-porte-semi-isolanti-montaggio.jpg","type":"image\/jpeg"}],"twitter_card":"summary_large_image","twitter_misc":{"Dur\u00e9e de lecture estim\u00e9e":"1 minute"},"schema":{"@context":"https:\/\/schema.org","@graph":[{"@type":"WebPage","@id":"https:\/\/www.mivsrl.com\/fr\/produit\/porte-semi-isolante-va-et-vient\/","url":"https:\/\/www.mivsrl.com\/fr\/produit\/porte-semi-isolante-va-et-vient\/","name":"PORTE SEMI-ISOLANTE Va et Vient - Miv Insulating Systems","isPartOf":{"@id":"https:\/\/www.mivsrl.com\/fr\/#website"},"primaryImageOfPage":{"@id":"https:\/\/www.mivsrl.com\/fr\/produit\/porte-semi-isolante-va-et-vient\/#primaryimage"},"image":{"@id":"https:\/\/www.mivsrl.com\/fr\/produit\/porte-semi-isolante-va-et-vient\/#primaryimage"},"thumbnailUrl":"https:\/\/www.mivsrl.com\/wp-content\/uploads\/2023\/03\/porta-frigorifera-industriale-semi-isolante-va-e-vieni-va-e-viene-porte-semi-isolanti-montaggio.jpg","datePublished":"2023-03-03T17:52:50+00:00","dateModified":"2023-10-25T08:21:36+00:00","description":"PORTE SEMI-ISOLANTE Va et Vient La porte dite \"va-et-vient\" est une porte de type \"saloon\" qui s'ouvre d'une simple pression.","breadcrumb":{"@id":"https:\/\/www.mivsrl.com\/fr\/produit\/porte-semi-isolante-va-et-vient\/#breadcrumb"},"inLanguage":"fr-FR","potentialAction":[{"@type":"ReadAction","target":["https:\/\/www.mivsrl.com\/fr\/produit\/porte-semi-isolante-va-et-vient\/"]}]},{"@type":"ImageObject","inLanguage":"fr-FR","@id":"https:\/\/www.mivsrl.com\/fr\/produit\/porte-semi-isolante-va-et-vient\/#primaryimage","url":"https:\/\/www.mivsrl.com\/wp-content\/uploads\/2023\/03\/porta-frigorifera-industriale-semi-isolante-va-e-vieni-va-e-viene-porte-semi-isolanti-montaggio.jpg","contentUrl":"https:\/\/www.mivsrl.com\/wp-content\/uploads\/2023\/03\/porta-frigorifera-industriale-semi-isolante-va-e-vieni-va-e-viene-porte-semi-isolanti-montaggio.jpg","width":1984,"height":1984,"caption":"porta-frigorifera-industriale-semi-isolante-va-e-vieni-va-e-viene-porte-semi-isolanti-montaggio"},{"@type":"BreadcrumbList","@id":"https:\/\/www.mivsrl.com\/fr\/produit\/porte-semi-isolante-va-et-vient\/#breadcrumb","itemListElement":[{"@type":"ListItem","position":1,"name":"Home","item":"https:\/\/www.mivsrl.com\/fr\/"},{"@type":"ListItem","position":2,"name":"Catalogue","item":"https:\/\/www.mivsrl.com\/fr\/catalogue\/"},{"@type":"ListItem","position":3,"name":"PORTE SEMI-ISOLANTE Va et Vient"}]},{"@type":"WebSite","@id":"https:\/\/www.mivsrl.com\/fr\/#website","url":"https:\/\/www.mivsrl.com\/fr\/","name":"Miv Insulating Systems","description":"Produzione di porte e accessori per celle frigorifere","potentialAction":[{"@type":"SearchAction","target":{"@type":"EntryPoint","urlTemplate":"https:\/\/www.mivsrl.com\/fr\/?s={search_term_string}"},"query-input":{"@type":"PropertyValueSpecification","valueRequired":true,"valueName":"search_term_string"}}],"inLanguage":"fr-FR"}]}},"_links":{"self":[{"href":"https:\/\/www.mivsrl.com\/fr\/wp-json\/wp\/v2\/product\/28668","targetHints":{"allow":["GET"]}}],"collection":[{"href":"https:\/\/www.mivsrl.com\/fr\/wp-json\/wp\/v2\/product"}],"about":[{"href":"https:\/\/www.mivsrl.com\/fr\/wp-json\/wp\/v2\/types\/product"}],"version-history":[{"count":0,"href":"https:\/\/www.mivsrl.com\/fr\/wp-json\/wp\/v2\/product\/28668\/revisions"}],"wp:featuredmedia":[{"embeddable":true,"href":"https:\/\/www.mivsrl.com\/fr\/wp-json\/wp\/v2\/media\/27738"}],"wp:attachment":[{"href":"https:\/\/www.mivsrl.com\/fr\/wp-json\/wp\/v2\/media?parent=28668"}],"wp:term":[{"taxonomy":"product_brand","embeddable":true,"href":"https:\/\/www.mivsrl.com\/fr\/wp-json\/wp\/v2\/product_brand?post=28668"},{"taxonomy":"product_cat","embeddable":true,"href":"https:\/\/www.mivsrl.com\/fr\/wp-json\/wp\/v2\/product_cat?post=28668"},{"taxonomy":"product_tag","embeddable":true,"href":"https:\/\/www.mivsrl.com\/fr\/wp-json\/wp\/v2\/product_tag?post=28668"}],"curies":[{"name":"wp","href":"https:\/\/api.w.org\/{rel}","templated":true}]}}