{"id":30175,"date":"2023-05-16T23:58:13","date_gmt":"2023-05-16T21:58:13","guid":{"rendered":"https:\/\/www.mivsrl.com\/product\/renfort-dangle-pour-cote-bati-06b400314\/"},"modified":"2023-10-25T14:15:54","modified_gmt":"2023-10-25T12:15:54","slug":"renfort-dangle-pour-cote-bati-06b400314","status":"publish","type":"product","link":"https:\/\/www.mivsrl.com\/fr\/produit\/renfort-dangle-pour-cote-bati-06b400314\/","title":{"rendered":"Corni\u00e8re pour union contre-b\u00e2ti <span> 06B500116 <\/span>"},"content":{"rendered":"\t\t<div data-elementor-type=\"wp-post\" data-elementor-id=\"30175\" class=\"elementor elementor-30175 elementor-29942\">\n\t\t\t\t\t\t<section class=\"elementor-section elementor-top-section elementor-element elementor-element-62722b1 elementor-section-boxed elementor-section-height-default elementor-section-height-default wd-section-disabled\" data-id=\"62722b1\" data-element_type=\"section\" data-e-type=\"section\">\n\t\t\t\t\t\t<div class=\"elementor-container elementor-column-gap-default\">\n\t\t\t\t\t<div class=\"elementor-column elementor-col-100 elementor-top-column elementor-element elementor-element-d056aa6\" data-id=\"d056aa6\" data-element_type=\"column\" data-e-type=\"column\">\n\t\t\t<div class=\"elementor-widget-wrap elementor-element-populated\">\n\t\t\t\t\t\t<div class=\"elementor-element elementor-element-56079ea elementor-widget elementor-widget-wd_button\" data-id=\"56079ea\" data-element_type=\"widget\" data-e-type=\"widget\" data-widget_type=\"wd_button.default\">\n\t\t\t\t<div class=\"elementor-widget-container\">\n\t\t\t\t\t\t\t<div class=\"wd-button-wrapper text-center\" >\n\t\t\t<a class=\"btn btn-style-default btn-style-rectangle btn-size-default btn-color-primary btn-icon-pos-right\"  href=\"https:\/\/www.mivsrl.com\/wp-content\/uploads\/2023\/05\/componenti-cerniera-06B400314.jpg\" target=\"_blank\">\n\t\t\t\t<span class=\"wd-btn-text\" data-elementor-setting-key=\"text\">\n\t\t\t\t\tFICHE TECHNIQUE\t\t\t\t<\/span>\n\n\t\t\t\t\t\t\t<\/a>\n\t\t<\/div>\n\t\t\t\t\t\t<\/div>\n\t\t\t\t<\/div>\n\t\t\t\t\t<\/div>\n\t\t<\/div>\n\t\t\t\t\t<\/div>\n\t\t<\/section>\n\t\t\t\t<\/div>\n\t\t","protected":false},"excerpt":{"rendered":"<p><strong> 06B500116<\/strong><\/p>\n<p>Corni\u00e8re en technopolym\u00e8re utilis\u00e9e pour joindre le montant et la traverse de la contre-porte en PVC Cod. 06F200025 ou en aluminium anodis\u00e9 6060 T6 Cod.06AL20012.<\/p>\n","protected":false},"featured_media":26924,"template":"","meta":[],"product_brand":[],"product_cat":[159,345,356,344,354],"product_tag":[163,266,274,284],"class_list":{"0":"post-30175","1":"product","2":"type-product","3":"status-publish","4":"has-post-thumbnail","6":"product_cat-composants-pour-portes","7":"product_cat-composants-pour-portes-pivotantes-fr","8":"product_cat-composants-pour-portes-coulissantes-fr","9":"product_cat-renforcements-internes-vantail-cadre-pour-portes-coulissantes-fr","10":"product_cat-renforcements-internes-vantail-cadre-pour-portes-pivotantes","11":"product_tag-element-de-la-porte","12":"product_tag-composants-de-la-charniere","13":"product_tag-composants-pour-portes-coulissantes","14":"product_tag-renforts-internes-du-cadre","16":"first","17":"instock","18":"shipping-taxable","19":"product-type-simple"},"yoast_head":"<!-- This site is optimized with the Yoast SEO plugin v27.1 - https:\/\/yoast.com\/product\/yoast-seo-wordpress\/ -->\n<title>Corni\u00e8re pour union contre-b\u00e2ti  06B500116  - Miv Insulating Systems<\/title>\n<meta name=\"description\" content=\"Corni\u00e8re en technopolym\u00e8re utilis\u00e9e pour relier le montant et la traverse de la contre-b\u00e2ti en PVC ou en aluminium anodis\u00e9 6060 T6.\" \/>\n<meta name=\"robots\" content=\"index, follow, max-snippet:-1, max-image-preview:large, max-video-preview:-1\" \/>\n<link rel=\"canonical\" href=\"https:\/\/www.mivsrl.com\/fr\/produit\/renfort-dangle-pour-cote-bati-06b400314\/\" \/>\n<meta property=\"og:locale\" content=\"fr_FR\" \/>\n<meta property=\"og:type\" content=\"article\" \/>\n<meta property=\"og:title\" content=\"Corni\u00e8re pour union contre-b\u00e2ti  06B500116  - Miv Insulating Systems\" \/>\n<meta property=\"og:description\" content=\"Corni\u00e8re en technopolym\u00e8re utilis\u00e9e pour relier le montant et la traverse de la contre-b\u00e2ti en PVC ou en aluminium anodis\u00e9 6060 T6.\" \/>\n<meta property=\"og:url\" content=\"https:\/\/www.mivsrl.com\/fr\/produit\/renfort-dangle-pour-cote-bati-06b400314\/\" \/>\n<meta property=\"og:site_name\" content=\"Miv Insulating Systems\" \/>\n<meta property=\"article:publisher\" content=\"https:\/\/www.facebook.com\/mivrefrigeration\" \/>\n<meta property=\"article:modified_time\" content=\"2023-10-25T12:15:54+00:00\" \/>\n<meta property=\"og:image\" content=\"https:\/\/www.mivsrl.com\/wp-content\/uploads\/2021\/04\/componenti_rinforziinterniperbattentietelai_06B500116.png\" \/>\n\t<meta property=\"og:image:width\" content=\"632\" \/>\n\t<meta property=\"og:image:height\" content=\"700\" \/>\n\t<meta property=\"og:image:type\" content=\"image\/png\" \/>\n<meta name=\"twitter:card\" content=\"summary_large_image\" \/>\n<meta name=\"twitter:label1\" content=\"Dur\u00e9e de lecture estim\u00e9e\" \/>\n\t<meta name=\"twitter:data1\" content=\"1 minute\" \/>\n<script type=\"application\/ld+json\" class=\"yoast-schema-graph\">{\"@context\":\"https:\/\/schema.org\",\"@graph\":[{\"@type\":\"WebPage\",\"@id\":\"https:\/\/www.mivsrl.com\/fr\/produit\/renfort-dangle-pour-cote-bati-06b400314\/\",\"url\":\"https:\/\/www.mivsrl.com\/fr\/produit\/renfort-dangle-pour-cote-bati-06b400314\/\",\"name\":\"Corni\u00e8re pour union contre-b\u00e2ti 06B500116 - Miv Insulating Systems\",\"isPartOf\":{\"@id\":\"https:\/\/www.mivsrl.com\/fr\/#website\"},\"primaryImageOfPage\":{\"@id\":\"https:\/\/www.mivsrl.com\/fr\/produit\/renfort-dangle-pour-cote-bati-06b400314\/#primaryimage\"},\"image\":{\"@id\":\"https:\/\/www.mivsrl.com\/fr\/produit\/renfort-dangle-pour-cote-bati-06b400314\/#primaryimage\"},\"thumbnailUrl\":\"https:\/\/www.mivsrl.com\/wp-content\/uploads\/2021\/04\/componenti_rinforziinterniperbattentietelai_06B500116.png\",\"datePublished\":\"2023-05-16T21:58:13+00:00\",\"dateModified\":\"2023-10-25T12:15:54+00:00\",\"description\":\"Corni\u00e8re en technopolym\u00e8re utilis\u00e9e pour relier le montant et la traverse de la contre-b\u00e2ti en PVC ou en aluminium anodis\u00e9 6060 T6.\",\"breadcrumb\":{\"@id\":\"https:\/\/www.mivsrl.com\/fr\/produit\/renfort-dangle-pour-cote-bati-06b400314\/#breadcrumb\"},\"inLanguage\":\"fr-FR\",\"potentialAction\":[{\"@type\":\"ReadAction\",\"target\":[\"https:\/\/www.mivsrl.com\/fr\/produit\/renfort-dangle-pour-cote-bati-06b400314\/\"]}]},{\"@type\":\"ImageObject\",\"inLanguage\":\"fr-FR\",\"@id\":\"https:\/\/www.mivsrl.com\/fr\/produit\/renfort-dangle-pour-cote-bati-06b400314\/#primaryimage\",\"url\":\"https:\/\/www.mivsrl.com\/wp-content\/uploads\/2021\/04\/componenti_rinforziinterniperbattentietelai_06B500116.png\",\"contentUrl\":\"https:\/\/www.mivsrl.com\/wp-content\/uploads\/2021\/04\/componenti_rinforziinterniperbattentietelai_06B500116.png\",\"width\":632,\"height\":700,\"caption\":\"Scheda-tecnica-rinforzi-interni-battenti-telai-per-porta-scorrevole\"},{\"@type\":\"BreadcrumbList\",\"@id\":\"https:\/\/www.mivsrl.com\/fr\/produit\/renfort-dangle-pour-cote-bati-06b400314\/#breadcrumb\",\"itemListElement\":[{\"@type\":\"ListItem\",\"position\":1,\"name\":\"Home\",\"item\":\"https:\/\/www.mivsrl.com\/fr\/\"},{\"@type\":\"ListItem\",\"position\":2,\"name\":\"Catalogue\",\"item\":\"https:\/\/www.mivsrl.com\/fr\/catalogue\/\"},{\"@type\":\"ListItem\",\"position\":3,\"name\":\"Corni\u00e8re pour union contre-b\u00e2ti 06B500116\"}]},{\"@type\":\"WebSite\",\"@id\":\"https:\/\/www.mivsrl.com\/fr\/#website\",\"url\":\"https:\/\/www.mivsrl.com\/fr\/\",\"name\":\"Miv Insulating Systems\",\"description\":\"Produzione di porte e accessori per celle frigorifere\",\"potentialAction\":[{\"@type\":\"SearchAction\",\"target\":{\"@type\":\"EntryPoint\",\"urlTemplate\":\"https:\/\/www.mivsrl.com\/fr\/?s={search_term_string}\"},\"query-input\":{\"@type\":\"PropertyValueSpecification\",\"valueRequired\":true,\"valueName\":\"search_term_string\"}}],\"inLanguage\":\"fr-FR\"}]}<\/script>\n<!-- \/ Yoast SEO plugin. -->","yoast_head_json":{"title":"Corni\u00e8re pour union contre-b\u00e2ti  06B500116  - Miv Insulating Systems","description":"Corni\u00e8re en technopolym\u00e8re utilis\u00e9e pour relier le montant et la traverse de la contre-b\u00e2ti en PVC ou en aluminium anodis\u00e9 6060 T6.","robots":{"index":"index","follow":"follow","max-snippet":"max-snippet:-1","max-image-preview":"max-image-preview:large","max-video-preview":"max-video-preview:-1"},"canonical":"https:\/\/www.mivsrl.com\/fr\/produit\/renfort-dangle-pour-cote-bati-06b400314\/","og_locale":"fr_FR","og_type":"article","og_title":"Corni\u00e8re pour union contre-b\u00e2ti  06B500116  - Miv Insulating Systems","og_description":"Corni\u00e8re en technopolym\u00e8re utilis\u00e9e pour relier le montant et la traverse de la contre-b\u00e2ti en PVC ou en aluminium anodis\u00e9 6060 T6.","og_url":"https:\/\/www.mivsrl.com\/fr\/produit\/renfort-dangle-pour-cote-bati-06b400314\/","og_site_name":"Miv Insulating Systems","article_publisher":"https:\/\/www.facebook.com\/mivrefrigeration","article_modified_time":"2023-10-25T12:15:54+00:00","og_image":[{"width":632,"height":700,"url":"https:\/\/www.mivsrl.com\/wp-content\/uploads\/2021\/04\/componenti_rinforziinterniperbattentietelai_06B500116.png","type":"image\/png"}],"twitter_card":"summary_large_image","twitter_misc":{"Dur\u00e9e de lecture estim\u00e9e":"1 minute"},"schema":{"@context":"https:\/\/schema.org","@graph":[{"@type":"WebPage","@id":"https:\/\/www.mivsrl.com\/fr\/produit\/renfort-dangle-pour-cote-bati-06b400314\/","url":"https:\/\/www.mivsrl.com\/fr\/produit\/renfort-dangle-pour-cote-bati-06b400314\/","name":"Corni\u00e8re pour union contre-b\u00e2ti 06B500116 - Miv Insulating Systems","isPartOf":{"@id":"https:\/\/www.mivsrl.com\/fr\/#website"},"primaryImageOfPage":{"@id":"https:\/\/www.mivsrl.com\/fr\/produit\/renfort-dangle-pour-cote-bati-06b400314\/#primaryimage"},"image":{"@id":"https:\/\/www.mivsrl.com\/fr\/produit\/renfort-dangle-pour-cote-bati-06b400314\/#primaryimage"},"thumbnailUrl":"https:\/\/www.mivsrl.com\/wp-content\/uploads\/2021\/04\/componenti_rinforziinterniperbattentietelai_06B500116.png","datePublished":"2023-05-16T21:58:13+00:00","dateModified":"2023-10-25T12:15:54+00:00","description":"Corni\u00e8re en technopolym\u00e8re utilis\u00e9e pour relier le montant et la traverse de la contre-b\u00e2ti en PVC ou en aluminium anodis\u00e9 6060 T6.","breadcrumb":{"@id":"https:\/\/www.mivsrl.com\/fr\/produit\/renfort-dangle-pour-cote-bati-06b400314\/#breadcrumb"},"inLanguage":"fr-FR","potentialAction":[{"@type":"ReadAction","target":["https:\/\/www.mivsrl.com\/fr\/produit\/renfort-dangle-pour-cote-bati-06b400314\/"]}]},{"@type":"ImageObject","inLanguage":"fr-FR","@id":"https:\/\/www.mivsrl.com\/fr\/produit\/renfort-dangle-pour-cote-bati-06b400314\/#primaryimage","url":"https:\/\/www.mivsrl.com\/wp-content\/uploads\/2021\/04\/componenti_rinforziinterniperbattentietelai_06B500116.png","contentUrl":"https:\/\/www.mivsrl.com\/wp-content\/uploads\/2021\/04\/componenti_rinforziinterniperbattentietelai_06B500116.png","width":632,"height":700,"caption":"Scheda-tecnica-rinforzi-interni-battenti-telai-per-porta-scorrevole"},{"@type":"BreadcrumbList","@id":"https:\/\/www.mivsrl.com\/fr\/produit\/renfort-dangle-pour-cote-bati-06b400314\/#breadcrumb","itemListElement":[{"@type":"ListItem","position":1,"name":"Home","item":"https:\/\/www.mivsrl.com\/fr\/"},{"@type":"ListItem","position":2,"name":"Catalogue","item":"https:\/\/www.mivsrl.com\/fr\/catalogue\/"},{"@type":"ListItem","position":3,"name":"Corni\u00e8re pour union contre-b\u00e2ti 06B500116"}]},{"@type":"WebSite","@id":"https:\/\/www.mivsrl.com\/fr\/#website","url":"https:\/\/www.mivsrl.com\/fr\/","name":"Miv Insulating Systems","description":"Produzione di porte e accessori per celle frigorifere","potentialAction":[{"@type":"SearchAction","target":{"@type":"EntryPoint","urlTemplate":"https:\/\/www.mivsrl.com\/fr\/?s={search_term_string}"},"query-input":{"@type":"PropertyValueSpecification","valueRequired":true,"valueName":"search_term_string"}}],"inLanguage":"fr-FR"}]}},"_links":{"self":[{"href":"https:\/\/www.mivsrl.com\/fr\/wp-json\/wp\/v2\/product\/30175","targetHints":{"allow":["GET"]}}],"collection":[{"href":"https:\/\/www.mivsrl.com\/fr\/wp-json\/wp\/v2\/product"}],"about":[{"href":"https:\/\/www.mivsrl.com\/fr\/wp-json\/wp\/v2\/types\/product"}],"version-history":[{"count":0,"href":"https:\/\/www.mivsrl.com\/fr\/wp-json\/wp\/v2\/product\/30175\/revisions"}],"wp:featuredmedia":[{"embeddable":true,"href":"https:\/\/www.mivsrl.com\/fr\/wp-json\/wp\/v2\/media\/26924"}],"wp:attachment":[{"href":"https:\/\/www.mivsrl.com\/fr\/wp-json\/wp\/v2\/media?parent=30175"}],"wp:term":[{"taxonomy":"product_brand","embeddable":true,"href":"https:\/\/www.mivsrl.com\/fr\/wp-json\/wp\/v2\/product_brand?post=30175"},{"taxonomy":"product_cat","embeddable":true,"href":"https:\/\/www.mivsrl.com\/fr\/wp-json\/wp\/v2\/product_cat?post=30175"},{"taxonomy":"product_tag","embeddable":true,"href":"https:\/\/www.mivsrl.com\/fr\/wp-json\/wp\/v2\/product_tag?post=30175"}],"curies":[{"name":"wp","href":"https:\/\/api.w.org\/{rel}","templated":true}]}}