{"id":30751,"date":"2023-05-17T22:46:39","date_gmt":"2023-05-17T20:46:39","guid":{"rendered":"https:\/\/www.mivsrl.com\/product\/levier-de-deblocage-de-la-poignee-06h100126\/"},"modified":"2023-10-25T10:30:51","modified_gmt":"2023-10-25T08:30:51","slug":"levier-de-deblocage-de-la-poignee-06h100126","status":"publish","type":"product","link":"https:\/\/www.mivsrl.com\/fr\/produit\/levier-de-deblocage-de-la-poignee-06h100126\/","title":{"rendered":"Levier de d\u00e9blocage de la poign\u00e9e <span> 06H100126 <\/span>"},"content":{"rendered":"\t\t<div data-elementor-type=\"wp-post\" data-elementor-id=\"30751\" class=\"elementor elementor-30751 elementor-30206\">\n\t\t\t\t\t\t<section class=\"elementor-section elementor-top-section elementor-element elementor-element-62722b1 elementor-section-boxed elementor-section-height-default elementor-section-height-default wd-section-disabled\" data-id=\"62722b1\" data-element_type=\"section\" data-e-type=\"section\">\n\t\t\t\t\t\t<div class=\"elementor-container elementor-column-gap-default\">\n\t\t\t\t\t<div class=\"elementor-column elementor-col-100 elementor-top-column elementor-element elementor-element-d056aa6\" data-id=\"d056aa6\" data-element_type=\"column\" data-e-type=\"column\">\n\t\t\t<div class=\"elementor-widget-wrap elementor-element-populated\">\n\t\t\t\t\t\t<div class=\"elementor-element elementor-element-003c9b1 elementor-widget elementor-widget-wd_button\" data-id=\"003c9b1\" data-element_type=\"widget\" data-e-type=\"widget\" data-widget_type=\"wd_button.default\">\n\t\t\t\t<div class=\"elementor-widget-container\">\n\t\t\t\t\t\t\t<div class=\"wd-button-wrapper text-center\" >\n\t\t\t<a class=\"btn btn-style-default btn-style-rectangle btn-size-default btn-color-primary btn-icon-pos-right\"  href=\"https:\/\/www.mivsrl.com\/wp-content\/uploads\/2023\/05\/scorrevole-06H100126.jpg\" target=\"_blank\">\n\t\t\t\t<span class=\"wd-btn-text\" data-elementor-setting-key=\"text\">\n\t\t\t\t\tFICHE TECHNIQUE\t\t\t\t<\/span>\n\n\t\t\t\t\t\t\t<\/a>\n\t\t<\/div>\n\t\t\t\t\t\t<\/div>\n\t\t\t\t<\/div>\n\t\t\t\t\t<\/div>\n\t\t<\/div>\n\t\t\t\t\t<\/div>\n\t\t<\/section>\n\t\t\t\t<\/div>\n\t\t","protected":false},"excerpt":{"rendered":"<p><strong> 06H100126<\/strong><\/p>\n<p>B\u00e9quille en acier inoxydable, pour b\u00e9quille ext\u00e9rieure pour portes coulissantes Code 06H100254-55 ou Code 06H100256-57, en acier inoxydable.<\/p>\n","protected":false},"featured_media":27028,"template":"","meta":[],"product_brand":[],"product_cat":[313,159,356],"product_tag":[163,270,274],"class_list":{"0":"post-30751","1":"product","2":"type-product","3":"status-publish","4":"has-post-thumbnail","6":"product_cat-accessoires-pour-portes-coulissantes-fr","7":"product_cat-composants-pour-portes","8":"product_cat-composants-pour-portes-coulissantes-fr","9":"product_tag-element-de-la-porte","10":"product_tag-accessoires-pour-portes-coulissantes","11":"product_tag-composants-pour-portes-coulissantes","13":"first","14":"instock","15":"shipping-taxable","16":"product-type-simple"},"yoast_head":"<!-- This site is optimized with the Yoast SEO plugin v27.6 - https:\/\/yoast.com\/product\/yoast-seo-wordpress\/ -->\n<title>Levier de d\u00e9blocage de la poign\u00e9e  06H100126  - Miv Insulating Systems<\/title>\n<meta name=\"description\" content=\"B\u00e9quille en acier inoxydable, pour b\u00e9quille ext\u00e9rieure pour portes coulissantes Code 06H100254-55 ou Code 06H100256-57, en acier inoxydable.\" \/>\n<meta name=\"robots\" content=\"index, follow, max-snippet:-1, max-image-preview:large, max-video-preview:-1\" \/>\n<link rel=\"canonical\" href=\"https:\/\/www.mivsrl.com\/fr\/produit\/levier-de-deblocage-de-la-poignee-06h100126\/\" \/>\n<meta property=\"og:locale\" content=\"fr_FR\" \/>\n<meta property=\"og:type\" content=\"article\" \/>\n<meta property=\"og:title\" content=\"Levier de d\u00e9blocage de la poign\u00e9e  06H100126  - Miv Insulating Systems\" \/>\n<meta property=\"og:description\" content=\"B\u00e9quille en acier inoxydable, pour b\u00e9quille ext\u00e9rieure pour portes coulissantes Code 06H100254-55 ou Code 06H100256-57, en acier inoxydable.\" \/>\n<meta property=\"og:url\" content=\"https:\/\/www.mivsrl.com\/fr\/produit\/levier-de-deblocage-de-la-poignee-06h100126\/\" \/>\n<meta property=\"og:site_name\" content=\"Miv Insulating Systems\" \/>\n<meta property=\"article:publisher\" content=\"https:\/\/www.facebook.com\/mivrefrigeration\" \/>\n<meta property=\"article:modified_time\" content=\"2023-10-25T08:30:51+00:00\" \/>\n<meta property=\"og:image\" content=\"https:\/\/www.mivsrl.com\/wp-content\/uploads\/2021\/04\/06H100125A-Sblocco-maniglia-a-leva-4.png\" \/>\n\t<meta property=\"og:image:width\" content=\"499\" \/>\n\t<meta property=\"og:image:height\" content=\"700\" \/>\n\t<meta property=\"og:image:type\" content=\"image\/png\" \/>\n<meta name=\"twitter:card\" content=\"summary_large_image\" \/>\n<script type=\"application\/ld+json\" class=\"yoast-schema-graph\">{\"@context\":\"https:\\\/\\\/schema.org\",\"@graph\":[{\"@type\":\"WebPage\",\"@id\":\"https:\\\/\\\/www.mivsrl.com\\\/fr\\\/produit\\\/levier-de-deblocage-de-la-poignee-06h100126\\\/\",\"url\":\"https:\\\/\\\/www.mivsrl.com\\\/fr\\\/produit\\\/levier-de-deblocage-de-la-poignee-06h100126\\\/\",\"name\":\"Levier de d\u00e9blocage de la poign\u00e9e 06H100126 - Miv Insulating Systems\",\"isPartOf\":{\"@id\":\"https:\\\/\\\/www.mivsrl.com\\\/fr\\\/#website\"},\"primaryImageOfPage\":{\"@id\":\"https:\\\/\\\/www.mivsrl.com\\\/fr\\\/produit\\\/levier-de-deblocage-de-la-poignee-06h100126\\\/#primaryimage\"},\"image\":{\"@id\":\"https:\\\/\\\/www.mivsrl.com\\\/fr\\\/produit\\\/levier-de-deblocage-de-la-poignee-06h100126\\\/#primaryimage\"},\"thumbnailUrl\":\"https:\\\/\\\/www.mivsrl.com\\\/wp-content\\\/uploads\\\/2021\\\/04\\\/06H100125A-Sblocco-maniglia-a-leva-4.png\",\"datePublished\":\"2023-05-17T20:46:39+00:00\",\"dateModified\":\"2023-10-25T08:30:51+00:00\",\"description\":\"B\u00e9quille en acier inoxydable, pour b\u00e9quille ext\u00e9rieure pour portes coulissantes Code 06H100254-55 ou Code 06H100256-57, en acier inoxydable.\",\"breadcrumb\":{\"@id\":\"https:\\\/\\\/www.mivsrl.com\\\/fr\\\/produit\\\/levier-de-deblocage-de-la-poignee-06h100126\\\/#breadcrumb\"},\"inLanguage\":\"fr-FR\",\"potentialAction\":[{\"@type\":\"ReadAction\",\"target\":[\"https:\\\/\\\/www.mivsrl.com\\\/fr\\\/produit\\\/levier-de-deblocage-de-la-poignee-06h100126\\\/\"]}]},{\"@type\":\"ImageObject\",\"inLanguage\":\"fr-FR\",\"@id\":\"https:\\\/\\\/www.mivsrl.com\\\/fr\\\/produit\\\/levier-de-deblocage-de-la-poignee-06h100126\\\/#primaryimage\",\"url\":\"https:\\\/\\\/www.mivsrl.com\\\/wp-content\\\/uploads\\\/2021\\\/04\\\/06H100125A-Sblocco-maniglia-a-leva-4.png\",\"contentUrl\":\"https:\\\/\\\/www.mivsrl.com\\\/wp-content\\\/uploads\\\/2021\\\/04\\\/06H100125A-Sblocco-maniglia-a-leva-4.png\",\"width\":499,\"height\":700,\"caption\":\"06H100125A-Sblocco-maniglia-a-leva-4\"},{\"@type\":\"BreadcrumbList\",\"@id\":\"https:\\\/\\\/www.mivsrl.com\\\/fr\\\/produit\\\/levier-de-deblocage-de-la-poignee-06h100126\\\/#breadcrumb\",\"itemListElement\":[{\"@type\":\"ListItem\",\"position\":1,\"name\":\"Home\",\"item\":\"https:\\\/\\\/www.mivsrl.com\\\/fr\\\/\"},{\"@type\":\"ListItem\",\"position\":2,\"name\":\"Catalogue\",\"item\":\"https:\\\/\\\/www.mivsrl.com\\\/fr\\\/catalogue\\\/\"},{\"@type\":\"ListItem\",\"position\":3,\"name\":\"Levier de d\u00e9blocage de la poign\u00e9e 06H100126\"}]},{\"@type\":\"WebSite\",\"@id\":\"https:\\\/\\\/www.mivsrl.com\\\/fr\\\/#website\",\"url\":\"https:\\\/\\\/www.mivsrl.com\\\/fr\\\/\",\"name\":\"Miv Insulating Systems\",\"description\":\"Produzione di porte e accessori per celle frigorifere\",\"potentialAction\":[{\"@type\":\"SearchAction\",\"target\":{\"@type\":\"EntryPoint\",\"urlTemplate\":\"https:\\\/\\\/www.mivsrl.com\\\/fr\\\/?s={search_term_string}\"},\"query-input\":{\"@type\":\"PropertyValueSpecification\",\"valueRequired\":true,\"valueName\":\"search_term_string\"}}],\"inLanguage\":\"fr-FR\"}]}<\/script>\n<!-- \/ Yoast SEO plugin. -->","yoast_head_json":{"title":"Levier de d\u00e9blocage de la poign\u00e9e  06H100126  - Miv Insulating Systems","description":"B\u00e9quille en acier inoxydable, pour b\u00e9quille ext\u00e9rieure pour portes coulissantes Code 06H100254-55 ou Code 06H100256-57, en acier inoxydable.","robots":{"index":"index","follow":"follow","max-snippet":"max-snippet:-1","max-image-preview":"max-image-preview:large","max-video-preview":"max-video-preview:-1"},"canonical":"https:\/\/www.mivsrl.com\/fr\/produit\/levier-de-deblocage-de-la-poignee-06h100126\/","og_locale":"fr_FR","og_type":"article","og_title":"Levier de d\u00e9blocage de la poign\u00e9e  06H100126  - Miv Insulating Systems","og_description":"B\u00e9quille en acier inoxydable, pour b\u00e9quille ext\u00e9rieure pour portes coulissantes Code 06H100254-55 ou Code 06H100256-57, en acier inoxydable.","og_url":"https:\/\/www.mivsrl.com\/fr\/produit\/levier-de-deblocage-de-la-poignee-06h100126\/","og_site_name":"Miv Insulating Systems","article_publisher":"https:\/\/www.facebook.com\/mivrefrigeration","article_modified_time":"2023-10-25T08:30:51+00:00","og_image":[{"width":499,"height":700,"url":"https:\/\/www.mivsrl.com\/wp-content\/uploads\/2021\/04\/06H100125A-Sblocco-maniglia-a-leva-4.png","type":"image\/png"}],"twitter_card":"summary_large_image","schema":{"@context":"https:\/\/schema.org","@graph":[{"@type":"WebPage","@id":"https:\/\/www.mivsrl.com\/fr\/produit\/levier-de-deblocage-de-la-poignee-06h100126\/","url":"https:\/\/www.mivsrl.com\/fr\/produit\/levier-de-deblocage-de-la-poignee-06h100126\/","name":"Levier de d\u00e9blocage de la poign\u00e9e 06H100126 - Miv Insulating Systems","isPartOf":{"@id":"https:\/\/www.mivsrl.com\/fr\/#website"},"primaryImageOfPage":{"@id":"https:\/\/www.mivsrl.com\/fr\/produit\/levier-de-deblocage-de-la-poignee-06h100126\/#primaryimage"},"image":{"@id":"https:\/\/www.mivsrl.com\/fr\/produit\/levier-de-deblocage-de-la-poignee-06h100126\/#primaryimage"},"thumbnailUrl":"https:\/\/www.mivsrl.com\/wp-content\/uploads\/2021\/04\/06H100125A-Sblocco-maniglia-a-leva-4.png","datePublished":"2023-05-17T20:46:39+00:00","dateModified":"2023-10-25T08:30:51+00:00","description":"B\u00e9quille en acier inoxydable, pour b\u00e9quille ext\u00e9rieure pour portes coulissantes Code 06H100254-55 ou Code 06H100256-57, en acier inoxydable.","breadcrumb":{"@id":"https:\/\/www.mivsrl.com\/fr\/produit\/levier-de-deblocage-de-la-poignee-06h100126\/#breadcrumb"},"inLanguage":"fr-FR","potentialAction":[{"@type":"ReadAction","target":["https:\/\/www.mivsrl.com\/fr\/produit\/levier-de-deblocage-de-la-poignee-06h100126\/"]}]},{"@type":"ImageObject","inLanguage":"fr-FR","@id":"https:\/\/www.mivsrl.com\/fr\/produit\/levier-de-deblocage-de-la-poignee-06h100126\/#primaryimage","url":"https:\/\/www.mivsrl.com\/wp-content\/uploads\/2021\/04\/06H100125A-Sblocco-maniglia-a-leva-4.png","contentUrl":"https:\/\/www.mivsrl.com\/wp-content\/uploads\/2021\/04\/06H100125A-Sblocco-maniglia-a-leva-4.png","width":499,"height":700,"caption":"06H100125A-Sblocco-maniglia-a-leva-4"},{"@type":"BreadcrumbList","@id":"https:\/\/www.mivsrl.com\/fr\/produit\/levier-de-deblocage-de-la-poignee-06h100126\/#breadcrumb","itemListElement":[{"@type":"ListItem","position":1,"name":"Home","item":"https:\/\/www.mivsrl.com\/fr\/"},{"@type":"ListItem","position":2,"name":"Catalogue","item":"https:\/\/www.mivsrl.com\/fr\/catalogue\/"},{"@type":"ListItem","position":3,"name":"Levier de d\u00e9blocage de la poign\u00e9e 06H100126"}]},{"@type":"WebSite","@id":"https:\/\/www.mivsrl.com\/fr\/#website","url":"https:\/\/www.mivsrl.com\/fr\/","name":"Miv Insulating Systems","description":"Produzione di porte e accessori per celle frigorifere","potentialAction":[{"@type":"SearchAction","target":{"@type":"EntryPoint","urlTemplate":"https:\/\/www.mivsrl.com\/fr\/?s={search_term_string}"},"query-input":{"@type":"PropertyValueSpecification","valueRequired":true,"valueName":"search_term_string"}}],"inLanguage":"fr-FR"}]}},"_links":{"self":[{"href":"https:\/\/www.mivsrl.com\/fr\/wp-json\/wp\/v2\/product\/30751","targetHints":{"allow":["GET"]}}],"collection":[{"href":"https:\/\/www.mivsrl.com\/fr\/wp-json\/wp\/v2\/product"}],"about":[{"href":"https:\/\/www.mivsrl.com\/fr\/wp-json\/wp\/v2\/types\/product"}],"version-history":[{"count":0,"href":"https:\/\/www.mivsrl.com\/fr\/wp-json\/wp\/v2\/product\/30751\/revisions"}],"wp:featuredmedia":[{"embeddable":true,"href":"https:\/\/www.mivsrl.com\/fr\/wp-json\/wp\/v2\/media\/27028"}],"wp:attachment":[{"href":"https:\/\/www.mivsrl.com\/fr\/wp-json\/wp\/v2\/media?parent=30751"}],"wp:term":[{"taxonomy":"product_brand","embeddable":true,"href":"https:\/\/www.mivsrl.com\/fr\/wp-json\/wp\/v2\/product_brand?post=30751"},{"taxonomy":"product_cat","embeddable":true,"href":"https:\/\/www.mivsrl.com\/fr\/wp-json\/wp\/v2\/product_cat?post=30751"},{"taxonomy":"product_tag","embeddable":true,"href":"https:\/\/www.mivsrl.com\/fr\/wp-json\/wp\/v2\/product_tag?post=30751"}],"curies":[{"name":"wp","href":"https:\/\/api.w.org\/{rel}","templated":true}]}}