{"id":30881,"date":"2023-03-19T22:02:54","date_gmt":"2023-03-19T21:02:54","guid":{"rendered":"https:\/\/www.mivsrl.com\/product\/bordure-de-panneau-aller-retour-06al20251\/"},"modified":"2023-10-25T10:51:26","modified_gmt":"2023-10-25T08:51:26","slug":"bordure-de-panneau-aller-retour-06al20251","status":"publish","type":"product","link":"https:\/\/www.mivsrl.com\/fr\/produit\/bordure-de-panneau-aller-retour-06al20251\/","title":{"rendered":"Encadrement pour vantail \u201cVa et Vient\u201d <span>06AL20251<\/span>"},"content":{"rendered":"\t\t<div data-elementor-type=\"wp-post\" data-elementor-id=\"30881\" class=\"elementor elementor-30881 elementor-22935\">\n\t\t\t\t\t\t<section class=\"elementor-section elementor-top-section elementor-element elementor-element-62722b1 elementor-section-boxed elementor-section-height-default elementor-section-height-default wd-section-disabled\" data-id=\"62722b1\" data-element_type=\"section\" data-e-type=\"section\">\n\t\t\t\t\t\t<div class=\"elementor-container elementor-column-gap-default\">\n\t\t\t\t\t<div class=\"elementor-column elementor-col-100 elementor-top-column elementor-element elementor-element-d056aa6\" data-id=\"d056aa6\" data-element_type=\"column\" data-e-type=\"column\">\n\t\t\t<div class=\"elementor-widget-wrap elementor-element-populated\">\n\t\t\t\t\t\t<div class=\"elementor-element elementor-element-003c9b1 elementor-widget elementor-widget-wd_button\" data-id=\"003c9b1\" data-element_type=\"widget\" data-e-type=\"widget\" data-widget_type=\"wd_button.default\">\n\t\t\t\t<div class=\"elementor-widget-container\">\n\t\t\t\t\t\t\t<div class=\"wd-button-wrapper text-center\" >\n\t\t\t<a class=\"btn btn-style-default btn-style-rectangle btn-size-default btn-color-primary btn-icon-pos-right\"  href=\"https:\/\/www.mivsrl.com\/wp-content\/uploads\/2023\/03\/06AL20251-bordatura-pannello-va-e-vieni-scheda.png\" target=\"_blank\">\n\t\t\t\t<span class=\"wd-btn-text\" data-elementor-setting-key=\"text\">\n\t\t\t\t\tFICHE TECHNIQUE ENCADREMENT POUR VANTAIL \u201cVA ET VIENT\u201d\t\t\t\t<\/span>\n\n\t\t\t\t\t\t\t<\/a>\n\t\t<\/div>\n\t\t\t\t\t\t<\/div>\n\t\t\t\t<\/div>\n\t\t\t\t\t<\/div>\n\t\t<\/div>\n\t\t\t\t\t<\/div>\n\t\t<\/section>\n\t\t\t\t<\/div>\n\t\t","protected":false},"excerpt":{"rendered":"<p><strong>06AL20251<\/strong><\/p>\n<p class=\"elementor-heading-title elementor-size-small\">Profil\u00e9 en aluminium anodis\u00e9 argent, alliage 6060 T6, utilis\u00e9 pour la construction de portes \u00ab\u00a0l\u00e9g\u00e8res\u00a0\u00bb utilis\u00e9es sur les mod\u00e8les de portes techniques<br \/>\n-Va et Vient<br \/>\nFourni en barres de longueur standard de 7 mt.<\/p>\n","protected":false},"featured_media":27858,"template":"","meta":[],"product_brand":[],"product_cat":[346,159,347],"product_tag":[163,278],"class_list":{"0":"post-30881","1":"product","2":"type-product","3":"status-publish","4":"has-post-thumbnail","6":"product_cat-composants-pour-portes-semi-isolantes-fr","7":"product_cat-composants-pour-portes","8":"product_cat-profiles-en-aluminium-pour-portes-semi-isolantes-fr","9":"product_tag-element-de-la-porte","10":"product_tag-le-metier-a-tisser-va-et-vient","12":"first","13":"instock","14":"shipping-taxable","15":"product-type-simple"},"yoast_head":"<!-- This site is optimized with the Yoast SEO plugin v27.1 - https:\/\/yoast.com\/product\/yoast-seo-wordpress\/ -->\n<title>Encadrement pour vantail \u201cVa et Vient\u201d 06AL20251 - Miv Insulating Systems<\/title>\n<meta name=\"description\" content=\"Encadrement pour vantail \u201cVa et Vient\u201d Profil\u00e9 en aluminium anodis\u00e9 argent, alliage 6060 T6, utilis\u00e9 pour la construction de portes &quot;l\u00e9g\u00e8res&quot; utilis\u00e9es sur les mod\u00e8les de portes techniques -Va et Vient Fourni en barres de longueur standard de 7 mt.\" \/>\n<meta name=\"robots\" content=\"index, follow, max-snippet:-1, max-image-preview:large, max-video-preview:-1\" \/>\n<link rel=\"canonical\" href=\"https:\/\/www.mivsrl.com\/fr\/produit\/bordure-de-panneau-aller-retour-06al20251\/\" \/>\n<meta property=\"og:locale\" content=\"fr_FR\" \/>\n<meta property=\"og:type\" content=\"article\" \/>\n<meta property=\"og:title\" content=\"Encadrement pour vantail \u201cVa et Vient\u201d 06AL20251 - Miv Insulating Systems\" \/>\n<meta property=\"og:description\" content=\"Encadrement pour vantail \u201cVa et Vient\u201d Profil\u00e9 en aluminium anodis\u00e9 argent, alliage 6060 T6, utilis\u00e9 pour la construction de portes &quot;l\u00e9g\u00e8res&quot; utilis\u00e9es sur les mod\u00e8les de portes techniques -Va et Vient Fourni en barres de longueur standard de 7 mt.\" \/>\n<meta property=\"og:url\" content=\"https:\/\/www.mivsrl.com\/fr\/produit\/bordure-de-panneau-aller-retour-06al20251\/\" \/>\n<meta property=\"og:site_name\" content=\"Miv Insulating Systems\" \/>\n<meta property=\"article:publisher\" content=\"https:\/\/www.facebook.com\/mivrefrigeration\" \/>\n<meta property=\"article:modified_time\" content=\"2023-10-25T08:51:26+00:00\" \/>\n<meta property=\"og:image\" content=\"https:\/\/www.mivsrl.com\/wp-content\/uploads\/2023\/03\/06AL20251-bordatura-pannello-va-e-vieni.png\" \/>\n\t<meta property=\"og:image:width\" content=\"768\" \/>\n\t<meta property=\"og:image:height\" content=\"616\" \/>\n\t<meta property=\"og:image:type\" content=\"image\/png\" \/>\n<meta name=\"twitter:card\" content=\"summary_large_image\" \/>\n<meta name=\"twitter:label1\" content=\"Dur\u00e9e de lecture estim\u00e9e\" \/>\n\t<meta name=\"twitter:data1\" content=\"1 minute\" \/>\n<script type=\"application\/ld+json\" class=\"yoast-schema-graph\">{\"@context\":\"https:\/\/schema.org\",\"@graph\":[{\"@type\":\"WebPage\",\"@id\":\"https:\/\/www.mivsrl.com\/fr\/produit\/bordure-de-panneau-aller-retour-06al20251\/\",\"url\":\"https:\/\/www.mivsrl.com\/fr\/produit\/bordure-de-panneau-aller-retour-06al20251\/\",\"name\":\"Encadrement pour vantail \u201cVa et Vient\u201d 06AL20251 - Miv Insulating Systems\",\"isPartOf\":{\"@id\":\"https:\/\/www.mivsrl.com\/fr\/#website\"},\"primaryImageOfPage\":{\"@id\":\"https:\/\/www.mivsrl.com\/fr\/produit\/bordure-de-panneau-aller-retour-06al20251\/#primaryimage\"},\"image\":{\"@id\":\"https:\/\/www.mivsrl.com\/fr\/produit\/bordure-de-panneau-aller-retour-06al20251\/#primaryimage\"},\"thumbnailUrl\":\"https:\/\/www.mivsrl.com\/wp-content\/uploads\/2023\/03\/06AL20251-bordatura-pannello-va-e-vieni.png\",\"datePublished\":\"2023-03-19T21:02:54+00:00\",\"dateModified\":\"2023-10-25T08:51:26+00:00\",\"description\":\"Encadrement pour vantail \u201cVa et Vient\u201d Profil\u00e9 en aluminium anodis\u00e9 argent, alliage 6060 T6, utilis\u00e9 pour la construction de portes \\\"l\u00e9g\u00e8res\\\" utilis\u00e9es sur les mod\u00e8les de portes techniques -Va et Vient Fourni en barres de longueur standard de 7 mt.\",\"breadcrumb\":{\"@id\":\"https:\/\/www.mivsrl.com\/fr\/produit\/bordure-de-panneau-aller-retour-06al20251\/#breadcrumb\"},\"inLanguage\":\"fr-FR\",\"potentialAction\":[{\"@type\":\"ReadAction\",\"target\":[\"https:\/\/www.mivsrl.com\/fr\/produit\/bordure-de-panneau-aller-retour-06al20251\/\"]}]},{\"@type\":\"ImageObject\",\"inLanguage\":\"fr-FR\",\"@id\":\"https:\/\/www.mivsrl.com\/fr\/produit\/bordure-de-panneau-aller-retour-06al20251\/#primaryimage\",\"url\":\"https:\/\/www.mivsrl.com\/wp-content\/uploads\/2023\/03\/06AL20251-bordatura-pannello-va-e-vieni.png\",\"contentUrl\":\"https:\/\/www.mivsrl.com\/wp-content\/uploads\/2023\/03\/06AL20251-bordatura-pannello-va-e-vieni.png\",\"width\":768,\"height\":616,\"caption\":\"bordatura-pannello-va-e-vieni\"},{\"@type\":\"BreadcrumbList\",\"@id\":\"https:\/\/www.mivsrl.com\/fr\/produit\/bordure-de-panneau-aller-retour-06al20251\/#breadcrumb\",\"itemListElement\":[{\"@type\":\"ListItem\",\"position\":1,\"name\":\"Home\",\"item\":\"https:\/\/www.mivsrl.com\/fr\/\"},{\"@type\":\"ListItem\",\"position\":2,\"name\":\"Catalogue\",\"item\":\"https:\/\/www.mivsrl.com\/fr\/catalogue\/\"},{\"@type\":\"ListItem\",\"position\":3,\"name\":\"Encadrement pour vantail \u201cVa et Vient\u201d 06AL20251\"}]},{\"@type\":\"WebSite\",\"@id\":\"https:\/\/www.mivsrl.com\/fr\/#website\",\"url\":\"https:\/\/www.mivsrl.com\/fr\/\",\"name\":\"Miv Insulating Systems\",\"description\":\"Produzione di porte e accessori per celle frigorifere\",\"potentialAction\":[{\"@type\":\"SearchAction\",\"target\":{\"@type\":\"EntryPoint\",\"urlTemplate\":\"https:\/\/www.mivsrl.com\/fr\/?s={search_term_string}\"},\"query-input\":{\"@type\":\"PropertyValueSpecification\",\"valueRequired\":true,\"valueName\":\"search_term_string\"}}],\"inLanguage\":\"fr-FR\"}]}<\/script>\n<!-- \/ Yoast SEO plugin. -->","yoast_head_json":{"title":"Encadrement pour vantail \u201cVa et Vient\u201d 06AL20251 - Miv Insulating Systems","description":"Encadrement pour vantail \u201cVa et Vient\u201d Profil\u00e9 en aluminium anodis\u00e9 argent, alliage 6060 T6, utilis\u00e9 pour la construction de portes \"l\u00e9g\u00e8res\" utilis\u00e9es sur les mod\u00e8les de portes techniques -Va et Vient Fourni en barres de longueur standard de 7 mt.","robots":{"index":"index","follow":"follow","max-snippet":"max-snippet:-1","max-image-preview":"max-image-preview:large","max-video-preview":"max-video-preview:-1"},"canonical":"https:\/\/www.mivsrl.com\/fr\/produit\/bordure-de-panneau-aller-retour-06al20251\/","og_locale":"fr_FR","og_type":"article","og_title":"Encadrement pour vantail \u201cVa et Vient\u201d 06AL20251 - Miv Insulating Systems","og_description":"Encadrement pour vantail \u201cVa et Vient\u201d Profil\u00e9 en aluminium anodis\u00e9 argent, alliage 6060 T6, utilis\u00e9 pour la construction de portes \"l\u00e9g\u00e8res\" utilis\u00e9es sur les mod\u00e8les de portes techniques -Va et Vient Fourni en barres de longueur standard de 7 mt.","og_url":"https:\/\/www.mivsrl.com\/fr\/produit\/bordure-de-panneau-aller-retour-06al20251\/","og_site_name":"Miv Insulating Systems","article_publisher":"https:\/\/www.facebook.com\/mivrefrigeration","article_modified_time":"2023-10-25T08:51:26+00:00","og_image":[{"width":768,"height":616,"url":"https:\/\/www.mivsrl.com\/wp-content\/uploads\/2023\/03\/06AL20251-bordatura-pannello-va-e-vieni.png","type":"image\/png"}],"twitter_card":"summary_large_image","twitter_misc":{"Dur\u00e9e de lecture estim\u00e9e":"1 minute"},"schema":{"@context":"https:\/\/schema.org","@graph":[{"@type":"WebPage","@id":"https:\/\/www.mivsrl.com\/fr\/produit\/bordure-de-panneau-aller-retour-06al20251\/","url":"https:\/\/www.mivsrl.com\/fr\/produit\/bordure-de-panneau-aller-retour-06al20251\/","name":"Encadrement pour vantail \u201cVa et Vient\u201d 06AL20251 - Miv Insulating Systems","isPartOf":{"@id":"https:\/\/www.mivsrl.com\/fr\/#website"},"primaryImageOfPage":{"@id":"https:\/\/www.mivsrl.com\/fr\/produit\/bordure-de-panneau-aller-retour-06al20251\/#primaryimage"},"image":{"@id":"https:\/\/www.mivsrl.com\/fr\/produit\/bordure-de-panneau-aller-retour-06al20251\/#primaryimage"},"thumbnailUrl":"https:\/\/www.mivsrl.com\/wp-content\/uploads\/2023\/03\/06AL20251-bordatura-pannello-va-e-vieni.png","datePublished":"2023-03-19T21:02:54+00:00","dateModified":"2023-10-25T08:51:26+00:00","description":"Encadrement pour vantail \u201cVa et Vient\u201d Profil\u00e9 en aluminium anodis\u00e9 argent, alliage 6060 T6, utilis\u00e9 pour la construction de portes \"l\u00e9g\u00e8res\" utilis\u00e9es sur les mod\u00e8les de portes techniques -Va et Vient Fourni en barres de longueur standard de 7 mt.","breadcrumb":{"@id":"https:\/\/www.mivsrl.com\/fr\/produit\/bordure-de-panneau-aller-retour-06al20251\/#breadcrumb"},"inLanguage":"fr-FR","potentialAction":[{"@type":"ReadAction","target":["https:\/\/www.mivsrl.com\/fr\/produit\/bordure-de-panneau-aller-retour-06al20251\/"]}]},{"@type":"ImageObject","inLanguage":"fr-FR","@id":"https:\/\/www.mivsrl.com\/fr\/produit\/bordure-de-panneau-aller-retour-06al20251\/#primaryimage","url":"https:\/\/www.mivsrl.com\/wp-content\/uploads\/2023\/03\/06AL20251-bordatura-pannello-va-e-vieni.png","contentUrl":"https:\/\/www.mivsrl.com\/wp-content\/uploads\/2023\/03\/06AL20251-bordatura-pannello-va-e-vieni.png","width":768,"height":616,"caption":"bordatura-pannello-va-e-vieni"},{"@type":"BreadcrumbList","@id":"https:\/\/www.mivsrl.com\/fr\/produit\/bordure-de-panneau-aller-retour-06al20251\/#breadcrumb","itemListElement":[{"@type":"ListItem","position":1,"name":"Home","item":"https:\/\/www.mivsrl.com\/fr\/"},{"@type":"ListItem","position":2,"name":"Catalogue","item":"https:\/\/www.mivsrl.com\/fr\/catalogue\/"},{"@type":"ListItem","position":3,"name":"Encadrement pour vantail \u201cVa et Vient\u201d 06AL20251"}]},{"@type":"WebSite","@id":"https:\/\/www.mivsrl.com\/fr\/#website","url":"https:\/\/www.mivsrl.com\/fr\/","name":"Miv Insulating Systems","description":"Produzione di porte e accessori per celle frigorifere","potentialAction":[{"@type":"SearchAction","target":{"@type":"EntryPoint","urlTemplate":"https:\/\/www.mivsrl.com\/fr\/?s={search_term_string}"},"query-input":{"@type":"PropertyValueSpecification","valueRequired":true,"valueName":"search_term_string"}}],"inLanguage":"fr-FR"}]}},"_links":{"self":[{"href":"https:\/\/www.mivsrl.com\/fr\/wp-json\/wp\/v2\/product\/30881","targetHints":{"allow":["GET"]}}],"collection":[{"href":"https:\/\/www.mivsrl.com\/fr\/wp-json\/wp\/v2\/product"}],"about":[{"href":"https:\/\/www.mivsrl.com\/fr\/wp-json\/wp\/v2\/types\/product"}],"version-history":[{"count":0,"href":"https:\/\/www.mivsrl.com\/fr\/wp-json\/wp\/v2\/product\/30881\/revisions"}],"wp:featuredmedia":[{"embeddable":true,"href":"https:\/\/www.mivsrl.com\/fr\/wp-json\/wp\/v2\/media\/27858"}],"wp:attachment":[{"href":"https:\/\/www.mivsrl.com\/fr\/wp-json\/wp\/v2\/media?parent=30881"}],"wp:term":[{"taxonomy":"product_brand","embeddable":true,"href":"https:\/\/www.mivsrl.com\/fr\/wp-json\/wp\/v2\/product_brand?post=30881"},{"taxonomy":"product_cat","embeddable":true,"href":"https:\/\/www.mivsrl.com\/fr\/wp-json\/wp\/v2\/product_cat?post=30881"},{"taxonomy":"product_tag","embeddable":true,"href":"https:\/\/www.mivsrl.com\/fr\/wp-json\/wp\/v2\/product_tag?post=30881"}],"curies":[{"name":"wp","href":"https:\/\/api.w.org\/{rel}","templated":true}]}}