{"id":30887,"date":"2023-03-19T21:58:32","date_gmt":"2023-03-19T20:58:32","guid":{"rendered":"https:\/\/www.mivsrl.com\/product\/internal-office-et-come-and-go-frame-mod-2010-cop-60-90-06al20230\/"},"modified":"2023-10-25T10:51:35","modified_gmt":"2023-10-25T08:51:35","slug":"internal-office-et-come-and-go-frame-mod-2010-cop-60-90-06al20230","status":"publish","type":"product","link":"https:\/\/www.mivsrl.com\/fr\/produit\/internal-office-et-come-and-go-frame-mod-2010-cop-60-90-06al20230\/","title":{"rendered":"Bati interne de Type Bureau et Va et Vient Mod. 2010 Cop 60\/90 <span>06AL20230<\/span>"},"content":{"rendered":"\t\t<div data-elementor-type=\"wp-post\" data-elementor-id=\"30887\" class=\"elementor elementor-30887 elementor-22928\">\n\t\t\t\t\t\t<section class=\"elementor-section elementor-top-section elementor-element elementor-element-62722b1 elementor-section-boxed elementor-section-height-default elementor-section-height-default wd-section-disabled\" data-id=\"62722b1\" data-element_type=\"section\" data-e-type=\"section\">\n\t\t\t\t\t\t<div class=\"elementor-container elementor-column-gap-default\">\n\t\t\t\t\t<div class=\"elementor-column elementor-col-100 elementor-top-column elementor-element elementor-element-d056aa6\" data-id=\"d056aa6\" data-element_type=\"column\" data-e-type=\"column\">\n\t\t\t<div class=\"elementor-widget-wrap elementor-element-populated\">\n\t\t\t\t\t\t<div class=\"elementor-element elementor-element-003c9b1 elementor-widget elementor-widget-wd_button\" data-id=\"003c9b1\" data-element_type=\"widget\" data-e-type=\"widget\" data-widget_type=\"wd_button.default\">\n\t\t\t\t<div class=\"elementor-widget-container\">\n\t\t\t\t\t\t\t<div class=\"wd-button-wrapper text-center\" >\n\t\t\t<a class=\"btn btn-style-default btn-style-rectangle btn-size-default btn-color-primary btn-icon-pos-right\"  href=\"https:\/\/www.mivsrl.com\/wp-content\/uploads\/2023\/03\/06AL20230-profilo-alluminio.jpg\" target=\"_blank\">\n\t\t\t\t<span class=\"wd-btn-text\" data-elementor-setting-key=\"text\">\n\t\t\t\t\tFICHE TECHNIQUE BATI INTERNE DE TYPE BUREAU ET VA ET VIENT\t\t\t\t<\/span>\n\n\t\t\t\t\t\t\t<\/a>\n\t\t<\/div>\n\t\t\t\t\t\t<\/div>\n\t\t\t\t<\/div>\n\t\t\t\t\t<\/div>\n\t\t<\/div>\n\t\t\t\t\t<\/div>\n\t\t<\/section>\n\t\t\t\t<\/div>\n\t\t","protected":false},"excerpt":{"rendered":"<p><strong>06AL20230<\/strong><\/p>\n<p>Profil\u00e9 en alliage d&rsquo;aluminium anodis\u00e9 argent\u00e9 6060 T6, utilis\u00e9 pour la construction du cadre du mod\u00e8le \u00ab\u00a0Type bureau et Va et Vient\u00a0\u00bb, \u00e9quip\u00e9 d&rsquo;un syst\u00e8me de r\u00e9glage par assemblage avec le profil \u00ab\u00a006AL20228\u00a0\u00bb pour le mod\u00e8le \u00ab\u00a0Type bureau\u00a0\u00bb, ou \u00ab\u00a006AL20227\u00a0\u00bb pour le mod\u00e8le \u00ab\u00a0Va et Vient\u00a0\u00bb pour une gestion compl\u00e8te des \u00e9paisseurs qui peuvent varier d&rsquo;un minimum de 60 mm \u00e0 un maximum de 90 mm. Il est fourni en barres de 7 m de longueur standard.<\/p>\n","protected":false},"featured_media":27852,"template":"","meta":[],"product_brand":[],"product_cat":[346,159,347],"product_tag":[163,187,278,279],"class_list":{"0":"post-30887","1":"product","2":"type-product","3":"status-publish","4":"has-post-thumbnail","6":"product_cat-composants-pour-portes-semi-isolantes-fr","7":"product_cat-composants-pour-portes","8":"product_cat-profiles-en-aluminium-pour-portes-semi-isolantes-fr","9":"product_tag-element-de-la-porte","10":"product_tag-port-de-type-bureau","11":"product_tag-le-metier-a-tisser-va-et-vient","12":"product_tag-cadre-type-de-bureau","14":"first","15":"instock","16":"shipping-taxable","17":"product-type-simple"},"yoast_head":"<!-- This site is optimized with the Yoast SEO plugin v27.1 - https:\/\/yoast.com\/product\/yoast-seo-wordpress\/ -->\n<title>Bati interne de Type Bureau et Va et Vient Mod. 2010 Cop 60\/90 06AL20230 - Miv Insulating Systems<\/title>\n<meta name=\"description\" content=\"Bati interne de Type Bureau et Va et Vient. Profil\u00e9 en alliage d&#039;aluminium anodis\u00e9 argent\u00e9 6060 T6, utilis\u00e9 pour la construction du cadre du mod\u00e8le &quot;Type bureau et Va et Vient&quot;,\" \/>\n<meta name=\"robots\" content=\"index, follow, max-snippet:-1, max-image-preview:large, max-video-preview:-1\" \/>\n<link rel=\"canonical\" href=\"https:\/\/www.mivsrl.com\/fr\/produit\/internal-office-et-come-and-go-frame-mod-2010-cop-60-90-06al20230\/\" \/>\n<meta property=\"og:locale\" content=\"fr_FR\" \/>\n<meta property=\"og:type\" content=\"article\" \/>\n<meta property=\"og:title\" content=\"Bati interne de Type Bureau et Va et Vient Mod. 2010 Cop 60\/90 06AL20230 - Miv Insulating Systems\" \/>\n<meta property=\"og:description\" content=\"Bati interne de Type Bureau et Va et Vient. Profil\u00e9 en alliage d&#039;aluminium anodis\u00e9 argent\u00e9 6060 T6, utilis\u00e9 pour la construction du cadre du mod\u00e8le &quot;Type bureau et Va et Vient&quot;,\" \/>\n<meta property=\"og:url\" content=\"https:\/\/www.mivsrl.com\/fr\/produit\/internal-office-et-come-and-go-frame-mod-2010-cop-60-90-06al20230\/\" \/>\n<meta property=\"og:site_name\" content=\"Miv Insulating Systems\" \/>\n<meta property=\"article:publisher\" content=\"https:\/\/www.facebook.com\/mivrefrigeration\" \/>\n<meta property=\"article:modified_time\" content=\"2023-10-25T08:51:35+00:00\" \/>\n<meta property=\"og:image\" content=\"https:\/\/www.mivsrl.com\/wp-content\/uploads\/2023\/03\/componenti_profiliinalluminio_06AL20230.png\" \/>\n\t<meta property=\"og:image:width\" content=\"700\" \/>\n\t<meta property=\"og:image:height\" content=\"687\" \/>\n\t<meta property=\"og:image:type\" content=\"image\/png\" \/>\n<meta name=\"twitter:card\" content=\"summary_large_image\" \/>\n<meta name=\"twitter:label1\" content=\"Dur\u00e9e de lecture estim\u00e9e\" \/>\n\t<meta name=\"twitter:data1\" content=\"1 minute\" \/>\n<script type=\"application\/ld+json\" class=\"yoast-schema-graph\">{\"@context\":\"https:\/\/schema.org\",\"@graph\":[{\"@type\":\"WebPage\",\"@id\":\"https:\/\/www.mivsrl.com\/fr\/produit\/internal-office-et-come-and-go-frame-mod-2010-cop-60-90-06al20230\/\",\"url\":\"https:\/\/www.mivsrl.com\/fr\/produit\/internal-office-et-come-and-go-frame-mod-2010-cop-60-90-06al20230\/\",\"name\":\"Bati interne de Type Bureau et Va et Vient Mod. 2010 Cop 60\/90 06AL20230 - Miv Insulating Systems\",\"isPartOf\":{\"@id\":\"https:\/\/www.mivsrl.com\/fr\/#website\"},\"primaryImageOfPage\":{\"@id\":\"https:\/\/www.mivsrl.com\/fr\/produit\/internal-office-et-come-and-go-frame-mod-2010-cop-60-90-06al20230\/#primaryimage\"},\"image\":{\"@id\":\"https:\/\/www.mivsrl.com\/fr\/produit\/internal-office-et-come-and-go-frame-mod-2010-cop-60-90-06al20230\/#primaryimage\"},\"thumbnailUrl\":\"https:\/\/www.mivsrl.com\/wp-content\/uploads\/2023\/03\/componenti_profiliinalluminio_06AL20230.png\",\"datePublished\":\"2023-03-19T20:58:32+00:00\",\"dateModified\":\"2023-10-25T08:51:35+00:00\",\"description\":\"Bati interne de Type Bureau et Va et Vient. Profil\u00e9 en alliage d'aluminium anodis\u00e9 argent\u00e9 6060 T6, utilis\u00e9 pour la construction du cadre du mod\u00e8le \\\"Type bureau et Va et Vient\\\",\",\"breadcrumb\":{\"@id\":\"https:\/\/www.mivsrl.com\/fr\/produit\/internal-office-et-come-and-go-frame-mod-2010-cop-60-90-06al20230\/#breadcrumb\"},\"inLanguage\":\"fr-FR\",\"potentialAction\":[{\"@type\":\"ReadAction\",\"target\":[\"https:\/\/www.mivsrl.com\/fr\/produit\/internal-office-et-come-and-go-frame-mod-2010-cop-60-90-06al20230\/\"]}]},{\"@type\":\"ImageObject\",\"inLanguage\":\"fr-FR\",\"@id\":\"https:\/\/www.mivsrl.com\/fr\/produit\/internal-office-et-come-and-go-frame-mod-2010-cop-60-90-06al20230\/#primaryimage\",\"url\":\"https:\/\/www.mivsrl.com\/wp-content\/uploads\/2023\/03\/componenti_profiliinalluminio_06AL20230.png\",\"contentUrl\":\"https:\/\/www.mivsrl.com\/wp-content\/uploads\/2023\/03\/componenti_profiliinalluminio_06AL20230.png\",\"width\":700,\"height\":687,\"caption\":\"componenti_profili in alluminio\"},{\"@type\":\"BreadcrumbList\",\"@id\":\"https:\/\/www.mivsrl.com\/fr\/produit\/internal-office-et-come-and-go-frame-mod-2010-cop-60-90-06al20230\/#breadcrumb\",\"itemListElement\":[{\"@type\":\"ListItem\",\"position\":1,\"name\":\"Home\",\"item\":\"https:\/\/www.mivsrl.com\/fr\/\"},{\"@type\":\"ListItem\",\"position\":2,\"name\":\"Catalogue\",\"item\":\"https:\/\/www.mivsrl.com\/fr\/catalogue\/\"},{\"@type\":\"ListItem\",\"position\":3,\"name\":\"Bati interne de Type Bureau et Va et Vient Mod. 2010 Cop 60\/90 06AL20230\"}]},{\"@type\":\"WebSite\",\"@id\":\"https:\/\/www.mivsrl.com\/fr\/#website\",\"url\":\"https:\/\/www.mivsrl.com\/fr\/\",\"name\":\"Miv Insulating Systems\",\"description\":\"Produzione di porte e accessori per celle frigorifere\",\"potentialAction\":[{\"@type\":\"SearchAction\",\"target\":{\"@type\":\"EntryPoint\",\"urlTemplate\":\"https:\/\/www.mivsrl.com\/fr\/?s={search_term_string}\"},\"query-input\":{\"@type\":\"PropertyValueSpecification\",\"valueRequired\":true,\"valueName\":\"search_term_string\"}}],\"inLanguage\":\"fr-FR\"}]}<\/script>\n<!-- \/ Yoast SEO plugin. -->","yoast_head_json":{"title":"Bati interne de Type Bureau et Va et Vient Mod. 2010 Cop 60\/90 06AL20230 - Miv Insulating Systems","description":"Bati interne de Type Bureau et Va et Vient. Profil\u00e9 en alliage d'aluminium anodis\u00e9 argent\u00e9 6060 T6, utilis\u00e9 pour la construction du cadre du mod\u00e8le \"Type bureau et Va et Vient\",","robots":{"index":"index","follow":"follow","max-snippet":"max-snippet:-1","max-image-preview":"max-image-preview:large","max-video-preview":"max-video-preview:-1"},"canonical":"https:\/\/www.mivsrl.com\/fr\/produit\/internal-office-et-come-and-go-frame-mod-2010-cop-60-90-06al20230\/","og_locale":"fr_FR","og_type":"article","og_title":"Bati interne de Type Bureau et Va et Vient Mod. 2010 Cop 60\/90 06AL20230 - Miv Insulating Systems","og_description":"Bati interne de Type Bureau et Va et Vient. Profil\u00e9 en alliage d'aluminium anodis\u00e9 argent\u00e9 6060 T6, utilis\u00e9 pour la construction du cadre du mod\u00e8le \"Type bureau et Va et Vient\",","og_url":"https:\/\/www.mivsrl.com\/fr\/produit\/internal-office-et-come-and-go-frame-mod-2010-cop-60-90-06al20230\/","og_site_name":"Miv Insulating Systems","article_publisher":"https:\/\/www.facebook.com\/mivrefrigeration","article_modified_time":"2023-10-25T08:51:35+00:00","og_image":[{"width":700,"height":687,"url":"https:\/\/www.mivsrl.com\/wp-content\/uploads\/2023\/03\/componenti_profiliinalluminio_06AL20230.png","type":"image\/png"}],"twitter_card":"summary_large_image","twitter_misc":{"Dur\u00e9e de lecture estim\u00e9e":"1 minute"},"schema":{"@context":"https:\/\/schema.org","@graph":[{"@type":"WebPage","@id":"https:\/\/www.mivsrl.com\/fr\/produit\/internal-office-et-come-and-go-frame-mod-2010-cop-60-90-06al20230\/","url":"https:\/\/www.mivsrl.com\/fr\/produit\/internal-office-et-come-and-go-frame-mod-2010-cop-60-90-06al20230\/","name":"Bati interne de Type Bureau et Va et Vient Mod. 2010 Cop 60\/90 06AL20230 - Miv Insulating Systems","isPartOf":{"@id":"https:\/\/www.mivsrl.com\/fr\/#website"},"primaryImageOfPage":{"@id":"https:\/\/www.mivsrl.com\/fr\/produit\/internal-office-et-come-and-go-frame-mod-2010-cop-60-90-06al20230\/#primaryimage"},"image":{"@id":"https:\/\/www.mivsrl.com\/fr\/produit\/internal-office-et-come-and-go-frame-mod-2010-cop-60-90-06al20230\/#primaryimage"},"thumbnailUrl":"https:\/\/www.mivsrl.com\/wp-content\/uploads\/2023\/03\/componenti_profiliinalluminio_06AL20230.png","datePublished":"2023-03-19T20:58:32+00:00","dateModified":"2023-10-25T08:51:35+00:00","description":"Bati interne de Type Bureau et Va et Vient. Profil\u00e9 en alliage d'aluminium anodis\u00e9 argent\u00e9 6060 T6, utilis\u00e9 pour la construction du cadre du mod\u00e8le \"Type bureau et Va et Vient\",","breadcrumb":{"@id":"https:\/\/www.mivsrl.com\/fr\/produit\/internal-office-et-come-and-go-frame-mod-2010-cop-60-90-06al20230\/#breadcrumb"},"inLanguage":"fr-FR","potentialAction":[{"@type":"ReadAction","target":["https:\/\/www.mivsrl.com\/fr\/produit\/internal-office-et-come-and-go-frame-mod-2010-cop-60-90-06al20230\/"]}]},{"@type":"ImageObject","inLanguage":"fr-FR","@id":"https:\/\/www.mivsrl.com\/fr\/produit\/internal-office-et-come-and-go-frame-mod-2010-cop-60-90-06al20230\/#primaryimage","url":"https:\/\/www.mivsrl.com\/wp-content\/uploads\/2023\/03\/componenti_profiliinalluminio_06AL20230.png","contentUrl":"https:\/\/www.mivsrl.com\/wp-content\/uploads\/2023\/03\/componenti_profiliinalluminio_06AL20230.png","width":700,"height":687,"caption":"componenti_profili in alluminio"},{"@type":"BreadcrumbList","@id":"https:\/\/www.mivsrl.com\/fr\/produit\/internal-office-et-come-and-go-frame-mod-2010-cop-60-90-06al20230\/#breadcrumb","itemListElement":[{"@type":"ListItem","position":1,"name":"Home","item":"https:\/\/www.mivsrl.com\/fr\/"},{"@type":"ListItem","position":2,"name":"Catalogue","item":"https:\/\/www.mivsrl.com\/fr\/catalogue\/"},{"@type":"ListItem","position":3,"name":"Bati interne de Type Bureau et Va et Vient Mod. 2010 Cop 60\/90 06AL20230"}]},{"@type":"WebSite","@id":"https:\/\/www.mivsrl.com\/fr\/#website","url":"https:\/\/www.mivsrl.com\/fr\/","name":"Miv Insulating Systems","description":"Produzione di porte e accessori per celle frigorifere","potentialAction":[{"@type":"SearchAction","target":{"@type":"EntryPoint","urlTemplate":"https:\/\/www.mivsrl.com\/fr\/?s={search_term_string}"},"query-input":{"@type":"PropertyValueSpecification","valueRequired":true,"valueName":"search_term_string"}}],"inLanguage":"fr-FR"}]}},"_links":{"self":[{"href":"https:\/\/www.mivsrl.com\/fr\/wp-json\/wp\/v2\/product\/30887","targetHints":{"allow":["GET"]}}],"collection":[{"href":"https:\/\/www.mivsrl.com\/fr\/wp-json\/wp\/v2\/product"}],"about":[{"href":"https:\/\/www.mivsrl.com\/fr\/wp-json\/wp\/v2\/types\/product"}],"version-history":[{"count":0,"href":"https:\/\/www.mivsrl.com\/fr\/wp-json\/wp\/v2\/product\/30887\/revisions"}],"wp:featuredmedia":[{"embeddable":true,"href":"https:\/\/www.mivsrl.com\/fr\/wp-json\/wp\/v2\/media\/27852"}],"wp:attachment":[{"href":"https:\/\/www.mivsrl.com\/fr\/wp-json\/wp\/v2\/media?parent=30887"}],"wp:term":[{"taxonomy":"product_brand","embeddable":true,"href":"https:\/\/www.mivsrl.com\/fr\/wp-json\/wp\/v2\/product_brand?post=30887"},{"taxonomy":"product_cat","embeddable":true,"href":"https:\/\/www.mivsrl.com\/fr\/wp-json\/wp\/v2\/product_cat?post=30887"},{"taxonomy":"product_tag","embeddable":true,"href":"https:\/\/www.mivsrl.com\/fr\/wp-json\/wp\/v2\/product_tag?post=30887"}],"curies":[{"name":"wp","href":"https:\/\/api.w.org\/{rel}","templated":true}]}}