{"id":31302,"date":"2023-04-17T23:40:03","date_gmt":"2023-04-17T21:40:03","guid":{"rendered":"https:\/\/www.mivsrl.com\/product\/joint-pour-hublot-40-mm-06f100028\/"},"modified":"2023-10-23T17:30:31","modified_gmt":"2023-10-23T15:30:31","slug":"joint-pour-hublot-40-mm-06f100028","status":"publish","type":"product","link":"https:\/\/www.mivsrl.com\/fr\/produit\/joint-pour-hublot-40-mm-06f100028\/","title":{"rendered":"Joint pour hublot 40 mm <span>06F100028<\/span>"},"content":{"rendered":"\t\t<div data-elementor-type=\"wp-post\" data-elementor-id=\"31302\" class=\"elementor elementor-31302 elementor-24541\">\n\t\t\t\t\t\t<section class=\"elementor-section elementor-top-section elementor-element elementor-element-62722b1 elementor-section-boxed elementor-section-height-default elementor-section-height-default wd-section-disabled\" data-id=\"62722b1\" data-element_type=\"section\" data-e-type=\"section\">\n\t\t\t\t\t\t<div class=\"elementor-container elementor-column-gap-default\">\n\t\t\t\t\t<div class=\"elementor-column elementor-col-100 elementor-top-column elementor-element elementor-element-d056aa6\" data-id=\"d056aa6\" data-element_type=\"column\" data-e-type=\"column\">\n\t\t\t<div class=\"elementor-widget-wrap elementor-element-populated\">\n\t\t\t\t\t\t<div class=\"elementor-element elementor-element-003c9b1 elementor-widget elementor-widget-wd_button\" data-id=\"003c9b1\" data-element_type=\"widget\" data-e-type=\"widget\" data-widget_type=\"wd_button.default\">\n\t\t\t\t<div class=\"elementor-widget-container\">\n\t\t\t\t\t\t\t<div class=\"wd-button-wrapper text-center\" >\n\t\t\t<a class=\"btn btn-style-default btn-style-rectangle btn-size-default btn-color-primary btn-icon-pos-right\"  href=\"https:\/\/www.mivsrl.com\/wp-content\/uploads\/2023\/04\/scheda-tecnica-profilo-in-gomma-06F100028.jpg\" target=\"_blank\">\n\t\t\t\t<span class=\"wd-btn-text\" data-elementor-setting-key=\"text\">\n\t\t\t\t\tFICHE TECHNIQUE\t\t\t\t<\/span>\n\n\t\t\t\t\t\t\t<\/a>\n\t\t<\/div>\n\t\t\t\t\t\t<\/div>\n\t\t\t\t<\/div>\n\t\t\t\t\t<\/div>\n\t\t<\/div>\n\t\t\t\t\t<\/div>\n\t\t<\/section>\n\t\t\t\t<\/div>\n\t\t","protected":false},"excerpt":{"rendered":"<p><strong>06F100028<\/strong><\/p>\n<p>Joint en EPDM,<br \/>\nappliqu\u00e9 pour garantir des performances thermiques et une adh\u00e9rence optimales entre le hublot et le trou pratiqu\u00e9 dans l&rsquo;ouvrant, sans risque de condensation et de formation ult\u00e9rieure de glace. Ce joint est mont\u00e9 sur des portes de 40 mm d&rsquo;\u00e9paisseur et est con\u00e7u pour \u00eatre mont\u00e9 avec des lanterneaux en Lexan.<br \/>\nIl est fourni en rouleaux de 25 m\u00e8tres de longueur standard.<\/p>\n","protected":false},"featured_media":27508,"template":"","meta":[],"product_brand":[],"product_cat":[346,159,245],"product_tag":[163],"class_list":{"0":"post-31302","1":"product","2":"type-product","3":"status-publish","4":"has-post-thumbnail","6":"product_cat-composants-pour-portes-semi-isolantes-fr","7":"product_cat-composants-pour-portes","8":"product_cat-profiles-en-caoutchouc-pour-portes-semi-isolantes","9":"product_tag-element-de-la-porte","11":"first","12":"instock","13":"shipping-taxable","14":"product-type-simple"},"yoast_head":"<!-- This site is optimized with the Yoast SEO plugin v27.4 - https:\/\/yoast.com\/product\/yoast-seo-wordpress\/ -->\n<title>Joint pour hublot 40 mm 06F100028 - Miv Insulating Systems<\/title>\n<meta name=\"description\" content=\"Joint en mat\u00e9riau EPDM, appliqu\u00e9 pour garantir des performances thermiques et une adh\u00e9rence optimales entre le hublot et le trou pratiqu\u00e9 dans l&#039;ouvrant, sans risque de condensation et de formation ult\u00e9rieure de glace.\" \/>\n<meta name=\"robots\" content=\"index, follow, max-snippet:-1, max-image-preview:large, max-video-preview:-1\" \/>\n<link rel=\"canonical\" href=\"https:\/\/www.mivsrl.com\/fr\/produit\/joint-pour-hublot-40-mm-06f100028\/\" \/>\n<meta property=\"og:locale\" content=\"fr_FR\" \/>\n<meta property=\"og:type\" content=\"article\" \/>\n<meta property=\"og:title\" content=\"Joint pour hublot 40 mm 06F100028 - Miv Insulating Systems\" \/>\n<meta property=\"og:description\" content=\"Joint en mat\u00e9riau EPDM, appliqu\u00e9 pour garantir des performances thermiques et une adh\u00e9rence optimales entre le hublot et le trou pratiqu\u00e9 dans l&#039;ouvrant, sans risque de condensation et de formation ult\u00e9rieure de glace.\" \/>\n<meta property=\"og:url\" content=\"https:\/\/www.mivsrl.com\/fr\/produit\/joint-pour-hublot-40-mm-06f100028\/\" \/>\n<meta property=\"og:site_name\" content=\"Miv Insulating Systems\" \/>\n<meta property=\"article:publisher\" content=\"https:\/\/www.facebook.com\/mivrefrigeration\" \/>\n<meta property=\"article:modified_time\" content=\"2023-10-23T15:30:31+00:00\" \/>\n<meta property=\"og:image\" content=\"https:\/\/www.mivsrl.com\/wp-content\/uploads\/2021\/04\/06F100028-Guarnizione-per-oblo-40mm-e1619681331222.png\" \/>\n\t<meta property=\"og:image:width\" content=\"400\" \/>\n\t<meta property=\"og:image:height\" content=\"309\" \/>\n\t<meta property=\"og:image:type\" content=\"image\/png\" \/>\n<meta name=\"twitter:card\" content=\"summary_large_image\" \/>\n<script type=\"application\/ld+json\" class=\"yoast-schema-graph\">{\"@context\":\"https:\\\/\\\/schema.org\",\"@graph\":[{\"@type\":\"WebPage\",\"@id\":\"https:\\\/\\\/www.mivsrl.com\\\/fr\\\/produit\\\/joint-pour-hublot-40-mm-06f100028\\\/\",\"url\":\"https:\\\/\\\/www.mivsrl.com\\\/fr\\\/produit\\\/joint-pour-hublot-40-mm-06f100028\\\/\",\"name\":\"Joint pour hublot 40 mm 06F100028 - Miv Insulating Systems\",\"isPartOf\":{\"@id\":\"https:\\\/\\\/www.mivsrl.com\\\/fr\\\/#website\"},\"primaryImageOfPage\":{\"@id\":\"https:\\\/\\\/www.mivsrl.com\\\/fr\\\/produit\\\/joint-pour-hublot-40-mm-06f100028\\\/#primaryimage\"},\"image\":{\"@id\":\"https:\\\/\\\/www.mivsrl.com\\\/fr\\\/produit\\\/joint-pour-hublot-40-mm-06f100028\\\/#primaryimage\"},\"thumbnailUrl\":\"https:\\\/\\\/www.mivsrl.com\\\/wp-content\\\/uploads\\\/2021\\\/04\\\/06F100028-Guarnizione-per-oblo-40mm-e1619681331222.png\",\"datePublished\":\"2023-04-17T21:40:03+00:00\",\"dateModified\":\"2023-10-23T15:30:31+00:00\",\"description\":\"Joint en mat\u00e9riau EPDM, appliqu\u00e9 pour garantir des performances thermiques et une adh\u00e9rence optimales entre le hublot et le trou pratiqu\u00e9 dans l'ouvrant, sans risque de condensation et de formation ult\u00e9rieure de glace.\",\"breadcrumb\":{\"@id\":\"https:\\\/\\\/www.mivsrl.com\\\/fr\\\/produit\\\/joint-pour-hublot-40-mm-06f100028\\\/#breadcrumb\"},\"inLanguage\":\"fr-FR\",\"potentialAction\":[{\"@type\":\"ReadAction\",\"target\":[\"https:\\\/\\\/www.mivsrl.com\\\/fr\\\/produit\\\/joint-pour-hublot-40-mm-06f100028\\\/\"]}]},{\"@type\":\"ImageObject\",\"inLanguage\":\"fr-FR\",\"@id\":\"https:\\\/\\\/www.mivsrl.com\\\/fr\\\/produit\\\/joint-pour-hublot-40-mm-06f100028\\\/#primaryimage\",\"url\":\"https:\\\/\\\/www.mivsrl.com\\\/wp-content\\\/uploads\\\/2021\\\/04\\\/06F100028-Guarnizione-per-oblo-40mm-e1619681331222.png\",\"contentUrl\":\"https:\\\/\\\/www.mivsrl.com\\\/wp-content\\\/uploads\\\/2021\\\/04\\\/06F100028-Guarnizione-per-oblo-40mm-e1619681331222.png\",\"width\":400,\"height\":309,\"caption\":\"06F100028 Guarnizione per obl\u00f2 40mm\"},{\"@type\":\"BreadcrumbList\",\"@id\":\"https:\\\/\\\/www.mivsrl.com\\\/fr\\\/produit\\\/joint-pour-hublot-40-mm-06f100028\\\/#breadcrumb\",\"itemListElement\":[{\"@type\":\"ListItem\",\"position\":1,\"name\":\"Home\",\"item\":\"https:\\\/\\\/www.mivsrl.com\\\/fr\\\/\"},{\"@type\":\"ListItem\",\"position\":2,\"name\":\"Catalogue\",\"item\":\"https:\\\/\\\/www.mivsrl.com\\\/fr\\\/catalogue\\\/\"},{\"@type\":\"ListItem\",\"position\":3,\"name\":\"Joint pour hublot 40 mm 06F100028\"}]},{\"@type\":\"WebSite\",\"@id\":\"https:\\\/\\\/www.mivsrl.com\\\/fr\\\/#website\",\"url\":\"https:\\\/\\\/www.mivsrl.com\\\/fr\\\/\",\"name\":\"Miv Insulating Systems\",\"description\":\"Produzione di porte e accessori per celle frigorifere\",\"potentialAction\":[{\"@type\":\"SearchAction\",\"target\":{\"@type\":\"EntryPoint\",\"urlTemplate\":\"https:\\\/\\\/www.mivsrl.com\\\/fr\\\/?s={search_term_string}\"},\"query-input\":{\"@type\":\"PropertyValueSpecification\",\"valueRequired\":true,\"valueName\":\"search_term_string\"}}],\"inLanguage\":\"fr-FR\"}]}<\/script>\n<!-- \/ Yoast SEO plugin. -->","yoast_head_json":{"title":"Joint pour hublot 40 mm 06F100028 - Miv Insulating Systems","description":"Joint en mat\u00e9riau EPDM, appliqu\u00e9 pour garantir des performances thermiques et une adh\u00e9rence optimales entre le hublot et le trou pratiqu\u00e9 dans l'ouvrant, sans risque de condensation et de formation ult\u00e9rieure de glace.","robots":{"index":"index","follow":"follow","max-snippet":"max-snippet:-1","max-image-preview":"max-image-preview:large","max-video-preview":"max-video-preview:-1"},"canonical":"https:\/\/www.mivsrl.com\/fr\/produit\/joint-pour-hublot-40-mm-06f100028\/","og_locale":"fr_FR","og_type":"article","og_title":"Joint pour hublot 40 mm 06F100028 - Miv Insulating Systems","og_description":"Joint en mat\u00e9riau EPDM, appliqu\u00e9 pour garantir des performances thermiques et une adh\u00e9rence optimales entre le hublot et le trou pratiqu\u00e9 dans l'ouvrant, sans risque de condensation et de formation ult\u00e9rieure de glace.","og_url":"https:\/\/www.mivsrl.com\/fr\/produit\/joint-pour-hublot-40-mm-06f100028\/","og_site_name":"Miv Insulating Systems","article_publisher":"https:\/\/www.facebook.com\/mivrefrigeration","article_modified_time":"2023-10-23T15:30:31+00:00","og_image":[{"width":400,"height":309,"url":"https:\/\/www.mivsrl.com\/wp-content\/uploads\/2021\/04\/06F100028-Guarnizione-per-oblo-40mm-e1619681331222.png","type":"image\/png"}],"twitter_card":"summary_large_image","schema":{"@context":"https:\/\/schema.org","@graph":[{"@type":"WebPage","@id":"https:\/\/www.mivsrl.com\/fr\/produit\/joint-pour-hublot-40-mm-06f100028\/","url":"https:\/\/www.mivsrl.com\/fr\/produit\/joint-pour-hublot-40-mm-06f100028\/","name":"Joint pour hublot 40 mm 06F100028 - Miv Insulating Systems","isPartOf":{"@id":"https:\/\/www.mivsrl.com\/fr\/#website"},"primaryImageOfPage":{"@id":"https:\/\/www.mivsrl.com\/fr\/produit\/joint-pour-hublot-40-mm-06f100028\/#primaryimage"},"image":{"@id":"https:\/\/www.mivsrl.com\/fr\/produit\/joint-pour-hublot-40-mm-06f100028\/#primaryimage"},"thumbnailUrl":"https:\/\/www.mivsrl.com\/wp-content\/uploads\/2021\/04\/06F100028-Guarnizione-per-oblo-40mm-e1619681331222.png","datePublished":"2023-04-17T21:40:03+00:00","dateModified":"2023-10-23T15:30:31+00:00","description":"Joint en mat\u00e9riau EPDM, appliqu\u00e9 pour garantir des performances thermiques et une adh\u00e9rence optimales entre le hublot et le trou pratiqu\u00e9 dans l'ouvrant, sans risque de condensation et de formation ult\u00e9rieure de glace.","breadcrumb":{"@id":"https:\/\/www.mivsrl.com\/fr\/produit\/joint-pour-hublot-40-mm-06f100028\/#breadcrumb"},"inLanguage":"fr-FR","potentialAction":[{"@type":"ReadAction","target":["https:\/\/www.mivsrl.com\/fr\/produit\/joint-pour-hublot-40-mm-06f100028\/"]}]},{"@type":"ImageObject","inLanguage":"fr-FR","@id":"https:\/\/www.mivsrl.com\/fr\/produit\/joint-pour-hublot-40-mm-06f100028\/#primaryimage","url":"https:\/\/www.mivsrl.com\/wp-content\/uploads\/2021\/04\/06F100028-Guarnizione-per-oblo-40mm-e1619681331222.png","contentUrl":"https:\/\/www.mivsrl.com\/wp-content\/uploads\/2021\/04\/06F100028-Guarnizione-per-oblo-40mm-e1619681331222.png","width":400,"height":309,"caption":"06F100028 Guarnizione per obl\u00f2 40mm"},{"@type":"BreadcrumbList","@id":"https:\/\/www.mivsrl.com\/fr\/produit\/joint-pour-hublot-40-mm-06f100028\/#breadcrumb","itemListElement":[{"@type":"ListItem","position":1,"name":"Home","item":"https:\/\/www.mivsrl.com\/fr\/"},{"@type":"ListItem","position":2,"name":"Catalogue","item":"https:\/\/www.mivsrl.com\/fr\/catalogue\/"},{"@type":"ListItem","position":3,"name":"Joint pour hublot 40 mm 06F100028"}]},{"@type":"WebSite","@id":"https:\/\/www.mivsrl.com\/fr\/#website","url":"https:\/\/www.mivsrl.com\/fr\/","name":"Miv Insulating Systems","description":"Produzione di porte e accessori per celle frigorifere","potentialAction":[{"@type":"SearchAction","target":{"@type":"EntryPoint","urlTemplate":"https:\/\/www.mivsrl.com\/fr\/?s={search_term_string}"},"query-input":{"@type":"PropertyValueSpecification","valueRequired":true,"valueName":"search_term_string"}}],"inLanguage":"fr-FR"}]}},"_links":{"self":[{"href":"https:\/\/www.mivsrl.com\/fr\/wp-json\/wp\/v2\/product\/31302","targetHints":{"allow":["GET"]}}],"collection":[{"href":"https:\/\/www.mivsrl.com\/fr\/wp-json\/wp\/v2\/product"}],"about":[{"href":"https:\/\/www.mivsrl.com\/fr\/wp-json\/wp\/v2\/types\/product"}],"version-history":[{"count":0,"href":"https:\/\/www.mivsrl.com\/fr\/wp-json\/wp\/v2\/product\/31302\/revisions"}],"wp:featuredmedia":[{"embeddable":true,"href":"https:\/\/www.mivsrl.com\/fr\/wp-json\/wp\/v2\/media\/27508"}],"wp:attachment":[{"href":"https:\/\/www.mivsrl.com\/fr\/wp-json\/wp\/v2\/media?parent=31302"}],"wp:term":[{"taxonomy":"product_brand","embeddable":true,"href":"https:\/\/www.mivsrl.com\/fr\/wp-json\/wp\/v2\/product_brand?post=31302"},{"taxonomy":"product_cat","embeddable":true,"href":"https:\/\/www.mivsrl.com\/fr\/wp-json\/wp\/v2\/product_cat?post=31302"},{"taxonomy":"product_tag","embeddable":true,"href":"https:\/\/www.mivsrl.com\/fr\/wp-json\/wp\/v2\/product_tag?post=31302"}],"curies":[{"name":"wp","href":"https:\/\/api.w.org\/{rel}","templated":true}]}}