{"id":31310,"date":"2023-04-17T16:48:50","date_gmt":"2023-04-17T14:48:50","guid":{"rendered":"https:\/\/www.mivsrl.com\/product\/type-de-joint-office-06f100030\/"},"modified":"2023-10-26T11:05:06","modified_gmt":"2023-10-26T09:05:06","slug":"type-de-joint-office-06f100030","status":"publish","type":"product","link":"https:\/\/www.mivsrl.com\/fr\/produit\/type-de-joint-office-06f100030\/","title":{"rendered":"Type de joint Office <span>06F100030<\/span>"},"content":{"rendered":"\t\t<div data-elementor-type=\"wp-post\" data-elementor-id=\"31310\" class=\"elementor elementor-31310 elementor-24526\">\n\t\t\t\t\t\t<section class=\"wd-negative-gap elementor-section elementor-top-section elementor-element elementor-element-62722b1 elementor-section-boxed elementor-section-height-default elementor-section-height-default wd-section-disabled\" data-id=\"62722b1\" data-element_type=\"section\" data-e-type=\"section\">\n\t\t\t\t\t\t<div class=\"elementor-container elementor-column-gap-default\">\n\t\t\t\t\t<div class=\"elementor-column elementor-col-100 elementor-top-column elementor-element elementor-element-d056aa6\" data-id=\"d056aa6\" data-element_type=\"column\" data-e-type=\"column\">\n\t\t\t<div class=\"elementor-widget-wrap elementor-element-populated\">\n\t\t\t\t\t\t<div class=\"elementor-element elementor-element-003c9b1 elementor-widget elementor-widget-wd_button\" data-id=\"003c9b1\" data-element_type=\"widget\" data-e-type=\"widget\" data-widget_type=\"wd_button.default\">\n\t\t\t\t<div class=\"elementor-widget-container\">\n\t\t\t\t\t\t\t<div class=\"wd-button-wrapper text-center\" >\n\t\t\t<a class=\"btn btn-style-default btn-style-rectangle btn-size-default btn-color-primary btn-icon-pos-right\"  href=\"https:\/\/www.mivsrl.com\/wp-content\/uploads\/2023\/04\/scheda-tecnica-06F100030-profilo-in-gomma.jpg\" target=\"_blank\">\n\t\t\t\t<span class=\"wd-btn-text\" data-elementor-setting-key=\"text\">\n\t\t\t\t\tFICHE TECHNIQUE\t\t\t\t<\/span>\n\n\t\t\t\t\t\t\t<\/a>\n\t\t<\/div>\n\t\t\t\t\t\t<\/div>\n\t\t\t\t<\/div>\n\t\t\t\t\t<\/div>\n\t\t<\/div>\n\t\t\t\t\t<\/div>\n\t\t<\/section>\n\t\t\t\t<\/div>\n\t\t","protected":false},"excerpt":{"rendered":"<p><strong>06F100030<\/strong><\/p>\n<p>Joint en EPDM,<br \/>\nest appliqu\u00e9 sur le vantail du mod\u00e8le \u00ab\u00a0bureau\u00a0\u00bb le long du guide d\u00e9coup\u00e9 dans le profil\u00e9 en aluminium, utilis\u00e9 exclusivement sur les mod\u00e8les de portes de service et non pour les applications n\u00e9cessitant un joint \u00e9tanche \u00e0 l&rsquo;air ou thermique, car sa fonction est de sceller l&rsquo;espace entre le bord du vantail de la porte et le cadre.<br \/>\nIl est fourni en rouleaux de longueur standard de 250 mt.<\/p>\n","protected":false},"featured_media":26862,"template":"","meta":[],"product_brand":[],"product_cat":[346,159,245],"product_tag":[163,187],"class_list":{"0":"post-31310","1":"product","2":"type-product","3":"status-publish","4":"has-post-thumbnail","6":"product_cat-composants-pour-portes-semi-isolantes-fr","7":"product_cat-composants-pour-portes","8":"product_cat-profiles-en-caoutchouc-pour-portes-semi-isolantes","9":"product_tag-element-de-la-porte","10":"product_tag-port-de-type-bureau","12":"first","13":"instock","14":"shipping-taxable","15":"product-type-simple"},"yoast_head":"<!-- This site is optimized with the Yoast SEO plugin v27.4 - https:\/\/yoast.com\/product\/yoast-seo-wordpress\/ -->\n<title>Type de joint Office 06F100030 - Miv Insulating Systems<\/title>\n<meta name=\"description\" content=\"Joint en mat\u00e9riau EPDM, appliqu\u00e9 sur le vantail du mod\u00e8le &quot;type bureau&quot; le long du guide d\u00e9coup\u00e9 dans le profil\u00e9 en aluminium, utilis\u00e9 exclusivement sur les mod\u00e8les de portes de service et non pour les applications o\u00f9 un joint herm\u00e9tique ou thermique est requis.\" \/>\n<meta name=\"robots\" content=\"index, follow, max-snippet:-1, max-image-preview:large, max-video-preview:-1\" \/>\n<link rel=\"canonical\" href=\"https:\/\/www.mivsrl.com\/fr\/produit\/type-de-joint-office-06f100030\/\" \/>\n<meta property=\"og:locale\" content=\"fr_FR\" \/>\n<meta property=\"og:type\" content=\"article\" \/>\n<meta property=\"og:title\" content=\"Type de joint Office 06F100030 - Miv Insulating Systems\" \/>\n<meta property=\"og:description\" content=\"Joint en mat\u00e9riau EPDM, appliqu\u00e9 sur le vantail du mod\u00e8le &quot;type bureau&quot; le long du guide d\u00e9coup\u00e9 dans le profil\u00e9 en aluminium, utilis\u00e9 exclusivement sur les mod\u00e8les de portes de service et non pour les applications o\u00f9 un joint herm\u00e9tique ou thermique est requis.\" \/>\n<meta property=\"og:url\" content=\"https:\/\/www.mivsrl.com\/fr\/produit\/type-de-joint-office-06f100030\/\" \/>\n<meta property=\"og:site_name\" content=\"Miv Insulating Systems\" \/>\n<meta property=\"article:publisher\" content=\"https:\/\/www.facebook.com\/mivrefrigeration\" \/>\n<meta property=\"article:modified_time\" content=\"2023-10-26T09:05:06+00:00\" \/>\n<meta property=\"og:image\" content=\"https:\/\/www.mivsrl.com\/wp-content\/uploads\/2021\/04\/06F100030-Guarnizione-Tipo-ufficio.png\" \/>\n\t<meta property=\"og:image:width\" content=\"1062\" \/>\n\t<meta property=\"og:image:height\" content=\"926\" \/>\n\t<meta property=\"og:image:type\" content=\"image\/png\" \/>\n<meta name=\"twitter:card\" content=\"summary_large_image\" \/>\n<meta name=\"twitter:label1\" content=\"Dur\u00e9e de lecture estim\u00e9e\" \/>\n\t<meta name=\"twitter:data1\" content=\"1 minute\" \/>\n<script type=\"application\/ld+json\" class=\"yoast-schema-graph\">{\"@context\":\"https:\\\/\\\/schema.org\",\"@graph\":[{\"@type\":\"WebPage\",\"@id\":\"https:\\\/\\\/www.mivsrl.com\\\/fr\\\/produit\\\/type-de-joint-office-06f100030\\\/\",\"url\":\"https:\\\/\\\/www.mivsrl.com\\\/fr\\\/produit\\\/type-de-joint-office-06f100030\\\/\",\"name\":\"Type de joint Office 06F100030 - Miv Insulating Systems\",\"isPartOf\":{\"@id\":\"https:\\\/\\\/www.mivsrl.com\\\/fr\\\/#website\"},\"primaryImageOfPage\":{\"@id\":\"https:\\\/\\\/www.mivsrl.com\\\/fr\\\/produit\\\/type-de-joint-office-06f100030\\\/#primaryimage\"},\"image\":{\"@id\":\"https:\\\/\\\/www.mivsrl.com\\\/fr\\\/produit\\\/type-de-joint-office-06f100030\\\/#primaryimage\"},\"thumbnailUrl\":\"https:\\\/\\\/www.mivsrl.com\\\/wp-content\\\/uploads\\\/2021\\\/04\\\/06F100030-Guarnizione-Tipo-ufficio.png\",\"datePublished\":\"2023-04-17T14:48:50+00:00\",\"dateModified\":\"2023-10-26T09:05:06+00:00\",\"description\":\"Joint en mat\u00e9riau EPDM, appliqu\u00e9 sur le vantail du mod\u00e8le \\\"type bureau\\\" le long du guide d\u00e9coup\u00e9 dans le profil\u00e9 en aluminium, utilis\u00e9 exclusivement sur les mod\u00e8les de portes de service et non pour les applications o\u00f9 un joint herm\u00e9tique ou thermique est requis.\",\"breadcrumb\":{\"@id\":\"https:\\\/\\\/www.mivsrl.com\\\/fr\\\/produit\\\/type-de-joint-office-06f100030\\\/#breadcrumb\"},\"inLanguage\":\"fr-FR\",\"potentialAction\":[{\"@type\":\"ReadAction\",\"target\":[\"https:\\\/\\\/www.mivsrl.com\\\/fr\\\/produit\\\/type-de-joint-office-06f100030\\\/\"]}]},{\"@type\":\"ImageObject\",\"inLanguage\":\"fr-FR\",\"@id\":\"https:\\\/\\\/www.mivsrl.com\\\/fr\\\/produit\\\/type-de-joint-office-06f100030\\\/#primaryimage\",\"url\":\"https:\\\/\\\/www.mivsrl.com\\\/wp-content\\\/uploads\\\/2021\\\/04\\\/06F100030-Guarnizione-Tipo-ufficio.png\",\"contentUrl\":\"https:\\\/\\\/www.mivsrl.com\\\/wp-content\\\/uploads\\\/2021\\\/04\\\/06F100030-Guarnizione-Tipo-ufficio.png\",\"width\":1062,\"height\":926},{\"@type\":\"BreadcrumbList\",\"@id\":\"https:\\\/\\\/www.mivsrl.com\\\/fr\\\/produit\\\/type-de-joint-office-06f100030\\\/#breadcrumb\",\"itemListElement\":[{\"@type\":\"ListItem\",\"position\":1,\"name\":\"Home\",\"item\":\"https:\\\/\\\/www.mivsrl.com\\\/fr\\\/\"},{\"@type\":\"ListItem\",\"position\":2,\"name\":\"Catalogue\",\"item\":\"https:\\\/\\\/www.mivsrl.com\\\/fr\\\/catalogue\\\/\"},{\"@type\":\"ListItem\",\"position\":3,\"name\":\"Type de joint Office 06F100030\"}]},{\"@type\":\"WebSite\",\"@id\":\"https:\\\/\\\/www.mivsrl.com\\\/fr\\\/#website\",\"url\":\"https:\\\/\\\/www.mivsrl.com\\\/fr\\\/\",\"name\":\"Miv Insulating Systems\",\"description\":\"Produzione di porte e accessori per celle frigorifere\",\"potentialAction\":[{\"@type\":\"SearchAction\",\"target\":{\"@type\":\"EntryPoint\",\"urlTemplate\":\"https:\\\/\\\/www.mivsrl.com\\\/fr\\\/?s={search_term_string}\"},\"query-input\":{\"@type\":\"PropertyValueSpecification\",\"valueRequired\":true,\"valueName\":\"search_term_string\"}}],\"inLanguage\":\"fr-FR\"}]}<\/script>\n<!-- \/ Yoast SEO plugin. -->","yoast_head_json":{"title":"Type de joint Office 06F100030 - Miv Insulating Systems","description":"Joint en mat\u00e9riau EPDM, appliqu\u00e9 sur le vantail du mod\u00e8le \"type bureau\" le long du guide d\u00e9coup\u00e9 dans le profil\u00e9 en aluminium, utilis\u00e9 exclusivement sur les mod\u00e8les de portes de service et non pour les applications o\u00f9 un joint herm\u00e9tique ou thermique est requis.","robots":{"index":"index","follow":"follow","max-snippet":"max-snippet:-1","max-image-preview":"max-image-preview:large","max-video-preview":"max-video-preview:-1"},"canonical":"https:\/\/www.mivsrl.com\/fr\/produit\/type-de-joint-office-06f100030\/","og_locale":"fr_FR","og_type":"article","og_title":"Type de joint Office 06F100030 - Miv Insulating Systems","og_description":"Joint en mat\u00e9riau EPDM, appliqu\u00e9 sur le vantail du mod\u00e8le \"type bureau\" le long du guide d\u00e9coup\u00e9 dans le profil\u00e9 en aluminium, utilis\u00e9 exclusivement sur les mod\u00e8les de portes de service et non pour les applications o\u00f9 un joint herm\u00e9tique ou thermique est requis.","og_url":"https:\/\/www.mivsrl.com\/fr\/produit\/type-de-joint-office-06f100030\/","og_site_name":"Miv Insulating Systems","article_publisher":"https:\/\/www.facebook.com\/mivrefrigeration","article_modified_time":"2023-10-26T09:05:06+00:00","og_image":[{"width":1062,"height":926,"url":"https:\/\/www.mivsrl.com\/wp-content\/uploads\/2021\/04\/06F100030-Guarnizione-Tipo-ufficio.png","type":"image\/png"}],"twitter_card":"summary_large_image","twitter_misc":{"Dur\u00e9e de lecture estim\u00e9e":"1 minute"},"schema":{"@context":"https:\/\/schema.org","@graph":[{"@type":"WebPage","@id":"https:\/\/www.mivsrl.com\/fr\/produit\/type-de-joint-office-06f100030\/","url":"https:\/\/www.mivsrl.com\/fr\/produit\/type-de-joint-office-06f100030\/","name":"Type de joint Office 06F100030 - Miv Insulating Systems","isPartOf":{"@id":"https:\/\/www.mivsrl.com\/fr\/#website"},"primaryImageOfPage":{"@id":"https:\/\/www.mivsrl.com\/fr\/produit\/type-de-joint-office-06f100030\/#primaryimage"},"image":{"@id":"https:\/\/www.mivsrl.com\/fr\/produit\/type-de-joint-office-06f100030\/#primaryimage"},"thumbnailUrl":"https:\/\/www.mivsrl.com\/wp-content\/uploads\/2021\/04\/06F100030-Guarnizione-Tipo-ufficio.png","datePublished":"2023-04-17T14:48:50+00:00","dateModified":"2023-10-26T09:05:06+00:00","description":"Joint en mat\u00e9riau EPDM, appliqu\u00e9 sur le vantail du mod\u00e8le \"type bureau\" le long du guide d\u00e9coup\u00e9 dans le profil\u00e9 en aluminium, utilis\u00e9 exclusivement sur les mod\u00e8les de portes de service et non pour les applications o\u00f9 un joint herm\u00e9tique ou thermique est requis.","breadcrumb":{"@id":"https:\/\/www.mivsrl.com\/fr\/produit\/type-de-joint-office-06f100030\/#breadcrumb"},"inLanguage":"fr-FR","potentialAction":[{"@type":"ReadAction","target":["https:\/\/www.mivsrl.com\/fr\/produit\/type-de-joint-office-06f100030\/"]}]},{"@type":"ImageObject","inLanguage":"fr-FR","@id":"https:\/\/www.mivsrl.com\/fr\/produit\/type-de-joint-office-06f100030\/#primaryimage","url":"https:\/\/www.mivsrl.com\/wp-content\/uploads\/2021\/04\/06F100030-Guarnizione-Tipo-ufficio.png","contentUrl":"https:\/\/www.mivsrl.com\/wp-content\/uploads\/2021\/04\/06F100030-Guarnizione-Tipo-ufficio.png","width":1062,"height":926},{"@type":"BreadcrumbList","@id":"https:\/\/www.mivsrl.com\/fr\/produit\/type-de-joint-office-06f100030\/#breadcrumb","itemListElement":[{"@type":"ListItem","position":1,"name":"Home","item":"https:\/\/www.mivsrl.com\/fr\/"},{"@type":"ListItem","position":2,"name":"Catalogue","item":"https:\/\/www.mivsrl.com\/fr\/catalogue\/"},{"@type":"ListItem","position":3,"name":"Type de joint Office 06F100030"}]},{"@type":"WebSite","@id":"https:\/\/www.mivsrl.com\/fr\/#website","url":"https:\/\/www.mivsrl.com\/fr\/","name":"Miv Insulating Systems","description":"Produzione di porte e accessori per celle frigorifere","potentialAction":[{"@type":"SearchAction","target":{"@type":"EntryPoint","urlTemplate":"https:\/\/www.mivsrl.com\/fr\/?s={search_term_string}"},"query-input":{"@type":"PropertyValueSpecification","valueRequired":true,"valueName":"search_term_string"}}],"inLanguage":"fr-FR"}]}},"_links":{"self":[{"href":"https:\/\/www.mivsrl.com\/fr\/wp-json\/wp\/v2\/product\/31310","targetHints":{"allow":["GET"]}}],"collection":[{"href":"https:\/\/www.mivsrl.com\/fr\/wp-json\/wp\/v2\/product"}],"about":[{"href":"https:\/\/www.mivsrl.com\/fr\/wp-json\/wp\/v2\/types\/product"}],"version-history":[{"count":0,"href":"https:\/\/www.mivsrl.com\/fr\/wp-json\/wp\/v2\/product\/31310\/revisions"}],"wp:featuredmedia":[{"embeddable":true,"href":"https:\/\/www.mivsrl.com\/fr\/wp-json\/wp\/v2\/media\/26862"}],"wp:attachment":[{"href":"https:\/\/www.mivsrl.com\/fr\/wp-json\/wp\/v2\/media?parent=31310"}],"wp:term":[{"taxonomy":"product_brand","embeddable":true,"href":"https:\/\/www.mivsrl.com\/fr\/wp-json\/wp\/v2\/product_brand?post=31310"},{"taxonomy":"product_cat","embeddable":true,"href":"https:\/\/www.mivsrl.com\/fr\/wp-json\/wp\/v2\/product_cat?post=31310"},{"taxonomy":"product_tag","embeddable":true,"href":"https:\/\/www.mivsrl.com\/fr\/wp-json\/wp\/v2\/product_tag?post=31310"}],"curies":[{"name":"wp","href":"https:\/\/api.w.org\/{rel}","templated":true}]}}