{"id":31383,"date":"2023-04-04T18:48:36","date_gmt":"2023-04-04T16:48:36","guid":{"rendered":"https:\/\/www.mivsrl.com\/product\/charniere-semi-encastree-06h100189\/"},"modified":"2023-10-25T10:04:01","modified_gmt":"2023-10-25T08:04:01","slug":"charniere-semi-encastree-06h100189","status":"publish","type":"product","link":"https:\/\/www.mivsrl.com\/fr\/produit\/charniere-semi-encastree-06h100189\/","title":{"rendered":"Charni\u00e8re semi-encastr\u00e9e <span>06H100189<\/span>"},"content":{"rendered":"\t\t<div data-elementor-type=\"wp-post\" data-elementor-id=\"31383\" class=\"elementor elementor-31383 elementor-23652\">\n\t\t\t\t\t\t<section class=\"wd-negative-gap elementor-section elementor-top-section elementor-element elementor-element-62722b1 elementor-section-boxed elementor-section-height-default elementor-section-height-default wd-section-disabled\" data-id=\"62722b1\" data-element_type=\"section\" data-e-type=\"section\">\n\t\t\t\t\t\t<div class=\"elementor-container elementor-column-gap-default\">\n\t\t\t\t\t<div class=\"elementor-column elementor-col-100 elementor-top-column elementor-element elementor-element-d056aa6\" data-id=\"d056aa6\" data-element_type=\"column\" data-e-type=\"column\">\n\t\t\t<div class=\"elementor-widget-wrap elementor-element-populated\">\n\t\t\t\t\t\t<div class=\"elementor-element elementor-element-003c9b1 elementor-widget elementor-widget-wd_button\" data-id=\"003c9b1\" data-element_type=\"widget\" data-e-type=\"widget\" data-widget_type=\"wd_button.default\">\n\t\t\t\t<div class=\"elementor-widget-container\">\n\t\t\t\t\t\t\t<div class=\"wd-button-wrapper text-center\" >\n\t\t\t<a class=\"btn btn-style-default btn-style-rectangle btn-size-default btn-color-primary btn-icon-pos-right\"  href=\"https:\/\/www.mivsrl.com\/wp-content\/uploads\/2023\/04\/cerniera-semi-incassata-06H100189.jpg\" target=\"_blank\">\n\t\t\t\t<span class=\"wd-btn-text\" data-elementor-setting-key=\"text\">\n\t\t\t\t\tFICHE TECHNIQUE\t\t\t\t<\/span>\n\n\t\t\t\t\t\t\t<\/a>\n\t\t<\/div>\n\t\t\t\t\t\t<\/div>\n\t\t\t\t<\/div>\n\t\t\t\t\t<\/div>\n\t\t<\/div>\n\t\t\t\t\t<\/div>\n\t\t<\/section>\n\t\t\t\t<\/div>\n\t\t","protected":false},"excerpt":{"rendered":"<p><strong>  06H100189  <\/strong><\/p>\n<p>Dans la charni\u00e8re \u00ab\u00a0semi-encastr\u00e9e\u00a0\u00bb, utilis\u00e9e sur les portes pour la r\u00e9frig\u00e9ration industrielle, ou pour les applications civiles, de bureau et industrielles, les corps de charni\u00e8re sont enferm\u00e9s entre les profils des montants et le cadre de la porte. Utilis\u00e9 pour les portes semi-encastr\u00e9es \u00e0 faible porte-\u00e0-faux, avec des \u00e9paisseurs de vantail allant de 60 mm \u00e0 90 mm. Fabriqu\u00e9 en mat\u00e9riau composite \u00e0 haute r\u00e9sistance, id\u00e9al pour les temp\u00e9ratures positives (TN) et n\u00e9gatives (BT), avec axe en acier inoxydable et rampes autolubrifiantes en r\u00e9sine ac\u00e9tal (POM), pour une ouverture \u00e0 180\u00b0. Facile \u00e0 monter, il permet la r\u00e9versibilit\u00e9 RX et SX.<\/p>\n","protected":false},"featured_media":28334,"template":"","meta":[],"product_brand":[],"product_cat":[348,159,345],"product_tag":[163,266,275,287],"class_list":{"0":"post-31383","1":"product","2":"type-product","3":"status-publish","4":"has-post-thumbnail","6":"product_cat-accessoires-pour-portes-pivotantes-fr","7":"product_cat-composants-pour-portes","8":"product_cat-composants-pour-portes-pivotantes-fr","9":"product_tag-element-de-la-porte","10":"product_tag-composants-de-la-charniere","11":"product_tag-charniere","12":"product_tag-accessoires-pour-charnieres","14":"first","15":"instock","16":"shipping-taxable","17":"product-type-simple"},"yoast_head":"<!-- This site is optimized with the Yoast SEO plugin v27.4 - https:\/\/yoast.com\/product\/yoast-seo-wordpress\/ -->\n<title>Charni\u00e8re semi-encastr\u00e9e 06H100189 - Miv Insulating Systems<\/title>\n<meta name=\"description\" content=\"Charni\u00e8re semi-encastr\u00e9e. Dans la charni\u00e8re &quot;semi-encastr\u00e9e&quot;, utilis\u00e9e sur les portes pour la r\u00e9frig\u00e9ration industrielle ou pour des applications civiles.\" \/>\n<meta name=\"robots\" content=\"index, follow, max-snippet:-1, max-image-preview:large, max-video-preview:-1\" \/>\n<link rel=\"canonical\" href=\"https:\/\/www.mivsrl.com\/fr\/produit\/charniere-semi-encastree-06h100189\/\" \/>\n<meta property=\"og:locale\" content=\"fr_FR\" \/>\n<meta property=\"og:type\" content=\"article\" \/>\n<meta property=\"og:title\" content=\"Charni\u00e8re semi-encastr\u00e9e 06H100189 - Miv Insulating Systems\" \/>\n<meta property=\"og:description\" content=\"Charni\u00e8re semi-encastr\u00e9e. Dans la charni\u00e8re &quot;semi-encastr\u00e9e&quot;, utilis\u00e9e sur les portes pour la r\u00e9frig\u00e9ration industrielle ou pour des applications civiles.\" \/>\n<meta property=\"og:url\" content=\"https:\/\/www.mivsrl.com\/fr\/produit\/charniere-semi-encastree-06h100189\/\" \/>\n<meta property=\"og:site_name\" content=\"Miv Insulating Systems\" \/>\n<meta property=\"article:publisher\" content=\"https:\/\/www.facebook.com\/mivrefrigeration\" \/>\n<meta property=\"article:modified_time\" content=\"2023-10-25T08:04:01+00:00\" \/>\n<meta property=\"og:image\" content=\"https:\/\/www.mivsrl.com\/wp-content\/uploads\/2023\/04\/accessori-cerniere-per-porta-cerniera-semi-incassata-1.webp\" \/>\n\t<meta property=\"og:image:width\" content=\"490\" \/>\n\t<meta property=\"og:image:height\" content=\"710\" \/>\n\t<meta property=\"og:image:type\" content=\"image\/webp\" \/>\n<meta name=\"twitter:card\" content=\"summary_large_image\" \/>\n<meta name=\"twitter:label1\" content=\"Dur\u00e9e de lecture estim\u00e9e\" \/>\n\t<meta name=\"twitter:data1\" content=\"1 minute\" \/>\n<script type=\"application\/ld+json\" class=\"yoast-schema-graph\">{\"@context\":\"https:\\\/\\\/schema.org\",\"@graph\":[{\"@type\":\"WebPage\",\"@id\":\"https:\\\/\\\/www.mivsrl.com\\\/fr\\\/produit\\\/charniere-semi-encastree-06h100189\\\/\",\"url\":\"https:\\\/\\\/www.mivsrl.com\\\/fr\\\/produit\\\/charniere-semi-encastree-06h100189\\\/\",\"name\":\"Charni\u00e8re semi-encastr\u00e9e 06H100189 - Miv Insulating Systems\",\"isPartOf\":{\"@id\":\"https:\\\/\\\/www.mivsrl.com\\\/fr\\\/#website\"},\"primaryImageOfPage\":{\"@id\":\"https:\\\/\\\/www.mivsrl.com\\\/fr\\\/produit\\\/charniere-semi-encastree-06h100189\\\/#primaryimage\"},\"image\":{\"@id\":\"https:\\\/\\\/www.mivsrl.com\\\/fr\\\/produit\\\/charniere-semi-encastree-06h100189\\\/#primaryimage\"},\"thumbnailUrl\":\"https:\\\/\\\/www.mivsrl.com\\\/wp-content\\\/uploads\\\/2023\\\/04\\\/accessori-cerniere-per-porta-cerniera-semi-incassata-1.webp\",\"datePublished\":\"2023-04-04T16:48:36+00:00\",\"dateModified\":\"2023-10-25T08:04:01+00:00\",\"description\":\"Charni\u00e8re semi-encastr\u00e9e. Dans la charni\u00e8re \\\"semi-encastr\u00e9e\\\", utilis\u00e9e sur les portes pour la r\u00e9frig\u00e9ration industrielle ou pour des applications civiles.\",\"breadcrumb\":{\"@id\":\"https:\\\/\\\/www.mivsrl.com\\\/fr\\\/produit\\\/charniere-semi-encastree-06h100189\\\/#breadcrumb\"},\"inLanguage\":\"fr-FR\",\"potentialAction\":[{\"@type\":\"ReadAction\",\"target\":[\"https:\\\/\\\/www.mivsrl.com\\\/fr\\\/produit\\\/charniere-semi-encastree-06h100189\\\/\"]}]},{\"@type\":\"ImageObject\",\"inLanguage\":\"fr-FR\",\"@id\":\"https:\\\/\\\/www.mivsrl.com\\\/fr\\\/produit\\\/charniere-semi-encastree-06h100189\\\/#primaryimage\",\"url\":\"https:\\\/\\\/www.mivsrl.com\\\/wp-content\\\/uploads\\\/2023\\\/04\\\/accessori-cerniere-per-porta-cerniera-semi-incassata-1.webp\",\"contentUrl\":\"https:\\\/\\\/www.mivsrl.com\\\/wp-content\\\/uploads\\\/2023\\\/04\\\/accessori-cerniere-per-porta-cerniera-semi-incassata-1.webp\",\"width\":490,\"height\":710,\"caption\":\"accessori per-porta-cerniera\"},{\"@type\":\"BreadcrumbList\",\"@id\":\"https:\\\/\\\/www.mivsrl.com\\\/fr\\\/produit\\\/charniere-semi-encastree-06h100189\\\/#breadcrumb\",\"itemListElement\":[{\"@type\":\"ListItem\",\"position\":1,\"name\":\"Home\",\"item\":\"https:\\\/\\\/www.mivsrl.com\\\/fr\\\/\"},{\"@type\":\"ListItem\",\"position\":2,\"name\":\"Catalogue\",\"item\":\"https:\\\/\\\/www.mivsrl.com\\\/fr\\\/catalogue\\\/\"},{\"@type\":\"ListItem\",\"position\":3,\"name\":\"Charni\u00e8re semi-encastr\u00e9e 06H100189\"}]},{\"@type\":\"WebSite\",\"@id\":\"https:\\\/\\\/www.mivsrl.com\\\/fr\\\/#website\",\"url\":\"https:\\\/\\\/www.mivsrl.com\\\/fr\\\/\",\"name\":\"Miv Insulating Systems\",\"description\":\"Produzione di porte e accessori per celle frigorifere\",\"potentialAction\":[{\"@type\":\"SearchAction\",\"target\":{\"@type\":\"EntryPoint\",\"urlTemplate\":\"https:\\\/\\\/www.mivsrl.com\\\/fr\\\/?s={search_term_string}\"},\"query-input\":{\"@type\":\"PropertyValueSpecification\",\"valueRequired\":true,\"valueName\":\"search_term_string\"}}],\"inLanguage\":\"fr-FR\"}]}<\/script>\n<!-- \/ Yoast SEO plugin. -->","yoast_head_json":{"title":"Charni\u00e8re semi-encastr\u00e9e 06H100189 - Miv Insulating Systems","description":"Charni\u00e8re semi-encastr\u00e9e. Dans la charni\u00e8re \"semi-encastr\u00e9e\", utilis\u00e9e sur les portes pour la r\u00e9frig\u00e9ration industrielle ou pour des applications civiles.","robots":{"index":"index","follow":"follow","max-snippet":"max-snippet:-1","max-image-preview":"max-image-preview:large","max-video-preview":"max-video-preview:-1"},"canonical":"https:\/\/www.mivsrl.com\/fr\/produit\/charniere-semi-encastree-06h100189\/","og_locale":"fr_FR","og_type":"article","og_title":"Charni\u00e8re semi-encastr\u00e9e 06H100189 - Miv Insulating Systems","og_description":"Charni\u00e8re semi-encastr\u00e9e. Dans la charni\u00e8re \"semi-encastr\u00e9e\", utilis\u00e9e sur les portes pour la r\u00e9frig\u00e9ration industrielle ou pour des applications civiles.","og_url":"https:\/\/www.mivsrl.com\/fr\/produit\/charniere-semi-encastree-06h100189\/","og_site_name":"Miv Insulating Systems","article_publisher":"https:\/\/www.facebook.com\/mivrefrigeration","article_modified_time":"2023-10-25T08:04:01+00:00","og_image":[{"width":490,"height":710,"url":"https:\/\/www.mivsrl.com\/wp-content\/uploads\/2023\/04\/accessori-cerniere-per-porta-cerniera-semi-incassata-1.webp","type":"image\/webp"}],"twitter_card":"summary_large_image","twitter_misc":{"Dur\u00e9e de lecture estim\u00e9e":"1 minute"},"schema":{"@context":"https:\/\/schema.org","@graph":[{"@type":"WebPage","@id":"https:\/\/www.mivsrl.com\/fr\/produit\/charniere-semi-encastree-06h100189\/","url":"https:\/\/www.mivsrl.com\/fr\/produit\/charniere-semi-encastree-06h100189\/","name":"Charni\u00e8re semi-encastr\u00e9e 06H100189 - Miv Insulating Systems","isPartOf":{"@id":"https:\/\/www.mivsrl.com\/fr\/#website"},"primaryImageOfPage":{"@id":"https:\/\/www.mivsrl.com\/fr\/produit\/charniere-semi-encastree-06h100189\/#primaryimage"},"image":{"@id":"https:\/\/www.mivsrl.com\/fr\/produit\/charniere-semi-encastree-06h100189\/#primaryimage"},"thumbnailUrl":"https:\/\/www.mivsrl.com\/wp-content\/uploads\/2023\/04\/accessori-cerniere-per-porta-cerniera-semi-incassata-1.webp","datePublished":"2023-04-04T16:48:36+00:00","dateModified":"2023-10-25T08:04:01+00:00","description":"Charni\u00e8re semi-encastr\u00e9e. Dans la charni\u00e8re \"semi-encastr\u00e9e\", utilis\u00e9e sur les portes pour la r\u00e9frig\u00e9ration industrielle ou pour des applications civiles.","breadcrumb":{"@id":"https:\/\/www.mivsrl.com\/fr\/produit\/charniere-semi-encastree-06h100189\/#breadcrumb"},"inLanguage":"fr-FR","potentialAction":[{"@type":"ReadAction","target":["https:\/\/www.mivsrl.com\/fr\/produit\/charniere-semi-encastree-06h100189\/"]}]},{"@type":"ImageObject","inLanguage":"fr-FR","@id":"https:\/\/www.mivsrl.com\/fr\/produit\/charniere-semi-encastree-06h100189\/#primaryimage","url":"https:\/\/www.mivsrl.com\/wp-content\/uploads\/2023\/04\/accessori-cerniere-per-porta-cerniera-semi-incassata-1.webp","contentUrl":"https:\/\/www.mivsrl.com\/wp-content\/uploads\/2023\/04\/accessori-cerniere-per-porta-cerniera-semi-incassata-1.webp","width":490,"height":710,"caption":"accessori per-porta-cerniera"},{"@type":"BreadcrumbList","@id":"https:\/\/www.mivsrl.com\/fr\/produit\/charniere-semi-encastree-06h100189\/#breadcrumb","itemListElement":[{"@type":"ListItem","position":1,"name":"Home","item":"https:\/\/www.mivsrl.com\/fr\/"},{"@type":"ListItem","position":2,"name":"Catalogue","item":"https:\/\/www.mivsrl.com\/fr\/catalogue\/"},{"@type":"ListItem","position":3,"name":"Charni\u00e8re semi-encastr\u00e9e 06H100189"}]},{"@type":"WebSite","@id":"https:\/\/www.mivsrl.com\/fr\/#website","url":"https:\/\/www.mivsrl.com\/fr\/","name":"Miv Insulating Systems","description":"Produzione di porte e accessori per celle frigorifere","potentialAction":[{"@type":"SearchAction","target":{"@type":"EntryPoint","urlTemplate":"https:\/\/www.mivsrl.com\/fr\/?s={search_term_string}"},"query-input":{"@type":"PropertyValueSpecification","valueRequired":true,"valueName":"search_term_string"}}],"inLanguage":"fr-FR"}]}},"_links":{"self":[{"href":"https:\/\/www.mivsrl.com\/fr\/wp-json\/wp\/v2\/product\/31383","targetHints":{"allow":["GET"]}}],"collection":[{"href":"https:\/\/www.mivsrl.com\/fr\/wp-json\/wp\/v2\/product"}],"about":[{"href":"https:\/\/www.mivsrl.com\/fr\/wp-json\/wp\/v2\/types\/product"}],"version-history":[{"count":0,"href":"https:\/\/www.mivsrl.com\/fr\/wp-json\/wp\/v2\/product\/31383\/revisions"}],"wp:featuredmedia":[{"embeddable":true,"href":"https:\/\/www.mivsrl.com\/fr\/wp-json\/wp\/v2\/media\/28334"}],"wp:attachment":[{"href":"https:\/\/www.mivsrl.com\/fr\/wp-json\/wp\/v2\/media?parent=31383"}],"wp:term":[{"taxonomy":"product_brand","embeddable":true,"href":"https:\/\/www.mivsrl.com\/fr\/wp-json\/wp\/v2\/product_brand?post=31383"},{"taxonomy":"product_cat","embeddable":true,"href":"https:\/\/www.mivsrl.com\/fr\/wp-json\/wp\/v2\/product_cat?post=31383"},{"taxonomy":"product_tag","embeddable":true,"href":"https:\/\/www.mivsrl.com\/fr\/wp-json\/wp\/v2\/product_tag?post=31383"}],"curies":[{"name":"wp","href":"https:\/\/api.w.org\/{rel}","templated":true}]}}