{"id":31387,"date":"2023-04-04T18:19:14","date_gmt":"2023-04-04T16:19:14","guid":{"rendered":"https:\/\/www.mivsrl.com\/product\/charniere-en-fil-de-fer-06h100182\/"},"modified":"2023-10-25T09:56:53","modified_gmt":"2023-10-25T07:56:53","slug":"charniere-en-fil-de-fer-06h100182","status":"publish","type":"product","link":"https:\/\/www.mivsrl.com\/fr\/produit\/charniere-en-fil-de-fer-06h100182\/","title":{"rendered":"Charniere Flush <span> 06H100182<\/span>"},"content":{"rendered":"\t\t<div data-elementor-type=\"wp-post\" data-elementor-id=\"31387\" class=\"elementor elementor-31387 elementor-23626\">\n\t\t\t\t\t\t<section class=\"wd-negative-gap elementor-section elementor-top-section elementor-element elementor-element-62722b1 elementor-section-boxed elementor-section-height-default elementor-section-height-default wd-section-disabled\" data-id=\"62722b1\" data-element_type=\"section\" data-e-type=\"section\">\n\t\t\t\t\t\t<div class=\"elementor-container elementor-column-gap-default\">\n\t\t\t\t\t<div class=\"elementor-column elementor-col-100 elementor-top-column elementor-element elementor-element-d056aa6\" data-id=\"d056aa6\" data-element_type=\"column\" data-e-type=\"column\">\n\t\t\t<div class=\"elementor-widget-wrap elementor-element-populated\">\n\t\t\t\t\t\t<div class=\"elementor-element elementor-element-003c9b1 elementor-widget elementor-widget-wd_button\" data-id=\"003c9b1\" data-element_type=\"widget\" data-e-type=\"widget\" data-widget_type=\"wd_button.default\">\n\t\t\t\t<div class=\"elementor-widget-container\">\n\t\t\t\t\t\t\t<div class=\"wd-button-wrapper text-center\" >\n\t\t\t<a class=\"btn btn-style-default btn-style-rectangle btn-size-default btn-color-primary btn-icon-pos-right\"  href=\"https:\/\/www.mivsrl.com\/wp-content\/uploads\/2023\/04\/scheda-cerniera-a-filo-06H10082.jpg\" target=\"_blank\">\n\t\t\t\t<span class=\"wd-btn-text\" data-elementor-setting-key=\"text\">\n\t\t\t\t\tFICHE TECHNIQUE\t\t\t\t<\/span>\n\n\t\t\t\t\t\t\t<\/a>\n\t\t<\/div>\n\t\t\t\t\t\t<\/div>\n\t\t\t\t<\/div>\n\t\t\t\t\t<\/div>\n\t\t<\/div>\n\t\t\t\t\t<\/div>\n\t\t<\/section>\n\t\t\t\t<\/div>\n\t\t","protected":false},"excerpt":{"rendered":"<p><strong> 06H100182 <\/strong><\/p>\n<p>La charni\u00e8re &lsquo;Flush&rsquo;, utilis\u00e9e sur les portes pour application dans le domaine civile ou du froid industrielle, bureaux et industries, s&rsquo;applique en fa\u00e7ade, pour l\u2019ample r\u00e9glage frontal, affleurant l&rsquo;ext\u00e9rieur du vantail. Utilis\u00e9 pour les portes semi-encastr\u00e9es avec des exigences des saillies limit\u00e9es, avec des vantaux d&rsquo;\u00e9paisseur variable de 60 mm \u00e0 90 mm. Fabriqu\u00e9 en mat\u00e9riau composite tr\u00e8s r\u00e9sistant, id\u00e9al pour les temp\u00e9ratures positives (TP) et n\u00e9gatives (BT), avec axe en acier inox, et rampes autolubrifiantes en r\u00e9sine ac\u00e9tal (POM), pour une ouverture \u00e0 180\u00b0 Facile \u00e0 monter, il permet la r\u00e9versibilit\u00e9 du DR et du GH.<\/p>\n","protected":false},"featured_media":28308,"template":"","meta":[],"product_brand":[],"product_cat":[348,159,345],"product_tag":[163,266,275,287],"class_list":{"0":"post-31387","1":"product","2":"type-product","3":"status-publish","4":"has-post-thumbnail","6":"product_cat-accessoires-pour-portes-pivotantes-fr","7":"product_cat-composants-pour-portes","8":"product_cat-composants-pour-portes-pivotantes-fr","9":"product_tag-element-de-la-porte","10":"product_tag-composants-de-la-charniere","11":"product_tag-charniere","12":"product_tag-accessoires-pour-charnieres","14":"first","15":"instock","16":"shipping-taxable","17":"product-type-simple"},"yoast_head":"<!-- This site is optimized with the Yoast SEO plugin v27.6 - https:\/\/yoast.com\/product\/yoast-seo-wordpress\/ -->\n<title>Charniere Flush  06H100182 - Miv Insulating Systems<\/title>\n<meta name=\"description\" content=\"La charni\u00e8re &#039;Flush&#039;, utilis\u00e9e sur les portes pour application dans le domaine civile ou du froid industrielle, bureaux et industries, s&#039;applique en fa\u00e7ade, pour l\u2019ample r\u00e9glage frontal, affleurant l&#039;ext\u00e9rieur du vantail.\" \/>\n<meta name=\"robots\" content=\"index, follow, max-snippet:-1, max-image-preview:large, max-video-preview:-1\" \/>\n<link rel=\"canonical\" href=\"https:\/\/www.mivsrl.com\/fr\/produit\/charniere-en-fil-de-fer-06h100182\/\" \/>\n<meta property=\"og:locale\" content=\"fr_FR\" \/>\n<meta property=\"og:type\" content=\"article\" \/>\n<meta property=\"og:title\" content=\"Charniere Flush  06H100182 - Miv Insulating Systems\" \/>\n<meta property=\"og:description\" content=\"La charni\u00e8re &#039;Flush&#039;, utilis\u00e9e sur les portes pour application dans le domaine civile ou du froid industrielle, bureaux et industries, s&#039;applique en fa\u00e7ade, pour l\u2019ample r\u00e9glage frontal, affleurant l&#039;ext\u00e9rieur du vantail.\" \/>\n<meta property=\"og:url\" content=\"https:\/\/www.mivsrl.com\/fr\/produit\/charniere-en-fil-de-fer-06h100182\/\" \/>\n<meta property=\"og:site_name\" content=\"Miv Insulating Systems\" \/>\n<meta property=\"article:publisher\" content=\"https:\/\/www.facebook.com\/mivrefrigeration\" \/>\n<meta property=\"article:modified_time\" content=\"2023-10-25T07:56:53+00:00\" \/>\n<meta property=\"og:image\" content=\"https:\/\/www.mivsrl.com\/wp-content\/uploads\/2023\/04\/accessori-cerniere-per-porta-cerniera-a-filo.webp\" \/>\n\t<meta property=\"og:image:width\" content=\"491\" \/>\n\t<meta property=\"og:image:height\" content=\"710\" \/>\n\t<meta property=\"og:image:type\" content=\"image\/webp\" \/>\n<meta name=\"twitter:card\" content=\"summary_large_image\" \/>\n<meta name=\"twitter:label1\" content=\"Dur\u00e9e de lecture estim\u00e9e\" \/>\n\t<meta name=\"twitter:data1\" content=\"1 minute\" \/>\n<script type=\"application\/ld+json\" class=\"yoast-schema-graph\">{\"@context\":\"https:\\\/\\\/schema.org\",\"@graph\":[{\"@type\":\"WebPage\",\"@id\":\"https:\\\/\\\/www.mivsrl.com\\\/fr\\\/produit\\\/charniere-en-fil-de-fer-06h100182\\\/\",\"url\":\"https:\\\/\\\/www.mivsrl.com\\\/fr\\\/produit\\\/charniere-en-fil-de-fer-06h100182\\\/\",\"name\":\"Charniere Flush 06H100182 - Miv Insulating Systems\",\"isPartOf\":{\"@id\":\"https:\\\/\\\/www.mivsrl.com\\\/fr\\\/#website\"},\"primaryImageOfPage\":{\"@id\":\"https:\\\/\\\/www.mivsrl.com\\\/fr\\\/produit\\\/charniere-en-fil-de-fer-06h100182\\\/#primaryimage\"},\"image\":{\"@id\":\"https:\\\/\\\/www.mivsrl.com\\\/fr\\\/produit\\\/charniere-en-fil-de-fer-06h100182\\\/#primaryimage\"},\"thumbnailUrl\":\"https:\\\/\\\/www.mivsrl.com\\\/wp-content\\\/uploads\\\/2023\\\/04\\\/accessori-cerniere-per-porta-cerniera-a-filo.webp\",\"datePublished\":\"2023-04-04T16:19:14+00:00\",\"dateModified\":\"2023-10-25T07:56:53+00:00\",\"description\":\"La charni\u00e8re 'Flush', utilis\u00e9e sur les portes pour application dans le domaine civile ou du froid industrielle, bureaux et industries, s'applique en fa\u00e7ade, pour l\u2019ample r\u00e9glage frontal, affleurant l'ext\u00e9rieur du vantail.\",\"breadcrumb\":{\"@id\":\"https:\\\/\\\/www.mivsrl.com\\\/fr\\\/produit\\\/charniere-en-fil-de-fer-06h100182\\\/#breadcrumb\"},\"inLanguage\":\"fr-FR\",\"potentialAction\":[{\"@type\":\"ReadAction\",\"target\":[\"https:\\\/\\\/www.mivsrl.com\\\/fr\\\/produit\\\/charniere-en-fil-de-fer-06h100182\\\/\"]}]},{\"@type\":\"ImageObject\",\"inLanguage\":\"fr-FR\",\"@id\":\"https:\\\/\\\/www.mivsrl.com\\\/fr\\\/produit\\\/charniere-en-fil-de-fer-06h100182\\\/#primaryimage\",\"url\":\"https:\\\/\\\/www.mivsrl.com\\\/wp-content\\\/uploads\\\/2023\\\/04\\\/accessori-cerniere-per-porta-cerniera-a-filo.webp\",\"contentUrl\":\"https:\\\/\\\/www.mivsrl.com\\\/wp-content\\\/uploads\\\/2023\\\/04\\\/accessori-cerniere-per-porta-cerniera-a-filo.webp\",\"width\":491,\"height\":710,\"caption\":\"accessori per porta a cerniera\"},{\"@type\":\"BreadcrumbList\",\"@id\":\"https:\\\/\\\/www.mivsrl.com\\\/fr\\\/produit\\\/charniere-en-fil-de-fer-06h100182\\\/#breadcrumb\",\"itemListElement\":[{\"@type\":\"ListItem\",\"position\":1,\"name\":\"Home\",\"item\":\"https:\\\/\\\/www.mivsrl.com\\\/fr\\\/\"},{\"@type\":\"ListItem\",\"position\":2,\"name\":\"Catalogue\",\"item\":\"https:\\\/\\\/www.mivsrl.com\\\/fr\\\/catalogue\\\/\"},{\"@type\":\"ListItem\",\"position\":3,\"name\":\"Charniere Flush 06H100182\"}]},{\"@type\":\"WebSite\",\"@id\":\"https:\\\/\\\/www.mivsrl.com\\\/fr\\\/#website\",\"url\":\"https:\\\/\\\/www.mivsrl.com\\\/fr\\\/\",\"name\":\"Miv Insulating Systems\",\"description\":\"Produzione di porte e accessori per celle frigorifere\",\"potentialAction\":[{\"@type\":\"SearchAction\",\"target\":{\"@type\":\"EntryPoint\",\"urlTemplate\":\"https:\\\/\\\/www.mivsrl.com\\\/fr\\\/?s={search_term_string}\"},\"query-input\":{\"@type\":\"PropertyValueSpecification\",\"valueRequired\":true,\"valueName\":\"search_term_string\"}}],\"inLanguage\":\"fr-FR\"}]}<\/script>\n<!-- \/ Yoast SEO plugin. -->","yoast_head_json":{"title":"Charniere Flush  06H100182 - Miv Insulating Systems","description":"La charni\u00e8re 'Flush', utilis\u00e9e sur les portes pour application dans le domaine civile ou du froid industrielle, bureaux et industries, s'applique en fa\u00e7ade, pour l\u2019ample r\u00e9glage frontal, affleurant l'ext\u00e9rieur du vantail.","robots":{"index":"index","follow":"follow","max-snippet":"max-snippet:-1","max-image-preview":"max-image-preview:large","max-video-preview":"max-video-preview:-1"},"canonical":"https:\/\/www.mivsrl.com\/fr\/produit\/charniere-en-fil-de-fer-06h100182\/","og_locale":"fr_FR","og_type":"article","og_title":"Charniere Flush  06H100182 - Miv Insulating Systems","og_description":"La charni\u00e8re 'Flush', utilis\u00e9e sur les portes pour application dans le domaine civile ou du froid industrielle, bureaux et industries, s'applique en fa\u00e7ade, pour l\u2019ample r\u00e9glage frontal, affleurant l'ext\u00e9rieur du vantail.","og_url":"https:\/\/www.mivsrl.com\/fr\/produit\/charniere-en-fil-de-fer-06h100182\/","og_site_name":"Miv Insulating Systems","article_publisher":"https:\/\/www.facebook.com\/mivrefrigeration","article_modified_time":"2023-10-25T07:56:53+00:00","og_image":[{"width":491,"height":710,"url":"https:\/\/www.mivsrl.com\/wp-content\/uploads\/2023\/04\/accessori-cerniere-per-porta-cerniera-a-filo.webp","type":"image\/webp"}],"twitter_card":"summary_large_image","twitter_misc":{"Dur\u00e9e de lecture estim\u00e9e":"1 minute"},"schema":{"@context":"https:\/\/schema.org","@graph":[{"@type":"WebPage","@id":"https:\/\/www.mivsrl.com\/fr\/produit\/charniere-en-fil-de-fer-06h100182\/","url":"https:\/\/www.mivsrl.com\/fr\/produit\/charniere-en-fil-de-fer-06h100182\/","name":"Charniere Flush 06H100182 - Miv Insulating Systems","isPartOf":{"@id":"https:\/\/www.mivsrl.com\/fr\/#website"},"primaryImageOfPage":{"@id":"https:\/\/www.mivsrl.com\/fr\/produit\/charniere-en-fil-de-fer-06h100182\/#primaryimage"},"image":{"@id":"https:\/\/www.mivsrl.com\/fr\/produit\/charniere-en-fil-de-fer-06h100182\/#primaryimage"},"thumbnailUrl":"https:\/\/www.mivsrl.com\/wp-content\/uploads\/2023\/04\/accessori-cerniere-per-porta-cerniera-a-filo.webp","datePublished":"2023-04-04T16:19:14+00:00","dateModified":"2023-10-25T07:56:53+00:00","description":"La charni\u00e8re 'Flush', utilis\u00e9e sur les portes pour application dans le domaine civile ou du froid industrielle, bureaux et industries, s'applique en fa\u00e7ade, pour l\u2019ample r\u00e9glage frontal, affleurant l'ext\u00e9rieur du vantail.","breadcrumb":{"@id":"https:\/\/www.mivsrl.com\/fr\/produit\/charniere-en-fil-de-fer-06h100182\/#breadcrumb"},"inLanguage":"fr-FR","potentialAction":[{"@type":"ReadAction","target":["https:\/\/www.mivsrl.com\/fr\/produit\/charniere-en-fil-de-fer-06h100182\/"]}]},{"@type":"ImageObject","inLanguage":"fr-FR","@id":"https:\/\/www.mivsrl.com\/fr\/produit\/charniere-en-fil-de-fer-06h100182\/#primaryimage","url":"https:\/\/www.mivsrl.com\/wp-content\/uploads\/2023\/04\/accessori-cerniere-per-porta-cerniera-a-filo.webp","contentUrl":"https:\/\/www.mivsrl.com\/wp-content\/uploads\/2023\/04\/accessori-cerniere-per-porta-cerniera-a-filo.webp","width":491,"height":710,"caption":"accessori per porta a cerniera"},{"@type":"BreadcrumbList","@id":"https:\/\/www.mivsrl.com\/fr\/produit\/charniere-en-fil-de-fer-06h100182\/#breadcrumb","itemListElement":[{"@type":"ListItem","position":1,"name":"Home","item":"https:\/\/www.mivsrl.com\/fr\/"},{"@type":"ListItem","position":2,"name":"Catalogue","item":"https:\/\/www.mivsrl.com\/fr\/catalogue\/"},{"@type":"ListItem","position":3,"name":"Charniere Flush 06H100182"}]},{"@type":"WebSite","@id":"https:\/\/www.mivsrl.com\/fr\/#website","url":"https:\/\/www.mivsrl.com\/fr\/","name":"Miv Insulating Systems","description":"Produzione di porte e accessori per celle frigorifere","potentialAction":[{"@type":"SearchAction","target":{"@type":"EntryPoint","urlTemplate":"https:\/\/www.mivsrl.com\/fr\/?s={search_term_string}"},"query-input":{"@type":"PropertyValueSpecification","valueRequired":true,"valueName":"search_term_string"}}],"inLanguage":"fr-FR"}]}},"_links":{"self":[{"href":"https:\/\/www.mivsrl.com\/fr\/wp-json\/wp\/v2\/product\/31387","targetHints":{"allow":["GET"]}}],"collection":[{"href":"https:\/\/www.mivsrl.com\/fr\/wp-json\/wp\/v2\/product"}],"about":[{"href":"https:\/\/www.mivsrl.com\/fr\/wp-json\/wp\/v2\/types\/product"}],"version-history":[{"count":0,"href":"https:\/\/www.mivsrl.com\/fr\/wp-json\/wp\/v2\/product\/31387\/revisions"}],"wp:featuredmedia":[{"embeddable":true,"href":"https:\/\/www.mivsrl.com\/fr\/wp-json\/wp\/v2\/media\/28308"}],"wp:attachment":[{"href":"https:\/\/www.mivsrl.com\/fr\/wp-json\/wp\/v2\/media?parent=31387"}],"wp:term":[{"taxonomy":"product_brand","embeddable":true,"href":"https:\/\/www.mivsrl.com\/fr\/wp-json\/wp\/v2\/product_brand?post=31387"},{"taxonomy":"product_cat","embeddable":true,"href":"https:\/\/www.mivsrl.com\/fr\/wp-json\/wp\/v2\/product_cat?post=31387"},{"taxonomy":"product_tag","embeddable":true,"href":"https:\/\/www.mivsrl.com\/fr\/wp-json\/wp\/v2\/product_tag?post=31387"}],"curies":[{"name":"wp","href":"https:\/\/api.w.org\/{rel}","templated":true}]}}